{"id":5986,"date":"2020-01-23T18:21:52","date_gmt":"2020-01-23T18:21:52","guid":{"rendered":"https:\/\/www.altaviadeimontilattari.it\/ueber-uns\/"},"modified":"2022-06-30T13:31:49","modified_gmt":"2022-06-30T13:31:49","slug":"ueber-uns","status":"publish","type":"page","link":"https:\/\/www.altaviadeimontilattari.it\/de\/ueber-uns\/","title":{"rendered":"\u00dcber uns"},"content":{"rendered":"\n<div class=\"wp-block-themeisle-blocks-advanced-columns alignfull has-1-columns has-desktop-equal-layout has-tablet-equal-layout has-mobile-equal-layout has-wide-gap has-vertical-center\" id=\"wp-block-themeisle-blocks-advanced-columns-b98a6c53\"><div class=\"wp-block-themeisle-blocks-advanced-columns-overlay\"><\/div><div class=\"innerblocks-wrap\">\n<div class=\"wp-block-themeisle-blocks-advanced-column\" id=\"wp-block-themeisle-blocks-advanced-column-4b576f39\">\n<div class=\"wp-block-themeisle-blocks-service\">\n<h1 id=\"wp-block-themeisle-blocks-advanced-heading-9e80ef95\" class=\"wp-block-themeisle-blocks-advanced-heading wp-block-themeisle-blocks-advanced-heading-9e80ef95\">\u00dcber uns<\/h1>\n<\/div>\n<\/div>\n<\/div><\/div>\n\n<div class=\"wp-block-themeisle-blocks-advanced-columns alignfull has-2-columns has-desktop-equal-layout has-tablet-equal-layout has-mobile-collapsedRows-layout has-nogap-gap has-vertical-center\" id=\"wp-block-themeisle-blocks-advanced-columns-00a8bc3d\"><div class=\"wp-block-themeisle-blocks-advanced-columns-overlay\"><\/div><div class=\"innerblocks-wrap\">\n<div class=\"wp-block-themeisle-blocks-advanced-column\" id=\"wp-block-themeisle-blocks-advanced-column-a940b3ff\">\n<figure class=\"wp-block-image size-large is-style-default\"><img data-recalc-dims=\"1\" fetchpriority=\"high\" decoding=\"async\" width=\"1024\" height=\"768\" src=\"https:\/\/i0.wp.com\/altaviadeimontilattari.it\/wp-content\/uploads\/2021\/02\/punta-campanella-altaviadeimontilattari-1024x768.jpg?resize=1024%2C768&#038;ssl=1\" alt=\"punta Campanella - altaviadeimontilattari.it\" class=\"wp-image-3508\" srcset=\"https:\/\/i0.wp.com\/www.altaviadeimontilattari.it\/wp-content\/uploads\/2021\/02\/punta-campanella-altaviadeimontilattari-scaled.jpg?resize=1024%2C768&amp;ssl=1 1024w, https:\/\/i0.wp.com\/www.altaviadeimontilattari.it\/wp-content\/uploads\/2021\/02\/punta-campanella-altaviadeimontilattari-scaled.jpg?resize=300%2C225&amp;ssl=1 300w, https:\/\/i0.wp.com\/www.altaviadeimontilattari.it\/wp-content\/uploads\/2021\/02\/punta-campanella-altaviadeimontilattari-scaled.jpg?resize=768%2C576&amp;ssl=1 768w, https:\/\/i0.wp.com\/www.altaviadeimontilattari.it\/wp-content\/uploads\/2021\/02\/punta-campanella-altaviadeimontilattari-scaled.jpg?resize=1536%2C1152&amp;ssl=1 1536w, https:\/\/i0.wp.com\/www.altaviadeimontilattari.it\/wp-content\/uploads\/2021\/02\/punta-campanella-altaviadeimontilattari-scaled.jpg?resize=2048%2C1536&amp;ssl=1 2048w, https:\/\/i0.wp.com\/www.altaviadeimontilattari.it\/wp-content\/uploads\/2021\/02\/punta-campanella-altaviadeimontilattari-scaled.jpg?w=2400&amp;ssl=1 2400w\" sizes=\"(max-width: 1024px) 100vw, 1024px\" \/><\/figure><\/div>\n\n\n\n<div class=\"wp-block-themeisle-blocks-advanced-column ticss-44eccd86\" id=\"wp-block-themeisle-blocks-advanced-column-ae52a6c0\">\n<h2 class=\"wp-block-heading\">Geschichte<\/h2>\n\n\n\n<p class=\"has-medium-font-size\">altaviadeimontilattari.it wurde als Projekt zur Aufwertung und Sensibilisierung des Gebiets der Monti Lattari, der Amalfi- und Sorrento-K\u00fcste in Kampanien und in der ganzen Welt gegr\u00fcndet.<\/p>\n\n\n\n<p>Das Projekt entstand im Dezember 2020 aus der Leidenschaft f\u00fcr die Natur und der Unterst\u00fctzung f\u00fcr das Gebiet des Softwarehauses <strong>\n  <a href=\"http:\/\/www.mdtsoftware.it\">MDT Software s.r.l.<\/a>\n<\/strong> und seine Gr\u00fcndungspartner <em>\n  <strong>Luca und Marco Casaburi<\/strong>\n<\/em>.  <\/p>\n\n\n\n<p>Die <em>Aufgabe besteht darin <\/em>, die Technologie in den Dienst der Umwelt und der Kultur zu stellen, um diesen Gebieten ein Gesicht und eine starke digitale Pr\u00e4senz zu geben, um den Wert der \u00f6kologischen, kulturellen, historischen und touristischen Bedeutung dieses versteckten Paradieses Italiens zu st\u00e4rken.<\/p>\n<\/div>\n<\/div><\/div>\n\n<div class=\"wp-block-themeisle-blocks-advanced-columns alignfull has-2-columns has-desktop-equal-layout has-tablet-equal-layout has-mobile-collapsedRows-layout has-nogap-gap has-vertical-center\" id=\"wp-block-themeisle-blocks-advanced-columns-19667836\"><div class=\"wp-block-themeisle-blocks-advanced-columns-overlay\"><\/div><div class=\"innerblocks-wrap\">\n<div class=\"wp-block-themeisle-blocks-advanced-column\" id=\"wp-block-themeisle-blocks-advanced-column-395faa6c\">\n<h2 class=\"has-nv-text-dark-bg-color has-text-color wp-block-heading\">Geleitet von Werten<\/h2>\n\n\n\n<p class=\"has-nv-text-dark-bg-color has-text-color\">Alle Inhalte auf der Plattform wurden auf Reisen, Exkursionen und Trekkingausfl\u00fcgen von uns erstellt, getrieben von dem einfachen Wunsch, zu verbessern, bekannt zu machen und zu teilen, gem\u00e4\u00df dem Paradigma <strong>\n  <em>Tourismus 2.0<\/em>\n<\/strong> e <strong>\n  <em>Erlebnistourismus<\/em>\n<\/strong> um den Wunsch zu verst\u00e4rken, dieses wundersch\u00f6ne Land pers\u00f6nlich zu besuchen.  <br\/>Die Informationen werden st\u00e4ndig aktualisiert und wenn Sie uns helfen m\u00f6chten, etwas zu verbessern oder zu melden, verschwenden Sie keine Zeit und kontaktieren Sie uns jetzt.<\/p>\n\n\n\n<div class=\"wp-block-button alignleft is-style-fill is-style-primary\"><a class=\"wp-block-button__link has-black-color has-text-color no-border-radius\" href=\"https:\/\/altaviadeimontilattari.it\/contattaci\/\">KONTAKT US<\/a><\/div>\n<\/div>\n\n\n\n<div class=\"wp-block-themeisle-blocks-advanced-column\" id=\"wp-block-themeisle-blocks-advanced-column-b0e6fcc9\">\n<figure class=\"wp-block-image size-large is-style-default\"><img data-recalc-dims=\"1\" decoding=\"async\" width=\"600\" height=\"600\" src=\"https:\/\/i0.wp.com\/altaviadeimontilattari.it\/wp-content\/uploads\/2021\/02\/turismo-esperienziale.jpg?resize=600%2C600&#038;ssl=1\" alt=\"\" class=\"wp-image-3505\" srcset=\"https:\/\/i0.wp.com\/www.altaviadeimontilattari.it\/wp-content\/uploads\/2021\/02\/turismo-esperienziale.jpg?w=600&amp;ssl=1 600w, https:\/\/i0.wp.com\/www.altaviadeimontilattari.it\/wp-content\/uploads\/2021\/02\/turismo-esperienziale.jpg?resize=300%2C300&amp;ssl=1 300w, https:\/\/i0.wp.com\/www.altaviadeimontilattari.it\/wp-content\/uploads\/2021\/02\/turismo-esperienziale.jpg?resize=150%2C150&amp;ssl=1 150w\" sizes=\"(max-width: 600px) 100vw, 600px\" \/><\/figure><\/div>\n<\/div><\/div>\n\n<h2 class=\"has-text-align-center ticss-fc6654dd wp-block-heading\">DANKE<\/h2>\n\n<p class=\"has-text-align-center\"><strong>Luca Casaburi und Marco Casaburi<\/strong> &#8211; Sammlung und Bearbeitung von Fotos und Texten. Web-Entwickler<br\/><strong>Lianet Magda Padilla<\/strong> &#8211; Inhaltsverantwortliche<\/p>\n<div style=\"margin: 20px 0;\"><div class=\"qrcswholewtapper\" style=\"text-align:left;\"><div class=\"qrcprowrapper\"  id=\"qrcwraa2leds\"><div class=\"qrc_canvass\" id=\"qrc_cuttenpages_2\" style=\"display:inline-block\" data-text=\"https:\/\/www.altaviadeimontilattari.it\/de\/ueber-uns\/\"><\/div><div><a download=\"\u00dcber uns.png\" class=\"qrcdownloads\" id=\"worign\">\r\n           <button type=\"button\" style=\"min-width:200px;background:#81ea00;color:#000;font-weight: 600;border: 1px solid #dddddd;border-radius:4px;font-size:12px;padding: 6px 0;\" class=\"uqr_code_btn\">Download QR<\/button>\r\n           <\/a><\/div><\/div><\/div><\/div>","protected":false},"excerpt":{"rendered":"<p>DANKE Luca Casaburi und Marco Casaburi &#8211; Sammlung und Bearbeitung von Fotos und Texten. Web-EntwicklerLianet Magda Padilla &#8211; Inhaltsverantwortliche Download QR<\/p>\n","protected":false},"author":1,"featured_media":0,"parent":0,"menu_order":0,"comment_status":"closed","ping_status":"closed","template":"page-templates\/template-pagebuilder-full-width.php","meta":{"neve_meta_sidebar":"full-width","neve_meta_container":"","neve_meta_enable_content_width":"on","neve_meta_content_width":100,"neve_meta_title_alignment":"","neve_meta_author_avatar":"","neve_post_elements_order":"","neve_meta_disable_header":"","neve_meta_disable_footer":"","neve_meta_disable_title":"on","neve_meta_reading_time":"","_themeisle_gutenberg_block_has_review":false,"jetpack_post_was_ever_published":false,"footnotes":""},"class_list":["post-5986","page","type-page","status-publish","hentry"],"yoast_head":"<!-- This site is optimized with the Yoast SEO plugin v27.2 - https:\/\/yoast.com\/product\/yoast-seo-wordpress\/ -->\n<title>\u00dcber uns - Alta Via dei Monti Lattari<\/title>\n<meta name=\"description\" content=\"altaviadeimontilattari.it wertet das Gebiet der Monti Lattari, der Amalfi- und Sorrento-K\u00fcste auf. Entwickelt von MDT Software s.r.l.s.\" \/>\n<meta name=\"robots\" content=\"index, follow, max-snippet:-1, max-image-preview:large, max-video-preview:-1\" \/>\n<link rel=\"canonical\" href=\"https:\/\/www.altaviadeimontilattari.it\/de\/ueber-uns\/\" \/>\n<meta property=\"og:locale\" content=\"de_DE\" \/>\n<meta property=\"og:type\" content=\"article\" \/>\n<meta property=\"og:title\" content=\"\u00dcber uns - Alta Via dei Monti Lattari\" \/>\n<meta property=\"og:description\" content=\"altaviadeimontilattari.it wertet das Gebiet der Monti Lattari, der Amalfi- und Sorrento-K\u00fcste auf. Entwickelt von MDT Software s.r.l.s.\" \/>\n<meta property=\"og:url\" content=\"https:\/\/www.altaviadeimontilattari.it\/de\/ueber-uns\/\" \/>\n<meta property=\"og:site_name\" content=\"Alta Via dei Monti Lattari\" \/>\n<meta property=\"article:modified_time\" content=\"2022-06-30T13:31:49+00:00\" \/>\n<meta property=\"og:image\" content=\"https:\/\/altaviadeimontilattari.it\/wp-content\/uploads\/2021\/02\/punta-campanella-altaviadeimontilattari-1024x768.jpg\" \/>\n<meta name=\"twitter:card\" content=\"summary_large_image\" \/>\n<meta name=\"twitter:label1\" content=\"Gesch\u00e4tzte Lesezeit\" \/>\n\t<meta name=\"twitter:data1\" content=\"1\u00a0Minute\" \/>\n<script type=\"application\/ld+json\" class=\"yoast-schema-graph\">{\"@context\":\"https:\/\/schema.org\",\"@graph\":[{\"@type\":\"WebPage\",\"@id\":\"https:\/\/www.altaviadeimontilattari.it\/de\/ueber-uns\/\",\"url\":\"https:\/\/www.altaviadeimontilattari.it\/de\/ueber-uns\/\",\"name\":\"\u00dcber uns - Alta Via dei Monti Lattari\",\"isPartOf\":{\"@id\":\"https:\/\/www.altaviadeimontilattari.it\/#website\"},\"primaryImageOfPage\":{\"@id\":\"https:\/\/www.altaviadeimontilattari.it\/de\/ueber-uns\/#primaryimage\"},\"image\":{\"@id\":\"https:\/\/www.altaviadeimontilattari.it\/de\/ueber-uns\/#primaryimage\"},\"thumbnailUrl\":\"https:\/\/altaviadeimontilattari.it\/wp-content\/uploads\/2021\/02\/punta-campanella-altaviadeimontilattari-1024x768.jpg\",\"datePublished\":\"2020-01-23T18:21:52+00:00\",\"dateModified\":\"2022-06-30T13:31:49+00:00\",\"description\":\"altaviadeimontilattari.it wertet das Gebiet der Monti Lattari, der Amalfi- und Sorrento-K\u00fcste auf. Entwickelt von MDT Software s.r.l.s.\",\"breadcrumb\":{\"@id\":\"https:\/\/www.altaviadeimontilattari.it\/de\/ueber-uns\/#breadcrumb\"},\"inLanguage\":\"de\",\"potentialAction\":[{\"@type\":\"ReadAction\",\"target\":[\"https:\/\/www.altaviadeimontilattari.it\/de\/ueber-uns\/\"]}]},{\"@type\":\"ImageObject\",\"inLanguage\":\"de\",\"@id\":\"https:\/\/www.altaviadeimontilattari.it\/de\/ueber-uns\/#primaryimage\",\"url\":\"https:\/\/altaviadeimontilattari.it\/wp-content\/uploads\/2021\/02\/punta-campanella-altaviadeimontilattari-1024x768.jpg\",\"contentUrl\":\"https:\/\/altaviadeimontilattari.it\/wp-content\/uploads\/2021\/02\/punta-campanella-altaviadeimontilattari-1024x768.jpg\"},{\"@type\":\"BreadcrumbList\",\"@id\":\"https:\/\/www.altaviadeimontilattari.it\/de\/ueber-uns\/#breadcrumb\",\"itemListElement\":[{\"@type\":\"ListItem\",\"position\":1,\"name\":\"Home\",\"item\":\"https:\/\/www.altaviadeimontilattari.it\/es\/\"},{\"@type\":\"ListItem\",\"position\":2,\"name\":\"\u00dcber uns\"}]},{\"@type\":\"WebSite\",\"@id\":\"https:\/\/www.altaviadeimontilattari.it\/#website\",\"url\":\"https:\/\/www.altaviadeimontilattari.it\/\",\"name\":\"Alta Via dei Monti Lattari\",\"description\":\"La montagna \u00e8 un modo di vivere la vita.\",\"publisher\":{\"@id\":\"https:\/\/www.altaviadeimontilattari.it\/#organization\"},\"potentialAction\":[{\"@type\":\"SearchAction\",\"target\":{\"@type\":\"EntryPoint\",\"urlTemplate\":\"https:\/\/www.altaviadeimontilattari.it\/?s={search_term_string}\"},\"query-input\":{\"@type\":\"PropertyValueSpecification\",\"valueRequired\":true,\"valueName\":\"search_term_string\"}}],\"inLanguage\":\"de\"},{\"@type\":\"Organization\",\"@id\":\"https:\/\/www.altaviadeimontilattari.it\/#organization\",\"name\":\"Alta Via dei Monti Lattari\",\"url\":\"https:\/\/www.altaviadeimontilattari.it\/\",\"logo\":{\"@type\":\"ImageObject\",\"inLanguage\":\"de\",\"@id\":\"https:\/\/www.altaviadeimontilattari.it\/#\/schema\/logo\/image\/\",\"url\":\"https:\/\/i0.wp.com\/www.altaviadeimontilattari.it\/wp-content\/uploads\/2020\/12\/alta_via_monyi_lattari_logo.png?fit=325%2C100&ssl=1\",\"contentUrl\":\"https:\/\/i0.wp.com\/www.altaviadeimontilattari.it\/wp-content\/uploads\/2020\/12\/alta_via_monyi_lattari_logo.png?fit=325%2C100&ssl=1\",\"width\":325,\"height\":100,\"caption\":\"Alta Via dei Monti Lattari\"},\"image\":{\"@id\":\"https:\/\/www.altaviadeimontilattari.it\/#\/schema\/logo\/image\/\"}}]}<\/script>\n<!-- \/ Yoast SEO plugin. -->","yoast_head_json":{"title":"\u00dcber uns - Alta Via dei Monti Lattari","description":"altaviadeimontilattari.it wertet das Gebiet der Monti Lattari, der Amalfi- und Sorrento-K\u00fcste auf. Entwickelt von MDT Software s.r.l.s.","robots":{"index":"index","follow":"follow","max-snippet":"max-snippet:-1","max-image-preview":"max-image-preview:large","max-video-preview":"max-video-preview:-1"},"canonical":"https:\/\/www.altaviadeimontilattari.it\/de\/ueber-uns\/","og_locale":"de_DE","og_type":"article","og_title":"\u00dcber uns - Alta Via dei Monti Lattari","og_description":"altaviadeimontilattari.it wertet das Gebiet der Monti Lattari, der Amalfi- und Sorrento-K\u00fcste auf. Entwickelt von MDT Software s.r.l.s.","og_url":"https:\/\/www.altaviadeimontilattari.it\/de\/ueber-uns\/","og_site_name":"Alta Via dei Monti Lattari","article_modified_time":"2022-06-30T13:31:49+00:00","og_image":[{"url":"https:\/\/altaviadeimontilattari.it\/wp-content\/uploads\/2021\/02\/punta-campanella-altaviadeimontilattari-1024x768.jpg","type":"","width":"","height":""}],"twitter_card":"summary_large_image","twitter_misc":{"Gesch\u00e4tzte Lesezeit":"1\u00a0Minute"},"schema":{"@context":"https:\/\/schema.org","@graph":[{"@type":"WebPage","@id":"https:\/\/www.altaviadeimontilattari.it\/de\/ueber-uns\/","url":"https:\/\/www.altaviadeimontilattari.it\/de\/ueber-uns\/","name":"\u00dcber uns - Alta Via dei Monti Lattari","isPartOf":{"@id":"https:\/\/www.altaviadeimontilattari.it\/#website"},"primaryImageOfPage":{"@id":"https:\/\/www.altaviadeimontilattari.it\/de\/ueber-uns\/#primaryimage"},"image":{"@id":"https:\/\/www.altaviadeimontilattari.it\/de\/ueber-uns\/#primaryimage"},"thumbnailUrl":"https:\/\/altaviadeimontilattari.it\/wp-content\/uploads\/2021\/02\/punta-campanella-altaviadeimontilattari-1024x768.jpg","datePublished":"2020-01-23T18:21:52+00:00","dateModified":"2022-06-30T13:31:49+00:00","description":"altaviadeimontilattari.it wertet das Gebiet der Monti Lattari, der Amalfi- und Sorrento-K\u00fcste auf. Entwickelt von MDT Software s.r.l.s.","breadcrumb":{"@id":"https:\/\/www.altaviadeimontilattari.it\/de\/ueber-uns\/#breadcrumb"},"inLanguage":"de","potentialAction":[{"@type":"ReadAction","target":["https:\/\/www.altaviadeimontilattari.it\/de\/ueber-uns\/"]}]},{"@type":"ImageObject","inLanguage":"de","@id":"https:\/\/www.altaviadeimontilattari.it\/de\/ueber-uns\/#primaryimage","url":"https:\/\/altaviadeimontilattari.it\/wp-content\/uploads\/2021\/02\/punta-campanella-altaviadeimontilattari-1024x768.jpg","contentUrl":"https:\/\/altaviadeimontilattari.it\/wp-content\/uploads\/2021\/02\/punta-campanella-altaviadeimontilattari-1024x768.jpg"},{"@type":"BreadcrumbList","@id":"https:\/\/www.altaviadeimontilattari.it\/de\/ueber-uns\/#breadcrumb","itemListElement":[{"@type":"ListItem","position":1,"name":"Home","item":"https:\/\/www.altaviadeimontilattari.it\/es\/"},{"@type":"ListItem","position":2,"name":"\u00dcber uns"}]},{"@type":"WebSite","@id":"https:\/\/www.altaviadeimontilattari.it\/#website","url":"https:\/\/www.altaviadeimontilattari.it\/","name":"Alta Via dei Monti Lattari","description":"La montagna \u00e8 un modo di vivere la vita.","publisher":{"@id":"https:\/\/www.altaviadeimontilattari.it\/#organization"},"potentialAction":[{"@type":"SearchAction","target":{"@type":"EntryPoint","urlTemplate":"https:\/\/www.altaviadeimontilattari.it\/?s={search_term_string}"},"query-input":{"@type":"PropertyValueSpecification","valueRequired":true,"valueName":"search_term_string"}}],"inLanguage":"de"},{"@type":"Organization","@id":"https:\/\/www.altaviadeimontilattari.it\/#organization","name":"Alta Via dei Monti Lattari","url":"https:\/\/www.altaviadeimontilattari.it\/","logo":{"@type":"ImageObject","inLanguage":"de","@id":"https:\/\/www.altaviadeimontilattari.it\/#\/schema\/logo\/image\/","url":"https:\/\/i0.wp.com\/www.altaviadeimontilattari.it\/wp-content\/uploads\/2020\/12\/alta_via_monyi_lattari_logo.png?fit=325%2C100&ssl=1","contentUrl":"https:\/\/i0.wp.com\/www.altaviadeimontilattari.it\/wp-content\/uploads\/2020\/12\/alta_via_monyi_lattari_logo.png?fit=325%2C100&ssl=1","width":325,"height":100,"caption":"Alta Via dei Monti Lattari"},"image":{"@id":"https:\/\/www.altaviadeimontilattari.it\/#\/schema\/logo\/image\/"}}]}},"jetpack-related-posts":[{"id":6023,"url":"https:\/\/www.altaviadeimontilattari.it\/de\/unterstuetzen-sie-uns\/","url_meta":{"origin":5986,"position":0},"title":"Unterst\u00fctzen Sie uns","author":"Luca Casaburi","date":"12. Januar 2022","format":false,"excerpt":"Unterst\u00fctzen Sie unser Projekt Unterst\u00fctzt unser Projekt Alta Via dei Monti Lattari durch Turismo.RicercAttiva . Helfen Sie uns, unser Gebiet mit seiner Natur, Geschichte und Kultur zu f\u00f6rdern. altaviadeimontilattari.it ist eines der vielen Projekte, die wir durchf\u00fchren. Folgen Sie uns und entdecken Sie alle unsere Aktivit\u00e4ten. Um uns zu unterst\u00fctzen,\u2026","rel":"","context":"\u00c4hnlicher Beitrag","block_context":{"text":"\u00c4hnlicher Beitrag","link":""},"img":{"alt_text":"","src":"https:\/\/i0.wp.com\/www.altaviadeimontilattari.it\/wp-content\/uploads\/2022\/01\/toppa-patch-ricercattiva-completa-stickerland-536x536-1.png?resize=350%2C200&ssl=1","width":350,"height":200,"srcset":"https:\/\/i0.wp.com\/www.altaviadeimontilattari.it\/wp-content\/uploads\/2022\/01\/toppa-patch-ricercattiva-completa-stickerland-536x536-1.png?resize=350%2C200&ssl=1 1x, https:\/\/i0.wp.com\/www.altaviadeimontilattari.it\/wp-content\/uploads\/2022\/01\/toppa-patch-ricercattiva-completa-stickerland-536x536-1.png?resize=525%2C300&ssl=1 1.5x"},"classes":[]},{"id":5934,"url":"https:\/\/www.altaviadeimontilattari.it\/de\/gehen-sie-mit-uns\/","url_meta":{"origin":5986,"position":1},"title":"Gehen Sie mit uns","author":"Luca Casaburi","date":"6. Mai 2022","format":false,"excerpt":"Jeder kann mit uns gehen. Machen Sie sich mit uns auf den Weg und entdecken Sie die Alta Via dei Monti Lattari! Gehen Sie mit uns 2. bis 4. Juni 2022 Wir wandern drei Tage lang auf der Alta Via dei Monti Lattari und folgen dabei dem gesamten 300CAI-Weg. Sie\u2026","rel":"","context":"\u00c4hnlicher Beitrag","block_context":{"text":"\u00c4hnlicher Beitrag","link":""},"img":{"alt_text":"","src":"https:\/\/i0.wp.com\/www.altaviadeimontilattari.it\/wp-content\/uploads\/2022\/05\/monte_finestra_sud-edited.jpg?resize=350%2C200&ssl=1","width":350,"height":200,"srcset":"https:\/\/i0.wp.com\/www.altaviadeimontilattari.it\/wp-content\/uploads\/2022\/05\/monte_finestra_sud-edited.jpg?resize=350%2C200&ssl=1 1x, https:\/\/i0.wp.com\/www.altaviadeimontilattari.it\/wp-content\/uploads\/2022\/05\/monte_finestra_sud-edited.jpg?resize=525%2C300&ssl=1 1.5x, https:\/\/i0.wp.com\/www.altaviadeimontilattari.it\/wp-content\/uploads\/2022\/05\/monte_finestra_sud-edited.jpg?resize=700%2C400&ssl=1 2x"},"classes":[]},{"id":7289,"url":"https:\/\/www.altaviadeimontilattari.it\/de\/cammina-con-noi-iii-ausgabe-2024\/","url_meta":{"origin":5986,"position":2},"title":"Cammina con noi &#8211; III Ausgabe 2024","author":"Luca Casaburi","date":"11. April 2024","format":false,"excerpt":"Jeder kann mit uns gehen. Machen Sie sich mit uns auf den Weg und entdecken Sie die Alta Via dei Monti Lattari! Wir wandern drei Tage lang auf der Alta Via dei Monti Lattari und folgen dabei dem gesamten 300CAI-Weg. Sie beginnt in der Gemeinde Cava de' Tirreni und f\u00fchrt\u2026","rel":"","context":"\u00c4hnlicher Beitrag","block_context":{"text":"\u00c4hnlicher Beitrag","link":""},"img":{"alt_text":"","src":"https:\/\/i0.wp.com\/www.altaviadeimontilattari.it\/wp-content\/uploads\/2024\/04\/iii-edizione.jpg?resize=350%2C200&ssl=1","width":350,"height":200,"srcset":"https:\/\/i0.wp.com\/www.altaviadeimontilattari.it\/wp-content\/uploads\/2024\/04\/iii-edizione.jpg?resize=350%2C200&ssl=1 1x, https:\/\/i0.wp.com\/www.altaviadeimontilattari.it\/wp-content\/uploads\/2024\/04\/iii-edizione.jpg?resize=525%2C300&ssl=1 1.5x, https:\/\/i0.wp.com\/www.altaviadeimontilattari.it\/wp-content\/uploads\/2024\/04\/iii-edizione.jpg?resize=700%2C400&ssl=1 2x"},"classes":[]},{"id":7425,"url":"https:\/\/www.altaviadeimontilattari.it\/de\/gehen-sie-mit-uns-4-auflage-2025\/","url_meta":{"origin":5986,"position":3},"title":"Gehen Sie mit uns &#8211; 4. Auflage 2025","author":"Luca Casaburi","date":"4. April 2025","format":false,"excerpt":"Jeder kann mit uns gehen. Machen Sie sich mit uns auf den Weg und entdecken Sie die Alta Via dei Monti Lattari! In dieser neuen Ausgabe werden wir die gesamte Alta Via dei Monti Lattari in drei Tagen erwandern und dabei dem beeindruckenden Pfad 300 des CAI folgen. Wir starten\u2026","rel":"","context":"\u00c4hnlicher Beitrag","block_context":{"text":"\u00c4hnlicher Beitrag","link":""},"img":{"alt_text":"Cammina con noi - Alta via dei monti lattari - IV edizione 2025","src":"https:\/\/i0.wp.com\/www.altaviadeimontilattari.it\/wp-content\/uploads\/2025\/04\/cammina-con-noi-alta-via-dei-monti-lattari-iv-edizione-2025.png?resize=350%2C200&ssl=1","width":350,"height":200,"srcset":"https:\/\/i0.wp.com\/www.altaviadeimontilattari.it\/wp-content\/uploads\/2025\/04\/cammina-con-noi-alta-via-dei-monti-lattari-iv-edizione-2025.png?resize=350%2C200&ssl=1 1x, https:\/\/i0.wp.com\/www.altaviadeimontilattari.it\/wp-content\/uploads\/2025\/04\/cammina-con-noi-alta-via-dei-monti-lattari-iv-edizione-2025.png?resize=525%2C300&ssl=1 1.5x, https:\/\/i0.wp.com\/www.altaviadeimontilattari.it\/wp-content\/uploads\/2025\/04\/cammina-con-noi-alta-via-dei-monti-lattari-iv-edizione-2025.png?resize=700%2C400&ssl=1 2x"},"classes":[]},{"id":5957,"url":"https:\/\/www.altaviadeimontilattari.it\/de\/kontakt\/","url_meta":{"origin":5986,"position":4},"title":"Kontakt","author":"Luca Casaburi","date":"27. Januar 2020","format":false,"excerpt":"Kontakt N\u00fctzliche Seiten tourismus.ricercattiva.itwww.mdtsoftware.it E-Mail luca.casaburi@ricercattiva.it luca.casaburi@ricercattiva.itluca.casaburi@mdtsoftware.it Instagram @tourismus.ricercattiva@lugask Senden Sie uns eine Nachricht oder verbinden Sie sich mit unseren sozialen Netzwerken altaviadeimontilattari.it wurde ins Leben gerufen, um die Monti Lattari, die Amalfik\u00fcste und die Sorrentinische Halbinsel bekannt zu machen, Regionen Italiens, die noch wenig f\u00fcr ihre Natur und Sch\u00f6nheit\u2026","rel":"","context":"\u00c4hnlicher Beitrag","block_context":{"text":"\u00c4hnlicher Beitrag","link":""},"img":{"alt_text":"","src":"","width":0,"height":0},"classes":[]},{"id":5942,"url":"https:\/\/www.altaviadeimontilattari.it\/de\/gehen-sie-mit-uns-juni-2022\/","url_meta":{"origin":5986,"position":5},"title":"Gehen Sie mit uns &#8211; Juni 2022","author":"Luca Casaburi","date":"9. Juni 2022","format":false,"excerpt":"Unsere Reise auf der Alta Via dei Monti Lattari ist zu Ende! Eine wunderbare Reise durch dieses herrliche Land zwischen Geschichte und Natur. Eine Reise, auf der wir fantastische Menschen kennengelernt und die Gastfreundschaft unseres Landes wiederentdeckt haben. Dies ist eine Reise und ein Ausflug, den man machen muss, eine\u2026","rel":"","context":"\u00c4hnlicher Beitrag","block_context":{"text":"\u00c4hnlicher Beitrag","link":""},"img":{"alt_text":"","src":"https:\/\/i0.wp.com\/www.altaviadeimontilattari.it\/wp-content\/uploads\/2022\/06\/km_20220602_1080p.00_00_00_00.Immagine002.jpg?fit=1200%2C675&ssl=1&resize=350%2C200","width":350,"height":200,"srcset":"https:\/\/i0.wp.com\/www.altaviadeimontilattari.it\/wp-content\/uploads\/2022\/06\/km_20220602_1080p.00_00_00_00.Immagine002.jpg?fit=1200%2C675&ssl=1&resize=350%2C200 1x, https:\/\/i0.wp.com\/www.altaviadeimontilattari.it\/wp-content\/uploads\/2022\/06\/km_20220602_1080p.00_00_00_00.Immagine002.jpg?fit=1200%2C675&ssl=1&resize=525%2C300 1.5x, https:\/\/i0.wp.com\/www.altaviadeimontilattari.it\/wp-content\/uploads\/2022\/06\/km_20220602_1080p.00_00_00_00.Immagine002.jpg?fit=1200%2C675&ssl=1&resize=700%2C400 2x, https:\/\/i0.wp.com\/www.altaviadeimontilattari.it\/wp-content\/uploads\/2022\/06\/km_20220602_1080p.00_00_00_00.Immagine002.jpg?fit=1200%2C675&ssl=1&resize=1050%2C600 3x"},"classes":[]}],"jetpack_shortlink":"https:\/\/wp.me\/PcGNaV-1yy","jetpack_sharing_enabled":true,"_links":{"self":[{"href":"https:\/\/www.altaviadeimontilattari.it\/de\/wp-json\/wp\/v2\/pages\/5986","targetHints":{"allow":["GET"]}}],"collection":[{"href":"https:\/\/www.altaviadeimontilattari.it\/de\/wp-json\/wp\/v2\/pages"}],"about":[{"href":"https:\/\/www.altaviadeimontilattari.it\/de\/wp-json\/wp\/v2\/types\/page"}],"author":[{"embeddable":true,"href":"https:\/\/www.altaviadeimontilattari.it\/de\/wp-json\/wp\/v2\/users\/1"}],"replies":[{"embeddable":true,"href":"https:\/\/www.altaviadeimontilattari.it\/de\/wp-json\/wp\/v2\/comments?post=5986"}],"version-history":[{"count":1,"href":"https:\/\/www.altaviadeimontilattari.it\/de\/wp-json\/wp\/v2\/pages\/5986\/revisions"}],"predecessor-version":[{"id":5989,"href":"https:\/\/www.altaviadeimontilattari.it\/de\/wp-json\/wp\/v2\/pages\/5986\/revisions\/5989"}],"wp:attachment":[{"href":"https:\/\/www.altaviadeimontilattari.it\/de\/wp-json\/wp\/v2\/media?parent=5986"}],"curies":[{"name":"wp","href":"https:\/\/api.w.org\/{rel}","templated":true}]}}