{"id":6023,"date":"2022-01-12T05:24:07","date_gmt":"2022-01-12T05:24:07","guid":{"rendered":"https:\/\/www.altaviadeimontilattari.it\/unterstuetzen-sie-uns\/"},"modified":"2022-06-30T13:40:07","modified_gmt":"2022-06-30T13:40:07","slug":"unterstuetzen-sie-uns","status":"publish","type":"page","link":"https:\/\/www.altaviadeimontilattari.it\/de\/unterstuetzen-sie-uns\/","title":{"rendered":"Unterst\u00fctzen Sie uns"},"content":{"rendered":"\n<div class=\"wp-block-themeisle-blocks-advanced-columns has-0-columns has-desktop-equal-layout has-tablet-equal-layout has-mobile-equal-layout has-default-gap has-vertical-unset\" id=\"wp-block-themeisle-blocks-advanced-columns-b368843b\"><div class=\"wp-block-themeisle-blocks-advanced-columns-overlay\"><\/div><div class=\"innerblocks-wrap\"><\/div><\/div>\n\n<h2 class=\"wp-block-heading\">Unterst\u00fctzen Sie unser Projekt<\/h2>\n\n<p class=\"has-text-align-left\">Unterst\u00fctzt unser Projekt Alta Via dei Monti<strong> Lattari<\/strong> durch <a href=\"http:\/\/turismo.ricercattiva.it\" target=\"_blank\" rel=\"noreferrer noopener\">\n  <strong>Turismo.RicercAttiva<\/strong>\n<\/a>. Helfen Sie uns, unser Gebiet mit seiner Natur, Geschichte und Kultur zu f\u00f6rdern.<\/p>\n\n<p><em>\n  <strong>altaviadeimontilattari.it<\/strong>\n<\/em> ist eines der vielen Projekte, die wir durchf\u00fchren. Folgen Sie uns und entdecken Sie alle unsere Aktivit\u00e4ten.<\/p>\n\n<p>Um uns zu unterst\u00fctzen, k\u00f6nnen Sie eine Spende t\u00e4tigen, indem Sie auf die folgende Schaltfl\u00e4che klicken.<\/p>\n\n<div id=\"donate-button-container\">\n<div id=\"donate-button\"><\/div>\n<script src=\"https:\/\/www.paypalobjects.com\/donate\/sdk\/donate-sdk.js\" charset=\"UTF-8\"><\/script><script>\nPayPal.Donation.Button({\nenv:'production',\nhosted_button_id:'W54QQ8G8BKD82',\nimage: {\nsrc:'https:\/\/pics.paypal.com\/00\/s\/NWI3ZDBkNDYtMjdhNC00YWQ0LWFjYzUtNzQ3NzIyM2VlOTE1\/file.PNG',\nalt:'Fai una donazione con il pulsante PayPal',\ntitle:'PayPal - The safer, easier way to pay online!',\n}\n}).render('#donate-button');\n<\/script><\/div>\n\n<h2 class=\"wp-block-heading\">Entdecken Sie unsere Marke<\/h2>\n\n<p>Kaufen Sie unsere Produkte und Gadgets, der gesamte Erl\u00f6s kommt unseren Initiativen zugute.<\/p>\n\n<div class=\"wp-block-buttons alignfull is-content-justification-center is-layout-flex wp-block-buttons-is-layout-flex\">\n<div class=\"wp-block-button\"><a class=\"wp-block-button__link\" href=\"https:\/\/www.stickerland.it\/categoria-prodotto\/area-merchandising\/ricercattiva-turismo\/\" target=\"_blank\" rel=\"noreferrer noopener\">SHOP und Marken<\/a><\/div>\n<\/div>\n\n<div class=\"wp-block-jetpack-tiled-gallery aligncenter is-style-rectangular\"><div class=\"tiled-gallery__gallery\"><div class=\"tiled-gallery__row\"><div class=\"tiled-gallery__col\" style=\"flex-basis:66.86747%\"><figure class=\"tiled-gallery__item\"><img decoding=\"async\" role=\"button\" tabindex=\"0\" aria-label=\"Bild\u00a01 von 3 im Vollbildmodus \u00f6ffnen\"srcset=\"https:\/\/i2.wp.com\/www.altaviadeimontilattari.it\/wp-content\/uploads\/2022\/01\/toppa-patch-ricercattiva-completa-stickerland-536x536-1.png?strip=info&#038;w=536&#038;ssl=1 536w\" alt=\"\" data-height=\"536\" data-id=\"3865\" data-link=\"https:\/\/altaviadeimontilattari.it\/supportaci\/toppa-patch-ricercattiva-completa-stickerland-536x536-1\/\" data-url=\"https:\/\/altaviadeimontilattari.it\/wp-content\/uploads\/2022\/01\/toppa-patch-ricercattiva-completa-stickerland-536x536-1.png\" data-width=\"536\" src=\"https:\/\/i2.wp.com\/www.altaviadeimontilattari.it\/wp-content\/uploads\/2022\/01\/toppa-patch-ricercattiva-completa-stickerland-536x536-1.png?ssl=1\" data-amp-layout=\"responsive\"><\/figure><\/div><div class=\"tiled-gallery__col\" style=\"flex-basis:33.13253%\"><figure class=\"tiled-gallery__item\"><img decoding=\"async\" role=\"button\" tabindex=\"0\" aria-label=\"Bild\u00a02 von 3 im Vollbildmodus \u00f6ffnen\"srcset=\"https:\/\/i1.wp.com\/www.altaviadeimontilattari.it\/wp-content\/uploads\/2022\/01\/sacca-zaino-di-cotone-certificato-ricercattiva-turismo-versione-1-536x536-1.png?strip=info&#038;w=536&#038;ssl=1 536w\" alt=\"\" data-height=\"536\" data-id=\"3866\" data-link=\"https:\/\/altaviadeimontilattari.it\/supportaci\/sacca-zaino-di-cotone-certificato-ricercattiva-turismo-versione-1-536x536-1\/\" data-url=\"https:\/\/altaviadeimontilattari.it\/wp-content\/uploads\/2022\/01\/sacca-zaino-di-cotone-certificato-ricercattiva-turismo-versione-1-536x536-1.png\" data-width=\"536\" src=\"https:\/\/i1.wp.com\/www.altaviadeimontilattari.it\/wp-content\/uploads\/2022\/01\/sacca-zaino-di-cotone-certificato-ricercattiva-turismo-versione-1-536x536-1.png?ssl=1\" data-amp-layout=\"responsive\"><\/figure><figure class=\"tiled-gallery__item\"><img decoding=\"async\" role=\"button\" tabindex=\"0\" aria-label=\"Bild\u00a03 von 3 im Vollbildmodus \u00f6ffnen\"srcset=\"https:\/\/i2.wp.com\/www.altaviadeimontilattari.it\/wp-content\/uploads\/2022\/01\/sacca-zaino-personalizzata-alta-via-dei-monti-lattari-730x730-1.png?strip=info&#038;w=600&#038;ssl=1 600w,https:\/\/i2.wp.com\/www.altaviadeimontilattari.it\/wp-content\/uploads\/2022\/01\/sacca-zaino-personalizzata-alta-via-dei-monti-lattari-730x730-1.png?strip=info&#038;w=730&#038;ssl=1 730w\" alt=\"\" data-height=\"730\" data-id=\"3867\" data-link=\"https:\/\/altaviadeimontilattari.it\/supportaci\/sacca-zaino-personalizzata-alta-via-dei-monti-lattari-730x730-1\/\" data-url=\"https:\/\/altaviadeimontilattari.it\/wp-content\/uploads\/2022\/01\/sacca-zaino-personalizzata-alta-via-dei-monti-lattari-730x730-1.png\" data-width=\"730\" src=\"https:\/\/i2.wp.com\/www.altaviadeimontilattari.it\/wp-content\/uploads\/2022\/01\/sacca-zaino-personalizzata-alta-via-dei-monti-lattari-730x730-1.png?ssl=1\" data-amp-layout=\"responsive\"><\/figure><\/div><\/div><\/div><\/div>\n\n<p><\/p>\n<div style=\"margin: 20px 0;\"><div class=\"qrcswholewtapper\" style=\"text-align:left;\"><div class=\"qrcprowrapper\"  id=\"qrcwraa2leds\"><div class=\"qrc_canvass\" id=\"qrc_cuttenpages_2\" style=\"display:inline-block\" data-text=\"https:\/\/www.altaviadeimontilattari.it\/de\/unterstuetzen-sie-uns\/\"><\/div><div><a download=\"Unterst\u00fctzen Sie uns.png\" class=\"qrcdownloads\" id=\"worign\">\r\n           <button type=\"button\" style=\"min-width:200px;background:#81ea00;color:#000;font-weight: 600;border: 1px solid #dddddd;border-radius:4px;font-size:12px;padding: 6px 0;\" class=\"uqr_code_btn\">Download QR<\/button>\r\n           <\/a><\/div><\/div><\/div><\/div>","protected":false},"excerpt":{"rendered":"<p>Unterst\u00fctzen Sie unser Projekt Unterst\u00fctzt unser Projekt Alta Via dei Monti Lattari durch Turismo.RicercAttiva . Helfen Sie uns, unser Gebiet mit seiner Natur, Geschichte und Kultur zu f\u00f6rdern. altaviadeimontilattari.it ist eines der vielen Projekte, die wir durchf\u00fchren. Folgen Sie uns und entdecken Sie alle unsere Aktivit\u00e4ten. Um uns zu unterst\u00fctzen, k\u00f6nnen Sie eine Spende t\u00e4tigen,&hellip;&nbsp;<a href=\"https:\/\/www.altaviadeimontilattari.it\/de\/unterstuetzen-sie-uns\/\" rel=\"bookmark\">Mehr lesen &raquo;<span class=\"screen-reader-text\">Unterst\u00fctzen Sie uns<\/span><\/a><\/p>\n","protected":false},"author":1,"featured_media":0,"parent":0,"menu_order":0,"comment_status":"closed","ping_status":"closed","template":"","meta":{"neve_meta_sidebar":"full-width","neve_meta_container":"","neve_meta_enable_content_width":"on","neve_meta_content_width":100,"neve_meta_title_alignment":"","neve_meta_author_avatar":"","neve_post_elements_order":"","neve_meta_disable_header":"","neve_meta_disable_footer":"","neve_meta_disable_title":"","neve_meta_reading_time":"","_themeisle_gutenberg_block_has_review":false,"jetpack_post_was_ever_published":false,"footnotes":""},"class_list":["post-6023","page","type-page","status-publish","hentry"],"yoast_head":"<!-- This site is optimized with the Yoast SEO plugin v27.4 - https:\/\/yoast.com\/product\/yoast-seo-wordpress\/ -->\n<title>Unterst\u00fctzen Sie uns - Alta Via dei Monti Lattari<\/title>\n<meta name=\"description\" content=\"Unterst\u00fctzen Sie unser Projekt Alta Via dei Monti Lattari von Turismo.RicercAttiva. Helfen Sie uns, unser Gebiet zu f\u00f6rdern\" \/>\n<meta name=\"robots\" content=\"index, follow, max-snippet:-1, max-image-preview:large, max-video-preview:-1\" \/>\n<link rel=\"canonical\" href=\"https:\/\/www.altaviadeimontilattari.it\/de\/unterstuetzen-sie-uns\/\" \/>\n<meta property=\"og:locale\" content=\"de_DE\" \/>\n<meta property=\"og:type\" content=\"article\" \/>\n<meta property=\"og:title\" content=\"Unterst\u00fctzen Sie uns - Alta Via dei Monti Lattari\" \/>\n<meta property=\"og:description\" content=\"Unterst\u00fctzen Sie unser Projekt Alta Via dei Monti Lattari von Turismo.RicercAttiva. Helfen Sie uns, unser Gebiet zu f\u00f6rdern\" \/>\n<meta property=\"og:url\" content=\"https:\/\/www.altaviadeimontilattari.it\/de\/unterstuetzen-sie-uns\/\" \/>\n<meta property=\"og:site_name\" content=\"Alta Via dei Monti Lattari\" \/>\n<meta property=\"article:modified_time\" content=\"2022-06-30T13:40:07+00:00\" \/>\n<meta property=\"og:image\" content=\"https:\/\/i2.wp.com\/www.altaviadeimontilattari.it\/wp-content\/uploads\/2022\/01\/toppa-patch-ricercattiva-completa-stickerland-536x536-1.png?ssl=1\" \/>\n<meta name=\"twitter:card\" content=\"summary_large_image\" \/>\n<script type=\"application\/ld+json\" class=\"yoast-schema-graph\">{\"@context\":\"https:\\\/\\\/schema.org\",\"@graph\":[{\"@type\":\"WebPage\",\"@id\":\"https:\\\/\\\/www.altaviadeimontilattari.it\\\/de\\\/unterstuetzen-sie-uns\\\/\",\"url\":\"https:\\\/\\\/www.altaviadeimontilattari.it\\\/de\\\/unterstuetzen-sie-uns\\\/\",\"name\":\"Unterst\u00fctzen Sie uns - Alta Via dei Monti Lattari\",\"isPartOf\":{\"@id\":\"https:\\\/\\\/www.altaviadeimontilattari.it\\\/#website\"},\"primaryImageOfPage\":{\"@id\":\"https:\\\/\\\/www.altaviadeimontilattari.it\\\/de\\\/unterstuetzen-sie-uns\\\/#primaryimage\"},\"image\":{\"@id\":\"https:\\\/\\\/www.altaviadeimontilattari.it\\\/de\\\/unterstuetzen-sie-uns\\\/#primaryimage\"},\"thumbnailUrl\":\"https:\\\/\\\/i2.wp.com\\\/www.altaviadeimontilattari.it\\\/wp-content\\\/uploads\\\/2022\\\/01\\\/toppa-patch-ricercattiva-completa-stickerland-536x536-1.png?ssl=1\",\"datePublished\":\"2022-01-12T05:24:07+00:00\",\"dateModified\":\"2022-06-30T13:40:07+00:00\",\"description\":\"Unterst\u00fctzen Sie unser Projekt Alta Via dei Monti Lattari von Turismo.RicercAttiva. Helfen Sie uns, unser Gebiet zu f\u00f6rdern\",\"breadcrumb\":{\"@id\":\"https:\\\/\\\/www.altaviadeimontilattari.it\\\/de\\\/unterstuetzen-sie-uns\\\/#breadcrumb\"},\"inLanguage\":\"de\",\"potentialAction\":[{\"@type\":\"ReadAction\",\"target\":[\"https:\\\/\\\/www.altaviadeimontilattari.it\\\/de\\\/unterstuetzen-sie-uns\\\/\"]}]},{\"@type\":\"ImageObject\",\"inLanguage\":\"de\",\"@id\":\"https:\\\/\\\/www.altaviadeimontilattari.it\\\/de\\\/unterstuetzen-sie-uns\\\/#primaryimage\",\"url\":\"https:\\\/\\\/i2.wp.com\\\/www.altaviadeimontilattari.it\\\/wp-content\\\/uploads\\\/2022\\\/01\\\/toppa-patch-ricercattiva-completa-stickerland-536x536-1.png?ssl=1\",\"contentUrl\":\"https:\\\/\\\/i2.wp.com\\\/www.altaviadeimontilattari.it\\\/wp-content\\\/uploads\\\/2022\\\/01\\\/toppa-patch-ricercattiva-completa-stickerland-536x536-1.png?ssl=1\"},{\"@type\":\"BreadcrumbList\",\"@id\":\"https:\\\/\\\/www.altaviadeimontilattari.it\\\/de\\\/unterstuetzen-sie-uns\\\/#breadcrumb\",\"itemListElement\":[{\"@type\":\"ListItem\",\"position\":1,\"name\":\"Home\",\"item\":\"https:\\\/\\\/www.altaviadeimontilattari.it\\\/es\\\/\"},{\"@type\":\"ListItem\",\"position\":2,\"name\":\"Unterst\u00fctzen Sie uns\"}]},{\"@type\":\"WebSite\",\"@id\":\"https:\\\/\\\/www.altaviadeimontilattari.it\\\/#website\",\"url\":\"https:\\\/\\\/www.altaviadeimontilattari.it\\\/\",\"name\":\"Alta Via dei Monti Lattari\",\"description\":\"La montagna \u00e8 un modo di vivere la vita.\",\"publisher\":{\"@id\":\"https:\\\/\\\/www.altaviadeimontilattari.it\\\/#organization\"},\"potentialAction\":[{\"@type\":\"SearchAction\",\"target\":{\"@type\":\"EntryPoint\",\"urlTemplate\":\"https:\\\/\\\/www.altaviadeimontilattari.it\\\/?s={search_term_string}\"},\"query-input\":{\"@type\":\"PropertyValueSpecification\",\"valueRequired\":true,\"valueName\":\"search_term_string\"}}],\"inLanguage\":\"de\"},{\"@type\":\"Organization\",\"@id\":\"https:\\\/\\\/www.altaviadeimontilattari.it\\\/#organization\",\"name\":\"Alta Via dei Monti Lattari\",\"url\":\"https:\\\/\\\/www.altaviadeimontilattari.it\\\/\",\"logo\":{\"@type\":\"ImageObject\",\"inLanguage\":\"de\",\"@id\":\"https:\\\/\\\/www.altaviadeimontilattari.it\\\/#\\\/schema\\\/logo\\\/image\\\/\",\"url\":\"https:\\\/\\\/i0.wp.com\\\/www.altaviadeimontilattari.it\\\/wp-content\\\/uploads\\\/2020\\\/12\\\/alta_via_monyi_lattari_logo.png?fit=325%2C100&ssl=1\",\"contentUrl\":\"https:\\\/\\\/i0.wp.com\\\/www.altaviadeimontilattari.it\\\/wp-content\\\/uploads\\\/2020\\\/12\\\/alta_via_monyi_lattari_logo.png?fit=325%2C100&ssl=1\",\"width\":325,\"height\":100,\"caption\":\"Alta Via dei Monti Lattari\"},\"image\":{\"@id\":\"https:\\\/\\\/www.altaviadeimontilattari.it\\\/#\\\/schema\\\/logo\\\/image\\\/\"}}]}<\/script>\n<!-- \/ Yoast SEO plugin. -->","yoast_head_json":{"title":"Unterst\u00fctzen Sie uns - Alta Via dei Monti Lattari","description":"Unterst\u00fctzen Sie unser Projekt Alta Via dei Monti Lattari von Turismo.RicercAttiva. Helfen Sie uns, unser Gebiet zu f\u00f6rdern","robots":{"index":"index","follow":"follow","max-snippet":"max-snippet:-1","max-image-preview":"max-image-preview:large","max-video-preview":"max-video-preview:-1"},"canonical":"https:\/\/www.altaviadeimontilattari.it\/de\/unterstuetzen-sie-uns\/","og_locale":"de_DE","og_type":"article","og_title":"Unterst\u00fctzen Sie uns - Alta Via dei Monti Lattari","og_description":"Unterst\u00fctzen Sie unser Projekt Alta Via dei Monti Lattari von Turismo.RicercAttiva. Helfen Sie uns, unser Gebiet zu f\u00f6rdern","og_url":"https:\/\/www.altaviadeimontilattari.it\/de\/unterstuetzen-sie-uns\/","og_site_name":"Alta Via dei Monti Lattari","article_modified_time":"2022-06-30T13:40:07+00:00","og_image":[{"url":"https:\/\/i2.wp.com\/www.altaviadeimontilattari.it\/wp-content\/uploads\/2022\/01\/toppa-patch-ricercattiva-completa-stickerland-536x536-1.png?ssl=1","type":"","width":"","height":""}],"twitter_card":"summary_large_image","schema":{"@context":"https:\/\/schema.org","@graph":[{"@type":"WebPage","@id":"https:\/\/www.altaviadeimontilattari.it\/de\/unterstuetzen-sie-uns\/","url":"https:\/\/www.altaviadeimontilattari.it\/de\/unterstuetzen-sie-uns\/","name":"Unterst\u00fctzen Sie uns - Alta Via dei Monti Lattari","isPartOf":{"@id":"https:\/\/www.altaviadeimontilattari.it\/#website"},"primaryImageOfPage":{"@id":"https:\/\/www.altaviadeimontilattari.it\/de\/unterstuetzen-sie-uns\/#primaryimage"},"image":{"@id":"https:\/\/www.altaviadeimontilattari.it\/de\/unterstuetzen-sie-uns\/#primaryimage"},"thumbnailUrl":"https:\/\/i2.wp.com\/www.altaviadeimontilattari.it\/wp-content\/uploads\/2022\/01\/toppa-patch-ricercattiva-completa-stickerland-536x536-1.png?ssl=1","datePublished":"2022-01-12T05:24:07+00:00","dateModified":"2022-06-30T13:40:07+00:00","description":"Unterst\u00fctzen Sie unser Projekt Alta Via dei Monti Lattari von Turismo.RicercAttiva. Helfen Sie uns, unser Gebiet zu f\u00f6rdern","breadcrumb":{"@id":"https:\/\/www.altaviadeimontilattari.it\/de\/unterstuetzen-sie-uns\/#breadcrumb"},"inLanguage":"de","potentialAction":[{"@type":"ReadAction","target":["https:\/\/www.altaviadeimontilattari.it\/de\/unterstuetzen-sie-uns\/"]}]},{"@type":"ImageObject","inLanguage":"de","@id":"https:\/\/www.altaviadeimontilattari.it\/de\/unterstuetzen-sie-uns\/#primaryimage","url":"https:\/\/i2.wp.com\/www.altaviadeimontilattari.it\/wp-content\/uploads\/2022\/01\/toppa-patch-ricercattiva-completa-stickerland-536x536-1.png?ssl=1","contentUrl":"https:\/\/i2.wp.com\/www.altaviadeimontilattari.it\/wp-content\/uploads\/2022\/01\/toppa-patch-ricercattiva-completa-stickerland-536x536-1.png?ssl=1"},{"@type":"BreadcrumbList","@id":"https:\/\/www.altaviadeimontilattari.it\/de\/unterstuetzen-sie-uns\/#breadcrumb","itemListElement":[{"@type":"ListItem","position":1,"name":"Home","item":"https:\/\/www.altaviadeimontilattari.it\/es\/"},{"@type":"ListItem","position":2,"name":"Unterst\u00fctzen Sie uns"}]},{"@type":"WebSite","@id":"https:\/\/www.altaviadeimontilattari.it\/#website","url":"https:\/\/www.altaviadeimontilattari.it\/","name":"Alta Via dei Monti Lattari","description":"La montagna \u00e8 un modo di vivere la vita.","publisher":{"@id":"https:\/\/www.altaviadeimontilattari.it\/#organization"},"potentialAction":[{"@type":"SearchAction","target":{"@type":"EntryPoint","urlTemplate":"https:\/\/www.altaviadeimontilattari.it\/?s={search_term_string}"},"query-input":{"@type":"PropertyValueSpecification","valueRequired":true,"valueName":"search_term_string"}}],"inLanguage":"de"},{"@type":"Organization","@id":"https:\/\/www.altaviadeimontilattari.it\/#organization","name":"Alta Via dei Monti Lattari","url":"https:\/\/www.altaviadeimontilattari.it\/","logo":{"@type":"ImageObject","inLanguage":"de","@id":"https:\/\/www.altaviadeimontilattari.it\/#\/schema\/logo\/image\/","url":"https:\/\/i0.wp.com\/www.altaviadeimontilattari.it\/wp-content\/uploads\/2020\/12\/alta_via_monyi_lattari_logo.png?fit=325%2C100&ssl=1","contentUrl":"https:\/\/i0.wp.com\/www.altaviadeimontilattari.it\/wp-content\/uploads\/2020\/12\/alta_via_monyi_lattari_logo.png?fit=325%2C100&ssl=1","width":325,"height":100,"caption":"Alta Via dei Monti Lattari"},"image":{"@id":"https:\/\/www.altaviadeimontilattari.it\/#\/schema\/logo\/image\/"}}]}},"jetpack-related-posts":[{"id":6720,"url":"https:\/\/www.altaviadeimontilattari.it\/de\/","url_meta":{"origin":6023,"position":0},"title":"Heim","author":"Turismo.Ricercattiva","date":"8. Juli 2022","format":false,"excerpt":"Alta Via Dei Monti Lattari In den weiten R\u00e4umen des Berges, in seiner hohen Stille, kann der ungest\u00f6rte Mensch das Gef\u00fchl seiner Kleinheit und die unendliche Dimension seiner Seele erfassen. MEHR ENTDECKEN Weg Kontakt mit der Natur Wilde und l\u00e4ndliche Landschaften, tiefblaues Meer, versteckte Klippen und Buchten, Parks, gesch\u00fctzte Flora\u2026","rel":"","context":"\u00c4hnlicher Beitrag","block_context":{"text":"\u00c4hnlicher Beitrag","link":""},"img":{"alt_text":"Alta Via dei Monti Lattari Sentiero Italia 300 CAI","src":"https:\/\/i0.wp.com\/www.altaviadeimontilattari.it\/wp-content\/uploads\/2020\/12\/alta_via_monti_lattari_sentiero_italia_300_cai.jpg?resize=350%2C200&ssl=1","width":350,"height":200,"srcset":"https:\/\/i0.wp.com\/www.altaviadeimontilattari.it\/wp-content\/uploads\/2020\/12\/alta_via_monti_lattari_sentiero_italia_300_cai.jpg?resize=350%2C200&ssl=1 1x, https:\/\/i0.wp.com\/www.altaviadeimontilattari.it\/wp-content\/uploads\/2020\/12\/alta_via_monti_lattari_sentiero_italia_300_cai.jpg?resize=525%2C300&ssl=1 1.5x"},"classes":[]},{"id":5991,"url":"https:\/\/www.altaviadeimontilattari.it\/de\/emotionen-schritt-fuer-schritt\/","url_meta":{"origin":6023,"position":1},"title":"Emotionen Schritt f\u00fcr Schritt","author":"Luca Casaburi","date":"1. Juni 2022","format":false,"excerpt":"Schritt f\u00fcr Schritt teilen wir unsere Gef\u00fchle, ein einziges Wort, um zu beschreiben, was wir in diesem Moment auf der Alta Via dei Monti Lattari f\u00fchlen. Wir werden eine Wortwolke aufbauen, die im Laufe unserer Reise immer weiter wachsen wird. Wenn auch Sie uns ein Wort zu unserer Erfahrung mitteilen\u2026","rel":"","context":"\u00c4hnlicher Beitrag","block_context":{"text":"\u00c4hnlicher Beitrag","link":""},"img":{"alt_text":"","src":"","width":0,"height":0},"classes":[]},{"id":7195,"url":"https:\/\/www.altaviadeimontilattari.it\/de\/das-buch-der-entdecker\/","url_meta":{"origin":6023,"position":2},"title":"Das Buch der Entdecker","author":"Luca Casaburi","date":"23. September 2023","format":false,"excerpt":"Das Buch der Entdecker Hast du den H\u00f6henweg der Monti Lattari durchwandert? Schicken Sie uns Ihre Erfahrung und erhalten Sie kostenlos einen der Aufn\u00e4her f\u00fcr diese wundersch\u00f6ne Strecke. Bitte hinterlassen Sie eine Bewertung Ihrer Wanderung von Cava de' Tirreni nach Punta Campanella (Termini). Bitte senden Sie uns die aufgezeichnete GPS-Spur\u2026","rel":"","context":"\u00c4hnlicher Beitrag","block_context":{"text":"\u00c4hnlicher Beitrag","link":""},"img":{"alt_text":"","src":"https:\/\/i0.wp.com\/www.altaviadeimontilattari.it\/wp-content\/uploads\/2023\/09\/patch-alta-via-dei-monti-lattari.jpg?fit=1200%2C708&ssl=1&resize=350%2C200","width":350,"height":200,"srcset":"https:\/\/i0.wp.com\/www.altaviadeimontilattari.it\/wp-content\/uploads\/2023\/09\/patch-alta-via-dei-monti-lattari.jpg?fit=1200%2C708&ssl=1&resize=350%2C200 1x, https:\/\/i0.wp.com\/www.altaviadeimontilattari.it\/wp-content\/uploads\/2023\/09\/patch-alta-via-dei-monti-lattari.jpg?fit=1200%2C708&ssl=1&resize=525%2C300 1.5x, https:\/\/i0.wp.com\/www.altaviadeimontilattari.it\/wp-content\/uploads\/2023\/09\/patch-alta-via-dei-monti-lattari.jpg?fit=1200%2C708&ssl=1&resize=700%2C400 2x, https:\/\/i0.wp.com\/www.altaviadeimontilattari.it\/wp-content\/uploads\/2023\/09\/patch-alta-via-dei-monti-lattari.jpg?fit=1200%2C708&ssl=1&resize=1050%2C600 3x"},"classes":[]},{"id":6029,"url":"https:\/\/www.altaviadeimontilattari.it\/de\/bericht-unterkunft\/","url_meta":{"origin":6023,"position":3},"title":"Bericht Unterkunft","author":"Luca Casaburi","date":"12. Januar 2022","format":false,"excerpt":"N\u00fctzliche Seiten tourismus.ricercattiva.itwww.mdtsoftware.it E-Mail luca.casaburi@ricercattiva.it luca.casaburi@ricercattiva.itluca.casaburi@mdtsoftware.it Instagram @tourismus.ricercattiva@lugask Sie sind ein Unterkunftsanbieter und m\u00f6chten sich bekannt machen? altaviadeimontilattari.it wurde ins Leben gerufen, um die Monti Lattari, die Amalfik\u00fcste und die Sorrentinische Halbinsel bekannt zu machen, Regionen Italiens, die noch wenig f\u00fcr ihre Natur und Sch\u00f6nheit bekannt sind. Die beste Art\u2026","rel":"","context":"\u00c4hnlicher Beitrag","block_context":{"text":"\u00c4hnlicher Beitrag","link":""},"img":{"alt_text":"","src":"","width":0,"height":0},"classes":[]},{"id":5942,"url":"https:\/\/www.altaviadeimontilattari.it\/de\/gehen-sie-mit-uns-juni-2022\/","url_meta":{"origin":6023,"position":4},"title":"Gehen Sie mit uns &#8211; Juni 2022","author":"Luca Casaburi","date":"9. Juni 2022","format":false,"excerpt":"Unsere Reise auf der Alta Via dei Monti Lattari ist zu Ende! Eine wunderbare Reise durch dieses herrliche Land zwischen Geschichte und Natur. Eine Reise, auf der wir fantastische Menschen kennengelernt und die Gastfreundschaft unseres Landes wiederentdeckt haben. Dies ist eine Reise und ein Ausflug, den man machen muss, eine\u2026","rel":"","context":"\u00c4hnlicher Beitrag","block_context":{"text":"\u00c4hnlicher Beitrag","link":""},"img":{"alt_text":"","src":"https:\/\/i0.wp.com\/www.altaviadeimontilattari.it\/wp-content\/uploads\/2022\/06\/km_20220602_1080p.00_00_00_00.Immagine002.jpg?fit=1200%2C675&ssl=1&resize=350%2C200","width":350,"height":200,"srcset":"https:\/\/i0.wp.com\/www.altaviadeimontilattari.it\/wp-content\/uploads\/2022\/06\/km_20220602_1080p.00_00_00_00.Immagine002.jpg?fit=1200%2C675&ssl=1&resize=350%2C200 1x, https:\/\/i0.wp.com\/www.altaviadeimontilattari.it\/wp-content\/uploads\/2022\/06\/km_20220602_1080p.00_00_00_00.Immagine002.jpg?fit=1200%2C675&ssl=1&resize=525%2C300 1.5x, https:\/\/i0.wp.com\/www.altaviadeimontilattari.it\/wp-content\/uploads\/2022\/06\/km_20220602_1080p.00_00_00_00.Immagine002.jpg?fit=1200%2C675&ssl=1&resize=700%2C400 2x, https:\/\/i0.wp.com\/www.altaviadeimontilattari.it\/wp-content\/uploads\/2022\/06\/km_20220602_1080p.00_00_00_00.Immagine002.jpg?fit=1200%2C675&ssl=1&resize=1050%2C600 3x"},"classes":[]},{"id":5986,"url":"https:\/\/www.altaviadeimontilattari.it\/de\/ueber-uns\/","url_meta":{"origin":6023,"position":5},"title":"\u00dcber uns","author":"Luca Casaburi","date":"23. Januar 2020","format":false,"excerpt":"\u00dcber uns Geschichte altaviadeimontilattari.it wurde als Projekt zur Aufwertung und Sensibilisierung des Gebiets der Monti Lattari, der Amalfi- und Sorrento-K\u00fcste in Kampanien und in der ganzen Welt gegr\u00fcndet. Das Projekt entstand im Dezember 2020 aus der Leidenschaft f\u00fcr die Natur und der Unterst\u00fctzung f\u00fcr das Gebiet des Softwarehauses MDT Software\u2026","rel":"","context":"\u00c4hnlicher Beitrag","block_context":{"text":"\u00c4hnlicher Beitrag","link":""},"img":{"alt_text":"punta Campanella - altaviadeimontilattari.it","src":"https:\/\/i0.wp.com\/www.altaviadeimontilattari.it\/wp-content\/uploads\/2021\/02\/punta-campanella-altaviadeimontilattari-scaled.jpg?resize=350%2C200&ssl=1","width":350,"height":200,"srcset":"https:\/\/i0.wp.com\/www.altaviadeimontilattari.it\/wp-content\/uploads\/2021\/02\/punta-campanella-altaviadeimontilattari-scaled.jpg?resize=350%2C200&ssl=1 1x, https:\/\/i0.wp.com\/www.altaviadeimontilattari.it\/wp-content\/uploads\/2021\/02\/punta-campanella-altaviadeimontilattari-scaled.jpg?resize=525%2C300&ssl=1 1.5x, https:\/\/i0.wp.com\/www.altaviadeimontilattari.it\/wp-content\/uploads\/2021\/02\/punta-campanella-altaviadeimontilattari-scaled.jpg?resize=700%2C400&ssl=1 2x, https:\/\/i0.wp.com\/www.altaviadeimontilattari.it\/wp-content\/uploads\/2021\/02\/punta-campanella-altaviadeimontilattari-scaled.jpg?resize=1050%2C600&ssl=1 3x, https:\/\/i0.wp.com\/www.altaviadeimontilattari.it\/wp-content\/uploads\/2021\/02\/punta-campanella-altaviadeimontilattari-scaled.jpg?resize=1400%2C800&ssl=1 4x"},"classes":[]}],"jetpack_shortlink":"https:\/\/wp.me\/PcGNaV-1z9","jetpack_sharing_enabled":true,"_links":{"self":[{"href":"https:\/\/www.altaviadeimontilattari.it\/de\/wp-json\/wp\/v2\/pages\/6023","targetHints":{"allow":["GET"]}}],"collection":[{"href":"https:\/\/www.altaviadeimontilattari.it\/de\/wp-json\/wp\/v2\/pages"}],"about":[{"href":"https:\/\/www.altaviadeimontilattari.it\/de\/wp-json\/wp\/v2\/types\/page"}],"author":[{"embeddable":true,"href":"https:\/\/www.altaviadeimontilattari.it\/de\/wp-json\/wp\/v2\/users\/1"}],"replies":[{"embeddable":true,"href":"https:\/\/www.altaviadeimontilattari.it\/de\/wp-json\/wp\/v2\/comments?post=6023"}],"version-history":[{"count":1,"href":"https:\/\/www.altaviadeimontilattari.it\/de\/wp-json\/wp\/v2\/pages\/6023\/revisions"}],"predecessor-version":[{"id":6024,"href":"https:\/\/www.altaviadeimontilattari.it\/de\/wp-json\/wp\/v2\/pages\/6023\/revisions\/6024"}],"wp:attachment":[{"href":"https:\/\/www.altaviadeimontilattari.it\/de\/wp-json\/wp\/v2\/media?parent=6023"}],"curies":[{"name":"wp","href":"https:\/\/api.w.org\/{rel}","templated":true}]}}