{"id":6124,"date":"2020-11-19T14:54:06","date_gmt":"2020-11-19T14:54:06","guid":{"rendered":"https:\/\/www.altaviadeimontilattari.it\/die-amalfikueste\/"},"modified":"2020-11-19T14:54:06","modified_gmt":"2020-11-19T14:54:06","slug":"die-amalfikueste","status":"publish","type":"page","link":"https:\/\/www.altaviadeimontilattari.it\/de\/die-amalfikueste\/","title":{"rendered":"Die Amalfik\u00fcste"},"content":{"rendered":"<p><em> <strong>Die Amalfik\u00fcste <\/strong> <\/em> repr\u00e4sentiert die herrliche Landschaft s\u00fcdlich des chaotischen und faszinierenden Neapels. Daf\u00fcr sind die Inseln Capri, Ischia und Procida Anziehungspunkte f\u00fcr Millionen von Besuchern, die nicht nur aus Italien kommen.<\/p>\n<p>Die St\u00e4dte, die die K\u00fcsten Kampaniens beleben, sind in die Berge eingebettet, unber\u00fchrt und bewahren einen immergr\u00fcnen Charme, der Touristengruppen anzieht. Wir raten Ihnen, die Sommersaison zu meiden, wenn Besucher in gro\u00dfer Zahl ankommen: Sie k\u00f6nnen k\u00f6stliche Spazierg\u00e4nge zwischen Landschaften, Kunst und gutem Essen genie\u00dfen.<\/p>\n<p>Wann also an die <em> <strong> Amalfik\u00fcste <\/strong> <\/em> reisen?<\/p>\n<p>Viele Hotels, Restaurants und Sehensw\u00fcrdigkeiten sind von November bis Ostern geschlossen. Im Sommer sind die schmalen K\u00fcstenstra\u00dfen verstopft und die Temperaturen steigen. Fr\u00fchling und Herbst sind die beiden besten Jahreszeiten, um an diesen Orten zu bleiben.<\/p>\n<p>Fr\u00fchling f\u00fcr seine leuchtend bl\u00fchenden Felder und Herbst f\u00fcr warme Meere und reichlich saisonale Produkte wie Pilze, schwarze Tr\u00fcffel und Kastanien.<\/p>\n<p><em> <strong>Die Amalfik\u00fcste <\/strong> <\/em> kann in 5 Tagen besucht werden, in denen Sie die Highlights der Region entdecken k\u00f6nnen.<\/p>\n<p>Wandern an der <em> <strong>Amalfik\u00fcste <\/strong> <\/em> ist eine der besten M\u00f6glichkeiten, um wunderbare Landschaften, Kultur und Essen auf einmal zu erleben. Es gibt nur wenige Orte auf der Welt, die dieses Trio an Erfahrung bieten &#8211; geschweige denn in Italien.<\/p>\n<p>Wandern und Trekking an der <em> <strong> Amalfik\u00fcste <\/strong> <\/em> ist anders als jede Art von Aktivit\u00e4t, die Sie jemals zuvor ausprobiert haben. Einige Teile der Wege sind felsig und steil, w\u00e4hrend andere angenehme Wanderwege sind. Egal f\u00fcr welche Route Sie sich entscheiden, Sie werden atemberaubende Ausblicke, frische Luft und Geschichte erleben.<\/p>\n<p>Das Beste an Ausfl\u00fcgen zur <em> <strong> Amalfik\u00fcste <\/strong> <\/em> ist, dass Sie sich nicht an einem sehr abgelegenen Ort befinden. Sie k\u00f6nnen wahrscheinlich in nahe gelegenen St\u00e4dten \u00fcbernachten oder auf Ihrer Reise mehrere St\u00e4dte besuchen.<\/p>\n<p>Der erste Punkt von historischem Interesse, den Sie auf Ihrem Weg abfangen k\u00f6nnen, ist der <em> <strong> Torre delle Ziro <\/strong> <\/em> zwischen <em> <strong> Pontone und Atrani <\/strong> <\/ em >. Diese Route f\u00fchrt weiter entlang der alten Mauern des Herzogtums Amalfi bis zum Turm, der vor dem 16. Jahrhundert erbaut wurde.<\/p>\n<p>Das Geb\u00e4ude wurde genutzt, um die Ann\u00e4herung von Piratenschiffen zu beobachten. Es hat eine interessante Vergangenheit: Einmal wurde die Herzogin von <em> <strong>Amalfi <\/strong> <\/em> , nachdem sie einer Aff\u00e4re beschuldigt wurde, mit ihren Kindern im Turm eingesperrt und ermordet. Einheimische glauben, dass es im Turm spukt.<\/p>\n<p>Eine weitere zu erlebende Route ist das Vallone delle Ferriere, das in Pontone beginnt und in Amalfi endet. Dieser Weg ist perfekt f\u00fcr Pflanzen- und Waldliebhaber.<\/p>\n<p>H\u00f6hepunkte dieser Route sind die historischen Aqu\u00e4dukte, uraltes Laub (Farne stammen aus der Eiszeit) und mittelalterliche Gie\u00dfereien. Es gibt einige Umwege, die Sie zu Wasserf\u00e4llen und G\u00e4rten f\u00fchren.<\/p>\n<p><em> <strong>Der Weg der G\u00f6tter <\/strong> <\/em> befindet sich zwischen <em> <strong>Agerola und Positano <\/strong> <\/em>. Dieser relativ flache Weg bietet Aussicht auf die Insel Capri und mehrere umliegende St\u00e4dte. Der Weg selbst ist leicht zu gehen, wir empfehlen jedoch, ihn am sp\u00e4ten Nachmittag zu meiden. Der gr\u00f6\u00dfte Teil der Route \u00fcberblickt tats\u00e4chlich die K\u00fcste, die sehr wenig Schatten hat. In den Sommermonaten wird es unhaltbar! Es ist jedoch eine ausgezeichnete Route im Fr\u00fchling oder Herbst, da die Temperaturen niedriger sind, aber die atemberaubende Aussicht gleich bleibt.<\/p>\n<p>Wenn Sie schlie\u00dflich au\u00dfergew\u00f6hnliche Aussichten suchen, ist der <em> <strong>Weg des Monte Tre Calli <\/strong> <\/em> die ideale L\u00f6sung. Diese Route ist schwieriger zu unternehmen, da sie Sie zum Gipfel des gleichnamigen Berges f\u00fchrt, der 1000 Meter \u00fcber dem Meeresspiegel liegt. Die M\u00fche wird belohnt, denn von seiner Spitze aus k\u00f6nnen Sie <em> <strong>Vesuv, Sorrento <\/strong> <\/em> und <em> <strong>Amalfi <\/strong> <\/em> sehen.<\/p>\n<p>Stellen Sie beim Wandern auf dieser Wanderung sicher, dass Ihre Wasserflaschen voll sind. Wenn Sie Snacks oder Energienahrungsmittel mitgebracht haben, lassen Sie die Verpackungen nicht unterwegs!<\/p>\n<div style=\"margin: 20px 0;\"><div class=\"qrcswholewtapper\" style=\"text-align:left;\"><div class=\"qrcprowrapper\"  id=\"qrcwraa2leds\"><div class=\"qrc_canvass\" id=\"qrc_cuttenpages_2\" style=\"display:inline-block\" data-text=\"https:\/\/www.altaviadeimontilattari.it\/de\/die-amalfikueste\/\"><\/div><div><a download=\"Die Amalfik\u00fcste.png\" class=\"qrcdownloads\" id=\"worign\">\r\n           <button type=\"button\" style=\"min-width:200px;background:#81ea00;color:#000;font-weight: 600;border: 1px solid #dddddd;border-radius:4px;font-size:12px;padding: 6px 0;\" class=\"uqr_code_btn\">Download QR<\/button>\r\n           <\/a><\/div><\/div><\/div><\/div>","protected":false},"excerpt":{"rendered":"<p>Die Amalfik\u00fcste repr\u00e4sentiert die herrliche Landschaft s\u00fcdlich des chaotischen und faszinierenden Neapels. Daf\u00fcr sind die Inseln Capri, Ischia und Procida Anziehungspunkte f\u00fcr Millionen von Besuchern, die nicht nur aus Italien kommen. Die St\u00e4dte, die die K\u00fcsten Kampaniens beleben, sind in die Berge eingebettet, unber\u00fchrt und bewahren einen immergr\u00fcnen Charme, der Touristengruppen anzieht. Wir raten Ihnen,&hellip;&nbsp;<a href=\"https:\/\/www.altaviadeimontilattari.it\/de\/die-amalfikueste\/\" rel=\"bookmark\">Mehr lesen &raquo;<span class=\"screen-reader-text\">Die Amalfik\u00fcste<\/span><\/a><\/p>\n","protected":false},"author":2,"featured_media":0,"parent":0,"menu_order":0,"comment_status":"closed","ping_status":"closed","template":"","meta":{"neve_meta_sidebar":"","neve_meta_container":"","neve_meta_enable_content_width":"off","neve_meta_content_width":0,"neve_meta_title_alignment":"","neve_meta_author_avatar":"","neve_post_elements_order":"","neve_meta_disable_header":"","neve_meta_disable_footer":"","neve_meta_disable_title":"","neve_meta_reading_time":"","_themeisle_gutenberg_block_has_review":false,"jetpack_post_was_ever_published":false,"footnotes":""},"class_list":["post-6124","page","type-page","status-publish","hentry"],"yoast_head":"<!-- This site is optimized with the Yoast SEO plugin v27.2 - https:\/\/yoast.com\/product\/yoast-seo-wordpress\/ -->\n<title>Die Amalfik\u00fcste - Alta Via dei Monti Lattari<\/title>\n<meta name=\"robots\" content=\"index, follow, max-snippet:-1, max-image-preview:large, max-video-preview:-1\" \/>\n<link rel=\"canonical\" href=\"https:\/\/www.altaviadeimontilattari.it\/1-2-la-costiera-amalfitana\/\" \/>\n<meta property=\"og:locale\" content=\"de_DE\" \/>\n<meta property=\"og:type\" content=\"article\" \/>\n<meta property=\"og:title\" content=\"Die Amalfik\u00fcste - Alta Via dei Monti Lattari\" \/>\n<meta property=\"og:description\" content=\"Die Amalfik\u00fcste repr\u00e4sentiert die herrliche Landschaft s\u00fcdlich des chaotischen und faszinierenden Neapels. Daf\u00fcr sind die Inseln Capri, Ischia und Procida Anziehungspunkte f\u00fcr Millionen von Besuchern, die nicht nur aus Italien kommen. Die St\u00e4dte, die die K\u00fcsten Kampaniens beleben, sind in die Berge eingebettet, unber\u00fchrt und bewahren einen immergr\u00fcnen Charme, der Touristengruppen anzieht. Wir raten Ihnen,&hellip;&nbsp;Mehr lesen &raquo;Die Amalfik\u00fcste\" \/>\n<meta property=\"og:url\" content=\"https:\/\/www.altaviadeimontilattari.it\/1-2-la-costiera-amalfitana\/\" \/>\n<meta property=\"og:site_name\" content=\"Alta Via dei Monti Lattari\" \/>\n<meta name=\"twitter:card\" content=\"summary_large_image\" \/>\n<meta name=\"twitter:label1\" content=\"Gesch\u00e4tzte Lesezeit\" \/>\n\t<meta name=\"twitter:data1\" content=\"3\u00a0Minuten\" \/>\n<script type=\"application\/ld+json\" class=\"yoast-schema-graph\">{\"@context\":\"https:\/\/schema.org\",\"@graph\":[{\"@type\":\"WebPage\",\"@id\":\"https:\/\/www.altaviadeimontilattari.it\/1-2-la-costiera-amalfitana\/\",\"url\":\"https:\/\/www.altaviadeimontilattari.it\/1-2-la-costiera-amalfitana\/\",\"name\":\"Die Amalfik\u00fcste - Alta Via dei Monti Lattari\",\"isPartOf\":{\"@id\":\"https:\/\/www.altaviadeimontilattari.it\/#website\"},\"datePublished\":\"2020-11-19T14:54:06+00:00\",\"breadcrumb\":{\"@id\":\"https:\/\/www.altaviadeimontilattari.it\/1-2-la-costiera-amalfitana\/#breadcrumb\"},\"inLanguage\":\"de\",\"potentialAction\":[{\"@type\":\"ReadAction\",\"target\":[\"https:\/\/www.altaviadeimontilattari.it\/1-2-la-costiera-amalfitana\/\"]}]},{\"@type\":\"BreadcrumbList\",\"@id\":\"https:\/\/www.altaviadeimontilattari.it\/1-2-la-costiera-amalfitana\/#breadcrumb\",\"itemListElement\":[{\"@type\":\"ListItem\",\"position\":1,\"name\":\"Home\",\"item\":\"https:\/\/www.altaviadeimontilattari.it\/es\/\"},{\"@type\":\"ListItem\",\"position\":2,\"name\":\"Die Amalfik\u00fcste\"}]},{\"@type\":\"WebSite\",\"@id\":\"https:\/\/www.altaviadeimontilattari.it\/#website\",\"url\":\"https:\/\/www.altaviadeimontilattari.it\/\",\"name\":\"Alta Via dei Monti Lattari\",\"description\":\"La montagna \u00e8 un modo di vivere la vita.\",\"publisher\":{\"@id\":\"https:\/\/www.altaviadeimontilattari.it\/#organization\"},\"potentialAction\":[{\"@type\":\"SearchAction\",\"target\":{\"@type\":\"EntryPoint\",\"urlTemplate\":\"https:\/\/www.altaviadeimontilattari.it\/?s={search_term_string}\"},\"query-input\":{\"@type\":\"PropertyValueSpecification\",\"valueRequired\":true,\"valueName\":\"search_term_string\"}}],\"inLanguage\":\"de\"},{\"@type\":\"Organization\",\"@id\":\"https:\/\/www.altaviadeimontilattari.it\/#organization\",\"name\":\"Alta Via dei Monti Lattari\",\"url\":\"https:\/\/www.altaviadeimontilattari.it\/\",\"logo\":{\"@type\":\"ImageObject\",\"inLanguage\":\"de\",\"@id\":\"https:\/\/www.altaviadeimontilattari.it\/#\/schema\/logo\/image\/\",\"url\":\"https:\/\/i0.wp.com\/www.altaviadeimontilattari.it\/wp-content\/uploads\/2020\/12\/alta_via_monyi_lattari_logo.png?fit=325%2C100&ssl=1\",\"contentUrl\":\"https:\/\/i0.wp.com\/www.altaviadeimontilattari.it\/wp-content\/uploads\/2020\/12\/alta_via_monyi_lattari_logo.png?fit=325%2C100&ssl=1\",\"width\":325,\"height\":100,\"caption\":\"Alta Via dei Monti Lattari\"},\"image\":{\"@id\":\"https:\/\/www.altaviadeimontilattari.it\/#\/schema\/logo\/image\/\"}}]}<\/script>\n<!-- \/ Yoast SEO plugin. -->","yoast_head_json":{"title":"Die Amalfik\u00fcste - Alta Via dei Monti Lattari","robots":{"index":"index","follow":"follow","max-snippet":"max-snippet:-1","max-image-preview":"max-image-preview:large","max-video-preview":"max-video-preview:-1"},"canonical":"https:\/\/www.altaviadeimontilattari.it\/1-2-la-costiera-amalfitana\/","og_locale":"de_DE","og_type":"article","og_title":"Die Amalfik\u00fcste - Alta Via dei Monti Lattari","og_description":"Die Amalfik\u00fcste repr\u00e4sentiert die herrliche Landschaft s\u00fcdlich des chaotischen und faszinierenden Neapels. Daf\u00fcr sind die Inseln Capri, Ischia und Procida Anziehungspunkte f\u00fcr Millionen von Besuchern, die nicht nur aus Italien kommen. Die St\u00e4dte, die die K\u00fcsten Kampaniens beleben, sind in die Berge eingebettet, unber\u00fchrt und bewahren einen immergr\u00fcnen Charme, der Touristengruppen anzieht. Wir raten Ihnen,&hellip;&nbsp;Mehr lesen &raquo;Die Amalfik\u00fcste","og_url":"https:\/\/www.altaviadeimontilattari.it\/1-2-la-costiera-amalfitana\/","og_site_name":"Alta Via dei Monti Lattari","twitter_card":"summary_large_image","twitter_misc":{"Gesch\u00e4tzte Lesezeit":"3\u00a0Minuten"},"schema":{"@context":"https:\/\/schema.org","@graph":[{"@type":"WebPage","@id":"https:\/\/www.altaviadeimontilattari.it\/1-2-la-costiera-amalfitana\/","url":"https:\/\/www.altaviadeimontilattari.it\/1-2-la-costiera-amalfitana\/","name":"Die Amalfik\u00fcste - Alta Via dei Monti Lattari","isPartOf":{"@id":"https:\/\/www.altaviadeimontilattari.it\/#website"},"datePublished":"2020-11-19T14:54:06+00:00","breadcrumb":{"@id":"https:\/\/www.altaviadeimontilattari.it\/1-2-la-costiera-amalfitana\/#breadcrumb"},"inLanguage":"de","potentialAction":[{"@type":"ReadAction","target":["https:\/\/www.altaviadeimontilattari.it\/1-2-la-costiera-amalfitana\/"]}]},{"@type":"BreadcrumbList","@id":"https:\/\/www.altaviadeimontilattari.it\/1-2-la-costiera-amalfitana\/#breadcrumb","itemListElement":[{"@type":"ListItem","position":1,"name":"Home","item":"https:\/\/www.altaviadeimontilattari.it\/es\/"},{"@type":"ListItem","position":2,"name":"Die Amalfik\u00fcste"}]},{"@type":"WebSite","@id":"https:\/\/www.altaviadeimontilattari.it\/#website","url":"https:\/\/www.altaviadeimontilattari.it\/","name":"Alta Via dei Monti Lattari","description":"La montagna \u00e8 un modo di vivere la vita.","publisher":{"@id":"https:\/\/www.altaviadeimontilattari.it\/#organization"},"potentialAction":[{"@type":"SearchAction","target":{"@type":"EntryPoint","urlTemplate":"https:\/\/www.altaviadeimontilattari.it\/?s={search_term_string}"},"query-input":{"@type":"PropertyValueSpecification","valueRequired":true,"valueName":"search_term_string"}}],"inLanguage":"de"},{"@type":"Organization","@id":"https:\/\/www.altaviadeimontilattari.it\/#organization","name":"Alta Via dei Monti Lattari","url":"https:\/\/www.altaviadeimontilattari.it\/","logo":{"@type":"ImageObject","inLanguage":"de","@id":"https:\/\/www.altaviadeimontilattari.it\/#\/schema\/logo\/image\/","url":"https:\/\/i0.wp.com\/www.altaviadeimontilattari.it\/wp-content\/uploads\/2020\/12\/alta_via_monyi_lattari_logo.png?fit=325%2C100&ssl=1","contentUrl":"https:\/\/i0.wp.com\/www.altaviadeimontilattari.it\/wp-content\/uploads\/2020\/12\/alta_via_monyi_lattari_logo.png?fit=325%2C100&ssl=1","width":325,"height":100,"caption":"Alta Via dei Monti Lattari"},"image":{"@id":"https:\/\/www.altaviadeimontilattari.it\/#\/schema\/logo\/image\/"}}]}},"jetpack-related-posts":[{"id":6120,"url":"https:\/\/www.altaviadeimontilattari.it\/de\/die-halbinsel-von-sorrent\/","url_meta":{"origin":6124,"position":0},"title":"Die Halbinsel von Sorrent","author":"","date":"19. November 2020","format":false,"excerpt":"Die Halbinsel von Sorrento pr\u00e4sentiert eine weltweit einzigartige Landschaft, in der sich niedrige und hohe H\u00fcgel, tiefe T\u00e4ler und majest\u00e4tische Berge abwechseln. Unter den Sch\u00f6nheiten der Natur gibt es das Eingreifen des Menschen mit Orangen- und Zitronenb\u00e4umen, Olivenhainen und Weinbergen. Das sind die bezaubernden G\u00e4rten, die im Fr\u00fchling einen Duft\u2026","rel":"","context":"\u00c4hnlicher Beitrag","block_context":{"text":"\u00c4hnlicher Beitrag","link":""},"img":{"alt_text":"","src":"","width":0,"height":0},"classes":[]},{"id":5990,"url":"https:\/\/www.altaviadeimontilattari.it\/de\/die-amalfikueste-und-die-sorrentinische-halbinsel-inmitten-von-poesie-kunst-und-aphorismen\/","url_meta":{"origin":6124,"position":1},"title":"Die Amalfik\u00fcste und die Sorrentinische Halbinsel inmitten von Poesie, Kunst und Aphorismen","author":"Luca Casaburi","date":"28. Mai 2022","format":false,"excerpt":"Die Amalfik\u00fcste war schon immer ein Land der Seefahrer und Erfinder, aber auch eine Inspiration f\u00fcr Dichter, Schriftsteller und gro\u00dfe Komponisten. Ich schlage eine Reise durch diese L\u00e4nder vor, wahre Gem\u00e4lde, umrahmt von einem indigoblauen Himmel und einem smaragdfarbenen Meer, gesehen durch die Augen ber\u00fchmter Besucher. Die K\u00fcste wurde von\u2026","rel":"","context":"\u00c4hnlicher Beitrag","block_context":{"text":"\u00c4hnlicher Beitrag","link":""},"img":{"alt_text":"","src":"","width":0,"height":0},"classes":[]},{"id":6029,"url":"https:\/\/www.altaviadeimontilattari.it\/de\/bericht-unterkunft\/","url_meta":{"origin":6124,"position":2},"title":"Bericht Unterkunft","author":"Luca Casaburi","date":"12. Januar 2022","format":false,"excerpt":"N\u00fctzliche Seiten tourismus.ricercattiva.itwww.mdtsoftware.it E-Mail luca.casaburi@ricercattiva.it luca.casaburi@ricercattiva.itluca.casaburi@mdtsoftware.it Instagram @tourismus.ricercattiva@lugask Sie sind ein Unterkunftsanbieter und m\u00f6chten sich bekannt machen? altaviadeimontilattari.it wurde ins Leben gerufen, um die Monti Lattari, die Amalfik\u00fcste und die Sorrentinische Halbinsel bekannt zu machen, Regionen Italiens, die noch wenig f\u00fcr ihre Natur und Sch\u00f6nheit bekannt sind. Die beste Art\u2026","rel":"","context":"\u00c4hnlicher Beitrag","block_context":{"text":"\u00c4hnlicher Beitrag","link":""},"img":{"alt_text":"","src":"","width":0,"height":0},"classes":[]},{"id":5928,"url":"https:\/\/www.altaviadeimontilattari.it\/de\/alta-via-dei-monti-lattari\/","url_meta":{"origin":6124,"position":3},"title":"Alta Via dei Monti Lattari","author":"","date":"19. November 2020","format":false,"excerpt":"Mit dem Kopf in den Wolken und auf dem Meer Die f\u00fcr ihr tiefblaues Meer, ihre Klippen und ihre alten St\u00e4dte weltber\u00fchmte Amalfik\u00fcste verbirgt direkt \u00fcber der K\u00fcste die nat\u00fcrliche Sch\u00f6nheit der Monti Lattari. Durchzogen von Hunderten von ausgetretenen Maultierpfaden, ist der Lattari-Gebirge bilden das R\u00fcckgrat der Halbinsel sorrentina-amalfitana. Aufgrund\u2026","rel":"","context":"\u00c4hnlicher Beitrag","block_context":{"text":"\u00c4hnlicher Beitrag","link":""},"img":{"alt_text":"","src":"https:\/\/i0.wp.com\/www.altaviadeimontilattari.it\/wp-content\/uploads\/2020\/12\/tour_alta_via_monti_lattari.jpg?resize=350%2C200&ssl=1","width":350,"height":200,"srcset":"https:\/\/i0.wp.com\/www.altaviadeimontilattari.it\/wp-content\/uploads\/2020\/12\/tour_alta_via_monti_lattari.jpg?resize=350%2C200&ssl=1 1x, https:\/\/i0.wp.com\/www.altaviadeimontilattari.it\/wp-content\/uploads\/2020\/12\/tour_alta_via_monti_lattari.jpg?resize=525%2C300&ssl=1 1.5x, https:\/\/i0.wp.com\/www.altaviadeimontilattari.it\/wp-content\/uploads\/2020\/12\/tour_alta_via_monti_lattari.jpg?resize=700%2C400&ssl=1 2x"},"classes":[]},{"id":6720,"url":"https:\/\/www.altaviadeimontilattari.it\/de\/","url_meta":{"origin":6124,"position":4},"title":"Heim","author":"Turismo.Ricercattiva","date":"8. Juli 2022","format":false,"excerpt":"Alta Via Dei Monti Lattari In den weiten R\u00e4umen des Berges, in seiner hohen Stille, kann der ungest\u00f6rte Mensch das Gef\u00fchl seiner Kleinheit und die unendliche Dimension seiner Seele erfassen. MEHR ENTDECKEN Weg Kontakt mit der Natur Wilde und l\u00e4ndliche Landschaften, tiefblaues Meer, versteckte Klippen und Buchten, Parks, gesch\u00fctzte Flora\u2026","rel":"","context":"\u00c4hnlicher Beitrag","block_context":{"text":"\u00c4hnlicher Beitrag","link":""},"img":{"alt_text":"Alta Via dei Monti Lattari Sentiero Italia 300 CAI","src":"https:\/\/i0.wp.com\/www.altaviadeimontilattari.it\/wp-content\/uploads\/2020\/12\/alta_via_monti_lattari_sentiero_italia_300_cai.jpg?resize=350%2C200&ssl=1","width":350,"height":200,"srcset":"https:\/\/i0.wp.com\/www.altaviadeimontilattari.it\/wp-content\/uploads\/2020\/12\/alta_via_monti_lattari_sentiero_italia_300_cai.jpg?resize=350%2C200&ssl=1 1x, https:\/\/i0.wp.com\/www.altaviadeimontilattari.it\/wp-content\/uploads\/2020\/12\/alta_via_monti_lattari_sentiero_italia_300_cai.jpg?resize=525%2C300&ssl=1 1.5x"},"classes":[]},{"id":5925,"url":"https:\/\/www.altaviadeimontilattari.it\/de\/5-wo-man-schlaeft-schutzhuetten\/","url_meta":{"origin":6124,"position":5},"title":"5. Wo man schl\u00e4ft: Schutzh\u00fctten","author":"","date":"20. November 2020","format":false,"excerpt":"Es gibt \u00dcbernachtungsm\u00f6glichkeiten in Amalfik\u00fcste f\u00fcr alle Geschm\u00e4cker und fast alle Budgets. Amalfi e Positano sind die wichtigsten touristischen Zentren der Amalfik\u00fcste und daher sind die Preise f\u00fcr Unterk\u00fcnfte relativ teuer. Wer hier in der Hauptreisezeit zwischen Mai und September ein sch\u00f6nes Zimmer zu einem vern\u00fcnftigen Preis ergattern will, sollte\u2026","rel":"","context":"\u00c4hnlicher Beitrag","block_context":{"text":"\u00c4hnlicher Beitrag","link":""},"img":{"alt_text":"","src":"","width":0,"height":0},"classes":[]}],"jetpack_shortlink":"https:\/\/wp.me\/PcGNaV-1AM","jetpack_sharing_enabled":true,"_links":{"self":[{"href":"https:\/\/www.altaviadeimontilattari.it\/de\/wp-json\/wp\/v2\/pages\/6124","targetHints":{"allow":["GET"]}}],"collection":[{"href":"https:\/\/www.altaviadeimontilattari.it\/de\/wp-json\/wp\/v2\/pages"}],"about":[{"href":"https:\/\/www.altaviadeimontilattari.it\/de\/wp-json\/wp\/v2\/types\/page"}],"author":[{"embeddable":true,"href":"https:\/\/www.altaviadeimontilattari.it\/de\/wp-json\/wp\/v2\/users\/2"}],"replies":[{"embeddable":true,"href":"https:\/\/www.altaviadeimontilattari.it\/de\/wp-json\/wp\/v2\/comments?post=6124"}],"version-history":[{"count":0,"href":"https:\/\/www.altaviadeimontilattari.it\/de\/wp-json\/wp\/v2\/pages\/6124\/revisions"}],"wp:attachment":[{"href":"https:\/\/www.altaviadeimontilattari.it\/de\/wp-json\/wp\/v2\/media?parent=6124"}],"curies":[{"name":"wp","href":"https:\/\/api.w.org\/{rel}","templated":true}]}}