{"id":5930,"date":"2020-11-19T14:52:23","date_gmt":"2020-11-19T14:52:23","guid":{"rendered":"https:\/\/www.altaviadeimontilattari.it\/alta-via-dei-monti-lattari\/"},"modified":"2022-06-30T02:29:24","modified_gmt":"2022-06-30T02:29:24","slug":"alta-via-dei-monti-lattari","status":"publish","type":"page","link":"https:\/\/www.altaviadeimontilattari.it\/es\/alta-via-dei-monti-lattari\/","title":{"rendered":"Alta Via dei Monti Lattari"},"content":{"rendered":"\n<div class=\"wp-block-cover has-background-dim\" style=\"background-image:url(https:\/\/altaviadeimontilattari.it\/wp-content\/uploads\/2017\/01\/punta_campanella_capri.jpg)\"><div class=\"wp-block-cover__inner-container is-layout-flow wp-block-cover-is-layout-flow\">\n<p class=\"has-text-align-center has-large-font-size\">Con la cabeza en las nubes y el mar<\/p>\n<\/div><\/div>\n<p>Famosa en todo el mundo por su mar azul profundo, sus acantilados y sus ciudades antiguas, la <em><br \/>\n  <strong>Costa de Amalfi <\/strong><br \/>\n<\/em>esconde justo encima de su costa, la belleza natural de los Montes Lattari. Atravesado por cientos de caminos de herradura bien pisados, el<em><strong> Monta\u00f1as Lattari<\/strong> <\/em>forman la columna vertebral de la pen\u00ednsula <em><br \/>\n  <strong>sorrentina-amalfitana.<\/strong><br \/>\n<\/em><\/p>\n<p>Debido a su ubicaci\u00f3n estrat\u00e9gica, Scala es la principal puerta de entrada a estas monta\u00f1as. Un lugar preferido por los exploradores y excursionistas para probar el senderismo.<\/p>\n<p><em><strong>La Alta Via dei Monti Lattari<\/strong> <\/em>es un sendero de larga distancia que va desde la Cava dei Tirreni en el <em><br \/>\n  <strong>Costa de Amalfi<\/strong><br \/>\n<\/em>hasta la punta de la pen\u00ednsula <em><br \/>\n  <strong>Sorrentina<\/strong><br \/>\n<\/em>.<\/p>\n<p>El camino se eleva por encima de las brillantes aguas azules y de las pr\u00edstinas playas de arena, a un tiro de piedra del cielo. Serpentea entre antiguos vi\u00f1edos, acantilados y tierras de cultivo.<\/p>\n<p>Siguiendo el camino, el <em><br \/>\n  <strong>Costa de Amalfi<\/strong><br \/>\n<\/em> comienza a desvanecerse en el fondo. Ser\u00e1 sustituido por vistas de olivares, peque\u00f1as iglesias, antiguas ruinas y casas de antiguos colonos. La ruta termina en las tierras de la pen\u00ednsula <em><br \/>\n  <strong>Sorrentina<\/strong><br \/>\n<\/em>.<\/p>\n<p>Durante<em><br \/>\n  <strong> la Alta Via dei Monti Lattari<\/strong><br \/>\n<\/em> disfrutar\u00e1 de un paisaje rural, casi alpino, que le proporcionar\u00e1 una sensaci\u00f3n de aislamiento del ajetreo de la ciudad y la posibilidad de sumergirse en un paisaje tranquilo y lleno de matices.<\/p>\n<p>La ruta de senderismo ofrece unos 90 km de vistas y paisajes que probablemente no olvidar\u00e1 en su vida. El clima mediterr\u00e1neo es suave y la temperatura templada le har\u00e1 disfrutar de cada paso que d\u00e9.<\/p>\n<p>La mejor manera de viajar<em><br \/>\n  <strong> la Alta Via dei Monti Lattari<\/strong><br \/>\n<\/em>?<\/p>\n<p>Con nosotros descubrir\u00e1 todo lo m\u00e1s destacado de esta incre\u00edble ruta en un \u00abtour\u00bb que le llevar\u00e1 a todas las mejores atracciones que<em><strong> la Alta Via dei<\/strong> <strong>Monta\u00f1as Lattari<\/strong><\/em> tiene que ofrecerte.&nbsp;<\/p>\n\n<div class=\"wp-block-columns is-layout-flex wp-container-core-columns-is-layout-9d6595d7 wp-block-columns-is-layout-flex\">\n<div class=\"wp-block-column is-layout-flow wp-block-column-is-layout-flow\">\n<figure class=\"wp-block-image size-large\"><img data-recalc-dims=\"1\" fetchpriority=\"high\" decoding=\"async\" width=\"1024\" height=\"768\" src=\"https:\/\/i0.wp.com\/altaviadeimontilattari.it\/wp-content\/uploads\/2020\/12\/tour_alta_via_monti_lattari.jpg?resize=1024%2C768&#038;ssl=1\" alt=\"\" class=\"wp-image-3304\" srcset=\"https:\/\/i0.wp.com\/www.altaviadeimontilattari.it\/wp-content\/uploads\/2020\/12\/tour_alta_via_monti_lattari.jpg?w=1024&amp;ssl=1 1024w, https:\/\/i0.wp.com\/www.altaviadeimontilattari.it\/wp-content\/uploads\/2020\/12\/tour_alta_via_monti_lattari.jpg?resize=300%2C225&amp;ssl=1 300w, https:\/\/i0.wp.com\/www.altaviadeimontilattari.it\/wp-content\/uploads\/2020\/12\/tour_alta_via_monti_lattari.jpg?resize=768%2C576&amp;ssl=1 768w\" sizes=\"(max-width: 1024px) 100vw, 1024px\" \/><\/figure><\/div>\n\n\n\n<div class=\"wp-block-column is-vertically-aligned-center is-layout-flow wp-block-column-is-layout-flow\">\n<h2 class=\"wp-block-heading\">TOUR DE TRAYECTORIA<\/h2>\n\n\n\n<div class=\"wp-block-buttons is-layout-flex wp-block-buttons-is-layout-flex\">\n<div class=\"wp-block-button is-style-primary\"><a class=\"wp-block-button__link\" href=\"https:\/\/altaviadeimontilattari.it\/tour-dellalta-via-dei-monti-lattari\/\">Comienza el viaje<\/a><\/div>\n<\/div>\n<\/div>\n<\/div>\n\n<div class=\"wp-block-columns is-layout-flex wp-container-core-columns-is-layout-9d6595d7 wp-block-columns-is-layout-flex\">\n<div class=\"wp-block-column is-layout-flow wp-block-column-is-layout-flow\">\n<figure class=\"wp-block-image size-large\"><img data-recalc-dims=\"1\" decoding=\"async\" width=\"1024\" height=\"768\" src=\"https:\/\/i0.wp.com\/altaviadeimontilattari.it\/wp-content\/uploads\/2020\/12\/costiera_amalfitana_amalfi.jpg?resize=1024%2C768&#038;ssl=1\" alt=\"\" class=\"wp-image-3296\" srcset=\"https:\/\/i0.wp.com\/www.altaviadeimontilattari.it\/wp-content\/uploads\/2020\/12\/costiera_amalfitana_amalfi.jpg?w=1024&amp;ssl=1 1024w, https:\/\/i0.wp.com\/www.altaviadeimontilattari.it\/wp-content\/uploads\/2020\/12\/costiera_amalfitana_amalfi.jpg?resize=300%2C225&amp;ssl=1 300w, https:\/\/i0.wp.com\/www.altaviadeimontilattari.it\/wp-content\/uploads\/2020\/12\/costiera_amalfitana_amalfi.jpg?resize=768%2C576&amp;ssl=1 768w\" sizes=\"(max-width: 1024px) 100vw, 1024px\" \/><\/figure><\/div>\n\n\n\n<div class=\"wp-block-column is-vertically-aligned-center is-layout-flow wp-block-column-is-layout-flow\">\n<h2 class=\"wp-block-heading\">LA COSTA DE AMALFI<\/h2>\n\n\n\n<div class=\"wp-block-buttons is-layout-flex wp-block-buttons-is-layout-flex\">\n<div class=\"wp-block-button is-style-primary\"><a class=\"wp-block-button__link\" href=\"https:\/\/altaviadeimontilattari.it\/1-2-la-costiera-amalfitana\/\">DESCUBRA M\u00c1S<\/a><\/div>\n<\/div>\n<\/div>\n<\/div>\n\n<div class=\"wp-block-columns is-layout-flex wp-container-core-columns-is-layout-9d6595d7 wp-block-columns-is-layout-flex\">\n<div class=\"wp-block-column is-layout-flow wp-block-column-is-layout-flow\">\n<figure class=\"wp-block-image size-large\"><img data-recalc-dims=\"1\" decoding=\"async\" width=\"1024\" height=\"768\" src=\"https:\/\/i0.wp.com\/altaviadeimontilattari.it\/wp-content\/uploads\/2020\/12\/penisola_sorrentina_punta_campanella.jpg?resize=1024%2C768&#038;ssl=1\" alt=\"\" class=\"wp-image-3301\" srcset=\"https:\/\/i0.wp.com\/www.altaviadeimontilattari.it\/wp-content\/uploads\/2020\/12\/penisola_sorrentina_punta_campanella.jpg?w=1024&amp;ssl=1 1024w, https:\/\/i0.wp.com\/www.altaviadeimontilattari.it\/wp-content\/uploads\/2020\/12\/penisola_sorrentina_punta_campanella.jpg?resize=300%2C225&amp;ssl=1 300w, https:\/\/i0.wp.com\/www.altaviadeimontilattari.it\/wp-content\/uploads\/2020\/12\/penisola_sorrentina_punta_campanella.jpg?resize=768%2C576&amp;ssl=1 768w\" sizes=\"(max-width: 1024px) 100vw, 1024px\" \/><\/figure><\/div>\n\n\n\n<div class=\"wp-block-column is-vertically-aligned-center is-layout-flow wp-block-column-is-layout-flow\">\n<h2 class=\"wp-block-heading\">LA PEN\u00cdNSULA SORRENTINA<\/h2>\n\n\n\n<div class=\"wp-block-buttons is-layout-flex wp-block-buttons-is-layout-flex\">\n<div class=\"wp-block-button is-style-primary\"><a class=\"wp-block-button__link\" href=\"https:\/\/altaviadeimontilattari.it\/la-penisola-sorrentina\/\">DESCUBRA M\u00c1S<\/a><\/div>\n<\/div>\n<\/div>\n<\/div>\n<div style=\"margin: 20px 0;\"><div class=\"qrcswholewtapper\" style=\"text-align:left;\"><div class=\"qrcprowrapper\"  id=\"qrcwraa2leds\"><div class=\"qrc_canvass\" id=\"qrc_cuttenpages_2\" style=\"display:inline-block\" data-text=\"https:\/\/www.altaviadeimontilattari.it\/es\/alta-via-dei-monti-lattari\/\"><\/div><div><a download=\"Alta Via dei Monti Lattari.png\" class=\"qrcdownloads\" id=\"worign\">\r\n           <button type=\"button\" style=\"min-width:200px;background:#81ea00;color:#000;font-weight: 600;border: 1px solid #dddddd;border-radius:4px;font-size:12px;padding: 6px 0;\" class=\"uqr_code_btn\">Download QR<\/button>\r\n           <\/a><\/div><\/div><\/div><\/div>","protected":false},"excerpt":{"rendered":"<p>Famosa en todo el mundo por su mar azul profundo, sus acantilados y sus ciudades antiguas, la Costa de Amalfi esconde justo encima de su costa, la belleza natural de los Montes Lattari. Atravesado por cientos de caminos de herradura bien pisados, el Monta\u00f1as Lattari forman la columna vertebral de la pen\u00ednsula sorrentina-amalfitana. Debido a&hellip;&nbsp;<a href=\"https:\/\/www.altaviadeimontilattari.it\/es\/alta-via-dei-monti-lattari\/\" rel=\"bookmark\">Read More &raquo;<span class=\"screen-reader-text\">Alta Via dei Monti Lattari<\/span><\/a><\/p>\n","protected":false},"author":2,"featured_media":0,"parent":0,"menu_order":0,"comment_status":"closed","ping_status":"closed","template":"","meta":{"neve_meta_sidebar":"","neve_meta_container":"","neve_meta_enable_content_width":"off","neve_meta_content_width":0,"neve_meta_title_alignment":"","neve_meta_author_avatar":"","neve_post_elements_order":"","neve_meta_disable_header":"","neve_meta_disable_footer":"","neve_meta_disable_title":"","neve_meta_reading_time":"","_themeisle_gutenberg_block_has_review":false,"jetpack_post_was_ever_published":false,"footnotes":""},"class_list":["post-5930","page","type-page","status-publish","hentry"],"yoast_head":"<!-- This site is optimized with the Yoast SEO plugin v27.2 - https:\/\/yoast.com\/product\/yoast-seo-wordpress\/ -->\n<title>Alta Via dei Monti Lattari - Alta Via dei Monti Lattari<\/title>\n<meta name=\"robots\" content=\"index, follow, max-snippet:-1, max-image-preview:large, max-video-preview:-1\" \/>\n<link rel=\"canonical\" href=\"https:\/\/www.altaviadeimontilattari.it\/es\/alta-via-dei-monti-lattari\/\" \/>\n<meta property=\"og:locale\" content=\"es_ES\" \/>\n<meta property=\"og:type\" content=\"article\" \/>\n<meta property=\"og:title\" content=\"Alta Via dei Monti Lattari - Alta Via dei Monti Lattari\" \/>\n<meta property=\"og:description\" content=\"Famosa en todo el mundo por su mar azul profundo, sus acantilados y sus ciudades antiguas, la Costa de Amalfi esconde justo encima de su costa, la belleza natural de los Montes Lattari. Atravesado por cientos de caminos de herradura bien pisados, el Monta\u00f1as Lattari forman la columna vertebral de la pen\u00ednsula sorrentina-amalfitana. Debido a&hellip;&nbsp;Read More &raquo;Alta Via dei Monti Lattari\" \/>\n<meta property=\"og:url\" content=\"https:\/\/www.altaviadeimontilattari.it\/es\/alta-via-dei-monti-lattari\/\" \/>\n<meta property=\"og:site_name\" content=\"Alta Via dei Monti Lattari\" \/>\n<meta property=\"article:modified_time\" content=\"2022-06-30T02:29:24+00:00\" \/>\n<meta property=\"og:image\" content=\"https:\/\/altaviadeimontilattari.it\/wp-content\/uploads\/2020\/12\/tour_alta_via_monti_lattari.jpg\" \/>\n<meta name=\"twitter:card\" content=\"summary_large_image\" \/>\n<meta name=\"twitter:label1\" content=\"Tiempo de lectura\" \/>\n\t<meta name=\"twitter:data1\" content=\"2 minutos\" \/>\n<script type=\"application\/ld+json\" class=\"yoast-schema-graph\">{\"@context\":\"https:\/\/schema.org\",\"@graph\":[{\"@type\":\"WebPage\",\"@id\":\"https:\/\/www.altaviadeimontilattari.it\/es\/alta-via-dei-monti-lattari\/\",\"url\":\"https:\/\/www.altaviadeimontilattari.it\/es\/alta-via-dei-monti-lattari\/\",\"name\":\"Alta Via dei Monti Lattari - Alta Via dei Monti Lattari\",\"isPartOf\":{\"@id\":\"https:\/\/www.altaviadeimontilattari.it\/#website\"},\"primaryImageOfPage\":{\"@id\":\"https:\/\/www.altaviadeimontilattari.it\/es\/alta-via-dei-monti-lattari\/#primaryimage\"},\"image\":{\"@id\":\"https:\/\/www.altaviadeimontilattari.it\/es\/alta-via-dei-monti-lattari\/#primaryimage\"},\"thumbnailUrl\":\"https:\/\/altaviadeimontilattari.it\/wp-content\/uploads\/2020\/12\/tour_alta_via_monti_lattari.jpg\",\"datePublished\":\"2020-11-19T14:52:23+00:00\",\"dateModified\":\"2022-06-30T02:29:24+00:00\",\"breadcrumb\":{\"@id\":\"https:\/\/www.altaviadeimontilattari.it\/es\/alta-via-dei-monti-lattari\/#breadcrumb\"},\"inLanguage\":\"es\",\"potentialAction\":[{\"@type\":\"ReadAction\",\"target\":[\"https:\/\/www.altaviadeimontilattari.it\/es\/alta-via-dei-monti-lattari\/\"]}]},{\"@type\":\"ImageObject\",\"inLanguage\":\"es\",\"@id\":\"https:\/\/www.altaviadeimontilattari.it\/es\/alta-via-dei-monti-lattari\/#primaryimage\",\"url\":\"https:\/\/altaviadeimontilattari.it\/wp-content\/uploads\/2020\/12\/tour_alta_via_monti_lattari.jpg\",\"contentUrl\":\"https:\/\/altaviadeimontilattari.it\/wp-content\/uploads\/2020\/12\/tour_alta_via_monti_lattari.jpg\"},{\"@type\":\"BreadcrumbList\",\"@id\":\"https:\/\/www.altaviadeimontilattari.it\/es\/alta-via-dei-monti-lattari\/#breadcrumb\",\"itemListElement\":[{\"@type\":\"ListItem\",\"position\":1,\"name\":\"Home\",\"item\":\"https:\/\/www.altaviadeimontilattari.it\/es\/\"},{\"@type\":\"ListItem\",\"position\":2,\"name\":\"Alta Via dei Monti Lattari\"}]},{\"@type\":\"WebSite\",\"@id\":\"https:\/\/www.altaviadeimontilattari.it\/#website\",\"url\":\"https:\/\/www.altaviadeimontilattari.it\/\",\"name\":\"Alta Via dei Monti Lattari\",\"description\":\"La montagna \u00e8 un modo di vivere la vita.\",\"publisher\":{\"@id\":\"https:\/\/www.altaviadeimontilattari.it\/#organization\"},\"potentialAction\":[{\"@type\":\"SearchAction\",\"target\":{\"@type\":\"EntryPoint\",\"urlTemplate\":\"https:\/\/www.altaviadeimontilattari.it\/?s={search_term_string}\"},\"query-input\":{\"@type\":\"PropertyValueSpecification\",\"valueRequired\":true,\"valueName\":\"search_term_string\"}}],\"inLanguage\":\"es\"},{\"@type\":\"Organization\",\"@id\":\"https:\/\/www.altaviadeimontilattari.it\/#organization\",\"name\":\"Alta Via dei Monti Lattari\",\"url\":\"https:\/\/www.altaviadeimontilattari.it\/\",\"logo\":{\"@type\":\"ImageObject\",\"inLanguage\":\"es\",\"@id\":\"https:\/\/www.altaviadeimontilattari.it\/#\/schema\/logo\/image\/\",\"url\":\"https:\/\/i0.wp.com\/www.altaviadeimontilattari.it\/wp-content\/uploads\/2020\/12\/alta_via_monyi_lattari_logo.png?fit=325%2C100&ssl=1\",\"contentUrl\":\"https:\/\/i0.wp.com\/www.altaviadeimontilattari.it\/wp-content\/uploads\/2020\/12\/alta_via_monyi_lattari_logo.png?fit=325%2C100&ssl=1\",\"width\":325,\"height\":100,\"caption\":\"Alta Via dei Monti Lattari\"},\"image\":{\"@id\":\"https:\/\/www.altaviadeimontilattari.it\/#\/schema\/logo\/image\/\"}}]}<\/script>\n<!-- \/ Yoast SEO plugin. -->","yoast_head_json":{"title":"Alta Via dei Monti Lattari - Alta Via dei Monti Lattari","robots":{"index":"index","follow":"follow","max-snippet":"max-snippet:-1","max-image-preview":"max-image-preview:large","max-video-preview":"max-video-preview:-1"},"canonical":"https:\/\/www.altaviadeimontilattari.it\/es\/alta-via-dei-monti-lattari\/","og_locale":"es_ES","og_type":"article","og_title":"Alta Via dei Monti Lattari - Alta Via dei Monti Lattari","og_description":"Famosa en todo el mundo por su mar azul profundo, sus acantilados y sus ciudades antiguas, la Costa de Amalfi esconde justo encima de su costa, la belleza natural de los Montes Lattari. Atravesado por cientos de caminos de herradura bien pisados, el Monta\u00f1as Lattari forman la columna vertebral de la pen\u00ednsula sorrentina-amalfitana. Debido a&hellip;&nbsp;Read More &raquo;Alta Via dei Monti Lattari","og_url":"https:\/\/www.altaviadeimontilattari.it\/es\/alta-via-dei-monti-lattari\/","og_site_name":"Alta Via dei Monti Lattari","article_modified_time":"2022-06-30T02:29:24+00:00","og_image":[{"url":"https:\/\/altaviadeimontilattari.it\/wp-content\/uploads\/2020\/12\/tour_alta_via_monti_lattari.jpg","type":"","width":"","height":""}],"twitter_card":"summary_large_image","twitter_misc":{"Tiempo de lectura":"2 minutos"},"schema":{"@context":"https:\/\/schema.org","@graph":[{"@type":"WebPage","@id":"https:\/\/www.altaviadeimontilattari.it\/es\/alta-via-dei-monti-lattari\/","url":"https:\/\/www.altaviadeimontilattari.it\/es\/alta-via-dei-monti-lattari\/","name":"Alta Via dei Monti Lattari - Alta Via dei Monti Lattari","isPartOf":{"@id":"https:\/\/www.altaviadeimontilattari.it\/#website"},"primaryImageOfPage":{"@id":"https:\/\/www.altaviadeimontilattari.it\/es\/alta-via-dei-monti-lattari\/#primaryimage"},"image":{"@id":"https:\/\/www.altaviadeimontilattari.it\/es\/alta-via-dei-monti-lattari\/#primaryimage"},"thumbnailUrl":"https:\/\/altaviadeimontilattari.it\/wp-content\/uploads\/2020\/12\/tour_alta_via_monti_lattari.jpg","datePublished":"2020-11-19T14:52:23+00:00","dateModified":"2022-06-30T02:29:24+00:00","breadcrumb":{"@id":"https:\/\/www.altaviadeimontilattari.it\/es\/alta-via-dei-monti-lattari\/#breadcrumb"},"inLanguage":"es","potentialAction":[{"@type":"ReadAction","target":["https:\/\/www.altaviadeimontilattari.it\/es\/alta-via-dei-monti-lattari\/"]}]},{"@type":"ImageObject","inLanguage":"es","@id":"https:\/\/www.altaviadeimontilattari.it\/es\/alta-via-dei-monti-lattari\/#primaryimage","url":"https:\/\/altaviadeimontilattari.it\/wp-content\/uploads\/2020\/12\/tour_alta_via_monti_lattari.jpg","contentUrl":"https:\/\/altaviadeimontilattari.it\/wp-content\/uploads\/2020\/12\/tour_alta_via_monti_lattari.jpg"},{"@type":"BreadcrumbList","@id":"https:\/\/www.altaviadeimontilattari.it\/es\/alta-via-dei-monti-lattari\/#breadcrumb","itemListElement":[{"@type":"ListItem","position":1,"name":"Home","item":"https:\/\/www.altaviadeimontilattari.it\/es\/"},{"@type":"ListItem","position":2,"name":"Alta Via dei Monti Lattari"}]},{"@type":"WebSite","@id":"https:\/\/www.altaviadeimontilattari.it\/#website","url":"https:\/\/www.altaviadeimontilattari.it\/","name":"Alta Via dei Monti Lattari","description":"La montagna \u00e8 un modo di vivere la vita.","publisher":{"@id":"https:\/\/www.altaviadeimontilattari.it\/#organization"},"potentialAction":[{"@type":"SearchAction","target":{"@type":"EntryPoint","urlTemplate":"https:\/\/www.altaviadeimontilattari.it\/?s={search_term_string}"},"query-input":{"@type":"PropertyValueSpecification","valueRequired":true,"valueName":"search_term_string"}}],"inLanguage":"es"},{"@type":"Organization","@id":"https:\/\/www.altaviadeimontilattari.it\/#organization","name":"Alta Via dei Monti Lattari","url":"https:\/\/www.altaviadeimontilattari.it\/","logo":{"@type":"ImageObject","inLanguage":"es","@id":"https:\/\/www.altaviadeimontilattari.it\/#\/schema\/logo\/image\/","url":"https:\/\/i0.wp.com\/www.altaviadeimontilattari.it\/wp-content\/uploads\/2020\/12\/alta_via_monyi_lattari_logo.png?fit=325%2C100&ssl=1","contentUrl":"https:\/\/i0.wp.com\/www.altaviadeimontilattari.it\/wp-content\/uploads\/2020\/12\/alta_via_monyi_lattari_logo.png?fit=325%2C100&ssl=1","width":325,"height":100,"caption":"Alta Via dei Monti Lattari"},"image":{"@id":"https:\/\/www.altaviadeimontilattari.it\/#\/schema\/logo\/image\/"}}]}},"jetpack-related-posts":[{"id":6722,"url":"https:\/\/www.altaviadeimontilattari.it\/es\/","url_meta":{"origin":5930,"position":0},"title":"Hogar","author":"Turismo.Ricercattiva","date":"8 de julio de 2022","format":false,"excerpt":"Alta V\u00eda Dei Monti Lattari En los grandes espacios de la monta\u00f1a, en sus altos silencios, el hombre sin distracciones puede captar el sentido de su peque\u00f1ez y la dimensi\u00f3n infinita de su alma. DESCUBRA M\u00c1S Sendero contacto con la naturaleza Paisajes salvajes y rurales, mar azul profundo, acantilados y\u2026","rel":"","context":"Entrada similar","block_context":{"text":"Entrada similar","link":""},"img":{"alt_text":"Alta Via dei Monti Lattari Sentiero Italia 300 CAI","src":"https:\/\/i0.wp.com\/www.altaviadeimontilattari.it\/wp-content\/uploads\/2020\/12\/alta_via_monti_lattari_sentiero_italia_300_cai.jpg?resize=350%2C200&ssl=1","width":350,"height":200,"srcset":"https:\/\/i0.wp.com\/www.altaviadeimontilattari.it\/wp-content\/uploads\/2020\/12\/alta_via_monti_lattari_sentiero_italia_300_cai.jpg?resize=350%2C200&ssl=1 1x, https:\/\/i0.wp.com\/www.altaviadeimontilattari.it\/wp-content\/uploads\/2020\/12\/alta_via_monti_lattari_sentiero_italia_300_cai.jpg?resize=525%2C300&ssl=1 1.5x"},"classes":[]},{"id":5995,"url":"https:\/\/www.altaviadeimontilattari.it\/es\/la-costa-amalfitana-y-la-peninsula-sorrentina-entre-poesia-arte-y-aforismos\/","url_meta":{"origin":5930,"position":1},"title":"La Costa Amalfitana y la Pen\u00ednsula Sorrentina entre poes\u00eda, arte y aforismos","author":"Luca Casaburi","date":"28 de mayo de 2022","format":false,"excerpt":"La Costa de Amalfi siempre ha sido tierra de marineros e inventores, pero tambi\u00e9n inspiraci\u00f3n para poetas, escritores y grandes compositores. Propongo un viaje por estas tierras, verdaderos cuadros enmarcados por un cielo a\u00f1il y un mar esmeralda, vistos a trav\u00e9s de los ojos de ilustres visitantes. La costa fue\u2026","rel":"","context":"Entrada similar","block_context":{"text":"Entrada similar","link":""},"img":{"alt_text":"","src":"","width":0,"height":0},"classes":[]},{"id":6095,"url":"https:\/\/www.altaviadeimontilattari.it\/es\/el-camino-300-cai\/","url_meta":{"origin":5930,"position":2},"title":"El camino 300 CAI","author":"","date":"19 de noviembre de 2020","format":false,"excerpt":"La costa italiana de Amalfi es uno de los acantilados m\u00e1s famosos del mundo y atrae a viajeros de todos los pa\u00edses con su t\u00edpico encanto italiano. Sin embargo, actualmente el turismo de senderismo se ha limitado a un peque\u00f1o tramo del territorio: el Camino de los Dioses . M\u00e1s\u2026","rel":"","context":"Entrada similar","block_context":{"text":"Entrada similar","link":""},"img":{"alt_text":"","src":"","width":0,"height":0},"classes":[]},{"id":7303,"url":"https:\/\/www.altaviadeimontilattari.it\/es\/el-camino-de-giustino-fortunato\/","url_meta":{"origin":5930,"position":3},"title":"El camino de Giustino Fortunato","author":"Luca Casaburi","date":"25 de abril de 2024","format":false,"excerpt":"\u201c\u2026Sin embargo, tal vez no haya ning\u00fan distrito en todos los Apeninos\u2026 que tenga al mismo tiempo tanta majestuosidad de monta\u00f1as y tanta belleza de paisajes marinos\u2026\u201d Giustino Fortunato As\u00ed describe Giustino Fortunato, historiador, economista y naturalista, las Monta\u00f1as Lattari, que constituyen el marco de la pen\u00ednsula de Sorrento, entre\u2026","rel":"","context":"Entrada similar","block_context":{"text":"Entrada similar","link":""},"img":{"alt_text":"","src":"https:\/\/i0.wp.com\/www.altaviadeimontilattari.it\/wp-content\/uploads\/2024\/04\/Giustino-fortunato.jpg?resize=350%2C200&ssl=1","width":350,"height":200},"classes":[]},{"id":5950,"url":"https:\/\/www.altaviadeimontilattari.it\/es\/sobre-nosotros\/","url_meta":{"origin":5930,"position":4},"title":"Sobre nosotros","author":"Luca Casaburi","date":"23 de enero de 2020","format":false,"excerpt":"Sobre nosotros Historia altaviadeimontilattari.it nace como un proyecto para valorizar y dar a conocer la zona de Monti Lattari, las costas de Amalfi y Sorrento en Campania y en todo el mundo. El proyecto surgi\u00f3 en diciembre de 2020 de la pasi\u00f3n por la naturaleza y el apoyo al territorio\u2026","rel":"","context":"Entrada similar","block_context":{"text":"Entrada similar","link":""},"img":{"alt_text":"punta Campanella - altaviadeimontilattari.it","src":"https:\/\/i0.wp.com\/www.altaviadeimontilattari.it\/wp-content\/uploads\/2021\/02\/punta-campanella-altaviadeimontilattari-scaled.jpg?resize=350%2C200&ssl=1","width":350,"height":200,"srcset":"https:\/\/i0.wp.com\/www.altaviadeimontilattari.it\/wp-content\/uploads\/2021\/02\/punta-campanella-altaviadeimontilattari-scaled.jpg?resize=350%2C200&ssl=1 1x, https:\/\/i0.wp.com\/www.altaviadeimontilattari.it\/wp-content\/uploads\/2021\/02\/punta-campanella-altaviadeimontilattari-scaled.jpg?resize=525%2C300&ssl=1 1.5x, https:\/\/i0.wp.com\/www.altaviadeimontilattari.it\/wp-content\/uploads\/2021\/02\/punta-campanella-altaviadeimontilattari-scaled.jpg?resize=700%2C400&ssl=1 2x, https:\/\/i0.wp.com\/www.altaviadeimontilattari.it\/wp-content\/uploads\/2021\/02\/punta-campanella-altaviadeimontilattari-scaled.jpg?resize=1050%2C600&ssl=1 3x, https:\/\/i0.wp.com\/www.altaviadeimontilattari.it\/wp-content\/uploads\/2021\/02\/punta-campanella-altaviadeimontilattari-scaled.jpg?resize=1400%2C800&ssl=1 4x"},"classes":[]},{"id":6125,"url":"https:\/\/www.altaviadeimontilattari.it\/es\/la-costa-amalfitana\/","url_meta":{"origin":5930,"position":5},"title":"la costa amalfitana","author":"","date":"19 de noviembre de 2020","format":false,"excerpt":"La costa de Amalfi representa el espl\u00e9ndido paisaje situado al sur de la ca\u00f3tica y fascinante N\u00e1poles. En apoyo de esto, las islas de Capri, Ischia y Procida han sido atractivos para millones de visitantes provenientes no solo de Italia. Las ciudades que animan las costas de Campania est\u00e1n inmersas\u2026","rel":"","context":"Entrada similar","block_context":{"text":"Entrada similar","link":""},"img":{"alt_text":"","src":"","width":0,"height":0},"classes":[]}],"jetpack_shortlink":"https:\/\/wp.me\/PcGNaV-1xE","jetpack_sharing_enabled":true,"_links":{"self":[{"href":"https:\/\/www.altaviadeimontilattari.it\/es\/wp-json\/wp\/v2\/pages\/5930","targetHints":{"allow":["GET"]}}],"collection":[{"href":"https:\/\/www.altaviadeimontilattari.it\/es\/wp-json\/wp\/v2\/pages"}],"about":[{"href":"https:\/\/www.altaviadeimontilattari.it\/es\/wp-json\/wp\/v2\/types\/page"}],"author":[{"embeddable":true,"href":"https:\/\/www.altaviadeimontilattari.it\/es\/wp-json\/wp\/v2\/users\/2"}],"replies":[{"embeddable":true,"href":"https:\/\/www.altaviadeimontilattari.it\/es\/wp-json\/wp\/v2\/comments?post=5930"}],"version-history":[{"count":1,"href":"https:\/\/www.altaviadeimontilattari.it\/es\/wp-json\/wp\/v2\/pages\/5930\/revisions"}],"predecessor-version":[{"id":5931,"href":"https:\/\/www.altaviadeimontilattari.it\/es\/wp-json\/wp\/v2\/pages\/5930\/revisions\/5931"}],"wp:attachment":[{"href":"https:\/\/www.altaviadeimontilattari.it\/es\/wp-json\/wp\/v2\/media?parent=5930"}],"curies":[{"name":"wp","href":"https:\/\/api.w.org\/{rel}","templated":true}]}}