{"id":5944,"date":"2022-06-09T06:19:14","date_gmt":"2022-06-09T06:19:14","guid":{"rendered":"https:\/\/www.altaviadeimontilattari.it\/camina-con-nosotros-junio-2022\/"},"modified":"2022-06-30T02:57:44","modified_gmt":"2022-06-30T02:57:44","slug":"camina-con-nosotros-junio-2022","status":"publish","type":"page","link":"https:\/\/www.altaviadeimontilattari.it\/es\/camina-con-nosotros-junio-2022\/","title":{"rendered":"Camina con nosotros &#8211; Junio 2022"},"content":{"rendered":"\n<div id=\"wp-block-themeisle-blocks-advanced-columns-8a865f6f\" class=\"wp-block-themeisle-blocks-advanced-columns has-1-columns has-desktop-equal-layout has-tablet-equal-layout has-mobile-equal-layout has-vertical-unset\"><div class=\"wp-block-themeisle-blocks-advanced-columns-overlay\"><\/div><div class=\"innerblocks-wrap\">\n<div id=\"wp-block-themeisle-blocks-advanced-column-17867177\" class=\"wp-block-themeisle-blocks-advanced-column\">\n<p>Nuestro viaje por la Alta Via dei Monti Lattari ha llegado a su fin.<\/p>\n\n\n\n<p><span style=\"font-size: revert; color: initial;\">Un maravilloso viaje por estas maravillosas tierras entre la historia y la naturaleza. Un viaje que nos permiti\u00f3 conocer gente fant\u00e1stica y nos hizo redescubrir la hospitalidad de nuestra tierra.<\/span>  <\/p>\n\n\n\n<p><\/p><p>Es un viaje y una excursi\u00f3n que hay que hacer, es un conjunto de emociones que hay que experimentar al menos una vez en la vida. A continuaci\u00f3n, un resumen de las etapas de nuestro viaje.<\/p>\n\n\n\n<p>\u00a1Feliz caminata y feliz andar!  <\/p>\n\n\n\n<figure class=\"wp-block-embed is-type-rich is-provider-handler-delloggetto-incorporato wp-block-embed-handler-delloggetto-incorporato wp-embed-aspect-16-9 wp-has-aspect-ratio\"><div class=\"wp-block-embed__wrapper\">\n<div class=\"nv-iframe-embed\"><span class=\"embed-youtube\" style=\"text-align:center; display: block;\"><iframe class=\"youtube-player\" width=\"1200\" height=\"675\" src=\"https:\/\/www.youtube.com\/embed\/EAsSWG1UjpQ?version=3&#038;rel=1&#038;showsearch=0&#038;showinfo=1&#038;iv_load_policy=1&#038;fs=1&#038;hl=es-ES&#038;autohide=2&#038;wmode=transparent\" allowfullscreen=\"true\" style=\"border:0;\" sandbox=\"allow-scripts allow-same-origin allow-popups allow-presentation allow-popups-to-escape-sandbox\"><\/iframe><\/span><\/div>\n<\/div><figcaption>Primera etapa &#8211; De Corpo di Cava a Monte Avvocata<\/figcaption><\/figure>\n<\/div>\n<\/div><\/div>\n\n<figure class=\"wp-block-embed is-type-rich is-provider-handler-delloggetto-incorporato wp-block-embed-handler-delloggetto-incorporato wp-embed-aspect-16-9 wp-has-aspect-ratio\"><div class=\"wp-block-embed__wrapper\">\n<div class=\"nv-iframe-embed\"><span class=\"embed-youtube\" style=\"text-align:center; display: block;\"><iframe class=\"youtube-player\" width=\"1200\" height=\"675\" src=\"https:\/\/www.youtube.com\/embed\/BN13EwA1K54?version=3&#038;rel=1&#038;showsearch=0&#038;showinfo=1&#038;iv_load_policy=1&#038;fs=1&#038;hl=es-ES&#038;autohide=2&#038;wmode=transparent\" allowfullscreen=\"true\" style=\"border:0;\" sandbox=\"allow-scripts allow-same-origin allow-popups allow-presentation allow-popups-to-escape-sandbox\"><\/iframe><\/span><\/div>\n<\/div><figcaption>Primera etapa &#8211; Del Monte Avvocata a Valico di Chiunzi<\/figcaption><\/figure>\n\n<figure class=\"wp-block-embed is-type-rich is-provider-handler-delloggetto-incorporato wp-block-embed-handler-delloggetto-incorporato wp-embed-aspect-16-9 wp-has-aspect-ratio\"><div class=\"wp-block-embed__wrapper\">\n<div class=\"nv-iframe-embed\"><span class=\"embed-youtube\" style=\"text-align:center; display: block;\"><iframe class=\"youtube-player\" width=\"1200\" height=\"675\" src=\"https:\/\/www.youtube.com\/embed\/_X82WWqDDms?version=3&#038;rel=1&#038;showsearch=0&#038;showinfo=1&#038;iv_load_policy=1&#038;fs=1&#038;hl=es-ES&#038;autohide=2&#038;wmode=transparent\" allowfullscreen=\"true\" style=\"border:0;\" sandbox=\"allow-scripts allow-same-origin allow-popups allow-presentation allow-popups-to-escape-sandbox\"><\/iframe><\/span><\/div>\n<\/div><figcaption>Segunda etapa &#8211; De Valico di Chiunzi a Santa Maria del Castello<\/figcaption><\/figure>\n\n<figure class=\"wp-block-embed is-type-rich is-provider-handler-delloggetto-incorporato wp-block-embed-handler-delloggetto-incorporato wp-embed-aspect-16-9 wp-has-aspect-ratio\"><div class=\"wp-block-embed__wrapper\">\n<div class=\"nv-iframe-embed\"><span class=\"embed-youtube\" style=\"text-align:center; display: block;\"><iframe class=\"youtube-player\" width=\"1200\" height=\"675\" src=\"https:\/\/www.youtube.com\/embed\/dU3UarkUZ7g?version=3&#038;rel=1&#038;showsearch=0&#038;showinfo=1&#038;iv_load_policy=1&#038;fs=1&#038;hl=es-ES&#038;autohide=2&#038;wmode=transparent\" allowfullscreen=\"true\" style=\"border:0;\" sandbox=\"allow-scripts allow-same-origin allow-popups allow-presentation allow-popups-to-escape-sandbox\"><\/iframe><\/span><\/div>\n<\/div><figcaption>Tercera etapa &#8211; De Santa Maria del Castello a Punta Campanella (Termini)<\/figcaption><\/figure>\n<div style=\"margin: 20px 0;\"><div class=\"qrcswholewtapper\" style=\"text-align:left;\"><div class=\"qrcprowrapper\"  id=\"qrcwraa2leds\"><div class=\"qrc_canvass\" id=\"qrc_cuttenpages_2\" style=\"display:inline-block\" data-text=\"https:\/\/www.altaviadeimontilattari.it\/es\/camina-con-nosotros-junio-2022\/\"><\/div><div><a download=\"Camina con nosotros &#8211; Junio 2022.png\" class=\"qrcdownloads\" id=\"worign\">\r\n           <button type=\"button\" style=\"min-width:200px;background:#81ea00;color:#000;font-weight: 600;border: 1px solid #dddddd;border-radius:4px;font-size:12px;padding: 6px 0;\" class=\"uqr_code_btn\">Download QR<\/button>\r\n           <\/a><\/div><\/div><\/div><\/div>","protected":false},"excerpt":{"rendered":"<p>Download QR<\/p>\n","protected":false},"author":1,"featured_media":5922,"parent":0,"menu_order":0,"comment_status":"closed","ping_status":"closed","template":"","meta":{"neve_meta_sidebar":"full-width","neve_meta_container":"","neve_meta_enable_content_width":"on","neve_meta_content_width":100,"neve_meta_title_alignment":"","neve_meta_author_avatar":"","neve_post_elements_order":"","neve_meta_disable_header":"","neve_meta_disable_footer":"","neve_meta_disable_title":"","neve_meta_reading_time":"","_themeisle_gutenberg_block_has_review":false,"jetpack_post_was_ever_published":false,"footnotes":""},"class_list":["post-5944","page","type-page","status-publish","has-post-thumbnail","hentry"],"yoast_head":"<!-- This site is optimized with the Yoast SEO plugin v27.2 - https:\/\/yoast.com\/product\/yoast-seo-wordpress\/ -->\n<title>Camina con nosotros - Junio 2022 - Alta Via dei Monti Lattari<\/title>\n<meta name=\"description\" content=\"Es un conjunto de emociones que hay que experimentar al menos una vez en la vida. A continuaci\u00f3n, un resumen de las etapas de nuestro viaje.\" \/>\n<meta name=\"robots\" content=\"index, follow, max-snippet:-1, max-image-preview:large, max-video-preview:-1\" \/>\n<link rel=\"canonical\" href=\"https:\/\/www.altaviadeimontilattari.it\/es\/camina-con-nosotros-junio-2022\/\" \/>\n<meta property=\"og:locale\" content=\"es_ES\" \/>\n<meta property=\"og:type\" content=\"article\" \/>\n<meta property=\"og:title\" content=\"Camina con nosotros - Junio 2022 - Alta Via dei Monti Lattari\" \/>\n<meta property=\"og:description\" content=\"Es un conjunto de emociones que hay que experimentar al menos una vez en la vida. A continuaci\u00f3n, un resumen de las etapas de nuestro viaje.\" \/>\n<meta property=\"og:url\" content=\"https:\/\/www.altaviadeimontilattari.it\/es\/camina-con-nosotros-junio-2022\/\" \/>\n<meta property=\"og:site_name\" content=\"Alta Via dei Monti Lattari\" \/>\n<meta property=\"article:modified_time\" content=\"2022-06-30T02:57:44+00:00\" \/>\n<meta property=\"og:image\" content=\"https:\/\/i0.wp.com\/www.altaviadeimontilattari.it\/wp-content\/uploads\/2022\/06\/km_20220602_1080p.00_00_00_00.Immagine002.jpg?fit=1920%2C1080&ssl=1\" \/>\n\t<meta property=\"og:image:width\" content=\"1920\" \/>\n\t<meta property=\"og:image:height\" content=\"1080\" \/>\n\t<meta property=\"og:image:type\" content=\"image\/jpeg\" \/>\n<meta name=\"twitter:card\" content=\"summary_large_image\" \/>\n<meta name=\"twitter:label1\" content=\"Tiempo de lectura\" \/>\n\t<meta name=\"twitter:data1\" content=\"1 minuto\" \/>\n<script type=\"application\/ld+json\" class=\"yoast-schema-graph\">{\"@context\":\"https:\/\/schema.org\",\"@graph\":[{\"@type\":\"WebPage\",\"@id\":\"https:\/\/www.altaviadeimontilattari.it\/es\/camina-con-nosotros-junio-2022\/\",\"url\":\"https:\/\/www.altaviadeimontilattari.it\/es\/camina-con-nosotros-junio-2022\/\",\"name\":\"Camina con nosotros - Junio 2022 - Alta Via dei Monti Lattari\",\"isPartOf\":{\"@id\":\"https:\/\/www.altaviadeimontilattari.it\/#website\"},\"primaryImageOfPage\":{\"@id\":\"https:\/\/www.altaviadeimontilattari.it\/es\/camina-con-nosotros-junio-2022\/#primaryimage\"},\"image\":{\"@id\":\"https:\/\/www.altaviadeimontilattari.it\/es\/camina-con-nosotros-junio-2022\/#primaryimage\"},\"thumbnailUrl\":\"https:\/\/i0.wp.com\/www.altaviadeimontilattari.it\/wp-content\/uploads\/2022\/06\/km_20220602_1080p.00_00_00_00.Immagine002.jpg?fit=1920%2C1080&ssl=1\",\"datePublished\":\"2022-06-09T06:19:14+00:00\",\"dateModified\":\"2022-06-30T02:57:44+00:00\",\"description\":\"Es un conjunto de emociones que hay que experimentar al menos una vez en la vida. A continuaci\u00f3n, un resumen de las etapas de nuestro viaje.\",\"breadcrumb\":{\"@id\":\"https:\/\/www.altaviadeimontilattari.it\/es\/camina-con-nosotros-junio-2022\/#breadcrumb\"},\"inLanguage\":\"es\",\"potentialAction\":[{\"@type\":\"ReadAction\",\"target\":[\"https:\/\/www.altaviadeimontilattari.it\/es\/camina-con-nosotros-junio-2022\/\"]}]},{\"@type\":\"ImageObject\",\"inLanguage\":\"es\",\"@id\":\"https:\/\/www.altaviadeimontilattari.it\/es\/camina-con-nosotros-junio-2022\/#primaryimage\",\"url\":\"https:\/\/i0.wp.com\/www.altaviadeimontilattari.it\/wp-content\/uploads\/2022\/06\/km_20220602_1080p.00_00_00_00.Immagine002.jpg?fit=1920%2C1080&ssl=1\",\"contentUrl\":\"https:\/\/i0.wp.com\/www.altaviadeimontilattari.it\/wp-content\/uploads\/2022\/06\/km_20220602_1080p.00_00_00_00.Immagine002.jpg?fit=1920%2C1080&ssl=1\",\"width\":1920,\"height\":1080,\"caption\":\"alta via dei monti lattari\"},{\"@type\":\"BreadcrumbList\",\"@id\":\"https:\/\/www.altaviadeimontilattari.it\/es\/camina-con-nosotros-junio-2022\/#breadcrumb\",\"itemListElement\":[{\"@type\":\"ListItem\",\"position\":1,\"name\":\"Home\",\"item\":\"https:\/\/www.altaviadeimontilattari.it\/es\/\"},{\"@type\":\"ListItem\",\"position\":2,\"name\":\"Camina con nosotros &#8211; Junio 2022\"}]},{\"@type\":\"WebSite\",\"@id\":\"https:\/\/www.altaviadeimontilattari.it\/#website\",\"url\":\"https:\/\/www.altaviadeimontilattari.it\/\",\"name\":\"Alta Via dei Monti Lattari\",\"description\":\"La montagna \u00e8 un modo di vivere la vita.\",\"publisher\":{\"@id\":\"https:\/\/www.altaviadeimontilattari.it\/#organization\"},\"potentialAction\":[{\"@type\":\"SearchAction\",\"target\":{\"@type\":\"EntryPoint\",\"urlTemplate\":\"https:\/\/www.altaviadeimontilattari.it\/?s={search_term_string}\"},\"query-input\":{\"@type\":\"PropertyValueSpecification\",\"valueRequired\":true,\"valueName\":\"search_term_string\"}}],\"inLanguage\":\"es\"},{\"@type\":\"Organization\",\"@id\":\"https:\/\/www.altaviadeimontilattari.it\/#organization\",\"name\":\"Alta Via dei Monti Lattari\",\"url\":\"https:\/\/www.altaviadeimontilattari.it\/\",\"logo\":{\"@type\":\"ImageObject\",\"inLanguage\":\"es\",\"@id\":\"https:\/\/www.altaviadeimontilattari.it\/#\/schema\/logo\/image\/\",\"url\":\"https:\/\/i0.wp.com\/www.altaviadeimontilattari.it\/wp-content\/uploads\/2020\/12\/alta_via_monyi_lattari_logo.png?fit=325%2C100&ssl=1\",\"contentUrl\":\"https:\/\/i0.wp.com\/www.altaviadeimontilattari.it\/wp-content\/uploads\/2020\/12\/alta_via_monyi_lattari_logo.png?fit=325%2C100&ssl=1\",\"width\":325,\"height\":100,\"caption\":\"Alta Via dei Monti Lattari\"},\"image\":{\"@id\":\"https:\/\/www.altaviadeimontilattari.it\/#\/schema\/logo\/image\/\"}}]}<\/script>\n<!-- \/ Yoast SEO plugin. -->","yoast_head_json":{"title":"Camina con nosotros - Junio 2022 - Alta Via dei Monti Lattari","description":"Es un conjunto de emociones que hay que experimentar al menos una vez en la vida. A continuaci\u00f3n, un resumen de las etapas de nuestro viaje.","robots":{"index":"index","follow":"follow","max-snippet":"max-snippet:-1","max-image-preview":"max-image-preview:large","max-video-preview":"max-video-preview:-1"},"canonical":"https:\/\/www.altaviadeimontilattari.it\/es\/camina-con-nosotros-junio-2022\/","og_locale":"es_ES","og_type":"article","og_title":"Camina con nosotros - Junio 2022 - Alta Via dei Monti Lattari","og_description":"Es un conjunto de emociones que hay que experimentar al menos una vez en la vida. A continuaci\u00f3n, un resumen de las etapas de nuestro viaje.","og_url":"https:\/\/www.altaviadeimontilattari.it\/es\/camina-con-nosotros-junio-2022\/","og_site_name":"Alta Via dei Monti Lattari","article_modified_time":"2022-06-30T02:57:44+00:00","og_image":[{"width":1920,"height":1080,"url":"https:\/\/i0.wp.com\/www.altaviadeimontilattari.it\/wp-content\/uploads\/2022\/06\/km_20220602_1080p.00_00_00_00.Immagine002.jpg?fit=1920%2C1080&ssl=1","type":"image\/jpeg"}],"twitter_card":"summary_large_image","twitter_misc":{"Tiempo de lectura":"1 minuto"},"schema":{"@context":"https:\/\/schema.org","@graph":[{"@type":"WebPage","@id":"https:\/\/www.altaviadeimontilattari.it\/es\/camina-con-nosotros-junio-2022\/","url":"https:\/\/www.altaviadeimontilattari.it\/es\/camina-con-nosotros-junio-2022\/","name":"Camina con nosotros - Junio 2022 - Alta Via dei Monti Lattari","isPartOf":{"@id":"https:\/\/www.altaviadeimontilattari.it\/#website"},"primaryImageOfPage":{"@id":"https:\/\/www.altaviadeimontilattari.it\/es\/camina-con-nosotros-junio-2022\/#primaryimage"},"image":{"@id":"https:\/\/www.altaviadeimontilattari.it\/es\/camina-con-nosotros-junio-2022\/#primaryimage"},"thumbnailUrl":"https:\/\/i0.wp.com\/www.altaviadeimontilattari.it\/wp-content\/uploads\/2022\/06\/km_20220602_1080p.00_00_00_00.Immagine002.jpg?fit=1920%2C1080&ssl=1","datePublished":"2022-06-09T06:19:14+00:00","dateModified":"2022-06-30T02:57:44+00:00","description":"Es un conjunto de emociones que hay que experimentar al menos una vez en la vida. A continuaci\u00f3n, un resumen de las etapas de nuestro viaje.","breadcrumb":{"@id":"https:\/\/www.altaviadeimontilattari.it\/es\/camina-con-nosotros-junio-2022\/#breadcrumb"},"inLanguage":"es","potentialAction":[{"@type":"ReadAction","target":["https:\/\/www.altaviadeimontilattari.it\/es\/camina-con-nosotros-junio-2022\/"]}]},{"@type":"ImageObject","inLanguage":"es","@id":"https:\/\/www.altaviadeimontilattari.it\/es\/camina-con-nosotros-junio-2022\/#primaryimage","url":"https:\/\/i0.wp.com\/www.altaviadeimontilattari.it\/wp-content\/uploads\/2022\/06\/km_20220602_1080p.00_00_00_00.Immagine002.jpg?fit=1920%2C1080&ssl=1","contentUrl":"https:\/\/i0.wp.com\/www.altaviadeimontilattari.it\/wp-content\/uploads\/2022\/06\/km_20220602_1080p.00_00_00_00.Immagine002.jpg?fit=1920%2C1080&ssl=1","width":1920,"height":1080,"caption":"alta via dei monti lattari"},{"@type":"BreadcrumbList","@id":"https:\/\/www.altaviadeimontilattari.it\/es\/camina-con-nosotros-junio-2022\/#breadcrumb","itemListElement":[{"@type":"ListItem","position":1,"name":"Home","item":"https:\/\/www.altaviadeimontilattari.it\/es\/"},{"@type":"ListItem","position":2,"name":"Camina con nosotros &#8211; Junio 2022"}]},{"@type":"WebSite","@id":"https:\/\/www.altaviadeimontilattari.it\/#website","url":"https:\/\/www.altaviadeimontilattari.it\/","name":"Alta Via dei Monti Lattari","description":"La montagna \u00e8 un modo di vivere la vita.","publisher":{"@id":"https:\/\/www.altaviadeimontilattari.it\/#organization"},"potentialAction":[{"@type":"SearchAction","target":{"@type":"EntryPoint","urlTemplate":"https:\/\/www.altaviadeimontilattari.it\/?s={search_term_string}"},"query-input":{"@type":"PropertyValueSpecification","valueRequired":true,"valueName":"search_term_string"}}],"inLanguage":"es"},{"@type":"Organization","@id":"https:\/\/www.altaviadeimontilattari.it\/#organization","name":"Alta Via dei Monti Lattari","url":"https:\/\/www.altaviadeimontilattari.it\/","logo":{"@type":"ImageObject","inLanguage":"es","@id":"https:\/\/www.altaviadeimontilattari.it\/#\/schema\/logo\/image\/","url":"https:\/\/i0.wp.com\/www.altaviadeimontilattari.it\/wp-content\/uploads\/2020\/12\/alta_via_monyi_lattari_logo.png?fit=325%2C100&ssl=1","contentUrl":"https:\/\/i0.wp.com\/www.altaviadeimontilattari.it\/wp-content\/uploads\/2020\/12\/alta_via_monyi_lattari_logo.png?fit=325%2C100&ssl=1","width":325,"height":100,"caption":"Alta Via dei Monti Lattari"},"image":{"@id":"https:\/\/www.altaviadeimontilattari.it\/#\/schema\/logo\/image\/"}}]}},"jetpack-related-posts":[{"id":5959,"url":"https:\/\/www.altaviadeimontilattari.it\/es\/contacto-con-nosotros\/","url_meta":{"origin":5944,"position":0},"title":"Contacto con nosotros","author":"Luca Casaburi","date":"27 de enero de 2020","format":false,"excerpt":"Contacto con nosotros Sitios \u00fatiles turismo.ricercattiva.itwww.mdtsoftware.it Env\u00ede un correo electr\u00f3nico a luca.casaburi@ricercattiva.it luca.casaburi@ricercattiva.itluca.casaburi@mdtsoftware.it Instagram @turismo.ricercattiva@lugask Env\u00edenos un mensaje o con\u00e9ctese a nuestras redes sociales altaviadeimontilattari.it se cre\u00f3 para dar a conocer los Montes Lattari, la Costa de Amalfi y la Pen\u00ednsula de Sorrento, tierras de Italia a\u00fan poco conocidas por\u2026","rel":"","context":"Entrada similar","block_context":{"text":"Entrada similar","link":""},"img":{"alt_text":"","src":"","width":0,"height":0},"classes":[]},{"id":7303,"url":"https:\/\/www.altaviadeimontilattari.it\/es\/el-camino-de-giustino-fortunato\/","url_meta":{"origin":5944,"position":1},"title":"El camino de Giustino Fortunato","author":"Luca Casaburi","date":"25 de abril de 2024","format":false,"excerpt":"\u201c\u2026Sin embargo, tal vez no haya ning\u00fan distrito en todos los Apeninos\u2026 que tenga al mismo tiempo tanta majestuosidad de monta\u00f1as y tanta belleza de paisajes marinos\u2026\u201d Giustino Fortunato As\u00ed describe Giustino Fortunato, historiador, economista y naturalista, las Monta\u00f1as Lattari, que constituyen el marco de la pen\u00ednsula de Sorrento, entre\u2026","rel":"","context":"Entrada similar","block_context":{"text":"Entrada similar","link":""},"img":{"alt_text":"","src":"https:\/\/i0.wp.com\/www.altaviadeimontilattari.it\/wp-content\/uploads\/2024\/04\/Giustino-fortunato.jpg?resize=350%2C200&ssl=1","width":350,"height":200},"classes":[]},{"id":5936,"url":"https:\/\/www.altaviadeimontilattari.it\/es\/camina-con-nosotros\/","url_meta":{"origin":5944,"position":2},"title":"Camina con nosotros","author":"Luca Casaburi","date":"6 de mayo de 2022","format":false,"excerpt":"Cualquiera puede caminar con nosotros. Descubra con nosotros la Alta Via dei Monti Lattari. Camina con nosotros Del 2 al 4 de junio de 2022 Recorremos la Alta Via dei Monti Lattari en su totalidad a lo largo de tres d\u00edas, siguiendo todo el camino de los 300CAI. Parte del\u2026","rel":"","context":"Entrada similar","block_context":{"text":"Entrada similar","link":""},"img":{"alt_text":"","src":"https:\/\/i0.wp.com\/www.altaviadeimontilattari.it\/wp-content\/uploads\/2022\/05\/monte_finestra_sud-edited.jpg?resize=350%2C200&ssl=1","width":350,"height":200,"srcset":"https:\/\/i0.wp.com\/www.altaviadeimontilattari.it\/wp-content\/uploads\/2022\/05\/monte_finestra_sud-edited.jpg?resize=350%2C200&ssl=1 1x, https:\/\/i0.wp.com\/www.altaviadeimontilattari.it\/wp-content\/uploads\/2022\/05\/monte_finestra_sud-edited.jpg?resize=525%2C300&ssl=1 1.5x, https:\/\/i0.wp.com\/www.altaviadeimontilattari.it\/wp-content\/uploads\/2022\/05\/monte_finestra_sud-edited.jpg?resize=700%2C400&ssl=1 2x"},"classes":[]},{"id":7197,"url":"https:\/\/www.altaviadeimontilattari.it\/es\/el-libro-de-los-exploradores\/","url_meta":{"origin":5944,"position":3},"title":"El libro de los exploradores","author":"Luca Casaburi","date":"23 de septiembre de 2023","format":false,"excerpt":"El libro de los exploradores \u00bfHas caminado por la Alta Via dei Monti Lattari? Env\u00edanos tu experiencia y recibir\u00e1s gratis uno de los parches de este espl\u00e9ndido viaje Deja un testimonio de tu traves\u00eda desde Cava de' Tirreni hasta Punta Campanella (Termini). Env\u00edanos la pista registrada con GPS o smartphone\u2026","rel":"","context":"Entrada similar","block_context":{"text":"Entrada similar","link":""},"img":{"alt_text":"","src":"https:\/\/i0.wp.com\/www.altaviadeimontilattari.it\/wp-content\/uploads\/2023\/09\/patch-alta-via-dei-monti-lattari.jpg?fit=1200%2C708&ssl=1&resize=350%2C200","width":350,"height":200,"srcset":"https:\/\/i0.wp.com\/www.altaviadeimontilattari.it\/wp-content\/uploads\/2023\/09\/patch-alta-via-dei-monti-lattari.jpg?fit=1200%2C708&ssl=1&resize=350%2C200 1x, https:\/\/i0.wp.com\/www.altaviadeimontilattari.it\/wp-content\/uploads\/2023\/09\/patch-alta-via-dei-monti-lattari.jpg?fit=1200%2C708&ssl=1&resize=525%2C300 1.5x, https:\/\/i0.wp.com\/www.altaviadeimontilattari.it\/wp-content\/uploads\/2023\/09\/patch-alta-via-dei-monti-lattari.jpg?fit=1200%2C708&ssl=1&resize=700%2C400 2x, https:\/\/i0.wp.com\/www.altaviadeimontilattari.it\/wp-content\/uploads\/2023\/09\/patch-alta-via-dei-monti-lattari.jpg?fit=1200%2C708&ssl=1&resize=1050%2C600 3x"},"classes":[]},{"id":5930,"url":"https:\/\/www.altaviadeimontilattari.it\/es\/alta-via-dei-monti-lattari\/","url_meta":{"origin":5944,"position":4},"title":"Alta Via dei Monti Lattari","author":"","date":"19 de noviembre de 2020","format":false,"excerpt":"Con la cabeza en las nubes y el mar Famosa en todo el mundo por su mar azul profundo, sus acantilados y sus ciudades antiguas, la Costa de Amalfi esconde justo encima de su costa, la belleza natural de los Montes Lattari. Atravesado por cientos de caminos de herradura bien\u2026","rel":"","context":"Entrada similar","block_context":{"text":"Entrada similar","link":""},"img":{"alt_text":"","src":"https:\/\/i0.wp.com\/www.altaviadeimontilattari.it\/wp-content\/uploads\/2020\/12\/tour_alta_via_monti_lattari.jpg?resize=350%2C200&ssl=1","width":350,"height":200,"srcset":"https:\/\/i0.wp.com\/www.altaviadeimontilattari.it\/wp-content\/uploads\/2020\/12\/tour_alta_via_monti_lattari.jpg?resize=350%2C200&ssl=1 1x, https:\/\/i0.wp.com\/www.altaviadeimontilattari.it\/wp-content\/uploads\/2020\/12\/tour_alta_via_monti_lattari.jpg?resize=525%2C300&ssl=1 1.5x, https:\/\/i0.wp.com\/www.altaviadeimontilattari.it\/wp-content\/uploads\/2020\/12\/tour_alta_via_monti_lattari.jpg?resize=700%2C400&ssl=1 2x"},"classes":[]},{"id":5968,"url":"https:\/\/www.altaviadeimontilattari.it\/es\/5-donde-dormir-refugios\/","url_meta":{"origin":5944,"position":5},"title":"5. D\u00f3nde dormir: Refugios","author":"","date":"20 de noviembre de 2020","format":false,"excerpt":"Hay alojamientos en Costa de Amalfi para todos los gustos y casi todos los presupuestos. Amalfi e Positano son los principales centros tur\u00edsticos de la Costa de Amalfi y, por tanto, los precios del alojamiento son relativamente caros. Si quiere conseguir una buena habitaci\u00f3n a un precio razonable aqu\u00ed durante\u2026","rel":"","context":"Entrada similar","block_context":{"text":"Entrada similar","link":""},"img":{"alt_text":"","src":"","width":0,"height":0},"classes":[]}],"jetpack_shortlink":"https:\/\/wp.me\/PcGNaV-1xS","jetpack_sharing_enabled":true,"_links":{"self":[{"href":"https:\/\/www.altaviadeimontilattari.it\/es\/wp-json\/wp\/v2\/pages\/5944","targetHints":{"allow":["GET"]}}],"collection":[{"href":"https:\/\/www.altaviadeimontilattari.it\/es\/wp-json\/wp\/v2\/pages"}],"about":[{"href":"https:\/\/www.altaviadeimontilattari.it\/es\/wp-json\/wp\/v2\/types\/page"}],"author":[{"embeddable":true,"href":"https:\/\/www.altaviadeimontilattari.it\/es\/wp-json\/wp\/v2\/users\/1"}],"replies":[{"embeddable":true,"href":"https:\/\/www.altaviadeimontilattari.it\/es\/wp-json\/wp\/v2\/comments?post=5944"}],"version-history":[{"count":1,"href":"https:\/\/www.altaviadeimontilattari.it\/es\/wp-json\/wp\/v2\/pages\/5944\/revisions"}],"predecessor-version":[{"id":5945,"href":"https:\/\/www.altaviadeimontilattari.it\/es\/wp-json\/wp\/v2\/pages\/5944\/revisions\/5945"}],"wp:featuredmedia":[{"embeddable":true,"href":"https:\/\/www.altaviadeimontilattari.it\/es\/wp-json\/wp\/v2\/media\/5922"}],"wp:attachment":[{"href":"https:\/\/www.altaviadeimontilattari.it\/es\/wp-json\/wp\/v2\/media?parent=5944"}],"curies":[{"name":"wp","href":"https:\/\/api.w.org\/{rel}","templated":true}]}}