{"id":5999,"date":"2022-05-09T07:41:08","date_gmt":"2022-05-09T07:41:08","guid":{"rendered":"https:\/\/www.altaviadeimontilattari.it\/que-llevar-material-recomendado\/"},"modified":"2022-06-30T13:34:20","modified_gmt":"2022-06-30T13:34:20","slug":"que-llevar-material-recomendado","status":"publish","type":"page","link":"https:\/\/www.altaviadeimontilattari.it\/es\/que-llevar-material-recomendado\/","title":{"rendered":"Qu\u00e9 llevar &#8211; Material recomendado"},"content":{"rendered":"\n<div id=\"wp-block-themeisle-blocks-advanced-columns-295917fb\" class=\"wp-block-themeisle-blocks-advanced-columns has-1-columns has-desktop-equal-layout has-tablet-equal-layout has-mobile-equal-layout has-vertical-unset\"><div class=\"wp-block-themeisle-blocks-advanced-columns-overlay\"><\/div><div class=\"innerblocks-wrap\">\n<div id=\"wp-block-themeisle-blocks-advanced-column-e5c162de\" class=\"wp-block-themeisle-blocks-advanced-column\">\n<p>Esta lista constituye un consejo sobre el equipo t\u00e9cnico m\u00ednimo necesario para afrontar una <strong>caminata de 3 d\u00edas por la Alta Via dei Monti Lattari<\/strong>.<br\/>Cada excursionista es plenamente responsable de su elecci\u00f3n de equipo, quedando entendido que algunos accesorios siguen siendo indispensables (indicados en negrita).<\/p>\n\n\n\n<h6 class=\"wp-block-heading\">PARA LLEVAR<\/h6>\n\n\n\n<ul class=\"wp-block-list\"><li><strong>Camiseta t\u00e9cnica<\/strong><\/li><li><strong>Pantalones t\u00e9cnicos<\/strong> (preferiblemente el\u00e1sticos)<\/li><li><strong>Calcetines t\u00e9cnicos<\/strong><\/li><li>Ropa interior t\u00e9cnica<\/li><li><strong>Zapatillas de monta\u00f1a (suela esculpida)<\/strong><\/li><li><strong>Calentador de cuello Buff<\/strong><\/li><li><strong>Gafas de sol<\/strong> t\u00e9cnicas<\/li><li>Gorra con visera<\/li><li><strong>Postes telesc\u00f3picos<\/strong><\/li><li><strong>Tel\u00e9fono m\u00f3vil<\/strong><\/li><\/ul>\n\n\n<h6 class=\"wp-block-heading\">EQUIPO EN LA MOCHILA<\/h6>\n\n\n\n<ul class=\"wp-block-list\"><li>Bolsa impermeable en la que meter toda la ropa<\/li><li><strong>Tejido suave \/ jersey de vell\u00f3n<\/strong><\/li><li><strong>Chaqueta impermeable (shell)<\/strong><\/li><li><strong>Guantes ligeros<\/strong><\/li><li><strong>2 camisetas t\u00e9cnicas de repuesto<\/strong><\/li><li><strong>Chaqueta de plum\u00f3n ligera<\/strong><\/li><li><strong>1 camisa de manga larga<\/strong><\/li><li>Gorro de lana<\/li><li>1 camisa de algod\u00f3n<\/li><li>1 pantal\u00f3n de repuesto<\/li><li><strong>2 calcetines t\u00e9cnicos de repuesto<\/strong><\/li><li>1 par de calcetines calientes, para la noche<\/li><li><strong>2 prendas interiores de repuesto<\/strong><\/li><li><strong>Crema solar + after-sun<\/strong><\/li><li>Manteca de cacao<\/li><li><strong>Botiqu\u00edn de primeros auxilios<\/strong> (s\u00e1bana t\u00e9rmica, desinfectante, gasas, tiritas, compeed, pinzas, tijeras, antiinflamatorio, crema para quemaduras solares)<\/li><li><strong>Saco de dormir<\/strong><\/li><li>Toalla de microfibra ligera<\/li><li><strong>Kit de higiene de viaje<\/strong> (cepillo de dientes, pasta de dientes, jab\u00f3n)<\/li><li><strong>Mapa de la zona<\/strong> (en papel o digital)<\/li><li>Envoltura impermeable para aparatos el\u00e9ctricos<\/li><li>C\u00e1mara<\/li><li>Powerbank + cable de carga del tel\u00e9fono<\/li><li><strong>Linterna frontal<\/strong><\/li><li><strong>Cuchillo de uso general<\/strong><\/li><li><strong>Silbato<\/strong><\/li><li><strong>Funda para la lluvia de la mochila<\/strong><\/li><li>Pa\u00f1uelos biodegradables<\/li><li>Encendedor a prueba de viento<\/li><li>2 bolsas de pl\u00e1stico biodegradables (para la ropa sucia y la basura)<\/li><li>Porta documentos<\/li><li><strong>1,5 litros de agua por persona (m\u00ednimo)<\/strong><\/li><li><strong>Merienda<\/strong>: barritas \/ muesli \/ frutos secos \/ chocolate<\/li><li><strong>Almuerzo de campa\u00f1a<\/strong><\/li><li>Sales minerales solubles<\/li><\/ul>\n\n\n<h6 class=\"wp-block-heading\">EN EL CASO DE LA ACAMPADA<\/h6>\n\n\n\n<ul class=\"wp-block-list\"><li>Tienda de campa\u00f1a<\/li><li>Saco de dormir<\/li><\/ul><\/div>\n<\/div><\/div>\n<div style=\"margin: 20px 0;\"><div class=\"qrcswholewtapper\" style=\"text-align:left;\"><div class=\"qrcprowrapper\"  id=\"qrcwraa2leds\"><div class=\"qrc_canvass\" id=\"qrc_cuttenpages_2\" style=\"display:inline-block\" data-text=\"https:\/\/www.altaviadeimontilattari.it\/es\/que-llevar-material-recomendado\/\"><\/div><div><a download=\"Qu\u00e9 llevar &#8211; Material recomendado.png\" class=\"qrcdownloads\" id=\"worign\">\r\n           <button type=\"button\" style=\"min-width:200px;background:#81ea00;color:#000;font-weight: 600;border: 1px solid #dddddd;border-radius:4px;font-size:12px;padding: 6px 0;\" class=\"uqr_code_btn\">Download QR<\/button>\r\n           <\/a><\/div><\/div><\/div><\/div>","protected":false},"excerpt":{"rendered":"<p>Download QR<\/p>\n","protected":false},"author":1,"featured_media":4938,"parent":0,"menu_order":0,"comment_status":"closed","ping_status":"closed","template":"","meta":{"neve_meta_sidebar":"full-width","neve_meta_container":"","neve_meta_enable_content_width":"on","neve_meta_content_width":100,"neve_meta_title_alignment":"","neve_meta_author_avatar":"","neve_post_elements_order":"","neve_meta_disable_header":"","neve_meta_disable_footer":"","neve_meta_disable_title":"","neve_meta_reading_time":"","_themeisle_gutenberg_block_has_review":false,"jetpack_post_was_ever_published":false,"footnotes":""},"class_list":["post-5999","page","type-page","status-publish","has-post-thumbnail","hentry"],"yoast_head":"<!-- This site is optimized with the Yoast SEO plugin v27.2 - https:\/\/yoast.com\/product\/yoast-seo-wordpress\/ -->\n<title>Qu\u00e9 llevar - Material recomendado - Alta Via dei Monti Lattari<\/title>\n<meta name=\"description\" content=\"Esta lista constituye un consejo sobre el equipo t\u00e9cnico m\u00ednimo necesario para afrontar una caminata de 3 d\u00edas por la Alta Via dei Monti Lattari.\" \/>\n<meta name=\"robots\" content=\"index, follow, max-snippet:-1, max-image-preview:large, max-video-preview:-1\" \/>\n<link rel=\"canonical\" href=\"https:\/\/www.altaviadeimontilattari.it\/es\/que-llevar-material-recomendado\/\" \/>\n<meta property=\"og:locale\" content=\"es_ES\" \/>\n<meta property=\"og:type\" content=\"article\" \/>\n<meta property=\"og:title\" content=\"Qu\u00e9 llevar - Material recomendado - Alta Via dei Monti Lattari\" \/>\n<meta property=\"og:description\" content=\"Esta lista constituye un consejo sobre el equipo t\u00e9cnico m\u00ednimo necesario para afrontar una caminata de 3 d\u00edas por la Alta Via dei Monti Lattari.\" \/>\n<meta property=\"og:url\" content=\"https:\/\/www.altaviadeimontilattari.it\/es\/que-llevar-material-recomendado\/\" \/>\n<meta property=\"og:site_name\" content=\"Alta Via dei Monti Lattari\" \/>\n<meta property=\"article:modified_time\" content=\"2022-06-30T13:34:20+00:00\" \/>\n<meta property=\"og:image\" content=\"https:\/\/i0.wp.com\/www.altaviadeimontilattari.it\/wp-content\/uploads\/2020\/12\/consigli_trekking.jpg?fit=600%2C600&ssl=1\" \/>\n\t<meta property=\"og:image:width\" content=\"600\" \/>\n\t<meta property=\"og:image:height\" content=\"600\" \/>\n\t<meta property=\"og:image:type\" content=\"image\/jpeg\" \/>\n<meta name=\"twitter:card\" content=\"summary_large_image\" \/>\n<meta name=\"twitter:label1\" content=\"Tiempo de lectura\" \/>\n\t<meta name=\"twitter:data1\" content=\"1 minuto\" \/>\n<script type=\"application\/ld+json\" class=\"yoast-schema-graph\">{\"@context\":\"https:\/\/schema.org\",\"@graph\":[{\"@type\":\"WebPage\",\"@id\":\"https:\/\/www.altaviadeimontilattari.it\/es\/que-llevar-material-recomendado\/\",\"url\":\"https:\/\/www.altaviadeimontilattari.it\/es\/que-llevar-material-recomendado\/\",\"name\":\"Qu\u00e9 llevar - Material recomendado - Alta Via dei Monti Lattari\",\"isPartOf\":{\"@id\":\"https:\/\/www.altaviadeimontilattari.it\/#website\"},\"primaryImageOfPage\":{\"@id\":\"https:\/\/www.altaviadeimontilattari.it\/es\/que-llevar-material-recomendado\/#primaryimage\"},\"image\":{\"@id\":\"https:\/\/www.altaviadeimontilattari.it\/es\/que-llevar-material-recomendado\/#primaryimage\"},\"thumbnailUrl\":\"https:\/\/i0.wp.com\/www.altaviadeimontilattari.it\/wp-content\/uploads\/2020\/12\/consigli_trekking.jpg?fit=600%2C600&ssl=1\",\"datePublished\":\"2022-05-09T07:41:08+00:00\",\"dateModified\":\"2022-06-30T13:34:20+00:00\",\"description\":\"Esta lista constituye un consejo sobre el equipo t\u00e9cnico m\u00ednimo necesario para afrontar una caminata de 3 d\u00edas por la Alta Via dei Monti Lattari.\",\"breadcrumb\":{\"@id\":\"https:\/\/www.altaviadeimontilattari.it\/es\/que-llevar-material-recomendado\/#breadcrumb\"},\"inLanguage\":\"es\",\"potentialAction\":[{\"@type\":\"ReadAction\",\"target\":[\"https:\/\/www.altaviadeimontilattari.it\/es\/que-llevar-material-recomendado\/\"]}]},{\"@type\":\"ImageObject\",\"inLanguage\":\"es\",\"@id\":\"https:\/\/www.altaviadeimontilattari.it\/es\/que-llevar-material-recomendado\/#primaryimage\",\"url\":\"https:\/\/i0.wp.com\/www.altaviadeimontilattari.it\/wp-content\/uploads\/2020\/12\/consigli_trekking.jpg?fit=600%2C600&ssl=1\",\"contentUrl\":\"https:\/\/i0.wp.com\/www.altaviadeimontilattari.it\/wp-content\/uploads\/2020\/12\/consigli_trekking.jpg?fit=600%2C600&ssl=1\",\"width\":600,\"height\":600},{\"@type\":\"BreadcrumbList\",\"@id\":\"https:\/\/www.altaviadeimontilattari.it\/es\/que-llevar-material-recomendado\/#breadcrumb\",\"itemListElement\":[{\"@type\":\"ListItem\",\"position\":1,\"name\":\"Home\",\"item\":\"https:\/\/www.altaviadeimontilattari.it\/es\/\"},{\"@type\":\"ListItem\",\"position\":2,\"name\":\"Qu\u00e9 llevar &#8211; Material recomendado\"}]},{\"@type\":\"WebSite\",\"@id\":\"https:\/\/www.altaviadeimontilattari.it\/#website\",\"url\":\"https:\/\/www.altaviadeimontilattari.it\/\",\"name\":\"Alta Via dei Monti Lattari\",\"description\":\"La montagna \u00e8 un modo di vivere la vita.\",\"publisher\":{\"@id\":\"https:\/\/www.altaviadeimontilattari.it\/#organization\"},\"potentialAction\":[{\"@type\":\"SearchAction\",\"target\":{\"@type\":\"EntryPoint\",\"urlTemplate\":\"https:\/\/www.altaviadeimontilattari.it\/?s={search_term_string}\"},\"query-input\":{\"@type\":\"PropertyValueSpecification\",\"valueRequired\":true,\"valueName\":\"search_term_string\"}}],\"inLanguage\":\"es\"},{\"@type\":\"Organization\",\"@id\":\"https:\/\/www.altaviadeimontilattari.it\/#organization\",\"name\":\"Alta Via dei Monti Lattari\",\"url\":\"https:\/\/www.altaviadeimontilattari.it\/\",\"logo\":{\"@type\":\"ImageObject\",\"inLanguage\":\"es\",\"@id\":\"https:\/\/www.altaviadeimontilattari.it\/#\/schema\/logo\/image\/\",\"url\":\"https:\/\/i0.wp.com\/www.altaviadeimontilattari.it\/wp-content\/uploads\/2020\/12\/alta_via_monyi_lattari_logo.png?fit=325%2C100&ssl=1\",\"contentUrl\":\"https:\/\/i0.wp.com\/www.altaviadeimontilattari.it\/wp-content\/uploads\/2020\/12\/alta_via_monyi_lattari_logo.png?fit=325%2C100&ssl=1\",\"width\":325,\"height\":100,\"caption\":\"Alta Via dei Monti Lattari\"},\"image\":{\"@id\":\"https:\/\/www.altaviadeimontilattari.it\/#\/schema\/logo\/image\/\"}}]}<\/script>\n<!-- \/ Yoast SEO plugin. -->","yoast_head_json":{"title":"Qu\u00e9 llevar - Material recomendado - Alta Via dei Monti Lattari","description":"Esta lista constituye un consejo sobre el equipo t\u00e9cnico m\u00ednimo necesario para afrontar una caminata de 3 d\u00edas por la Alta Via dei Monti Lattari.","robots":{"index":"index","follow":"follow","max-snippet":"max-snippet:-1","max-image-preview":"max-image-preview:large","max-video-preview":"max-video-preview:-1"},"canonical":"https:\/\/www.altaviadeimontilattari.it\/es\/que-llevar-material-recomendado\/","og_locale":"es_ES","og_type":"article","og_title":"Qu\u00e9 llevar - Material recomendado - Alta Via dei Monti Lattari","og_description":"Esta lista constituye un consejo sobre el equipo t\u00e9cnico m\u00ednimo necesario para afrontar una caminata de 3 d\u00edas por la Alta Via dei Monti Lattari.","og_url":"https:\/\/www.altaviadeimontilattari.it\/es\/que-llevar-material-recomendado\/","og_site_name":"Alta Via dei Monti Lattari","article_modified_time":"2022-06-30T13:34:20+00:00","og_image":[{"width":600,"height":600,"url":"https:\/\/i0.wp.com\/www.altaviadeimontilattari.it\/wp-content\/uploads\/2020\/12\/consigli_trekking.jpg?fit=600%2C600&ssl=1","type":"image\/jpeg"}],"twitter_card":"summary_large_image","twitter_misc":{"Tiempo de lectura":"1 minuto"},"schema":{"@context":"https:\/\/schema.org","@graph":[{"@type":"WebPage","@id":"https:\/\/www.altaviadeimontilattari.it\/es\/que-llevar-material-recomendado\/","url":"https:\/\/www.altaviadeimontilattari.it\/es\/que-llevar-material-recomendado\/","name":"Qu\u00e9 llevar - Material recomendado - Alta Via dei Monti Lattari","isPartOf":{"@id":"https:\/\/www.altaviadeimontilattari.it\/#website"},"primaryImageOfPage":{"@id":"https:\/\/www.altaviadeimontilattari.it\/es\/que-llevar-material-recomendado\/#primaryimage"},"image":{"@id":"https:\/\/www.altaviadeimontilattari.it\/es\/que-llevar-material-recomendado\/#primaryimage"},"thumbnailUrl":"https:\/\/i0.wp.com\/www.altaviadeimontilattari.it\/wp-content\/uploads\/2020\/12\/consigli_trekking.jpg?fit=600%2C600&ssl=1","datePublished":"2022-05-09T07:41:08+00:00","dateModified":"2022-06-30T13:34:20+00:00","description":"Esta lista constituye un consejo sobre el equipo t\u00e9cnico m\u00ednimo necesario para afrontar una caminata de 3 d\u00edas por la Alta Via dei Monti Lattari.","breadcrumb":{"@id":"https:\/\/www.altaviadeimontilattari.it\/es\/que-llevar-material-recomendado\/#breadcrumb"},"inLanguage":"es","potentialAction":[{"@type":"ReadAction","target":["https:\/\/www.altaviadeimontilattari.it\/es\/que-llevar-material-recomendado\/"]}]},{"@type":"ImageObject","inLanguage":"es","@id":"https:\/\/www.altaviadeimontilattari.it\/es\/que-llevar-material-recomendado\/#primaryimage","url":"https:\/\/i0.wp.com\/www.altaviadeimontilattari.it\/wp-content\/uploads\/2020\/12\/consigli_trekking.jpg?fit=600%2C600&ssl=1","contentUrl":"https:\/\/i0.wp.com\/www.altaviadeimontilattari.it\/wp-content\/uploads\/2020\/12\/consigli_trekking.jpg?fit=600%2C600&ssl=1","width":600,"height":600},{"@type":"BreadcrumbList","@id":"https:\/\/www.altaviadeimontilattari.it\/es\/que-llevar-material-recomendado\/#breadcrumb","itemListElement":[{"@type":"ListItem","position":1,"name":"Home","item":"https:\/\/www.altaviadeimontilattari.it\/es\/"},{"@type":"ListItem","position":2,"name":"Qu\u00e9 llevar &#8211; Material recomendado"}]},{"@type":"WebSite","@id":"https:\/\/www.altaviadeimontilattari.it\/#website","url":"https:\/\/www.altaviadeimontilattari.it\/","name":"Alta Via dei Monti Lattari","description":"La montagna \u00e8 un modo di vivere la vita.","publisher":{"@id":"https:\/\/www.altaviadeimontilattari.it\/#organization"},"potentialAction":[{"@type":"SearchAction","target":{"@type":"EntryPoint","urlTemplate":"https:\/\/www.altaviadeimontilattari.it\/?s={search_term_string}"},"query-input":{"@type":"PropertyValueSpecification","valueRequired":true,"valueName":"search_term_string"}}],"inLanguage":"es"},{"@type":"Organization","@id":"https:\/\/www.altaviadeimontilattari.it\/#organization","name":"Alta Via dei Monti Lattari","url":"https:\/\/www.altaviadeimontilattari.it\/","logo":{"@type":"ImageObject","inLanguage":"es","@id":"https:\/\/www.altaviadeimontilattari.it\/#\/schema\/logo\/image\/","url":"https:\/\/i0.wp.com\/www.altaviadeimontilattari.it\/wp-content\/uploads\/2020\/12\/alta_via_monyi_lattari_logo.png?fit=325%2C100&ssl=1","contentUrl":"https:\/\/i0.wp.com\/www.altaviadeimontilattari.it\/wp-content\/uploads\/2020\/12\/alta_via_monyi_lattari_logo.png?fit=325%2C100&ssl=1","width":325,"height":100,"caption":"Alta Via dei Monti Lattari"},"image":{"@id":"https:\/\/www.altaviadeimontilattari.it\/#\/schema\/logo\/image\/"}}]}},"jetpack-related-posts":[{"id":5936,"url":"https:\/\/www.altaviadeimontilattari.it\/es\/camina-con-nosotros\/","url_meta":{"origin":5999,"position":0},"title":"Camina con nosotros","author":"Luca Casaburi","date":"6 de mayo de 2022","format":false,"excerpt":"Cualquiera puede caminar con nosotros. Descubra con nosotros la Alta Via dei Monti Lattari. Camina con nosotros Del 2 al 4 de junio de 2022 Recorremos la Alta Via dei Monti Lattari en su totalidad a lo largo de tres d\u00edas, siguiendo todo el camino de los 300CAI. Parte del\u2026","rel":"","context":"Entrada similar","block_context":{"text":"Entrada similar","link":""},"img":{"alt_text":"","src":"https:\/\/i0.wp.com\/www.altaviadeimontilattari.it\/wp-content\/uploads\/2022\/05\/monte_finestra_sud-edited.jpg?resize=350%2C200&ssl=1","width":350,"height":200,"srcset":"https:\/\/i0.wp.com\/www.altaviadeimontilattari.it\/wp-content\/uploads\/2022\/05\/monte_finestra_sud-edited.jpg?resize=350%2C200&ssl=1 1x, https:\/\/i0.wp.com\/www.altaviadeimontilattari.it\/wp-content\/uploads\/2022\/05\/monte_finestra_sud-edited.jpg?resize=525%2C300&ssl=1 1.5x, https:\/\/i0.wp.com\/www.altaviadeimontilattari.it\/wp-content\/uploads\/2022\/05\/monte_finestra_sud-edited.jpg?resize=700%2C400&ssl=1 2x"},"classes":[]},{"id":7291,"url":"https:\/\/www.altaviadeimontilattari.it\/es\/cammina-con-noi-iii-edicion-2024\/","url_meta":{"origin":5999,"position":1},"title":"Cammina con noi &#8211; III edici\u00f3n 2024","author":"Luca Casaburi","date":"11 de abril de 2024","format":false,"excerpt":"Cualquiera puede caminar con nosotros. Descubra con nosotros la Alta Via dei Monti Lattari. Recorremos la Alta Via dei Monti Lattari en su totalidad a lo largo de tres d\u00edas, siguiendo todo el camino de los 300CAI. Parte del municipio de Cava de' Tirreni y llega hasta Punta Campanella, el\u2026","rel":"","context":"Entrada similar","block_context":{"text":"Entrada similar","link":""},"img":{"alt_text":"","src":"https:\/\/i0.wp.com\/www.altaviadeimontilattari.it\/wp-content\/uploads\/2024\/04\/iii-edizione.jpg?resize=350%2C200&ssl=1","width":350,"height":200,"srcset":"https:\/\/i0.wp.com\/www.altaviadeimontilattari.it\/wp-content\/uploads\/2024\/04\/iii-edizione.jpg?resize=350%2C200&ssl=1 1x, https:\/\/i0.wp.com\/www.altaviadeimontilattari.it\/wp-content\/uploads\/2024\/04\/iii-edizione.jpg?resize=525%2C300&ssl=1 1.5x, https:\/\/i0.wp.com\/www.altaviadeimontilattari.it\/wp-content\/uploads\/2024\/04\/iii-edizione.jpg?resize=700%2C400&ssl=1 2x"},"classes":[]},{"id":6011,"url":"https:\/\/www.altaviadeimontilattari.it\/es\/diario-de-la-cumbre\/","url_meta":{"origin":5999,"position":2},"title":"Diario de la Cumbre","author":"Luca Casaburi","date":"15 de enero de 2022","format":false,"excerpt":"Comparte una idea tuya para que otros exploradores se enamoren de la naturaleza Deja un pensamiento, una emoci\u00f3n, una foto, un poema o una frase relacionados con los lugares por los que pasa laAlta Via dei Monti Lattari. Se publicar\u00e1 en el Diario delle Vette, un diario en l\u00ednea que\u2026","rel":"","context":"Entrada similar","block_context":{"text":"Entrada similar","link":""},"img":{"alt_text":"","src":"","width":0,"height":0},"classes":[]},{"id":5954,"url":"https:\/\/www.altaviadeimontilattari.it\/es\/consejos-utiles-para-organizarse\/","url_meta":{"origin":5999,"position":3},"title":"Consejos \u00fatiles para organizarse","author":"","date":"20 de noviembre de 2020","format":false,"excerpt":"Senderismo en Costa de Amalfi es hermosa y debe seguir si\u00e9ndolo. Durante su experiencia, es importante que practique el senderismo de forma responsable, sobre todo por el creciente n\u00famero de turistas que se adentran en los senderos cada a\u00f1o. Aqu\u00ed tienes algunos consejos para organizarte y vivir al m\u00e1ximo el\u2026","rel":"","context":"Entrada similar","block_context":{"text":"Entrada similar","link":""},"img":{"alt_text":"","src":"","width":0,"height":0},"classes":[]},{"id":5995,"url":"https:\/\/www.altaviadeimontilattari.it\/es\/la-costa-amalfitana-y-la-peninsula-sorrentina-entre-poesia-arte-y-aforismos\/","url_meta":{"origin":5999,"position":4},"title":"La Costa Amalfitana y la Pen\u00ednsula Sorrentina entre poes\u00eda, arte y aforismos","author":"Luca Casaburi","date":"28 de mayo de 2022","format":false,"excerpt":"La Costa de Amalfi siempre ha sido tierra de marineros e inventores, pero tambi\u00e9n inspiraci\u00f3n para poetas, escritores y grandes compositores. Propongo un viaje por estas tierras, verdaderos cuadros enmarcados por un cielo a\u00f1il y un mar esmeralda, vistos a trav\u00e9s de los ojos de ilustres visitantes. La costa fue\u2026","rel":"","context":"Entrada similar","block_context":{"text":"Entrada similar","link":""},"img":{"alt_text":"","src":"","width":0,"height":0},"classes":[]},{"id":7285,"url":"https:\/\/www.altaviadeimontilattari.it\/fr\/cammina-con-noi-iii-edition-2024\/","url_meta":{"origin":5999,"position":5},"title":"Cammina con noi &#8211; III \u00e9dition 2024","author":"Luca Casaburi","date":"11 de abril de 2024","format":false,"excerpt":"Tout le monde peut marcher avec nous. Partez avec nous \u00e0 la d\u00e9couverte de l'Alta Via dei Monti Lattari! Nous parcourons l'Alta Via dei Monti Lattari dans son int\u00e9gralit\u00e9 pendant trois jours, en suivant tout le sentier 300CAI. Il part de la municipalit\u00e9 de Cava de' Tirreni et atteint Punta\u2026","rel":"","context":"Entrada similar","block_context":{"text":"Entrada similar","link":""},"img":{"alt_text":"","src":"https:\/\/i0.wp.com\/www.altaviadeimontilattari.it\/wp-content\/uploads\/2024\/04\/iii-edizione.jpg?resize=350%2C200&ssl=1","width":350,"height":200,"srcset":"https:\/\/i0.wp.com\/www.altaviadeimontilattari.it\/wp-content\/uploads\/2024\/04\/iii-edizione.jpg?resize=350%2C200&ssl=1 1x, https:\/\/i0.wp.com\/www.altaviadeimontilattari.it\/wp-content\/uploads\/2024\/04\/iii-edizione.jpg?resize=525%2C300&ssl=1 1.5x, https:\/\/i0.wp.com\/www.altaviadeimontilattari.it\/wp-content\/uploads\/2024\/04\/iii-edizione.jpg?resize=700%2C400&ssl=1 2x"},"classes":[]}],"jetpack_shortlink":"https:\/\/wp.me\/PcGNaV-1yL","jetpack_sharing_enabled":true,"_links":{"self":[{"href":"https:\/\/www.altaviadeimontilattari.it\/es\/wp-json\/wp\/v2\/pages\/5999","targetHints":{"allow":["GET"]}}],"collection":[{"href":"https:\/\/www.altaviadeimontilattari.it\/es\/wp-json\/wp\/v2\/pages"}],"about":[{"href":"https:\/\/www.altaviadeimontilattari.it\/es\/wp-json\/wp\/v2\/types\/page"}],"author":[{"embeddable":true,"href":"https:\/\/www.altaviadeimontilattari.it\/es\/wp-json\/wp\/v2\/users\/1"}],"replies":[{"embeddable":true,"href":"https:\/\/www.altaviadeimontilattari.it\/es\/wp-json\/wp\/v2\/comments?post=5999"}],"version-history":[{"count":1,"href":"https:\/\/www.altaviadeimontilattari.it\/es\/wp-json\/wp\/v2\/pages\/5999\/revisions"}],"predecessor-version":[{"id":6000,"href":"https:\/\/www.altaviadeimontilattari.it\/es\/wp-json\/wp\/v2\/pages\/5999\/revisions\/6000"}],"wp:featuredmedia":[{"embeddable":true,"href":"https:\/\/www.altaviadeimontilattari.it\/es\/wp-json\/wp\/v2\/media\/4938"}],"wp:attachment":[{"href":"https:\/\/www.altaviadeimontilattari.it\/es\/wp-json\/wp\/v2\/media?parent=5999"}],"curies":[{"name":"wp","href":"https:\/\/api.w.org\/{rel}","templated":true}]}}