{"id":6027,"date":"2022-01-12T05:24:07","date_gmt":"2022-01-12T05:24:07","guid":{"rendered":"https:\/\/www.altaviadeimontilattari.it\/apoyanos\/"},"modified":"2022-06-30T13:40:07","modified_gmt":"2022-06-30T13:40:07","slug":"apoyanos","status":"publish","type":"page","link":"https:\/\/www.altaviadeimontilattari.it\/es\/apoyanos\/","title":{"rendered":"Ap\u00f3yanos"},"content":{"rendered":"\n<div class=\"wp-block-themeisle-blocks-advanced-columns has-0-columns has-desktop-equal-layout has-tablet-equal-layout has-mobile-equal-layout has-default-gap has-vertical-unset\" id=\"wp-block-themeisle-blocks-advanced-columns-b368843b\"><div class=\"wp-block-themeisle-blocks-advanced-columns-overlay\"><\/div><div class=\"innerblocks-wrap\"><\/div><\/div>\n\n<h2 class=\"wp-block-heading\">Apoye nuestro proyecto<\/h2>\n\n<p class=\"has-text-align-left\">Apoya nuestro proyecto Alta Via dei Monti<strong> Lattari<\/strong> mediante <a href=\"http:\/\/turismo.ricercattiva.it\" target=\"_blank\" rel=\"noreferrer noopener\">\n  <strong>Turismo.RicercAttiva<\/strong>\n<\/a>. Ay\u00fadanos a promocionar nuestro territorio con su naturaleza, historia y cultura.<\/p>\n\n<p><em>\n  <strong>altaviadeimontilattari.it<\/strong>\n<\/em> es uno de los muchos proyectos que llevamos a cabo, s\u00edguenos y descubre todas nuestras actividades.<\/p>\n\n<p>Para apoyarnos, puede hacer una donaci\u00f3n pulsando el siguiente bot\u00f3n.<\/p>\n\n<div id=\"donate-button-container\">\n<div id=\"donate-button\"><\/div>\n<script src=\"https:\/\/www.paypalobjects.com\/donate\/sdk\/donate-sdk.js\" charset=\"UTF-8\"><\/script><script>\nPayPal.Donation.Button({\nenv:'production',\nhosted_button_id:'W54QQ8G8BKD82',\nimage: {\nsrc:'https:\/\/pics.paypal.com\/00\/s\/NWI3ZDBkNDYtMjdhNC00YWQ0LWFjYzUtNzQ3NzIyM2VlOTE1\/file.PNG',\nalt:'Fai una donazione con il pulsante PayPal',\ntitle:'PayPal - The safer, easier way to pay online!',\n}\n}).render('#donate-button');\n<\/script><\/div>\n\n<h2 class=\"wp-block-heading\">Descubra nuestra marca<\/h2>\n\n<p>Compra nuestros productos y gadgets, todo lo recaudado se destinar\u00e1 a nuestras iniciativas.<\/p>\n\n<div class=\"wp-block-buttons alignfull is-content-justification-center is-layout-flex wp-block-buttons-is-layout-flex\">\n<div class=\"wp-block-button\"><a class=\"wp-block-button__link\" href=\"https:\/\/www.stickerland.it\/categoria-prodotto\/area-merchandising\/ricercattiva-turismo\/\" target=\"_blank\" rel=\"noreferrer noopener\">TIENDA y marcas<\/a><\/div>\n<\/div>\n\n<div class=\"wp-block-jetpack-tiled-gallery aligncenter is-style-rectangular\"><div class=\"tiled-gallery__gallery\"><div class=\"tiled-gallery__row\"><div class=\"tiled-gallery__col\" style=\"flex-basis:66.86747%\"><figure class=\"tiled-gallery__item\"><img decoding=\"async\" role=\"button\" tabindex=\"0\" aria-label=\"Abrir la imagen 1 de 3 en pantalla completa\"srcset=\"https:\/\/i2.wp.com\/www.altaviadeimontilattari.it\/wp-content\/uploads\/2022\/01\/toppa-patch-ricercattiva-completa-stickerland-536x536-1.png?strip=info&#038;w=536&#038;ssl=1 536w\" alt=\"\" data-height=\"536\" data-id=\"3865\" data-link=\"https:\/\/altaviadeimontilattari.it\/supportaci\/toppa-patch-ricercattiva-completa-stickerland-536x536-1\/\" data-url=\"https:\/\/altaviadeimontilattari.it\/wp-content\/uploads\/2022\/01\/toppa-patch-ricercattiva-completa-stickerland-536x536-1.png\" data-width=\"536\" src=\"https:\/\/i2.wp.com\/www.altaviadeimontilattari.it\/wp-content\/uploads\/2022\/01\/toppa-patch-ricercattiva-completa-stickerland-536x536-1.png?ssl=1\" data-amp-layout=\"responsive\"><\/figure><\/div><div class=\"tiled-gallery__col\" style=\"flex-basis:33.13253%\"><figure class=\"tiled-gallery__item\"><img decoding=\"async\" role=\"button\" tabindex=\"0\" aria-label=\"Abrir la imagen 2 de 3 en pantalla completa\"srcset=\"https:\/\/i1.wp.com\/www.altaviadeimontilattari.it\/wp-content\/uploads\/2022\/01\/sacca-zaino-di-cotone-certificato-ricercattiva-turismo-versione-1-536x536-1.png?strip=info&#038;w=536&#038;ssl=1 536w\" alt=\"\" data-height=\"536\" data-id=\"3866\" data-link=\"https:\/\/altaviadeimontilattari.it\/supportaci\/sacca-zaino-di-cotone-certificato-ricercattiva-turismo-versione-1-536x536-1\/\" data-url=\"https:\/\/altaviadeimontilattari.it\/wp-content\/uploads\/2022\/01\/sacca-zaino-di-cotone-certificato-ricercattiva-turismo-versione-1-536x536-1.png\" data-width=\"536\" src=\"https:\/\/i1.wp.com\/www.altaviadeimontilattari.it\/wp-content\/uploads\/2022\/01\/sacca-zaino-di-cotone-certificato-ricercattiva-turismo-versione-1-536x536-1.png?ssl=1\" data-amp-layout=\"responsive\"><\/figure><figure class=\"tiled-gallery__item\"><img decoding=\"async\" role=\"button\" tabindex=\"0\" aria-label=\"Abrir la imagen 3 de 3 en pantalla completa\"srcset=\"https:\/\/i2.wp.com\/www.altaviadeimontilattari.it\/wp-content\/uploads\/2022\/01\/sacca-zaino-personalizzata-alta-via-dei-monti-lattari-730x730-1.png?strip=info&#038;w=600&#038;ssl=1 600w,https:\/\/i2.wp.com\/www.altaviadeimontilattari.it\/wp-content\/uploads\/2022\/01\/sacca-zaino-personalizzata-alta-via-dei-monti-lattari-730x730-1.png?strip=info&#038;w=730&#038;ssl=1 730w\" alt=\"\" data-height=\"730\" data-id=\"3867\" data-link=\"https:\/\/altaviadeimontilattari.it\/supportaci\/sacca-zaino-personalizzata-alta-via-dei-monti-lattari-730x730-1\/\" data-url=\"https:\/\/altaviadeimontilattari.it\/wp-content\/uploads\/2022\/01\/sacca-zaino-personalizzata-alta-via-dei-monti-lattari-730x730-1.png\" data-width=\"730\" src=\"https:\/\/i2.wp.com\/www.altaviadeimontilattari.it\/wp-content\/uploads\/2022\/01\/sacca-zaino-personalizzata-alta-via-dei-monti-lattari-730x730-1.png?ssl=1\" data-amp-layout=\"responsive\"><\/figure><\/div><\/div><\/div><\/div>\n\n<p><\/p>\n<div style=\"margin: 20px 0;\"><div class=\"qrcswholewtapper\" style=\"text-align:left;\"><div class=\"qrcprowrapper\"  id=\"qrcwraa2leds\"><div class=\"qrc_canvass\" id=\"qrc_cuttenpages_2\" style=\"display:inline-block\" data-text=\"https:\/\/www.altaviadeimontilattari.it\/es\/apoyanos\/\"><\/div><div><a download=\"Ap\u00f3yanos.png\" class=\"qrcdownloads\" id=\"worign\">\r\n           <button type=\"button\" style=\"min-width:200px;background:#81ea00;color:#000;font-weight: 600;border: 1px solid #dddddd;border-radius:4px;font-size:12px;padding: 6px 0;\" class=\"uqr_code_btn\">Download QR<\/button>\r\n           <\/a><\/div><\/div><\/div><\/div>","protected":false},"excerpt":{"rendered":"<p>Apoye nuestro proyecto Apoya nuestro proyecto Alta Via dei Monti Lattari mediante Turismo.RicercAttiva . Ay\u00fadanos a promocionar nuestro territorio con su naturaleza, historia y cultura. altaviadeimontilattari.it es uno de los muchos proyectos que llevamos a cabo, s\u00edguenos y descubre todas nuestras actividades. Para apoyarnos, puede hacer una donaci\u00f3n pulsando el siguiente bot\u00f3n. Descubra nuestra marca&hellip;&nbsp;<a href=\"https:\/\/www.altaviadeimontilattari.it\/es\/apoyanos\/\" rel=\"bookmark\">Read More &raquo;<span class=\"screen-reader-text\">Ap\u00f3yanos<\/span><\/a><\/p>\n","protected":false},"author":1,"featured_media":0,"parent":0,"menu_order":0,"comment_status":"closed","ping_status":"closed","template":"","meta":{"neve_meta_sidebar":"full-width","neve_meta_container":"","neve_meta_enable_content_width":"on","neve_meta_content_width":100,"neve_meta_title_alignment":"","neve_meta_author_avatar":"","neve_post_elements_order":"","neve_meta_disable_header":"","neve_meta_disable_footer":"","neve_meta_disable_title":"","neve_meta_reading_time":"","_themeisle_gutenberg_block_has_review":false,"jetpack_post_was_ever_published":false,"footnotes":""},"class_list":["post-6027","page","type-page","status-publish","hentry"],"yoast_head":"<!-- This site is optimized with the Yoast SEO plugin v27.4 - https:\/\/yoast.com\/product\/yoast-seo-wordpress\/ -->\n<title>Ap\u00f3yanos - Alta Via dei Monti Lattari<\/title>\n<meta name=\"description\" content=\"Apoye nuestro proyecto Alta Via dei Monti Lattari de Turismo.RicercAttiva. Ay\u00fadanos a promocionar nuestro territorio\" \/>\n<meta name=\"robots\" content=\"index, follow, max-snippet:-1, max-image-preview:large, max-video-preview:-1\" \/>\n<link rel=\"canonical\" href=\"https:\/\/www.altaviadeimontilattari.it\/es\/apoyanos\/\" \/>\n<meta property=\"og:locale\" content=\"es_ES\" \/>\n<meta property=\"og:type\" content=\"article\" \/>\n<meta property=\"og:title\" content=\"Ap\u00f3yanos - Alta Via dei Monti Lattari\" \/>\n<meta property=\"og:description\" content=\"Apoye nuestro proyecto Alta Via dei Monti Lattari de Turismo.RicercAttiva. Ay\u00fadanos a promocionar nuestro territorio\" \/>\n<meta property=\"og:url\" content=\"https:\/\/www.altaviadeimontilattari.it\/es\/apoyanos\/\" \/>\n<meta property=\"og:site_name\" content=\"Alta Via dei Monti Lattari\" \/>\n<meta property=\"article:modified_time\" content=\"2022-06-30T13:40:07+00:00\" \/>\n<meta property=\"og:image\" content=\"https:\/\/i2.wp.com\/www.altaviadeimontilattari.it\/wp-content\/uploads\/2022\/01\/toppa-patch-ricercattiva-completa-stickerland-536x536-1.png?ssl=1\" \/>\n<meta name=\"twitter:card\" content=\"summary_large_image\" \/>\n<script type=\"application\/ld+json\" class=\"yoast-schema-graph\">{\"@context\":\"https:\\\/\\\/schema.org\",\"@graph\":[{\"@type\":\"WebPage\",\"@id\":\"https:\\\/\\\/www.altaviadeimontilattari.it\\\/es\\\/apoyanos\\\/\",\"url\":\"https:\\\/\\\/www.altaviadeimontilattari.it\\\/es\\\/apoyanos\\\/\",\"name\":\"Ap\u00f3yanos - Alta Via dei Monti Lattari\",\"isPartOf\":{\"@id\":\"https:\\\/\\\/www.altaviadeimontilattari.it\\\/#website\"},\"primaryImageOfPage\":{\"@id\":\"https:\\\/\\\/www.altaviadeimontilattari.it\\\/es\\\/apoyanos\\\/#primaryimage\"},\"image\":{\"@id\":\"https:\\\/\\\/www.altaviadeimontilattari.it\\\/es\\\/apoyanos\\\/#primaryimage\"},\"thumbnailUrl\":\"https:\\\/\\\/i2.wp.com\\\/www.altaviadeimontilattari.it\\\/wp-content\\\/uploads\\\/2022\\\/01\\\/toppa-patch-ricercattiva-completa-stickerland-536x536-1.png?ssl=1\",\"datePublished\":\"2022-01-12T05:24:07+00:00\",\"dateModified\":\"2022-06-30T13:40:07+00:00\",\"description\":\"Apoye nuestro proyecto Alta Via dei Monti Lattari de Turismo.RicercAttiva. Ay\u00fadanos a promocionar nuestro territorio\",\"breadcrumb\":{\"@id\":\"https:\\\/\\\/www.altaviadeimontilattari.it\\\/es\\\/apoyanos\\\/#breadcrumb\"},\"inLanguage\":\"es\",\"potentialAction\":[{\"@type\":\"ReadAction\",\"target\":[\"https:\\\/\\\/www.altaviadeimontilattari.it\\\/es\\\/apoyanos\\\/\"]}]},{\"@type\":\"ImageObject\",\"inLanguage\":\"es\",\"@id\":\"https:\\\/\\\/www.altaviadeimontilattari.it\\\/es\\\/apoyanos\\\/#primaryimage\",\"url\":\"https:\\\/\\\/i2.wp.com\\\/www.altaviadeimontilattari.it\\\/wp-content\\\/uploads\\\/2022\\\/01\\\/toppa-patch-ricercattiva-completa-stickerland-536x536-1.png?ssl=1\",\"contentUrl\":\"https:\\\/\\\/i2.wp.com\\\/www.altaviadeimontilattari.it\\\/wp-content\\\/uploads\\\/2022\\\/01\\\/toppa-patch-ricercattiva-completa-stickerland-536x536-1.png?ssl=1\"},{\"@type\":\"BreadcrumbList\",\"@id\":\"https:\\\/\\\/www.altaviadeimontilattari.it\\\/es\\\/apoyanos\\\/#breadcrumb\",\"itemListElement\":[{\"@type\":\"ListItem\",\"position\":1,\"name\":\"Home\",\"item\":\"https:\\\/\\\/www.altaviadeimontilattari.it\\\/es\\\/\"},{\"@type\":\"ListItem\",\"position\":2,\"name\":\"Ap\u00f3yanos\"}]},{\"@type\":\"WebSite\",\"@id\":\"https:\\\/\\\/www.altaviadeimontilattari.it\\\/#website\",\"url\":\"https:\\\/\\\/www.altaviadeimontilattari.it\\\/\",\"name\":\"Alta Via dei Monti Lattari\",\"description\":\"La montagna \u00e8 un modo di vivere la vita.\",\"publisher\":{\"@id\":\"https:\\\/\\\/www.altaviadeimontilattari.it\\\/#organization\"},\"potentialAction\":[{\"@type\":\"SearchAction\",\"target\":{\"@type\":\"EntryPoint\",\"urlTemplate\":\"https:\\\/\\\/www.altaviadeimontilattari.it\\\/?s={search_term_string}\"},\"query-input\":{\"@type\":\"PropertyValueSpecification\",\"valueRequired\":true,\"valueName\":\"search_term_string\"}}],\"inLanguage\":\"es\"},{\"@type\":\"Organization\",\"@id\":\"https:\\\/\\\/www.altaviadeimontilattari.it\\\/#organization\",\"name\":\"Alta Via dei Monti Lattari\",\"url\":\"https:\\\/\\\/www.altaviadeimontilattari.it\\\/\",\"logo\":{\"@type\":\"ImageObject\",\"inLanguage\":\"es\",\"@id\":\"https:\\\/\\\/www.altaviadeimontilattari.it\\\/#\\\/schema\\\/logo\\\/image\\\/\",\"url\":\"https:\\\/\\\/i0.wp.com\\\/www.altaviadeimontilattari.it\\\/wp-content\\\/uploads\\\/2020\\\/12\\\/alta_via_monyi_lattari_logo.png?fit=325%2C100&ssl=1\",\"contentUrl\":\"https:\\\/\\\/i0.wp.com\\\/www.altaviadeimontilattari.it\\\/wp-content\\\/uploads\\\/2020\\\/12\\\/alta_via_monyi_lattari_logo.png?fit=325%2C100&ssl=1\",\"width\":325,\"height\":100,\"caption\":\"Alta Via dei Monti Lattari\"},\"image\":{\"@id\":\"https:\\\/\\\/www.altaviadeimontilattari.it\\\/#\\\/schema\\\/logo\\\/image\\\/\"}}]}<\/script>\n<!-- \/ Yoast SEO plugin. -->","yoast_head_json":{"title":"Ap\u00f3yanos - Alta Via dei Monti Lattari","description":"Apoye nuestro proyecto Alta Via dei Monti Lattari de Turismo.RicercAttiva. Ay\u00fadanos a promocionar nuestro territorio","robots":{"index":"index","follow":"follow","max-snippet":"max-snippet:-1","max-image-preview":"max-image-preview:large","max-video-preview":"max-video-preview:-1"},"canonical":"https:\/\/www.altaviadeimontilattari.it\/es\/apoyanos\/","og_locale":"es_ES","og_type":"article","og_title":"Ap\u00f3yanos - Alta Via dei Monti Lattari","og_description":"Apoye nuestro proyecto Alta Via dei Monti Lattari de Turismo.RicercAttiva. Ay\u00fadanos a promocionar nuestro territorio","og_url":"https:\/\/www.altaviadeimontilattari.it\/es\/apoyanos\/","og_site_name":"Alta Via dei Monti Lattari","article_modified_time":"2022-06-30T13:40:07+00:00","og_image":[{"url":"https:\/\/i2.wp.com\/www.altaviadeimontilattari.it\/wp-content\/uploads\/2022\/01\/toppa-patch-ricercattiva-completa-stickerland-536x536-1.png?ssl=1","type":"","width":"","height":""}],"twitter_card":"summary_large_image","schema":{"@context":"https:\/\/schema.org","@graph":[{"@type":"WebPage","@id":"https:\/\/www.altaviadeimontilattari.it\/es\/apoyanos\/","url":"https:\/\/www.altaviadeimontilattari.it\/es\/apoyanos\/","name":"Ap\u00f3yanos - Alta Via dei Monti Lattari","isPartOf":{"@id":"https:\/\/www.altaviadeimontilattari.it\/#website"},"primaryImageOfPage":{"@id":"https:\/\/www.altaviadeimontilattari.it\/es\/apoyanos\/#primaryimage"},"image":{"@id":"https:\/\/www.altaviadeimontilattari.it\/es\/apoyanos\/#primaryimage"},"thumbnailUrl":"https:\/\/i2.wp.com\/www.altaviadeimontilattari.it\/wp-content\/uploads\/2022\/01\/toppa-patch-ricercattiva-completa-stickerland-536x536-1.png?ssl=1","datePublished":"2022-01-12T05:24:07+00:00","dateModified":"2022-06-30T13:40:07+00:00","description":"Apoye nuestro proyecto Alta Via dei Monti Lattari de Turismo.RicercAttiva. Ay\u00fadanos a promocionar nuestro territorio","breadcrumb":{"@id":"https:\/\/www.altaviadeimontilattari.it\/es\/apoyanos\/#breadcrumb"},"inLanguage":"es","potentialAction":[{"@type":"ReadAction","target":["https:\/\/www.altaviadeimontilattari.it\/es\/apoyanos\/"]}]},{"@type":"ImageObject","inLanguage":"es","@id":"https:\/\/www.altaviadeimontilattari.it\/es\/apoyanos\/#primaryimage","url":"https:\/\/i2.wp.com\/www.altaviadeimontilattari.it\/wp-content\/uploads\/2022\/01\/toppa-patch-ricercattiva-completa-stickerland-536x536-1.png?ssl=1","contentUrl":"https:\/\/i2.wp.com\/www.altaviadeimontilattari.it\/wp-content\/uploads\/2022\/01\/toppa-patch-ricercattiva-completa-stickerland-536x536-1.png?ssl=1"},{"@type":"BreadcrumbList","@id":"https:\/\/www.altaviadeimontilattari.it\/es\/apoyanos\/#breadcrumb","itemListElement":[{"@type":"ListItem","position":1,"name":"Home","item":"https:\/\/www.altaviadeimontilattari.it\/es\/"},{"@type":"ListItem","position":2,"name":"Ap\u00f3yanos"}]},{"@type":"WebSite","@id":"https:\/\/www.altaviadeimontilattari.it\/#website","url":"https:\/\/www.altaviadeimontilattari.it\/","name":"Alta Via dei Monti Lattari","description":"La montagna \u00e8 un modo di vivere la vita.","publisher":{"@id":"https:\/\/www.altaviadeimontilattari.it\/#organization"},"potentialAction":[{"@type":"SearchAction","target":{"@type":"EntryPoint","urlTemplate":"https:\/\/www.altaviadeimontilattari.it\/?s={search_term_string}"},"query-input":{"@type":"PropertyValueSpecification","valueRequired":true,"valueName":"search_term_string"}}],"inLanguage":"es"},{"@type":"Organization","@id":"https:\/\/www.altaviadeimontilattari.it\/#organization","name":"Alta Via dei Monti Lattari","url":"https:\/\/www.altaviadeimontilattari.it\/","logo":{"@type":"ImageObject","inLanguage":"es","@id":"https:\/\/www.altaviadeimontilattari.it\/#\/schema\/logo\/image\/","url":"https:\/\/i0.wp.com\/www.altaviadeimontilattari.it\/wp-content\/uploads\/2020\/12\/alta_via_monyi_lattari_logo.png?fit=325%2C100&ssl=1","contentUrl":"https:\/\/i0.wp.com\/www.altaviadeimontilattari.it\/wp-content\/uploads\/2020\/12\/alta_via_monyi_lattari_logo.png?fit=325%2C100&ssl=1","width":325,"height":100,"caption":"Alta Via dei Monti Lattari"},"image":{"@id":"https:\/\/www.altaviadeimontilattari.it\/#\/schema\/logo\/image\/"}}]}},"jetpack-related-posts":[{"id":6722,"url":"https:\/\/www.altaviadeimontilattari.it\/es\/","url_meta":{"origin":6027,"position":0},"title":"Hogar","author":"Turismo.Ricercattiva","date":"8 de julio de 2022","format":false,"excerpt":"Alta V\u00eda Dei Monti Lattari En los grandes espacios de la monta\u00f1a, en sus altos silencios, el hombre sin distracciones puede captar el sentido de su peque\u00f1ez y la dimensi\u00f3n infinita de su alma. DESCUBRA M\u00c1S Sendero contacto con la naturaleza Paisajes salvajes y rurales, mar azul profundo, acantilados y\u2026","rel":"","context":"Entrada similar","block_context":{"text":"Entrada similar","link":""},"img":{"alt_text":"Alta Via dei Monti Lattari Sentiero Italia 300 CAI","src":"https:\/\/i0.wp.com\/www.altaviadeimontilattari.it\/wp-content\/uploads\/2020\/12\/alta_via_monti_lattari_sentiero_italia_300_cai.jpg?resize=350%2C200&ssl=1","width":350,"height":200,"srcset":"https:\/\/i0.wp.com\/www.altaviadeimontilattari.it\/wp-content\/uploads\/2020\/12\/alta_via_monti_lattari_sentiero_italia_300_cai.jpg?resize=350%2C200&ssl=1 1x, https:\/\/i0.wp.com\/www.altaviadeimontilattari.it\/wp-content\/uploads\/2020\/12\/alta_via_monti_lattari_sentiero_italia_300_cai.jpg?resize=525%2C300&ssl=1 1.5x"},"classes":[]},{"id":5969,"url":"https:\/\/www.altaviadeimontilattari.it\/es\/las-emociones-paso-a-paso\/","url_meta":{"origin":6027,"position":1},"title":"Las emociones paso a paso","author":"Luca Casaburi","date":"1 de junio de 2022","format":false,"excerpt":"Paso a paso compartimos nuestras emociones, una sola palabra para describir lo que sentimos en ese momento en la Alta Via dei Monti Lattari. Construiremos una nube de palabras que ir\u00e1 creciendo a lo largo de nuestro viaje. Si tambi\u00e9n quieres compartir una palabra tuya durante nuestra experiencia, entra en\u2026","rel":"","context":"Entrada similar","block_context":{"text":"Entrada similar","link":""},"img":{"alt_text":"","src":"","width":0,"height":0},"classes":[]},{"id":5944,"url":"https:\/\/www.altaviadeimontilattari.it\/es\/camina-con-nosotros-junio-2022\/","url_meta":{"origin":6027,"position":2},"title":"Camina con nosotros &#8211; Junio 2022","author":"Luca Casaburi","date":"9 de junio de 2022","format":false,"excerpt":"Nuestro viaje por la Alta Via dei Monti Lattari ha llegado a su fin. Un maravilloso viaje por estas maravillosas tierras entre la historia y la naturaleza. Un viaje que nos permiti\u00f3 conocer gente fant\u00e1stica y nos hizo redescubrir la hospitalidad de nuestra tierra. Es un viaje y una excursi\u00f3n\u2026","rel":"","context":"Entrada similar","block_context":{"text":"Entrada similar","link":""},"img":{"alt_text":"","src":"https:\/\/i0.wp.com\/www.altaviadeimontilattari.it\/wp-content\/uploads\/2022\/06\/km_20220602_1080p.00_00_00_00.Immagine002.jpg?fit=1200%2C675&ssl=1&resize=350%2C200","width":350,"height":200,"srcset":"https:\/\/i0.wp.com\/www.altaviadeimontilattari.it\/wp-content\/uploads\/2022\/06\/km_20220602_1080p.00_00_00_00.Immagine002.jpg?fit=1200%2C675&ssl=1&resize=350%2C200 1x, https:\/\/i0.wp.com\/www.altaviadeimontilattari.it\/wp-content\/uploads\/2022\/06\/km_20220602_1080p.00_00_00_00.Immagine002.jpg?fit=1200%2C675&ssl=1&resize=525%2C300 1.5x, https:\/\/i0.wp.com\/www.altaviadeimontilattari.it\/wp-content\/uploads\/2022\/06\/km_20220602_1080p.00_00_00_00.Immagine002.jpg?fit=1200%2C675&ssl=1&resize=700%2C400 2x, https:\/\/i0.wp.com\/www.altaviadeimontilattari.it\/wp-content\/uploads\/2022\/06\/km_20220602_1080p.00_00_00_00.Immagine002.jpg?fit=1200%2C675&ssl=1&resize=1050%2C600 3x"},"classes":[]},{"id":7197,"url":"https:\/\/www.altaviadeimontilattari.it\/es\/el-libro-de-los-exploradores\/","url_meta":{"origin":6027,"position":3},"title":"El libro de los exploradores","author":"Luca Casaburi","date":"23 de septiembre de 2023","format":false,"excerpt":"El libro de los exploradores \u00bfHas caminado por la Alta Via dei Monti Lattari? Env\u00edanos tu experiencia y recibir\u00e1s gratis uno de los parches de este espl\u00e9ndido viaje Deja un testimonio de tu traves\u00eda desde Cava de' Tirreni hasta Punta Campanella (Termini). Env\u00edanos la pista registrada con GPS o smartphone\u2026","rel":"","context":"Entrada similar","block_context":{"text":"Entrada similar","link":""},"img":{"alt_text":"","src":"https:\/\/i0.wp.com\/www.altaviadeimontilattari.it\/wp-content\/uploads\/2023\/09\/patch-alta-via-dei-monti-lattari.jpg?fit=1200%2C708&ssl=1&resize=350%2C200","width":350,"height":200,"srcset":"https:\/\/i0.wp.com\/www.altaviadeimontilattari.it\/wp-content\/uploads\/2023\/09\/patch-alta-via-dei-monti-lattari.jpg?fit=1200%2C708&ssl=1&resize=350%2C200 1x, https:\/\/i0.wp.com\/www.altaviadeimontilattari.it\/wp-content\/uploads\/2023\/09\/patch-alta-via-dei-monti-lattari.jpg?fit=1200%2C708&ssl=1&resize=525%2C300 1.5x, https:\/\/i0.wp.com\/www.altaviadeimontilattari.it\/wp-content\/uploads\/2023\/09\/patch-alta-via-dei-monti-lattari.jpg?fit=1200%2C708&ssl=1&resize=700%2C400 2x, https:\/\/i0.wp.com\/www.altaviadeimontilattari.it\/wp-content\/uploads\/2023\/09\/patch-alta-via-dei-monti-lattari.jpg?fit=1200%2C708&ssl=1&resize=1050%2C600 3x"},"classes":[]},{"id":5950,"url":"https:\/\/www.altaviadeimontilattari.it\/es\/sobre-nosotros\/","url_meta":{"origin":6027,"position":4},"title":"Sobre nosotros","author":"Luca Casaburi","date":"23 de enero de 2020","format":false,"excerpt":"Sobre nosotros Historia altaviadeimontilattari.it nace como un proyecto para valorizar y dar a conocer la zona de Monti Lattari, las costas de Amalfi y Sorrento en Campania y en todo el mundo. El proyecto surgi\u00f3 en diciembre de 2020 de la pasi\u00f3n por la naturaleza y el apoyo al territorio\u2026","rel":"","context":"Entrada similar","block_context":{"text":"Entrada similar","link":""},"img":{"alt_text":"punta Campanella - altaviadeimontilattari.it","src":"https:\/\/i0.wp.com\/www.altaviadeimontilattari.it\/wp-content\/uploads\/2021\/02\/punta-campanella-altaviadeimontilattari-scaled.jpg?resize=350%2C200&ssl=1","width":350,"height":200,"srcset":"https:\/\/i0.wp.com\/www.altaviadeimontilattari.it\/wp-content\/uploads\/2021\/02\/punta-campanella-altaviadeimontilattari-scaled.jpg?resize=350%2C200&ssl=1 1x, https:\/\/i0.wp.com\/www.altaviadeimontilattari.it\/wp-content\/uploads\/2021\/02\/punta-campanella-altaviadeimontilattari-scaled.jpg?resize=525%2C300&ssl=1 1.5x, https:\/\/i0.wp.com\/www.altaviadeimontilattari.it\/wp-content\/uploads\/2021\/02\/punta-campanella-altaviadeimontilattari-scaled.jpg?resize=700%2C400&ssl=1 2x, https:\/\/i0.wp.com\/www.altaviadeimontilattari.it\/wp-content\/uploads\/2021\/02\/punta-campanella-altaviadeimontilattari-scaled.jpg?resize=1050%2C600&ssl=1 3x, https:\/\/i0.wp.com\/www.altaviadeimontilattari.it\/wp-content\/uploads\/2021\/02\/punta-campanella-altaviadeimontilattari-scaled.jpg?resize=1400%2C800&ssl=1 4x"},"classes":[]},{"id":6003,"url":"https:\/\/www.altaviadeimontilattari.it\/es\/informe-de-alojamiento\/","url_meta":{"origin":6027,"position":5},"title":"Informe de alojamiento","author":"Luca Casaburi","date":"12 de enero de 2022","format":false,"excerpt":"Sitios \u00fatiles turismo.ricercattiva.itwww.mdtsoftware.it Env\u00ede un correo electr\u00f3nico a luca.casaburi@ricercattiva.it luca.casaburi@ricercattiva.itluca.casaburi@mdtsoftware.it Instagram @turismo.ricercattiva@lugask \u00bfEs usted un proveedor de alojamiento y quiere darse a conocer? altaviadeimontilattari.it se cre\u00f3 para dar a conocer los Montes Lattari, la Costa de Amalfi y la Pen\u00ednsula de Sorrento, tierras de Italia a\u00fan poco conocidas por su\u2026","rel":"","context":"Entrada similar","block_context":{"text":"Entrada similar","link":""},"img":{"alt_text":"","src":"","width":0,"height":0},"classes":[]}],"jetpack_shortlink":"https:\/\/wp.me\/PcGNaV-1zd","jetpack_sharing_enabled":true,"_links":{"self":[{"href":"https:\/\/www.altaviadeimontilattari.it\/es\/wp-json\/wp\/v2\/pages\/6027","targetHints":{"allow":["GET"]}}],"collection":[{"href":"https:\/\/www.altaviadeimontilattari.it\/es\/wp-json\/wp\/v2\/pages"}],"about":[{"href":"https:\/\/www.altaviadeimontilattari.it\/es\/wp-json\/wp\/v2\/types\/page"}],"author":[{"embeddable":true,"href":"https:\/\/www.altaviadeimontilattari.it\/es\/wp-json\/wp\/v2\/users\/1"}],"replies":[{"embeddable":true,"href":"https:\/\/www.altaviadeimontilattari.it\/es\/wp-json\/wp\/v2\/comments?post=6027"}],"version-history":[{"count":1,"href":"https:\/\/www.altaviadeimontilattari.it\/es\/wp-json\/wp\/v2\/pages\/6027\/revisions"}],"predecessor-version":[{"id":6028,"href":"https:\/\/www.altaviadeimontilattari.it\/es\/wp-json\/wp\/v2\/pages\/6027\/revisions\/6028"}],"wp:attachment":[{"href":"https:\/\/www.altaviadeimontilattari.it\/es\/wp-json\/wp\/v2\/media?parent=6027"}],"curies":[{"name":"wp","href":"https:\/\/api.w.org\/{rel}","templated":true}]}}