{"id":6050,"date":"2021-10-08T20:49:35","date_gmt":"2021-10-08T20:49:35","guid":{"rendered":"https:\/\/www.altaviadeimontilattari.it\/donde-beber-manantiales-fuentes-y-manantiales\/"},"modified":"2022-06-30T13:45:58","modified_gmt":"2022-06-30T13:45:58","slug":"donde-beber-manantiales-fuentes-y-manantiales","status":"publish","type":"page","link":"https:\/\/www.altaviadeimontilattari.it\/es\/donde-beber-manantiales-fuentes-y-manantiales\/","title":{"rendered":"D\u00f3nde beber: manantiales, fuentes y manantiales"},"content":{"rendered":"\n<blockquote class=\"wp-block-quote is-layout-flow wp-block-quote-is-layout-flow\"><p><em>\u00abCuando bebas agua, no olvides la fuente de la que mana\u00bb.<\/em><\/p><cite>CHARLES DICKENS<\/cite><\/blockquote>\n\n<p>Cuando se planifica un viaje por la Alta Via dei Monti Lattari, es muy importante planificar las paradas y los suministros. Conocer bien el sendero y todas las fuentes de agua permite organizarse mejor y llevar la cantidad adecuada de agua sin que sea demasiado pesada ni corra el riesgo de quedarse sin ella.<\/p>\n\n<p>Le recomendamos que lleve al menos 3 litros de agua en los tramos iniciales desde Corpo di Cava hasta Santa Maria al Castello, especialmente en los meses m\u00e1s c\u00e1lidos. Despu\u00e9s, desde Santa Maria a Castello hasta Termini, se pasa por muchos pueblos con fuentes y avituallamientos donde se puede repostar con m\u00e1s frecuencia y as\u00ed viajar tambi\u00e9n con 2 litros de agua.<\/p>\n\n<p>A continuaci\u00f3n se muestran todos los manantiales y fuentes que se encuentran a lo largo de la Alta Via dei Monti Lattari, sendero CAI n\u00ba 300.<\/p>\n\n<figure class=\"wp-block-table is-style-stripes\"><table><thead><tr><th><strong>Manantial o fuente<\/strong><\/th><th><strong>Coordenadas<\/strong><\/th><th><strong>Ubicaci\u00f3n<\/strong><\/th><th><strong>Informaci\u00f3n<\/strong><\/th><\/tr><\/thead><tbody><tr><td>Aparcamiento de la cantera<\/td><td>LAT. 40,68299 &#8211; LON. 14.693669  <br\/>UTM: 33T 474114E 4503612N<\/td><td>Abad\u00eda de Cava de&#8217; Tirreni<\/td><td>El manantial se encuentra al final de los escalones y puede utilizarse para el suministro inicial de agua<\/td><\/tr><tr><td>Agua Frestola<\/td><td>LAT. 40,681373 &#8211; LON. 14.692114<br\/>UTM: 33T 473982E 4503433N<\/td><td>Abad\u00eda de Cava de&#8217; Tirreni<\/td><td>Hay una fuente en la zona de aparcamiento y se puede utilizar para el suministro inicial de agua<\/td><\/tr><tr><td>Fuente de Capodacqua<\/td><td>LAT. 40,671541 &#8211; LON. 14.69081  <br\/>UTM: 33T 473868E 4502342N<\/td><td>A lo largo del camino hacia el Santuario de Avvocata<\/td><td><\/td><\/tr><tr><td>Primavera de Acquafredda<\/td><td>LAT. 40,661052 &#8211; LON. 14.676545<br\/>UTM: 33T 472658E 4501182N<\/td><td>A lo largo del camino hacia el Santuario de Avvocata<\/td><td>En verano, puede arrojar poca agua<\/td><\/tr><tr><td>Fuente en el Santuario de Nuestra Se\u00f1ora de Avvocata<\/td><td>LAT. 40,65314 &#8211; LON. 14.669296<br\/>UTM: 33T 472042E 4500306N<\/td><td>Monte Avvocata<\/td><td>El agua se recoge en cisternas y no es un manantial<\/td><\/tr><tr><td>Fuente Pietrapiana<\/td><td>LAT. 40,697891 &#8211; LON. 14.664007  <br\/>UTM: 33T 471613E 4505275N<\/td><td>Monte Finestra<\/td><td>La fuente est\u00e1 cerca del altar bajo la gruta<\/td><\/tr><tr><td>Fuente de Valico di Chiunzi<\/td><td>LAT. 40.718536 &#8211; LON. 14.62031  <br\/>UTM: 33T 467932E 4507582N<\/td><td>Paso de Chiunzi<\/td><td><\/td><\/tr><tr><td>Sorgete Vrecciara<\/td><td>LAT. 40,669301 &#8211; LON. 14.566617<br\/>UTM: 33T 463370E 4502137N<\/td><td>Entrada al Valle de Ferriere Superior<\/td><td>Inmediatamente despu\u00e9s de la puerta del Valle de la Ferriere, el primer cruce conduce a la fuente<\/td><\/tr><tr><td>Fuente de agua fr\u00eda<\/td><td>LAT. 40,668158 &#8211; LON. 14.557202<br\/>UTM: 33T 462573E 4502014N<\/td><td>Entrada al Valle de Ferriere Superior<\/td><td>Contin\u00fae por el camino de la fuente de Vrecciara hasta esta fuente<\/td><\/tr><tr><td>Primavera en la Puerta del Valle de Ferriere<\/td><td>LAT. 40,664557 &#8211; LON. 14.566835<br\/>UTM: 33T 463386E 4501611N<\/td><td>Entrada al Valle de Ferriere Superior<\/td><td>Fuente seca en verano<\/td><\/tr><tr><td>Fuente de San Giuliano<\/td><td>LAT. 40,661437 &#8211; LON. 14.558739  <br\/>UTM: 33T 462700E 4501268N<\/td><td>Ammarrata (Imbarrata)<\/td><td>No muy lejos de 300 despu\u00e9s de la Imbarrata<\/td><\/tr><tr><td>Primavera de la Escorchia<\/td><td>LAT. 40,65529 &#8211; LON. 14.498452  <br\/>UTM: 33T 457600E 4500613N<\/td><td>Monte Faito, cerca del Santuario de San Michele<\/td><td>A lo largo de la carretera de enlace 350, no lejos de la ruta hacia el Molare<\/td><\/tr><tr><td>Manantial de agua bendita<\/td><td>UTM: 33T 457768E 4500145N<\/td><td>Monte Molar<\/td><td><\/td><\/tr><tr><td>Fuente de Santa Maria al Castello<\/td><td>LAT. 40,651082 &#8211; LON. 14.500471<br\/>UTM: 33T 455995E 4498795N<\/td><td>Santa Maria al Castello<\/td><td>Situado en la base de la escalera de la iglesia de Santa Maria al Castello. Hay un bar cercano<\/td><\/tr><tr><td>Fuente de Colli San Pietro<\/td><td>LAT. 40,617494 &#8211; LON. 14.427873<br\/>UTM: 33T 451606E 4496454N<\/td><td>Colli San Pietro<\/td><td>La fuente est\u00e1 cerca del cruce. Hay un bar cercano<\/td><\/tr><tr><td>Fuente Colli Fontanelle<\/td><td>LAT. 40,613059 &#8211; LON. 14.407566  <br\/>UTM: 33T 449885E 4495973N<\/td><td>Fontanelle Hills<\/td><td>Hay un bar cercano<\/td><\/tr><tr><td>Fuente en Malacoccola<\/td><td>LAT. 40,602437 &#8211; LON. 14.402258  <br\/>UTM: 33T 449428E 4494797N<\/td><td>Malacoccola<\/td><td><\/td><\/tr><tr><td>Fuente de la Torca<\/td><td>LAT. 40.600139 &#8211; LON. 14.384904  <br\/>UTM: 33T 447958E 4494552N<\/td><td>Torca<\/td><td>La fuente est\u00e1 en la villa municipal cerca de la iglesia<\/td><\/tr><tr><td>Fuente de Termini<\/td><td>LAT. 40.590512 &#8211; LON. 14.339862<br\/>UTM: 33T 444139E 4493511N<\/td><td>T\u00e9rminos<\/td><td>La fuente est\u00e1 en la piazza di termini. Hay un bar cercano<\/td><\/tr><\/tbody><\/table><\/figure>\n<div class=\"wp-block-image\"><figure class=\"aligncenter size-full\"><img data-recalc-dims=\"1\" fetchpriority=\"high\" decoding=\"async\" width=\"1024\" height=\"768\" src=\"https:\/\/i0.wp.com\/altaviadeimontilattari.it\/wp-content\/uploads\/2021\/10\/Acqua-sorgenti.jpg?resize=1024%2C768&#038;ssl=1\" alt=\"\" class=\"wp-image-3795\" srcset=\"https:\/\/i0.wp.com\/www.altaviadeimontilattari.it\/wp-content\/uploads\/2021\/10\/Acqua-sorgenti.jpg?w=1024&amp;ssl=1 1024w, https:\/\/i0.wp.com\/www.altaviadeimontilattari.it\/wp-content\/uploads\/2021\/10\/Acqua-sorgenti.jpg?resize=300%2C225&amp;ssl=1 300w, https:\/\/i0.wp.com\/www.altaviadeimontilattari.it\/wp-content\/uploads\/2021\/10\/Acqua-sorgenti.jpg?resize=768%2C576&amp;ssl=1 768w\" sizes=\"(max-width: 1024px) 100vw, 1024px\" \/><\/figure><\/div>\n<div style=\"margin: 20px 0;\"><div class=\"qrcswholewtapper\" style=\"text-align:left;\"><div class=\"qrcprowrapper\"  id=\"qrcwraa2leds\"><div class=\"qrc_canvass\" id=\"qrc_cuttenpages_2\" style=\"display:inline-block\" data-text=\"https:\/\/www.altaviadeimontilattari.it\/es\/donde-beber-manantiales-fuentes-y-manantiales\/\"><\/div><div><a download=\"D\u00f3nde beber: manantiales, fuentes y manantiales.png\" class=\"qrcdownloads\" id=\"worign\">\r\n           <button type=\"button\" style=\"min-width:200px;background:#81ea00;color:#000;font-weight: 600;border: 1px solid #dddddd;border-radius:4px;font-size:12px;padding: 6px 0;\" class=\"uqr_code_btn\">Download QR<\/button>\r\n           <\/a><\/div><\/div><\/div><\/div>","protected":false},"excerpt":{"rendered":"<p>\u00abCuando bebas agua, no olvides la fuente de la que mana\u00bb. CHARLES DICKENS Cuando se planifica un viaje por la Alta Via dei Monti Lattari, es muy importante planificar las paradas y los suministros. Conocer bien el sendero y todas las fuentes de agua permite organizarse mejor y llevar la cantidad adecuada de agua sin&hellip;&nbsp;<a href=\"https:\/\/www.altaviadeimontilattari.it\/es\/donde-beber-manantiales-fuentes-y-manantiales\/\" rel=\"bookmark\">Read More &raquo;<span class=\"screen-reader-text\">D\u00f3nde beber: manantiales, fuentes y manantiales<\/span><\/a><\/p>\n","protected":false},"author":1,"featured_media":0,"parent":0,"menu_order":0,"comment_status":"closed","ping_status":"closed","template":"","meta":{"neve_meta_sidebar":"full-width","neve_meta_container":"","neve_meta_enable_content_width":"on","neve_meta_content_width":100,"neve_meta_title_alignment":"","neve_meta_author_avatar":"","neve_post_elements_order":"","neve_meta_disable_header":"","neve_meta_disable_footer":"","neve_meta_disable_title":"","neve_meta_reading_time":"","_themeisle_gutenberg_block_has_review":false,"jetpack_post_was_ever_published":false,"footnotes":""},"class_list":["post-6050","page","type-page","status-publish","hentry"],"yoast_head":"<!-- This site is optimized with the Yoast SEO plugin v27.4 - https:\/\/yoast.com\/product\/yoast-seo-wordpress\/ -->\n<title>D\u00f3nde beber: manantiales, fuentes y manantiales - Alta Via dei Monti Lattari<\/title>\n<meta name=\"description\" content=\"Conocer bien el camino y todas las fuentes de agua permite organizarse mejor y llevar la cantidad de agua adecuada\" \/>\n<meta name=\"robots\" content=\"index, follow, max-snippet:-1, max-image-preview:large, max-video-preview:-1\" \/>\n<link rel=\"canonical\" href=\"https:\/\/www.altaviadeimontilattari.it\/es\/donde-beber-manantiales-fuentes-y-manantiales\/\" \/>\n<meta property=\"og:locale\" content=\"es_ES\" \/>\n<meta property=\"og:type\" content=\"article\" \/>\n<meta property=\"og:title\" content=\"D\u00f3nde beber: manantiales, fuentes y manantiales - Alta Via dei Monti Lattari\" \/>\n<meta property=\"og:description\" content=\"Conocer bien el camino y todas las fuentes de agua permite organizarse mejor y llevar la cantidad de agua adecuada\" \/>\n<meta property=\"og:url\" content=\"https:\/\/www.altaviadeimontilattari.it\/es\/donde-beber-manantiales-fuentes-y-manantiales\/\" \/>\n<meta property=\"og:site_name\" content=\"Alta Via dei Monti Lattari\" \/>\n<meta property=\"article:modified_time\" content=\"2022-06-30T13:45:58+00:00\" \/>\n<meta property=\"og:image\" content=\"https:\/\/altaviadeimontilattari.it\/wp-content\/uploads\/2021\/10\/Acqua-sorgenti.jpg\" \/>\n<meta name=\"twitter:card\" content=\"summary_large_image\" \/>\n<meta name=\"twitter:label1\" content=\"Tiempo de lectura\" \/>\n\t<meta name=\"twitter:data1\" content=\"3 minutos\" \/>\n<script type=\"application\/ld+json\" class=\"yoast-schema-graph\">{\"@context\":\"https:\\\/\\\/schema.org\",\"@graph\":[{\"@type\":\"WebPage\",\"@id\":\"https:\\\/\\\/www.altaviadeimontilattari.it\\\/es\\\/donde-beber-manantiales-fuentes-y-manantiales\\\/\",\"url\":\"https:\\\/\\\/www.altaviadeimontilattari.it\\\/es\\\/donde-beber-manantiales-fuentes-y-manantiales\\\/\",\"name\":\"D\u00f3nde beber: manantiales, fuentes y manantiales - Alta Via dei Monti Lattari\",\"isPartOf\":{\"@id\":\"https:\\\/\\\/www.altaviadeimontilattari.it\\\/#website\"},\"primaryImageOfPage\":{\"@id\":\"https:\\\/\\\/www.altaviadeimontilattari.it\\\/es\\\/donde-beber-manantiales-fuentes-y-manantiales\\\/#primaryimage\"},\"image\":{\"@id\":\"https:\\\/\\\/www.altaviadeimontilattari.it\\\/es\\\/donde-beber-manantiales-fuentes-y-manantiales\\\/#primaryimage\"},\"thumbnailUrl\":\"https:\\\/\\\/altaviadeimontilattari.it\\\/wp-content\\\/uploads\\\/2021\\\/10\\\/Acqua-sorgenti.jpg\",\"datePublished\":\"2021-10-08T20:49:35+00:00\",\"dateModified\":\"2022-06-30T13:45:58+00:00\",\"description\":\"Conocer bien el camino y todas las fuentes de agua permite organizarse mejor y llevar la cantidad de agua adecuada\",\"breadcrumb\":{\"@id\":\"https:\\\/\\\/www.altaviadeimontilattari.it\\\/es\\\/donde-beber-manantiales-fuentes-y-manantiales\\\/#breadcrumb\"},\"inLanguage\":\"es\",\"potentialAction\":[{\"@type\":\"ReadAction\",\"target\":[\"https:\\\/\\\/www.altaviadeimontilattari.it\\\/es\\\/donde-beber-manantiales-fuentes-y-manantiales\\\/\"]}]},{\"@type\":\"ImageObject\",\"inLanguage\":\"es\",\"@id\":\"https:\\\/\\\/www.altaviadeimontilattari.it\\\/es\\\/donde-beber-manantiales-fuentes-y-manantiales\\\/#primaryimage\",\"url\":\"https:\\\/\\\/altaviadeimontilattari.it\\\/wp-content\\\/uploads\\\/2021\\\/10\\\/Acqua-sorgenti.jpg\",\"contentUrl\":\"https:\\\/\\\/altaviadeimontilattari.it\\\/wp-content\\\/uploads\\\/2021\\\/10\\\/Acqua-sorgenti.jpg\"},{\"@type\":\"BreadcrumbList\",\"@id\":\"https:\\\/\\\/www.altaviadeimontilattari.it\\\/es\\\/donde-beber-manantiales-fuentes-y-manantiales\\\/#breadcrumb\",\"itemListElement\":[{\"@type\":\"ListItem\",\"position\":1,\"name\":\"Home\",\"item\":\"https:\\\/\\\/www.altaviadeimontilattari.it\\\/es\\\/\"},{\"@type\":\"ListItem\",\"position\":2,\"name\":\"D\u00f3nde beber: manantiales, fuentes y manantiales\"}]},{\"@type\":\"WebSite\",\"@id\":\"https:\\\/\\\/www.altaviadeimontilattari.it\\\/#website\",\"url\":\"https:\\\/\\\/www.altaviadeimontilattari.it\\\/\",\"name\":\"Alta Via dei Monti Lattari\",\"description\":\"La montagna \u00e8 un modo di vivere la vita.\",\"publisher\":{\"@id\":\"https:\\\/\\\/www.altaviadeimontilattari.it\\\/#organization\"},\"potentialAction\":[{\"@type\":\"SearchAction\",\"target\":{\"@type\":\"EntryPoint\",\"urlTemplate\":\"https:\\\/\\\/www.altaviadeimontilattari.it\\\/?s={search_term_string}\"},\"query-input\":{\"@type\":\"PropertyValueSpecification\",\"valueRequired\":true,\"valueName\":\"search_term_string\"}}],\"inLanguage\":\"es\"},{\"@type\":\"Organization\",\"@id\":\"https:\\\/\\\/www.altaviadeimontilattari.it\\\/#organization\",\"name\":\"Alta Via dei Monti Lattari\",\"url\":\"https:\\\/\\\/www.altaviadeimontilattari.it\\\/\",\"logo\":{\"@type\":\"ImageObject\",\"inLanguage\":\"es\",\"@id\":\"https:\\\/\\\/www.altaviadeimontilattari.it\\\/#\\\/schema\\\/logo\\\/image\\\/\",\"url\":\"https:\\\/\\\/i0.wp.com\\\/www.altaviadeimontilattari.it\\\/wp-content\\\/uploads\\\/2020\\\/12\\\/alta_via_monyi_lattari_logo.png?fit=325%2C100&ssl=1\",\"contentUrl\":\"https:\\\/\\\/i0.wp.com\\\/www.altaviadeimontilattari.it\\\/wp-content\\\/uploads\\\/2020\\\/12\\\/alta_via_monyi_lattari_logo.png?fit=325%2C100&ssl=1\",\"width\":325,\"height\":100,\"caption\":\"Alta Via dei Monti Lattari\"},\"image\":{\"@id\":\"https:\\\/\\\/www.altaviadeimontilattari.it\\\/#\\\/schema\\\/logo\\\/image\\\/\"}}]}<\/script>\n<!-- \/ Yoast SEO plugin. -->","yoast_head_json":{"title":"D\u00f3nde beber: manantiales, fuentes y manantiales - Alta Via dei Monti Lattari","description":"Conocer bien el camino y todas las fuentes de agua permite organizarse mejor y llevar la cantidad de agua adecuada","robots":{"index":"index","follow":"follow","max-snippet":"max-snippet:-1","max-image-preview":"max-image-preview:large","max-video-preview":"max-video-preview:-1"},"canonical":"https:\/\/www.altaviadeimontilattari.it\/es\/donde-beber-manantiales-fuentes-y-manantiales\/","og_locale":"es_ES","og_type":"article","og_title":"D\u00f3nde beber: manantiales, fuentes y manantiales - Alta Via dei Monti Lattari","og_description":"Conocer bien el camino y todas las fuentes de agua permite organizarse mejor y llevar la cantidad de agua adecuada","og_url":"https:\/\/www.altaviadeimontilattari.it\/es\/donde-beber-manantiales-fuentes-y-manantiales\/","og_site_name":"Alta Via dei Monti Lattari","article_modified_time":"2022-06-30T13:45:58+00:00","og_image":[{"url":"https:\/\/altaviadeimontilattari.it\/wp-content\/uploads\/2021\/10\/Acqua-sorgenti.jpg","type":"","width":"","height":""}],"twitter_card":"summary_large_image","twitter_misc":{"Tiempo de lectura":"3 minutos"},"schema":{"@context":"https:\/\/schema.org","@graph":[{"@type":"WebPage","@id":"https:\/\/www.altaviadeimontilattari.it\/es\/donde-beber-manantiales-fuentes-y-manantiales\/","url":"https:\/\/www.altaviadeimontilattari.it\/es\/donde-beber-manantiales-fuentes-y-manantiales\/","name":"D\u00f3nde beber: manantiales, fuentes y manantiales - Alta Via dei Monti Lattari","isPartOf":{"@id":"https:\/\/www.altaviadeimontilattari.it\/#website"},"primaryImageOfPage":{"@id":"https:\/\/www.altaviadeimontilattari.it\/es\/donde-beber-manantiales-fuentes-y-manantiales\/#primaryimage"},"image":{"@id":"https:\/\/www.altaviadeimontilattari.it\/es\/donde-beber-manantiales-fuentes-y-manantiales\/#primaryimage"},"thumbnailUrl":"https:\/\/altaviadeimontilattari.it\/wp-content\/uploads\/2021\/10\/Acqua-sorgenti.jpg","datePublished":"2021-10-08T20:49:35+00:00","dateModified":"2022-06-30T13:45:58+00:00","description":"Conocer bien el camino y todas las fuentes de agua permite organizarse mejor y llevar la cantidad de agua adecuada","breadcrumb":{"@id":"https:\/\/www.altaviadeimontilattari.it\/es\/donde-beber-manantiales-fuentes-y-manantiales\/#breadcrumb"},"inLanguage":"es","potentialAction":[{"@type":"ReadAction","target":["https:\/\/www.altaviadeimontilattari.it\/es\/donde-beber-manantiales-fuentes-y-manantiales\/"]}]},{"@type":"ImageObject","inLanguage":"es","@id":"https:\/\/www.altaviadeimontilattari.it\/es\/donde-beber-manantiales-fuentes-y-manantiales\/#primaryimage","url":"https:\/\/altaviadeimontilattari.it\/wp-content\/uploads\/2021\/10\/Acqua-sorgenti.jpg","contentUrl":"https:\/\/altaviadeimontilattari.it\/wp-content\/uploads\/2021\/10\/Acqua-sorgenti.jpg"},{"@type":"BreadcrumbList","@id":"https:\/\/www.altaviadeimontilattari.it\/es\/donde-beber-manantiales-fuentes-y-manantiales\/#breadcrumb","itemListElement":[{"@type":"ListItem","position":1,"name":"Home","item":"https:\/\/www.altaviadeimontilattari.it\/es\/"},{"@type":"ListItem","position":2,"name":"D\u00f3nde beber: manantiales, fuentes y manantiales"}]},{"@type":"WebSite","@id":"https:\/\/www.altaviadeimontilattari.it\/#website","url":"https:\/\/www.altaviadeimontilattari.it\/","name":"Alta Via dei Monti Lattari","description":"La montagna \u00e8 un modo di vivere la vita.","publisher":{"@id":"https:\/\/www.altaviadeimontilattari.it\/#organization"},"potentialAction":[{"@type":"SearchAction","target":{"@type":"EntryPoint","urlTemplate":"https:\/\/www.altaviadeimontilattari.it\/?s={search_term_string}"},"query-input":{"@type":"PropertyValueSpecification","valueRequired":true,"valueName":"search_term_string"}}],"inLanguage":"es"},{"@type":"Organization","@id":"https:\/\/www.altaviadeimontilattari.it\/#organization","name":"Alta Via dei Monti Lattari","url":"https:\/\/www.altaviadeimontilattari.it\/","logo":{"@type":"ImageObject","inLanguage":"es","@id":"https:\/\/www.altaviadeimontilattari.it\/#\/schema\/logo\/image\/","url":"https:\/\/i0.wp.com\/www.altaviadeimontilattari.it\/wp-content\/uploads\/2020\/12\/alta_via_monyi_lattari_logo.png?fit=325%2C100&ssl=1","contentUrl":"https:\/\/i0.wp.com\/www.altaviadeimontilattari.it\/wp-content\/uploads\/2020\/12\/alta_via_monyi_lattari_logo.png?fit=325%2C100&ssl=1","width":325,"height":100,"caption":"Alta Via dei Monti Lattari"},"image":{"@id":"https:\/\/www.altaviadeimontilattari.it\/#\/schema\/logo\/image\/"}}]}},"jetpack-related-posts":[{"id":7303,"url":"https:\/\/www.altaviadeimontilattari.it\/es\/el-camino-de-giustino-fortunato\/","url_meta":{"origin":6050,"position":0},"title":"El camino de Giustino Fortunato","author":"Luca Casaburi","date":"25 de abril de 2024","format":false,"excerpt":"\u201c\u2026Sin embargo, tal vez no haya ning\u00fan distrito en todos los Apeninos\u2026 que tenga al mismo tiempo tanta majestuosidad de monta\u00f1as y tanta belleza de paisajes marinos\u2026\u201d Giustino Fortunato As\u00ed describe Giustino Fortunato, historiador, economista y naturalista, las Monta\u00f1as Lattari, que constituyen el marco de la pen\u00ednsula de Sorrento, entre\u2026","rel":"","context":"Entrada similar","block_context":{"text":"Entrada similar","link":""},"img":{"alt_text":"","src":"https:\/\/i0.wp.com\/www.altaviadeimontilattari.it\/wp-content\/uploads\/2024\/04\/Giustino-fortunato.jpg?resize=350%2C200&ssl=1","width":350,"height":200},"classes":[]},{"id":5995,"url":"https:\/\/www.altaviadeimontilattari.it\/es\/la-costa-amalfitana-y-la-peninsula-sorrentina-entre-poesia-arte-y-aforismos\/","url_meta":{"origin":6050,"position":1},"title":"La Costa Amalfitana y la Pen\u00ednsula Sorrentina entre poes\u00eda, arte y aforismos","author":"Luca Casaburi","date":"28 de mayo de 2022","format":false,"excerpt":"La Costa de Amalfi siempre ha sido tierra de marineros e inventores, pero tambi\u00e9n inspiraci\u00f3n para poetas, escritores y grandes compositores. Propongo un viaje por estas tierras, verdaderos cuadros enmarcados por un cielo a\u00f1il y un mar esmeralda, vistos a trav\u00e9s de los ojos de ilustres visitantes. La costa fue\u2026","rel":"","context":"Entrada similar","block_context":{"text":"Entrada similar","link":""},"img":{"alt_text":"","src":"","width":0,"height":0},"classes":[]},{"id":5954,"url":"https:\/\/www.altaviadeimontilattari.it\/es\/consejos-utiles-para-organizarse\/","url_meta":{"origin":6050,"position":2},"title":"Consejos \u00fatiles para organizarse","author":"","date":"20 de noviembre de 2020","format":false,"excerpt":"Senderismo en Costa de Amalfi es hermosa y debe seguir si\u00e9ndolo. Durante su experiencia, es importante que practique el senderismo de forma responsable, sobre todo por el creciente n\u00famero de turistas que se adentran en los senderos cada a\u00f1o. Aqu\u00ed tienes algunos consejos para organizarte y vivir al m\u00e1ximo el\u2026","rel":"","context":"Entrada similar","block_context":{"text":"Entrada similar","link":""},"img":{"alt_text":"","src":"","width":0,"height":0},"classes":[]},{"id":6125,"url":"https:\/\/www.altaviadeimontilattari.it\/es\/la-costa-amalfitana\/","url_meta":{"origin":6050,"position":3},"title":"la costa amalfitana","author":"","date":"19 de noviembre de 2020","format":false,"excerpt":"La costa de Amalfi representa el espl\u00e9ndido paisaje situado al sur de la ca\u00f3tica y fascinante N\u00e1poles. En apoyo de esto, las islas de Capri, Ischia y Procida han sido atractivos para millones de visitantes provenientes no solo de Italia. Las ciudades que animan las costas de Campania est\u00e1n inmersas\u2026","rel":"","context":"Entrada similar","block_context":{"text":"Entrada similar","link":""},"img":{"alt_text":"","src":"","width":0,"height":0},"classes":[]},{"id":5936,"url":"https:\/\/www.altaviadeimontilattari.it\/es\/camina-con-nosotros\/","url_meta":{"origin":6050,"position":4},"title":"Camina con nosotros","author":"Luca Casaburi","date":"6 de mayo de 2022","format":false,"excerpt":"Cualquiera puede caminar con nosotros. Descubra con nosotros la Alta Via dei Monti Lattari. Camina con nosotros Del 2 al 4 de junio de 2022 Recorremos la Alta Via dei Monti Lattari en su totalidad a lo largo de tres d\u00edas, siguiendo todo el camino de los 300CAI. Parte del\u2026","rel":"","context":"Entrada similar","block_context":{"text":"Entrada similar","link":""},"img":{"alt_text":"","src":"https:\/\/i0.wp.com\/www.altaviadeimontilattari.it\/wp-content\/uploads\/2022\/05\/monte_finestra_sud-edited.jpg?resize=350%2C200&ssl=1","width":350,"height":200,"srcset":"https:\/\/i0.wp.com\/www.altaviadeimontilattari.it\/wp-content\/uploads\/2022\/05\/monte_finestra_sud-edited.jpg?resize=350%2C200&ssl=1 1x, https:\/\/i0.wp.com\/www.altaviadeimontilattari.it\/wp-content\/uploads\/2022\/05\/monte_finestra_sud-edited.jpg?resize=525%2C300&ssl=1 1.5x, https:\/\/i0.wp.com\/www.altaviadeimontilattari.it\/wp-content\/uploads\/2022\/05\/monte_finestra_sud-edited.jpg?resize=700%2C400&ssl=1 2x"},"classes":[]},{"id":6121,"url":"https:\/\/www.altaviadeimontilattari.it\/es\/la-peninsula-de-sorrento\/","url_meta":{"origin":6050,"position":5},"title":"La pen\u00ednsula de Sorrento","author":"","date":"19 de noviembre de 2020","format":false,"excerpt":"La pen\u00ednsula de Sorrento presenta un paisaje \u00fanico en el mundo a trav\u00e9s del cual se alternan colinas bajas y altas, profundos valles y majestuosas monta\u00f1as. Entre las bellezas de la naturaleza, est\u00e1 la intervenci\u00f3n del hombre con naranjos y limoneros, olivares y vi\u00f1edos. Estos son los encantadores jardines que\u2026","rel":"","context":"Entrada similar","block_context":{"text":"Entrada similar","link":""},"img":{"alt_text":"","src":"","width":0,"height":0},"classes":[]}],"jetpack_shortlink":"https:\/\/wp.me\/PcGNaV-1zA","jetpack_sharing_enabled":true,"_links":{"self":[{"href":"https:\/\/www.altaviadeimontilattari.it\/es\/wp-json\/wp\/v2\/pages\/6050","targetHints":{"allow":["GET"]}}],"collection":[{"href":"https:\/\/www.altaviadeimontilattari.it\/es\/wp-json\/wp\/v2\/pages"}],"about":[{"href":"https:\/\/www.altaviadeimontilattari.it\/es\/wp-json\/wp\/v2\/types\/page"}],"author":[{"embeddable":true,"href":"https:\/\/www.altaviadeimontilattari.it\/es\/wp-json\/wp\/v2\/users\/1"}],"replies":[{"embeddable":true,"href":"https:\/\/www.altaviadeimontilattari.it\/es\/wp-json\/wp\/v2\/comments?post=6050"}],"version-history":[{"count":1,"href":"https:\/\/www.altaviadeimontilattari.it\/es\/wp-json\/wp\/v2\/pages\/6050\/revisions"}],"predecessor-version":[{"id":6051,"href":"https:\/\/www.altaviadeimontilattari.it\/es\/wp-json\/wp\/v2\/pages\/6050\/revisions\/6051"}],"wp:attachment":[{"href":"https:\/\/www.altaviadeimontilattari.it\/es\/wp-json\/wp\/v2\/media?parent=6050"}],"curies":[{"name":"wp","href":"https:\/\/api.w.org\/{rel}","templated":true}]}}