{"id":6121,"date":"2020-11-19T15:02:26","date_gmt":"2020-11-19T15:02:26","guid":{"rendered":"https:\/\/www.altaviadeimontilattari.it\/la-peninsula-de-sorrento\/"},"modified":"2020-11-19T15:02:26","modified_gmt":"2020-11-19T15:02:26","slug":"la-peninsula-de-sorrento","status":"publish","type":"page","link":"https:\/\/www.altaviadeimontilattari.it\/es\/la-peninsula-de-sorrento\/","title":{"rendered":"La pen\u00ednsula de Sorrento"},"content":{"rendered":"<p><em> <strong> La pen\u00ednsula de Sorrento <\/strong> <\/em> presenta un paisaje \u00fanico en el mundo a trav\u00e9s del cual se alternan colinas bajas y altas, profundos valles y majestuosas monta\u00f1as. Entre las bellezas de la naturaleza, est\u00e1 la intervenci\u00f3n del hombre con naranjos y limoneros, olivares y vi\u00f1edos. Estos son los encantadores jardines que desprenden un aroma a azahar en primavera.<\/p>\n<p>La regi\u00f3n de Sorrento tiene una red de caminos antiguos que originalmente se atravesaban en burros y se utilizaban para conectar los numerosos pueblos de la pen\u00ednsula.<\/p>\n<p>La mayor\u00eda de los caminos est\u00e1n intactos ya que se usan poco y generalmente tienen alrededor de 3-4 metros de ancho de piedra muy bien dise\u00f1ada.<\/p>\n<p>Hay rutas aptas para todas las edades y capacidades. El \u00fanico factor que realmente distingue entre los senderos es la inclinaci\u00f3n de las colinas a lo largo del camino.<\/p>\n<p>La red de senderos se extiende a lo largo de la pen\u00ednsula desde <em> <strong> Sorrento <\/strong> <\/em> hasta <em> <strong> Positano, Amalfi <\/strong> <\/em> y m\u00e1s all\u00e1. El \u00e1rea en el extremo occidental de la pen\u00ednsula alrededor de Sorrento es la \u00faltima. Los senderos m\u00e1s al este alrededor de Positano y Amalfi son mucho m\u00e1s desafiantes.<\/p>\n<p>En la zona de <em> <strong> Sorrento <\/strong> <\/em> lo m\u00e1ximo que se puede escalar es de unos 500 m. La mayor\u00eda de los visitantes har\u00e1n una de las caminatas f\u00e1ciles o tomar\u00e1n uno de los autobuses locales de Sorrento a <em> <strong> Sant&#8217;Agata <\/strong> <\/em>, la ciudad principal en el centro de la pen\u00ednsula.<\/p>\n<p>Otro lugar de inter\u00e9s paisaj\u00edstico para visitar es Punta Campanella, donde el Golfo de Sorrento converge con la <em> <strong> Costa de Amalfi.<\/strong> <\/em> Desde aqu\u00ed casi se puede tocar Capri.<\/p>\n<p>A trav\u00e9s del camino es posible ver tanto el <em> <strong> Golfo de Sorrento <\/strong> <\/em> como las ciudades de la <em> <strong> Costa Amalfitana de Praiano y Positano <\/strong> <\/ em>. Comience desde Piazza di Termini, un distrito de Massa Lubrense, en lo alto de las colinas sobre Sorrento. Esta ruta est\u00e1 bien mantenida y no es particularmente dif\u00edcil de caminar.<\/p>\n<p>El viaje de ida y vuelta a <em> <strong> Punta Campanella <\/strong> <\/em> dura unas dos horas y es relativamente ligero durante los meses de oto\u00f1o. El faro, situado en la punta de la pen\u00ednsula, ofrece una de las vistas m\u00e1s bonitas de la zona.<\/p>\n<p><em> <strong> La Bah\u00eda de Ieranto <\/strong> <\/em> forma una gigantesca herradura entre <em> <strong> Punta Campanella y Punta Penna <\/strong> <\/em>: es reconocida como una de las los mejores balnearios de la <em> <strong> Pen\u00ednsula Sorrentina <\/strong> <\/em>. Hay dos alternativas para llegar: tomar un barco o caminar desde el pueblo de Nerano, la empinada bajada que forma parte de una caminata de 6,5 km desde la cercana Termini.<\/p>\n<p>Esta sinuosa ruta es solo una de las 20 (para un total de 110 km) que cubren el \u00e1rea que conecta los peque\u00f1os pueblos de Sorrento y serpentea alrededor de la amplia costa. Las distancias van desde arduas caminatas de todo el d\u00eda como <em> <strong> la Alta Via dei Monti Lattari <\/strong> <\/em> 14,1 km desde las colinas de Fontanelle cerca de Positano hasta Punta Campanella, caminatas m\u00e1s cortas aptas para toda la familia.<\/p>\n<p>&#038; nbsp;<\/p>\n<div style=\"margin: 20px 0;\"><div class=\"qrcswholewtapper\" style=\"text-align:left;\"><div class=\"qrcprowrapper\"  id=\"qrcwraa2leds\"><div class=\"qrc_canvass\" id=\"qrc_cuttenpages_2\" style=\"display:inline-block\" data-text=\"https:\/\/www.altaviadeimontilattari.it\/es\/la-peninsula-de-sorrento\/\"><\/div><div><a download=\"La pen\u00ednsula de Sorrento.png\" class=\"qrcdownloads\" id=\"worign\">\r\n           <button type=\"button\" style=\"min-width:200px;background:#81ea00;color:#000;font-weight: 600;border: 1px solid #dddddd;border-radius:4px;font-size:12px;padding: 6px 0;\" class=\"uqr_code_btn\">Download QR<\/button>\r\n           <\/a><\/div><\/div><\/div><\/div>","protected":false},"excerpt":{"rendered":"<p>La pen\u00ednsula de Sorrento presenta un paisaje \u00fanico en el mundo a trav\u00e9s del cual se alternan colinas bajas y altas, profundos valles y majestuosas monta\u00f1as. Entre las bellezas de la naturaleza, est\u00e1 la intervenci\u00f3n del hombre con naranjos y limoneros, olivares y vi\u00f1edos. Estos son los encantadores jardines que desprenden un aroma a azahar&hellip;&nbsp;<a href=\"https:\/\/www.altaviadeimontilattari.it\/es\/la-peninsula-de-sorrento\/\" rel=\"bookmark\">Read More &raquo;<span class=\"screen-reader-text\">La pen\u00ednsula de Sorrento<\/span><\/a><\/p>\n","protected":false},"author":2,"featured_media":0,"parent":0,"menu_order":0,"comment_status":"closed","ping_status":"closed","template":"","meta":{"neve_meta_sidebar":"","neve_meta_container":"","neve_meta_enable_content_width":"off","neve_meta_content_width":0,"neve_meta_title_alignment":"","neve_meta_author_avatar":"","neve_post_elements_order":"","neve_meta_disable_header":"","neve_meta_disable_footer":"","neve_meta_disable_title":"","neve_meta_reading_time":"","_themeisle_gutenberg_block_has_review":false,"jetpack_post_was_ever_published":false,"footnotes":""},"class_list":["post-6121","page","type-page","status-publish","hentry"],"yoast_head":"<!-- This site is optimized with the Yoast SEO plugin v27.2 - https:\/\/yoast.com\/product\/yoast-seo-wordpress\/ -->\n<title>La pen\u00ednsula de Sorrento - Alta Via dei Monti Lattari<\/title>\n<meta name=\"robots\" content=\"index, follow, max-snippet:-1, max-image-preview:large, max-video-preview:-1\" \/>\n<link rel=\"canonical\" href=\"https:\/\/www.altaviadeimontilattari.it\/la-penisola-sorrentina\/\" \/>\n<meta property=\"og:locale\" content=\"es_ES\" \/>\n<meta property=\"og:type\" content=\"article\" \/>\n<meta property=\"og:title\" content=\"La pen\u00ednsula de Sorrento - Alta Via dei Monti Lattari\" \/>\n<meta property=\"og:description\" content=\"La pen\u00ednsula de Sorrento presenta un paisaje \u00fanico en el mundo a trav\u00e9s del cual se alternan colinas bajas y altas, profundos valles y majestuosas monta\u00f1as. Entre las bellezas de la naturaleza, est\u00e1 la intervenci\u00f3n del hombre con naranjos y limoneros, olivares y vi\u00f1edos. Estos son los encantadores jardines que desprenden un aroma a azahar&hellip;&nbsp;Read More &raquo;La pen\u00ednsula de Sorrento\" \/>\n<meta property=\"og:url\" content=\"https:\/\/www.altaviadeimontilattari.it\/la-penisola-sorrentina\/\" \/>\n<meta property=\"og:site_name\" content=\"Alta Via dei Monti Lattari\" \/>\n<meta name=\"twitter:card\" content=\"summary_large_image\" \/>\n<meta name=\"twitter:label1\" content=\"Tiempo de lectura\" \/>\n\t<meta name=\"twitter:data1\" content=\"3 minutos\" \/>\n<script type=\"application\/ld+json\" class=\"yoast-schema-graph\">{\"@context\":\"https:\/\/schema.org\",\"@graph\":[{\"@type\":\"WebPage\",\"@id\":\"https:\/\/www.altaviadeimontilattari.it\/la-penisola-sorrentina\/\",\"url\":\"https:\/\/www.altaviadeimontilattari.it\/la-penisola-sorrentina\/\",\"name\":\"La pen\u00ednsula de Sorrento - Alta Via dei Monti Lattari\",\"isPartOf\":{\"@id\":\"https:\/\/www.altaviadeimontilattari.it\/#website\"},\"datePublished\":\"2020-11-19T15:02:26+00:00\",\"breadcrumb\":{\"@id\":\"https:\/\/www.altaviadeimontilattari.it\/la-penisola-sorrentina\/#breadcrumb\"},\"inLanguage\":\"es\",\"potentialAction\":[{\"@type\":\"ReadAction\",\"target\":[\"https:\/\/www.altaviadeimontilattari.it\/la-penisola-sorrentina\/\"]}]},{\"@type\":\"BreadcrumbList\",\"@id\":\"https:\/\/www.altaviadeimontilattari.it\/la-penisola-sorrentina\/#breadcrumb\",\"itemListElement\":[{\"@type\":\"ListItem\",\"position\":1,\"name\":\"Home\",\"item\":\"https:\/\/www.altaviadeimontilattari.it\/es\/\"},{\"@type\":\"ListItem\",\"position\":2,\"name\":\"La pen\u00ednsula de Sorrento\"}]},{\"@type\":\"WebSite\",\"@id\":\"https:\/\/www.altaviadeimontilattari.it\/#website\",\"url\":\"https:\/\/www.altaviadeimontilattari.it\/\",\"name\":\"Alta Via dei Monti Lattari\",\"description\":\"La montagna \u00e8 un modo di vivere la vita.\",\"publisher\":{\"@id\":\"https:\/\/www.altaviadeimontilattari.it\/#organization\"},\"potentialAction\":[{\"@type\":\"SearchAction\",\"target\":{\"@type\":\"EntryPoint\",\"urlTemplate\":\"https:\/\/www.altaviadeimontilattari.it\/?s={search_term_string}\"},\"query-input\":{\"@type\":\"PropertyValueSpecification\",\"valueRequired\":true,\"valueName\":\"search_term_string\"}}],\"inLanguage\":\"es\"},{\"@type\":\"Organization\",\"@id\":\"https:\/\/www.altaviadeimontilattari.it\/#organization\",\"name\":\"Alta Via dei Monti Lattari\",\"url\":\"https:\/\/www.altaviadeimontilattari.it\/\",\"logo\":{\"@type\":\"ImageObject\",\"inLanguage\":\"es\",\"@id\":\"https:\/\/www.altaviadeimontilattari.it\/#\/schema\/logo\/image\/\",\"url\":\"https:\/\/i0.wp.com\/www.altaviadeimontilattari.it\/wp-content\/uploads\/2020\/12\/alta_via_monyi_lattari_logo.png?fit=325%2C100&ssl=1\",\"contentUrl\":\"https:\/\/i0.wp.com\/www.altaviadeimontilattari.it\/wp-content\/uploads\/2020\/12\/alta_via_monyi_lattari_logo.png?fit=325%2C100&ssl=1\",\"width\":325,\"height\":100,\"caption\":\"Alta Via dei Monti Lattari\"},\"image\":{\"@id\":\"https:\/\/www.altaviadeimontilattari.it\/#\/schema\/logo\/image\/\"}}]}<\/script>\n<!-- \/ Yoast SEO plugin. -->","yoast_head_json":{"title":"La pen\u00ednsula de Sorrento - Alta Via dei Monti Lattari","robots":{"index":"index","follow":"follow","max-snippet":"max-snippet:-1","max-image-preview":"max-image-preview:large","max-video-preview":"max-video-preview:-1"},"canonical":"https:\/\/www.altaviadeimontilattari.it\/la-penisola-sorrentina\/","og_locale":"es_ES","og_type":"article","og_title":"La pen\u00ednsula de Sorrento - Alta Via dei Monti Lattari","og_description":"La pen\u00ednsula de Sorrento presenta un paisaje \u00fanico en el mundo a trav\u00e9s del cual se alternan colinas bajas y altas, profundos valles y majestuosas monta\u00f1as. Entre las bellezas de la naturaleza, est\u00e1 la intervenci\u00f3n del hombre con naranjos y limoneros, olivares y vi\u00f1edos. Estos son los encantadores jardines que desprenden un aroma a azahar&hellip;&nbsp;Read More &raquo;La pen\u00ednsula de Sorrento","og_url":"https:\/\/www.altaviadeimontilattari.it\/la-penisola-sorrentina\/","og_site_name":"Alta Via dei Monti Lattari","twitter_card":"summary_large_image","twitter_misc":{"Tiempo de lectura":"3 minutos"},"schema":{"@context":"https:\/\/schema.org","@graph":[{"@type":"WebPage","@id":"https:\/\/www.altaviadeimontilattari.it\/la-penisola-sorrentina\/","url":"https:\/\/www.altaviadeimontilattari.it\/la-penisola-sorrentina\/","name":"La pen\u00ednsula de Sorrento - Alta Via dei Monti Lattari","isPartOf":{"@id":"https:\/\/www.altaviadeimontilattari.it\/#website"},"datePublished":"2020-11-19T15:02:26+00:00","breadcrumb":{"@id":"https:\/\/www.altaviadeimontilattari.it\/la-penisola-sorrentina\/#breadcrumb"},"inLanguage":"es","potentialAction":[{"@type":"ReadAction","target":["https:\/\/www.altaviadeimontilattari.it\/la-penisola-sorrentina\/"]}]},{"@type":"BreadcrumbList","@id":"https:\/\/www.altaviadeimontilattari.it\/la-penisola-sorrentina\/#breadcrumb","itemListElement":[{"@type":"ListItem","position":1,"name":"Home","item":"https:\/\/www.altaviadeimontilattari.it\/es\/"},{"@type":"ListItem","position":2,"name":"La pen\u00ednsula de Sorrento"}]},{"@type":"WebSite","@id":"https:\/\/www.altaviadeimontilattari.it\/#website","url":"https:\/\/www.altaviadeimontilattari.it\/","name":"Alta Via dei Monti Lattari","description":"La montagna \u00e8 un modo di vivere la vita.","publisher":{"@id":"https:\/\/www.altaviadeimontilattari.it\/#organization"},"potentialAction":[{"@type":"SearchAction","target":{"@type":"EntryPoint","urlTemplate":"https:\/\/www.altaviadeimontilattari.it\/?s={search_term_string}"},"query-input":{"@type":"PropertyValueSpecification","valueRequired":true,"valueName":"search_term_string"}}],"inLanguage":"es"},{"@type":"Organization","@id":"https:\/\/www.altaviadeimontilattari.it\/#organization","name":"Alta Via dei Monti Lattari","url":"https:\/\/www.altaviadeimontilattari.it\/","logo":{"@type":"ImageObject","inLanguage":"es","@id":"https:\/\/www.altaviadeimontilattari.it\/#\/schema\/logo\/image\/","url":"https:\/\/i0.wp.com\/www.altaviadeimontilattari.it\/wp-content\/uploads\/2020\/12\/alta_via_monyi_lattari_logo.png?fit=325%2C100&ssl=1","contentUrl":"https:\/\/i0.wp.com\/www.altaviadeimontilattari.it\/wp-content\/uploads\/2020\/12\/alta_via_monyi_lattari_logo.png?fit=325%2C100&ssl=1","width":325,"height":100,"caption":"Alta Via dei Monti Lattari"},"image":{"@id":"https:\/\/www.altaviadeimontilattari.it\/#\/schema\/logo\/image\/"}}]}},"jetpack-related-posts":[{"id":5995,"url":"https:\/\/www.altaviadeimontilattari.it\/es\/la-costa-amalfitana-y-la-peninsula-sorrentina-entre-poesia-arte-y-aforismos\/","url_meta":{"origin":6121,"position":0},"title":"La Costa Amalfitana y la Pen\u00ednsula Sorrentina entre poes\u00eda, arte y aforismos","author":"Luca Casaburi","date":"28 de mayo de 2022","format":false,"excerpt":"La Costa de Amalfi siempre ha sido tierra de marineros e inventores, pero tambi\u00e9n inspiraci\u00f3n para poetas, escritores y grandes compositores. Propongo un viaje por estas tierras, verdaderos cuadros enmarcados por un cielo a\u00f1il y un mar esmeralda, vistos a trav\u00e9s de los ojos de ilustres visitantes. La costa fue\u2026","rel":"","context":"Entrada similar","block_context":{"text":"Entrada similar","link":""},"img":{"alt_text":"","src":"","width":0,"height":0},"classes":[]},{"id":6125,"url":"https:\/\/www.altaviadeimontilattari.it\/es\/la-costa-amalfitana\/","url_meta":{"origin":6121,"position":1},"title":"la costa amalfitana","author":"","date":"19 de noviembre de 2020","format":false,"excerpt":"La costa de Amalfi representa el espl\u00e9ndido paisaje situado al sur de la ca\u00f3tica y fascinante N\u00e1poles. En apoyo de esto, las islas de Capri, Ischia y Procida han sido atractivos para millones de visitantes provenientes no solo de Italia. Las ciudades que animan las costas de Campania est\u00e1n inmersas\u2026","rel":"","context":"Entrada similar","block_context":{"text":"Entrada similar","link":""},"img":{"alt_text":"","src":"","width":0,"height":0},"classes":[]},{"id":5936,"url":"https:\/\/www.altaviadeimontilattari.it\/es\/camina-con-nosotros\/","url_meta":{"origin":6121,"position":2},"title":"Camina con nosotros","author":"Luca Casaburi","date":"6 de mayo de 2022","format":false,"excerpt":"Cualquiera puede caminar con nosotros. Descubra con nosotros la Alta Via dei Monti Lattari. Camina con nosotros Del 2 al 4 de junio de 2022 Recorremos la Alta Via dei Monti Lattari en su totalidad a lo largo de tres d\u00edas, siguiendo todo el camino de los 300CAI. Parte del\u2026","rel":"","context":"Entrada similar","block_context":{"text":"Entrada similar","link":""},"img":{"alt_text":"","src":"https:\/\/i0.wp.com\/www.altaviadeimontilattari.it\/wp-content\/uploads\/2022\/05\/monte_finestra_sud-edited.jpg?resize=350%2C200&ssl=1","width":350,"height":200,"srcset":"https:\/\/i0.wp.com\/www.altaviadeimontilattari.it\/wp-content\/uploads\/2022\/05\/monte_finestra_sud-edited.jpg?resize=350%2C200&ssl=1 1x, https:\/\/i0.wp.com\/www.altaviadeimontilattari.it\/wp-content\/uploads\/2022\/05\/monte_finestra_sud-edited.jpg?resize=525%2C300&ssl=1 1.5x, https:\/\/i0.wp.com\/www.altaviadeimontilattari.it\/wp-content\/uploads\/2022\/05\/monte_finestra_sud-edited.jpg?resize=700%2C400&ssl=1 2x"},"classes":[]},{"id":5954,"url":"https:\/\/www.altaviadeimontilattari.it\/es\/consejos-utiles-para-organizarse\/","url_meta":{"origin":6121,"position":3},"title":"Consejos \u00fatiles para organizarse","author":"","date":"20 de noviembre de 2020","format":false,"excerpt":"Senderismo en Costa de Amalfi es hermosa y debe seguir si\u00e9ndolo. Durante su experiencia, es importante que practique el senderismo de forma responsable, sobre todo por el creciente n\u00famero de turistas que se adentran en los senderos cada a\u00f1o. Aqu\u00ed tienes algunos consejos para organizarte y vivir al m\u00e1ximo el\u2026","rel":"","context":"Entrada similar","block_context":{"text":"Entrada similar","link":""},"img":{"alt_text":"","src":"","width":0,"height":0},"classes":[]},{"id":7291,"url":"https:\/\/www.altaviadeimontilattari.it\/es\/cammina-con-noi-iii-edicion-2024\/","url_meta":{"origin":6121,"position":4},"title":"Cammina con noi &#8211; III edici\u00f3n 2024","author":"Luca Casaburi","date":"11 de abril de 2024","format":false,"excerpt":"Cualquiera puede caminar con nosotros. Descubra con nosotros la Alta Via dei Monti Lattari. Recorremos la Alta Via dei Monti Lattari en su totalidad a lo largo de tres d\u00edas, siguiendo todo el camino de los 300CAI. Parte del municipio de Cava de' Tirreni y llega hasta Punta Campanella, el\u2026","rel":"","context":"Entrada similar","block_context":{"text":"Entrada similar","link":""},"img":{"alt_text":"","src":"https:\/\/i0.wp.com\/www.altaviadeimontilattari.it\/wp-content\/uploads\/2024\/04\/iii-edizione.jpg?resize=350%2C200&ssl=1","width":350,"height":200,"srcset":"https:\/\/i0.wp.com\/www.altaviadeimontilattari.it\/wp-content\/uploads\/2024\/04\/iii-edizione.jpg?resize=350%2C200&ssl=1 1x, https:\/\/i0.wp.com\/www.altaviadeimontilattari.it\/wp-content\/uploads\/2024\/04\/iii-edizione.jpg?resize=525%2C300&ssl=1 1.5x, https:\/\/i0.wp.com\/www.altaviadeimontilattari.it\/wp-content\/uploads\/2024\/04\/iii-edizione.jpg?resize=700%2C400&ssl=1 2x"},"classes":[]},{"id":5930,"url":"https:\/\/www.altaviadeimontilattari.it\/es\/alta-via-dei-monti-lattari\/","url_meta":{"origin":6121,"position":5},"title":"Alta Via dei Monti Lattari","author":"","date":"19 de noviembre de 2020","format":false,"excerpt":"Con la cabeza en las nubes y el mar Famosa en todo el mundo por su mar azul profundo, sus acantilados y sus ciudades antiguas, la Costa de Amalfi esconde justo encima de su costa, la belleza natural de los Montes Lattari. Atravesado por cientos de caminos de herradura bien\u2026","rel":"","context":"Entrada similar","block_context":{"text":"Entrada similar","link":""},"img":{"alt_text":"","src":"https:\/\/i0.wp.com\/www.altaviadeimontilattari.it\/wp-content\/uploads\/2020\/12\/tour_alta_via_monti_lattari.jpg?resize=350%2C200&ssl=1","width":350,"height":200,"srcset":"https:\/\/i0.wp.com\/www.altaviadeimontilattari.it\/wp-content\/uploads\/2020\/12\/tour_alta_via_monti_lattari.jpg?resize=350%2C200&ssl=1 1x, https:\/\/i0.wp.com\/www.altaviadeimontilattari.it\/wp-content\/uploads\/2020\/12\/tour_alta_via_monti_lattari.jpg?resize=525%2C300&ssl=1 1.5x, https:\/\/i0.wp.com\/www.altaviadeimontilattari.it\/wp-content\/uploads\/2020\/12\/tour_alta_via_monti_lattari.jpg?resize=700%2C400&ssl=1 2x"},"classes":[]}],"jetpack_shortlink":"https:\/\/wp.me\/PcGNaV-1AJ","jetpack_sharing_enabled":true,"_links":{"self":[{"href":"https:\/\/www.altaviadeimontilattari.it\/es\/wp-json\/wp\/v2\/pages\/6121","targetHints":{"allow":["GET"]}}],"collection":[{"href":"https:\/\/www.altaviadeimontilattari.it\/es\/wp-json\/wp\/v2\/pages"}],"about":[{"href":"https:\/\/www.altaviadeimontilattari.it\/es\/wp-json\/wp\/v2\/types\/page"}],"author":[{"embeddable":true,"href":"https:\/\/www.altaviadeimontilattari.it\/es\/wp-json\/wp\/v2\/users\/2"}],"replies":[{"embeddable":true,"href":"https:\/\/www.altaviadeimontilattari.it\/es\/wp-json\/wp\/v2\/comments?post=6121"}],"version-history":[{"count":0,"href":"https:\/\/www.altaviadeimontilattari.it\/es\/wp-json\/wp\/v2\/pages\/6121\/revisions"}],"wp:attachment":[{"href":"https:\/\/www.altaviadeimontilattari.it\/es\/wp-json\/wp\/v2\/media?parent=6121"}],"curies":[{"name":"wp","href":"https:\/\/api.w.org\/{rel}","templated":true}]}}