{"id":6125,"date":"2020-11-19T14:54:06","date_gmt":"2020-11-19T14:54:06","guid":{"rendered":"https:\/\/www.altaviadeimontilattari.it\/la-costa-amalfitana\/"},"modified":"2020-11-19T14:54:06","modified_gmt":"2020-11-19T14:54:06","slug":"la-costa-amalfitana","status":"publish","type":"page","link":"https:\/\/www.altaviadeimontilattari.it\/es\/la-costa-amalfitana\/","title":{"rendered":"la costa amalfitana"},"content":{"rendered":"<p><em> <strong> La costa de Amalfi <\/strong> <\/em> representa el espl\u00e9ndido paisaje situado al sur de la ca\u00f3tica y fascinante N\u00e1poles. En apoyo de esto, las islas de Capri, Ischia y Procida han sido atractivos para millones de visitantes provenientes no solo de Italia.<\/p>\n<p>Las ciudades que animan las costas de Campania est\u00e1n inmersas en las monta\u00f1as, son v\u00edrgenes y mantienen un encanto siempre verde que atrae a grupos de turistas. Nuestro consejo es evitar la temporada de verano, cuando llegan muchos visitantes: podr\u00e1s disfrutar de deliciosos paseos entre paisajes, arte y buena comida.<\/p>\n<p>Entonces, \u00bfcu\u00e1ndo ir a la <em> <strong> costa de Amalfi <\/strong> <\/em>?<\/p>\n<p>Muchos hoteles, restaurantes y atracciones est\u00e1n cerrados desde noviembre hasta Semana Santa. En verano, las estrechas carreteras costeras est\u00e1n atascadas y las temperaturas suben. La primavera y el oto\u00f1o son las dos mejores estaciones para alojarse en estos lugares.<\/p>\n<p>Primavera para sus campos de flores brillantes y oto\u00f1o para mares c\u00e1lidos y abundantes productos de temporada, como setas, trufas negras y casta\u00f1as.<\/p>\n<p><em> <strong> La costa de Amalfi <\/strong> <\/em> se puede visitar en 5 d\u00edas durante los cuales podr\u00e1 descubrir los aspectos m\u00e1s destacados de la regi\u00f3n.<\/p>\n<p>Caminar por la <em> <strong> costa de Amalfi <\/strong> <\/em> es una de las mejores maneras de disfrutar de maravillosos paisajes, cultura y comida de una sola vez. Solo hay unos pocos lugares en el mundo que ofrecen este tr\u00edo de experiencias, y mucho menos en Italia.<\/p>\n<p>El senderismo y el trekking en la <em> <strong> costa de Amalfi <\/strong> <\/em> son diferentes a cualquier tipo de actividad que haya probado antes. Algunas partes de los senderos son rocosas y empinadas, mientras que otras son senderos agradables para caminar. No importa qu\u00e9 ruta elija tomar, experimentar\u00e1 vistas impresionantes, aire fresco e historia.<\/p>\n<p>La mejor parte de las excursiones a la <em> <strong> costa de Amalfi <\/strong> <\/em> es que no se encuentra en un lugar muy remoto. Probablemente pueda quedarse en ciudades cercanas o visitar varias ciudades en su viaje.<\/p>\n<p>El primer punto de inter\u00e9s hist\u00f3rico que puedes interceptar en tu camino es la <em> <strong> Torre delle Ziro <\/strong> <\/em>, situada entre <em> <strong> Pontone y Atrani <\/strong> <\/ em >. Esta ruta contin\u00faa a lo largo de las antiguas murallas del Ducado de Amalfi hasta la Torre que fue construida antes del siglo XVI.<\/p>\n<p>El edificio se utiliz\u00f3 para observar el acercamiento de los barcos piratas. Tiene un pasado interesante: en un momento dado, la duquesa de <em> <strong> Amalfi <\/strong> <\/em>, tras ser acusada de una aventura, fue encerrada en la torre con sus hijos y asesinada. Los lugare\u00f1os creen que la torre est\u00e1 encantada.<\/p>\n<p>Otra ruta para experimentar es el Vallone delle Ferriere que comienza en Pontone y termina en Amalfi. Este sendero es perfecto para los amantes de las plantas y los bosques.<\/p>\n<p>Lo m\u00e1s destacado de esta ruta son los acueductos hist\u00f3ricos, el follaje antiguo (los helechos se remontan a la Edad de Hielo) y las fundiciones medievales. Hay algunos desv\u00edos que puedes tomar que te llevar\u00e1n a cascadas y jardines.<\/p>\n<p><em> <strong> El Camino de los Dioses <\/strong> <\/em> se encuentra entre <em> <strong> Agerola y Positano <\/strong> <\/em>. Este sendero relativamente llano ofrece vistas de la isla de Capri y de varios pueblos locales. El sendero en s\u00ed es f\u00e1cil de caminar, pero le recomendamos que lo evite al final de la tarde. La mayor parte de la ruta, de hecho, pasa por alto la costa que tiene muy poca sombra. \u00a1En los meses de verano se vuelve insostenible! Sin embargo, es una excelente ruta para hacer en primavera u oto\u00f1o, ya que las temperaturas son m\u00e1s bajas pero las impresionantes vistas siguen siendo las mismas.<\/p>\n<p>Finalmente, si buscas vistas excepcionales, el <em> <strong> camino del Monte Tre Calli <\/strong> <\/em> es la soluci\u00f3n ideal. Este itinerario es m\u00e1s dif\u00edcil de realizar ya que te lleva a la cima de la monta\u00f1a del mismo nombre que se encuentra a 1000 metros sobre el nivel del mar. El esfuerzo tiene su recompensa porque desde su cima se puede ver <em> <strong> Vesubio, Sorrento <\/strong> <\/em> y <em> <strong> Amalfi <\/strong> <\/em>.<\/p>\n<p>Mientras camina en esta caminata, aseg\u00farese de que sus botellas de agua est\u00e9n llenas. Si has tra\u00eddo bocadillos o alimentos energ\u00e9ticos, \u00a1no dejes sus envoltorios en el camino!<\/p>\n<div style=\"margin: 20px 0;\"><div class=\"qrcswholewtapper\" style=\"text-align:left;\"><div class=\"qrcprowrapper\"  id=\"qrcwraa2leds\"><div class=\"qrc_canvass\" id=\"qrc_cuttenpages_2\" style=\"display:inline-block\" data-text=\"https:\/\/www.altaviadeimontilattari.it\/es\/la-costa-amalfitana\/\"><\/div><div><a download=\"la costa amalfitana.png\" class=\"qrcdownloads\" id=\"worign\">\r\n           <button type=\"button\" style=\"min-width:200px;background:#81ea00;color:#000;font-weight: 600;border: 1px solid #dddddd;border-radius:4px;font-size:12px;padding: 6px 0;\" class=\"uqr_code_btn\">Download QR<\/button>\r\n           <\/a><\/div><\/div><\/div><\/div>","protected":false},"excerpt":{"rendered":"<p>La costa de Amalfi representa el espl\u00e9ndido paisaje situado al sur de la ca\u00f3tica y fascinante N\u00e1poles. En apoyo de esto, las islas de Capri, Ischia y Procida han sido atractivos para millones de visitantes provenientes no solo de Italia. Las ciudades que animan las costas de Campania est\u00e1n inmersas en las monta\u00f1as, son v\u00edrgenes&hellip;&nbsp;<a href=\"https:\/\/www.altaviadeimontilattari.it\/es\/la-costa-amalfitana\/\" rel=\"bookmark\">Read More &raquo;<span class=\"screen-reader-text\">la costa amalfitana<\/span><\/a><\/p>\n","protected":false},"author":2,"featured_media":0,"parent":0,"menu_order":0,"comment_status":"closed","ping_status":"closed","template":"","meta":{"neve_meta_sidebar":"","neve_meta_container":"","neve_meta_enable_content_width":"off","neve_meta_content_width":0,"neve_meta_title_alignment":"","neve_meta_author_avatar":"","neve_post_elements_order":"","neve_meta_disable_header":"","neve_meta_disable_footer":"","neve_meta_disable_title":"","neve_meta_reading_time":"","_themeisle_gutenberg_block_has_review":false,"footnotes":""},"class_list":["post-6125","page","type-page","status-publish","hentry"],"yoast_head":"<!-- This site is optimized with the Yoast SEO plugin v27.5 - https:\/\/yoast.com\/product\/yoast-seo-wordpress\/ -->\n<title>la costa amalfitana - Alta Via dei Monti Lattari<\/title>\n<meta name=\"robots\" content=\"index, follow, max-snippet:-1, max-image-preview:large, max-video-preview:-1\" \/>\n<link rel=\"canonical\" href=\"https:\/\/www.altaviadeimontilattari.it\/1-2-la-costiera-amalfitana\/\" \/>\n<meta property=\"og:locale\" content=\"es_ES\" \/>\n<meta property=\"og:type\" content=\"article\" \/>\n<meta property=\"og:title\" content=\"la costa amalfitana - Alta Via dei Monti Lattari\" \/>\n<meta property=\"og:description\" content=\"La costa de Amalfi representa el espl\u00e9ndido paisaje situado al sur de la ca\u00f3tica y fascinante N\u00e1poles. En apoyo de esto, las islas de Capri, Ischia y Procida han sido atractivos para millones de visitantes provenientes no solo de Italia. Las ciudades que animan las costas de Campania est\u00e1n inmersas en las monta\u00f1as, son v\u00edrgenes&hellip;&nbsp;Read More &raquo;la costa amalfitana\" \/>\n<meta property=\"og:url\" content=\"https:\/\/www.altaviadeimontilattari.it\/1-2-la-costiera-amalfitana\/\" \/>\n<meta property=\"og:site_name\" content=\"Alta Via dei Monti Lattari\" \/>\n<meta name=\"twitter:card\" content=\"summary_large_image\" \/>\n<meta name=\"twitter:label1\" content=\"Tiempo de lectura\" \/>\n\t<meta name=\"twitter:data1\" content=\"3 minutos\" \/>\n<script type=\"application\/ld+json\" class=\"yoast-schema-graph\">{\"@context\":\"https:\\\/\\\/schema.org\",\"@graph\":[{\"@type\":\"WebPage\",\"@id\":\"https:\\\/\\\/www.altaviadeimontilattari.it\\\/1-2-la-costiera-amalfitana\\\/\",\"url\":\"https:\\\/\\\/www.altaviadeimontilattari.it\\\/1-2-la-costiera-amalfitana\\\/\",\"name\":\"la costa amalfitana - Alta Via dei Monti Lattari\",\"isPartOf\":{\"@id\":\"https:\\\/\\\/www.altaviadeimontilattari.it\\\/#website\"},\"datePublished\":\"2020-11-19T14:54:06+00:00\",\"breadcrumb\":{\"@id\":\"https:\\\/\\\/www.altaviadeimontilattari.it\\\/1-2-la-costiera-amalfitana\\\/#breadcrumb\"},\"inLanguage\":\"es\",\"potentialAction\":[{\"@type\":\"ReadAction\",\"target\":[\"https:\\\/\\\/www.altaviadeimontilattari.it\\\/1-2-la-costiera-amalfitana\\\/\"]}]},{\"@type\":\"BreadcrumbList\",\"@id\":\"https:\\\/\\\/www.altaviadeimontilattari.it\\\/1-2-la-costiera-amalfitana\\\/#breadcrumb\",\"itemListElement\":[{\"@type\":\"ListItem\",\"position\":1,\"name\":\"Home\",\"item\":\"https:\\\/\\\/www.altaviadeimontilattari.it\\\/es\\\/\"},{\"@type\":\"ListItem\",\"position\":2,\"name\":\"la costa amalfitana\"}]},{\"@type\":\"WebSite\",\"@id\":\"https:\\\/\\\/www.altaviadeimontilattari.it\\\/#website\",\"url\":\"https:\\\/\\\/www.altaviadeimontilattari.it\\\/\",\"name\":\"Alta Via dei Monti Lattari\",\"description\":\"La montagna \u00e8 un modo di vivere la vita.\",\"publisher\":{\"@id\":\"https:\\\/\\\/www.altaviadeimontilattari.it\\\/#organization\"},\"potentialAction\":[{\"@type\":\"SearchAction\",\"target\":{\"@type\":\"EntryPoint\",\"urlTemplate\":\"https:\\\/\\\/www.altaviadeimontilattari.it\\\/?s={search_term_string}\"},\"query-input\":{\"@type\":\"PropertyValueSpecification\",\"valueRequired\":true,\"valueName\":\"search_term_string\"}}],\"inLanguage\":\"es\"},{\"@type\":\"Organization\",\"@id\":\"https:\\\/\\\/www.altaviadeimontilattari.it\\\/#organization\",\"name\":\"Alta Via dei Monti Lattari\",\"url\":\"https:\\\/\\\/www.altaviadeimontilattari.it\\\/\",\"logo\":{\"@type\":\"ImageObject\",\"inLanguage\":\"es\",\"@id\":\"https:\\\/\\\/www.altaviadeimontilattari.it\\\/#\\\/schema\\\/logo\\\/image\\\/\",\"url\":\"https:\\\/\\\/i0.wp.com\\\/www.altaviadeimontilattari.it\\\/wp-content\\\/uploads\\\/2020\\\/12\\\/alta_via_monyi_lattari_logo.png?fit=325%2C100&ssl=1\",\"contentUrl\":\"https:\\\/\\\/i0.wp.com\\\/www.altaviadeimontilattari.it\\\/wp-content\\\/uploads\\\/2020\\\/12\\\/alta_via_monyi_lattari_logo.png?fit=325%2C100&ssl=1\",\"width\":325,\"height\":100,\"caption\":\"Alta Via dei Monti Lattari\"},\"image\":{\"@id\":\"https:\\\/\\\/www.altaviadeimontilattari.it\\\/#\\\/schema\\\/logo\\\/image\\\/\"}}]}<\/script>\n<!-- \/ Yoast SEO plugin. -->","yoast_head_json":{"title":"la costa amalfitana - Alta Via dei Monti Lattari","robots":{"index":"index","follow":"follow","max-snippet":"max-snippet:-1","max-image-preview":"max-image-preview:large","max-video-preview":"max-video-preview:-1"},"canonical":"https:\/\/www.altaviadeimontilattari.it\/1-2-la-costiera-amalfitana\/","og_locale":"es_ES","og_type":"article","og_title":"la costa amalfitana - Alta Via dei Monti Lattari","og_description":"La costa de Amalfi representa el espl\u00e9ndido paisaje situado al sur de la ca\u00f3tica y fascinante N\u00e1poles. En apoyo de esto, las islas de Capri, Ischia y Procida han sido atractivos para millones de visitantes provenientes no solo de Italia. Las ciudades que animan las costas de Campania est\u00e1n inmersas en las monta\u00f1as, son v\u00edrgenes&hellip;&nbsp;Read More &raquo;la costa amalfitana","og_url":"https:\/\/www.altaviadeimontilattari.it\/1-2-la-costiera-amalfitana\/","og_site_name":"Alta Via dei Monti Lattari","twitter_card":"summary_large_image","twitter_misc":{"Tiempo de lectura":"3 minutos"},"schema":{"@context":"https:\/\/schema.org","@graph":[{"@type":"WebPage","@id":"https:\/\/www.altaviadeimontilattari.it\/1-2-la-costiera-amalfitana\/","url":"https:\/\/www.altaviadeimontilattari.it\/1-2-la-costiera-amalfitana\/","name":"la costa amalfitana - Alta Via dei Monti Lattari","isPartOf":{"@id":"https:\/\/www.altaviadeimontilattari.it\/#website"},"datePublished":"2020-11-19T14:54:06+00:00","breadcrumb":{"@id":"https:\/\/www.altaviadeimontilattari.it\/1-2-la-costiera-amalfitana\/#breadcrumb"},"inLanguage":"es","potentialAction":[{"@type":"ReadAction","target":["https:\/\/www.altaviadeimontilattari.it\/1-2-la-costiera-amalfitana\/"]}]},{"@type":"BreadcrumbList","@id":"https:\/\/www.altaviadeimontilattari.it\/1-2-la-costiera-amalfitana\/#breadcrumb","itemListElement":[{"@type":"ListItem","position":1,"name":"Home","item":"https:\/\/www.altaviadeimontilattari.it\/es\/"},{"@type":"ListItem","position":2,"name":"la costa amalfitana"}]},{"@type":"WebSite","@id":"https:\/\/www.altaviadeimontilattari.it\/#website","url":"https:\/\/www.altaviadeimontilattari.it\/","name":"Alta Via dei Monti Lattari","description":"La montagna \u00e8 un modo di vivere la vita.","publisher":{"@id":"https:\/\/www.altaviadeimontilattari.it\/#organization"},"potentialAction":[{"@type":"SearchAction","target":{"@type":"EntryPoint","urlTemplate":"https:\/\/www.altaviadeimontilattari.it\/?s={search_term_string}"},"query-input":{"@type":"PropertyValueSpecification","valueRequired":true,"valueName":"search_term_string"}}],"inLanguage":"es"},{"@type":"Organization","@id":"https:\/\/www.altaviadeimontilattari.it\/#organization","name":"Alta Via dei Monti Lattari","url":"https:\/\/www.altaviadeimontilattari.it\/","logo":{"@type":"ImageObject","inLanguage":"es","@id":"https:\/\/www.altaviadeimontilattari.it\/#\/schema\/logo\/image\/","url":"https:\/\/i0.wp.com\/www.altaviadeimontilattari.it\/wp-content\/uploads\/2020\/12\/alta_via_monyi_lattari_logo.png?fit=325%2C100&ssl=1","contentUrl":"https:\/\/i0.wp.com\/www.altaviadeimontilattari.it\/wp-content\/uploads\/2020\/12\/alta_via_monyi_lattari_logo.png?fit=325%2C100&ssl=1","width":325,"height":100,"caption":"Alta Via dei Monti Lattari"},"image":{"@id":"https:\/\/www.altaviadeimontilattari.it\/#\/schema\/logo\/image\/"}}]}},"jetpack-related-posts":[{"id":5995,"url":"https:\/\/www.altaviadeimontilattari.it\/es\/la-costa-amalfitana-y-la-peninsula-sorrentina-entre-poesia-arte-y-aforismos\/","url_meta":{"origin":6125,"position":0},"title":"La Costa Amalfitana y la Pen\u00ednsula Sorrentina entre poes\u00eda, arte y aforismos","author":"Luca Casaburi","date":"28 de mayo de 2022","format":false,"excerpt":"La Costa de Amalfi siempre ha sido tierra de marineros e inventores, pero tambi\u00e9n inspiraci\u00f3n para poetas, escritores y grandes compositores. Propongo un viaje por estas tierras, verdaderos cuadros enmarcados por un cielo a\u00f1il y un mar esmeralda, vistos a trav\u00e9s de los ojos de ilustres visitantes. La costa fue\u2026","rel":"","context":"Entrada similar","block_context":{"text":"Entrada similar","link":""},"img":{"alt_text":"","src":"","width":0,"height":0},"classes":[]},{"id":6121,"url":"https:\/\/www.altaviadeimontilattari.it\/es\/la-peninsula-de-sorrento\/","url_meta":{"origin":6125,"position":1},"title":"La pen\u00ednsula de Sorrento","author":"","date":"19 de noviembre de 2020","format":false,"excerpt":"La pen\u00ednsula de Sorrento presenta un paisaje \u00fanico en el mundo a trav\u00e9s del cual se alternan colinas bajas y altas, profundos valles y majestuosas monta\u00f1as. Entre las bellezas de la naturaleza, est\u00e1 la intervenci\u00f3n del hombre con naranjos y limoneros, olivares y vi\u00f1edos. Estos son los encantadores jardines que\u2026","rel":"","context":"Entrada similar","block_context":{"text":"Entrada similar","link":""},"img":{"alt_text":"","src":"","width":0,"height":0},"classes":[]},{"id":6095,"url":"https:\/\/www.altaviadeimontilattari.it\/es\/el-camino-300-cai\/","url_meta":{"origin":6125,"position":2},"title":"El camino 300 CAI","author":"","date":"19 de noviembre de 2020","format":false,"excerpt":"La costa italiana de Amalfi es uno de los acantilados m\u00e1s famosos del mundo y atrae a viajeros de todos los pa\u00edses con su t\u00edpico encanto italiano. Sin embargo, actualmente el turismo de senderismo se ha limitado a un peque\u00f1o tramo del territorio: el Camino de los Dioses . M\u00e1s\u2026","rel":"","context":"Entrada similar","block_context":{"text":"Entrada similar","link":""},"img":{"alt_text":"","src":"","width":0,"height":0},"classes":[]},{"id":5954,"url":"https:\/\/www.altaviadeimontilattari.it\/es\/consejos-utiles-para-organizarse\/","url_meta":{"origin":6125,"position":3},"title":"Consejos \u00fatiles para organizarse","author":"","date":"20 de noviembre de 2020","format":false,"excerpt":"Senderismo en Costa de Amalfi es hermosa y debe seguir si\u00e9ndolo. Durante su experiencia, es importante que practique el senderismo de forma responsable, sobre todo por el creciente n\u00famero de turistas que se adentran en los senderos cada a\u00f1o. Aqu\u00ed tienes algunos consejos para organizarte y vivir al m\u00e1ximo el\u2026","rel":"","context":"Entrada similar","block_context":{"text":"Entrada similar","link":""},"img":{"alt_text":"","src":"","width":0,"height":0},"classes":[]},{"id":5930,"url":"https:\/\/www.altaviadeimontilattari.it\/es\/alta-via-dei-monti-lattari\/","url_meta":{"origin":6125,"position":4},"title":"Alta Via dei Monti Lattari","author":"","date":"19 de noviembre de 2020","format":false,"excerpt":"Con la cabeza en las nubes y el mar Famosa en todo el mundo por su mar azul profundo, sus acantilados y sus ciudades antiguas, la Costa de Amalfi esconde justo encima de su costa, la belleza natural de los Montes Lattari. Atravesado por cientos de caminos de herradura bien\u2026","rel":"","context":"Entrada similar","block_context":{"text":"Entrada similar","link":""},"img":{"alt_text":"","src":"https:\/\/i0.wp.com\/www.altaviadeimontilattari.it\/wp-content\/uploads\/2020\/12\/tour_alta_via_monti_lattari.jpg?resize=350%2C200&ssl=1","width":350,"height":200,"srcset":"https:\/\/i0.wp.com\/www.altaviadeimontilattari.it\/wp-content\/uploads\/2020\/12\/tour_alta_via_monti_lattari.jpg?resize=350%2C200&ssl=1 1x, https:\/\/i0.wp.com\/www.altaviadeimontilattari.it\/wp-content\/uploads\/2020\/12\/tour_alta_via_monti_lattari.jpg?resize=525%2C300&ssl=1 1.5x, https:\/\/i0.wp.com\/www.altaviadeimontilattari.it\/wp-content\/uploads\/2020\/12\/tour_alta_via_monti_lattari.jpg?resize=700%2C400&ssl=1 2x"},"classes":[]},{"id":5968,"url":"https:\/\/www.altaviadeimontilattari.it\/es\/5-donde-dormir-refugios\/","url_meta":{"origin":6125,"position":5},"title":"5. D\u00f3nde dormir: Refugios","author":"","date":"20 de noviembre de 2020","format":false,"excerpt":"Hay alojamientos en Costa de Amalfi para todos los gustos y casi todos los presupuestos. Amalfi e Positano son los principales centros tur\u00edsticos de la Costa de Amalfi y, por tanto, los precios del alojamiento son relativamente caros. Si quiere conseguir una buena habitaci\u00f3n a un precio razonable aqu\u00ed durante\u2026","rel":"","context":"Entrada similar","block_context":{"text":"Entrada similar","link":""},"img":{"alt_text":"","src":"","width":0,"height":0},"classes":[]}],"jetpack_shortlink":"https:\/\/wp.me\/PcGNaV-1AN","jetpack_sharing_enabled":true,"_links":{"self":[{"href":"https:\/\/www.altaviadeimontilattari.it\/es\/wp-json\/wp\/v2\/pages\/6125","targetHints":{"allow":["GET"]}}],"collection":[{"href":"https:\/\/www.altaviadeimontilattari.it\/es\/wp-json\/wp\/v2\/pages"}],"about":[{"href":"https:\/\/www.altaviadeimontilattari.it\/es\/wp-json\/wp\/v2\/types\/page"}],"author":[{"embeddable":true,"href":"https:\/\/www.altaviadeimontilattari.it\/es\/wp-json\/wp\/v2\/users\/2"}],"replies":[{"embeddable":true,"href":"https:\/\/www.altaviadeimontilattari.it\/es\/wp-json\/wp\/v2\/comments?post=6125"}],"version-history":[{"count":0,"href":"https:\/\/www.altaviadeimontilattari.it\/es\/wp-json\/wp\/v2\/pages\/6125\/revisions"}],"wp:attachment":[{"href":"https:\/\/www.altaviadeimontilattari.it\/es\/wp-json\/wp\/v2\/media?parent=6125"}],"curies":[{"name":"wp","href":"https:\/\/api.w.org\/{rel}","templated":true}]}}