{"id":5952,"date":"2020-11-20T21:30:43","date_gmt":"2020-11-20T21:30:43","guid":{"rendered":"https:\/\/www.altaviadeimontilattari.it\/conseils-utiles-pour-lorganisation\/"},"modified":"2020-11-20T21:30:43","modified_gmt":"2020-11-20T21:30:43","slug":"conseils-utiles-pour-lorganisation","status":"publish","type":"page","link":"https:\/\/www.altaviadeimontilattari.it\/fr\/conseils-utiles-pour-lorganisation\/","title":{"rendered":"Conseils utiles pour l&rsquo;organisation"},"content":{"rendered":"<p>Randonn\u00e9e dans<em><strong> C\u00f4te amalfitaine<\/strong> <\/em>est belle et doit le rester. Pendant votre exp\u00e9rience, il est important de faire du trekking de mani\u00e8re responsable, notamment en raison du nombre croissant de touristes qui empruntent les sentiers chaque ann\u00e9e. Voici quelques conseils pour s&rsquo;organiser et vivre pleinement le trek :<\/p>\n<p>Chaussures de randonn\u00e9e : la qualit\u00e9 des sentiers de randonn\u00e9e en <em><br \/>\n  <strong>C\u00f4te amalfitaine<\/strong><br \/>\n<\/em> varie de plat \u00e0 raide, de bien entretenu \u00e0 abandonn\u00e9. Pour des raisons de s\u00e9curit\u00e9, si vous avez des chaussures de randonn\u00e9e, nous vous recommandons d&#8217;emporter des chaussures plus hautes car elles offrent une meilleure protection et \u00e9vitent les entorses aux chevilles. Enfin, randonner avec des bagages augmente le poids que l&rsquo;on peut porter pendant plusieurs jours. En particulier lors de longues mont\u00e9es et descentes, le risque d&rsquo;ampoules aux pieds augmente en raison d&rsquo;une charge accrue.<\/p>\n<p>B\u00e2tons de marche : en raison des nombreux m\u00e8tres de d\u00e9nivel\u00e9, nous vous recommandons de penser \u00e0 des b\u00e2tons de marche. De cette mani\u00e8re, les genoux peuvent \u00eatre consid\u00e9rablement soulag\u00e9s, notamment dans les descentes.<\/p>\n<p>Les comprim\u00e9s de magn\u00e9sium : un comprim\u00e9 de magn\u00e9sium le soir \u00e9vite les douleurs musculaires le lendemain !<\/p>\n<p>Applications GPS et cartes hors ligne pour votre smartphone : naviguer sur ces itin\u00e9raires est le secret pour ne pas se perdre. Votre t\u00e9l\u00e9phone ne dispose pas toujours du r\u00e9seau n\u00e9cessaire pour se connecter \u00e0 Internet. C&rsquo;est pourquoi nous vous recommandons de t\u00e9l\u00e9charger des applications qui vous permettent d&rsquo;acc\u00e9der aux cartes \u00e9galement hors ligne afin d&rsquo;avoir toujours \u00e0 port\u00e9e de main un guide utile et opportun.<\/p>\n<p>Utilisez Whatsapp : vous l&rsquo;avez certainement d\u00e9j\u00e0 sur votre smartphone, mais Whatsapp est un excellent moyen de communiquer votre heure d&rsquo;arriv\u00e9e pr\u00e9vue aux exploitants de chambres d&rsquo;h\u00f4tes et d&rsquo;obtenir des informations plus d\u00e9taill\u00e9es sur la localisation de votre logement.<\/p>\n<p>L&rsquo;un des aspects les plus importants de la randonn\u00e9e en <em><strong>C\u00f4te amalfitaine<\/strong> <\/em>est que les routes sont proches de nombreuses villes diff\u00e9rentes. Par cons\u00e9quent, vous ne vous trouverez jamais dans un endroit si \u00e9loign\u00e9 que vous aurez du mal \u00e0 trouver de la nourriture et de l&rsquo;eau. Comme vous \u00eates \u00e0 proximit\u00e9 de nombreuses villes, c&rsquo;est une bonne occasion d&rsquo;apporter des bouteilles d&rsquo;eau r\u00e9utilisables ou des flasques pour se recharger en ville. \u00c9vitez d&rsquo;acheter des bouteilles d&rsquo;eau en plastique jetables qui pourraient \u00eatre dispers\u00e9es dans l&rsquo;environnement.<\/p>\n<p>Puisque vous \u00eates proche de tant de villes riches en culture, arr\u00eatez-vous pour une collation au restaurant local. \u00c0 tout moment, vous n&rsquo;\u00eates qu&rsquo;\u00e0 une heure de la ville. Pendant que vous \u00eates en ville, vous pouvez acheter des fruits locaux pour votre prochain arr\u00eat. Apr\u00e8s tout, en Italie, vous \u00eates entour\u00e9 des meilleurs produits frais du monde.<\/p>\n<p>Les vues que vous d\u00e9couvrirez au cours de vos randonn\u00e9es vous couperont le souffle, mais vous devez faire attention \u00e0 rester sur les chemins et les sentiers. Quitter l&rsquo;itin\u00e9raire pourrait endommager de fa\u00e7on permanente la structure du chemin lui-m\u00eame et la v\u00e9g\u00e9tation environnante.<\/p>\n<p>L&rsquo;une des pires choses que les touristes puissent faire est de nourrir les animaux sauvages. Au bout d&rsquo;un certain temps, les animaux s&rsquo;habituent \u00e0 ce que les touristes les nourrissent, ce qui nuit \u00e0 l&rsquo;environnement local et agace les autres voyageurs. Avez-vous d\u00e9j\u00e0 vu des pigeons \u00e0 Venise ou \u00e0 Londres ? Oui. Ne transformons pas Amalfi en \u00e7a.<\/p>\n<p>La <em><strong>C\u00f4te amalfitaine<\/strong> <\/em>est un endroit magnifique. Nous devons nous efforcer de maintenir cette situation. Lors des excursions et des s\u00e9jours, pensez \u00e0 faire des achats et \u00e0 soutenir les entreprises locales. Tr\u00e8s souvent, ces r\u00e9alit\u00e9s reposent sur le tourisme. En outre, lors des itin\u00e9raires, privil\u00e9giez l&rsquo;utilisation de mat\u00e9riaux respectueux de l&rsquo;environnement. En suivant ces conseils, vous pourrez vivre une meilleure exp\u00e9rience et faire en sorte que la prochaine g\u00e9n\u00e9ration vive les m\u00eames \u00e9motions que vous lors d&rsquo;un trekking sur le <em><br \/>\n  <strong>C\u00f4te amalfitaine<\/strong><br \/>\n<\/em>.<\/p>\n<p>&nbsp;<\/p>\n<div style=\"margin: 20px 0;\"><div class=\"qrcswholewtapper\" style=\"text-align:left;\"><div class=\"qrcprowrapper\"  id=\"qrcwraa2leds\"><div class=\"qrc_canvass\" id=\"qrc_cuttenpages_2\" style=\"display:inline-block\" data-text=\"https:\/\/www.altaviadeimontilattari.it\/fr\/conseils-utiles-pour-lorganisation\/\"><\/div><div><a download=\"Conseils utiles pour l&rsquo;organisation.png\" class=\"qrcdownloads\" id=\"worign\">\r\n           <button type=\"button\" style=\"min-width:200px;background:#81ea00;color:#000;font-weight: 600;border: 1px solid #dddddd;border-radius:4px;font-size:12px;padding: 6px 0;\" class=\"uqr_code_btn\">Download QR<\/button>\r\n           <\/a><\/div><\/div><\/div><\/div>","protected":false},"excerpt":{"rendered":"<p>Randonn\u00e9e dans C\u00f4te amalfitaine est belle et doit le rester. Pendant votre exp\u00e9rience, il est important de faire du trekking de mani\u00e8re responsable, notamment en raison du nombre croissant de touristes qui empruntent les sentiers chaque ann\u00e9e. Voici quelques conseils pour s&rsquo;organiser et vivre pleinement le trek : Chaussures de randonn\u00e9e : la qualit\u00e9 des&hellip;&nbsp;<a href=\"https:\/\/www.altaviadeimontilattari.it\/fr\/conseils-utiles-pour-lorganisation\/\" rel=\"bookmark\">Read More &raquo;<span class=\"screen-reader-text\">Conseils utiles pour l&rsquo;organisation<\/span><\/a><\/p>\n","protected":false},"author":2,"featured_media":0,"parent":0,"menu_order":0,"comment_status":"closed","ping_status":"closed","template":"","meta":{"neve_meta_sidebar":"","neve_meta_container":"","neve_meta_enable_content_width":"off","neve_meta_content_width":0,"neve_meta_title_alignment":"","neve_meta_author_avatar":"","neve_post_elements_order":"","neve_meta_disable_header":"","neve_meta_disable_footer":"","neve_meta_disable_title":"","neve_meta_reading_time":"","_themeisle_gutenberg_block_has_review":false,"jetpack_post_was_ever_published":false,"footnotes":""},"class_list":["post-5952","page","type-page","status-publish","hentry"],"yoast_head":"<!-- This site is optimized with the Yoast SEO plugin v27.2 - https:\/\/yoast.com\/product\/yoast-seo-wordpress\/ -->\n<title>Conseils utiles pour l&#039;organisation - Alta Via dei Monti Lattari<\/title>\n<meta name=\"robots\" content=\"index, follow, max-snippet:-1, max-image-preview:large, max-video-preview:-1\" \/>\n<link rel=\"canonical\" href=\"https:\/\/www.altaviadeimontilattari.it\/fr\/conseils-utiles-pour-lorganisation\/\" \/>\n<meta property=\"og:locale\" content=\"fr_FR\" \/>\n<meta property=\"og:type\" content=\"article\" \/>\n<meta property=\"og:title\" content=\"Conseils utiles pour l&#039;organisation - Alta Via dei Monti Lattari\" \/>\n<meta property=\"og:description\" content=\"Randonn\u00e9e dans C\u00f4te amalfitaine est belle et doit le rester. Pendant votre exp\u00e9rience, il est important de faire du trekking de mani\u00e8re responsable, notamment en raison du nombre croissant de touristes qui empruntent les sentiers chaque ann\u00e9e. Voici quelques conseils pour s&rsquo;organiser et vivre pleinement le trek : Chaussures de randonn\u00e9e : la qualit\u00e9 des&hellip;&nbsp;Read More &raquo;Conseils utiles pour l&rsquo;organisation\" \/>\n<meta property=\"og:url\" content=\"https:\/\/www.altaviadeimontilattari.it\/fr\/conseils-utiles-pour-lorganisation\/\" \/>\n<meta property=\"og:site_name\" content=\"Alta Via dei Monti Lattari\" \/>\n<meta name=\"twitter:card\" content=\"summary_large_image\" \/>\n<meta name=\"twitter:label1\" content=\"Dur\u00e9e de lecture estim\u00e9e\" \/>\n\t<meta name=\"twitter:data1\" content=\"3 minutes\" \/>\n<script type=\"application\/ld+json\" class=\"yoast-schema-graph\">{\"@context\":\"https:\/\/schema.org\",\"@graph\":[{\"@type\":\"WebPage\",\"@id\":\"https:\/\/www.altaviadeimontilattari.it\/fr\/conseils-utiles-pour-lorganisation\/\",\"url\":\"https:\/\/www.altaviadeimontilattari.it\/fr\/conseils-utiles-pour-lorganisation\/\",\"name\":\"Conseils utiles pour l'organisation - Alta Via dei Monti Lattari\",\"isPartOf\":{\"@id\":\"https:\/\/www.altaviadeimontilattari.it\/#website\"},\"datePublished\":\"2020-11-20T21:30:43+00:00\",\"breadcrumb\":{\"@id\":\"https:\/\/www.altaviadeimontilattari.it\/fr\/conseils-utiles-pour-lorganisation\/#breadcrumb\"},\"inLanguage\":\"fr-FR\",\"potentialAction\":[{\"@type\":\"ReadAction\",\"target\":[\"https:\/\/www.altaviadeimontilattari.it\/fr\/conseils-utiles-pour-lorganisation\/\"]}]},{\"@type\":\"BreadcrumbList\",\"@id\":\"https:\/\/www.altaviadeimontilattari.it\/fr\/conseils-utiles-pour-lorganisation\/#breadcrumb\",\"itemListElement\":[{\"@type\":\"ListItem\",\"position\":1,\"name\":\"Home\",\"item\":\"https:\/\/www.altaviadeimontilattari.it\/es\/\"},{\"@type\":\"ListItem\",\"position\":2,\"name\":\"Conseils utiles pour l&#8217;organisation\"}]},{\"@type\":\"WebSite\",\"@id\":\"https:\/\/www.altaviadeimontilattari.it\/#website\",\"url\":\"https:\/\/www.altaviadeimontilattari.it\/\",\"name\":\"Alta Via dei Monti Lattari\",\"description\":\"La montagna \u00e8 un modo di vivere la vita.\",\"publisher\":{\"@id\":\"https:\/\/www.altaviadeimontilattari.it\/#organization\"},\"potentialAction\":[{\"@type\":\"SearchAction\",\"target\":{\"@type\":\"EntryPoint\",\"urlTemplate\":\"https:\/\/www.altaviadeimontilattari.it\/?s={search_term_string}\"},\"query-input\":{\"@type\":\"PropertyValueSpecification\",\"valueRequired\":true,\"valueName\":\"search_term_string\"}}],\"inLanguage\":\"fr-FR\"},{\"@type\":\"Organization\",\"@id\":\"https:\/\/www.altaviadeimontilattari.it\/#organization\",\"name\":\"Alta Via dei Monti Lattari\",\"url\":\"https:\/\/www.altaviadeimontilattari.it\/\",\"logo\":{\"@type\":\"ImageObject\",\"inLanguage\":\"fr-FR\",\"@id\":\"https:\/\/www.altaviadeimontilattari.it\/#\/schema\/logo\/image\/\",\"url\":\"https:\/\/i0.wp.com\/www.altaviadeimontilattari.it\/wp-content\/uploads\/2020\/12\/alta_via_monyi_lattari_logo.png?fit=325%2C100&ssl=1\",\"contentUrl\":\"https:\/\/i0.wp.com\/www.altaviadeimontilattari.it\/wp-content\/uploads\/2020\/12\/alta_via_monyi_lattari_logo.png?fit=325%2C100&ssl=1\",\"width\":325,\"height\":100,\"caption\":\"Alta Via dei Monti Lattari\"},\"image\":{\"@id\":\"https:\/\/www.altaviadeimontilattari.it\/#\/schema\/logo\/image\/\"}}]}<\/script>\n<!-- \/ Yoast SEO plugin. -->","yoast_head_json":{"title":"Conseils utiles pour l'organisation - Alta Via dei Monti Lattari","robots":{"index":"index","follow":"follow","max-snippet":"max-snippet:-1","max-image-preview":"max-image-preview:large","max-video-preview":"max-video-preview:-1"},"canonical":"https:\/\/www.altaviadeimontilattari.it\/fr\/conseils-utiles-pour-lorganisation\/","og_locale":"fr_FR","og_type":"article","og_title":"Conseils utiles pour l'organisation - Alta Via dei Monti Lattari","og_description":"Randonn\u00e9e dans C\u00f4te amalfitaine est belle et doit le rester. Pendant votre exp\u00e9rience, il est important de faire du trekking de mani\u00e8re responsable, notamment en raison du nombre croissant de touristes qui empruntent les sentiers chaque ann\u00e9e. Voici quelques conseils pour s&rsquo;organiser et vivre pleinement le trek : Chaussures de randonn\u00e9e : la qualit\u00e9 des&hellip;&nbsp;Read More &raquo;Conseils utiles pour l&rsquo;organisation","og_url":"https:\/\/www.altaviadeimontilattari.it\/fr\/conseils-utiles-pour-lorganisation\/","og_site_name":"Alta Via dei Monti Lattari","twitter_card":"summary_large_image","twitter_misc":{"Dur\u00e9e de lecture estim\u00e9e":"3 minutes"},"schema":{"@context":"https:\/\/schema.org","@graph":[{"@type":"WebPage","@id":"https:\/\/www.altaviadeimontilattari.it\/fr\/conseils-utiles-pour-lorganisation\/","url":"https:\/\/www.altaviadeimontilattari.it\/fr\/conseils-utiles-pour-lorganisation\/","name":"Conseils utiles pour l'organisation - Alta Via dei Monti Lattari","isPartOf":{"@id":"https:\/\/www.altaviadeimontilattari.it\/#website"},"datePublished":"2020-11-20T21:30:43+00:00","breadcrumb":{"@id":"https:\/\/www.altaviadeimontilattari.it\/fr\/conseils-utiles-pour-lorganisation\/#breadcrumb"},"inLanguage":"fr-FR","potentialAction":[{"@type":"ReadAction","target":["https:\/\/www.altaviadeimontilattari.it\/fr\/conseils-utiles-pour-lorganisation\/"]}]},{"@type":"BreadcrumbList","@id":"https:\/\/www.altaviadeimontilattari.it\/fr\/conseils-utiles-pour-lorganisation\/#breadcrumb","itemListElement":[{"@type":"ListItem","position":1,"name":"Home","item":"https:\/\/www.altaviadeimontilattari.it\/es\/"},{"@type":"ListItem","position":2,"name":"Conseils utiles pour l&#8217;organisation"}]},{"@type":"WebSite","@id":"https:\/\/www.altaviadeimontilattari.it\/#website","url":"https:\/\/www.altaviadeimontilattari.it\/","name":"Alta Via dei Monti Lattari","description":"La montagna \u00e8 un modo di vivere la vita.","publisher":{"@id":"https:\/\/www.altaviadeimontilattari.it\/#organization"},"potentialAction":[{"@type":"SearchAction","target":{"@type":"EntryPoint","urlTemplate":"https:\/\/www.altaviadeimontilattari.it\/?s={search_term_string}"},"query-input":{"@type":"PropertyValueSpecification","valueRequired":true,"valueName":"search_term_string"}}],"inLanguage":"fr-FR"},{"@type":"Organization","@id":"https:\/\/www.altaviadeimontilattari.it\/#organization","name":"Alta Via dei Monti Lattari","url":"https:\/\/www.altaviadeimontilattari.it\/","logo":{"@type":"ImageObject","inLanguage":"fr-FR","@id":"https:\/\/www.altaviadeimontilattari.it\/#\/schema\/logo\/image\/","url":"https:\/\/i0.wp.com\/www.altaviadeimontilattari.it\/wp-content\/uploads\/2020\/12\/alta_via_monyi_lattari_logo.png?fit=325%2C100&ssl=1","contentUrl":"https:\/\/i0.wp.com\/www.altaviadeimontilattari.it\/wp-content\/uploads\/2020\/12\/alta_via_monyi_lattari_logo.png?fit=325%2C100&ssl=1","width":325,"height":100,"caption":"Alta Via dei Monti Lattari"},"image":{"@id":"https:\/\/www.altaviadeimontilattari.it\/#\/schema\/logo\/image\/"}}]}},"jetpack-related-posts":[{"id":6123,"url":"https:\/\/www.altaviadeimontilattari.it\/fr\/la-cote-amalfitaine\/","url_meta":{"origin":5952,"position":0},"title":"La c\u00f4te amalfitaine","author":"","date":"19 novembre 2020","format":false,"excerpt":"La c\u00f4te amalfitaine repr\u00e9sente le splendide paysage situ\u00e9 au sud de la chaotique et fascinante Naples. \u00c0 l'appui de cela, les \u00eeles de Capri, Ischia et Procida ont \u00e9t\u00e9 des attractions pour des millions de visiteurs venant non seulement d'Italie. Les villes qui animent les c\u00f4tes de la Campanie sont\u2026","rel":"","context":"Article similaire","block_context":{"text":"Article similaire","link":""},"img":{"alt_text":"","src":"","width":0,"height":0},"classes":[]},{"id":6063,"url":"https:\/\/www.altaviadeimontilattari.it\/fr\/alta-via-dei-monti-lattari\/","url_meta":{"origin":5952,"position":1},"title":"Alta Via dei Monti Lattari","author":"","date":"19 novembre 2020","format":false,"excerpt":"Avec la t\u00eate dans les nuages \u200b\u200bet la mer C\u00e9l\u00e8bre dans le monde entier pour sa mer d'un bleu profond, ses falaises et ses villes anciennes, la c\u00f4te amalfitaine cache juste au-dessus de sa c\u00f4te, la beaut\u00e9 naturelle des monts Lattari. Travers\u00e9es par des centaines de sentiers muletiers tr\u00e8s fr\u00e9quent\u00e9s,\u2026","rel":"","context":"Article similaire","block_context":{"text":"Article similaire","link":""},"img":{"alt_text":"","src":"https:\/\/i0.wp.com\/www.altaviadeimontilattari.it\/wp-content\/uploads\/2020\/12\/tour_alta_via_monti_lattari.jpg?resize=350%2C200&ssl=1","width":350,"height":200,"srcset":"https:\/\/i0.wp.com\/www.altaviadeimontilattari.it\/wp-content\/uploads\/2020\/12\/tour_alta_via_monti_lattari.jpg?resize=350%2C200&ssl=1 1x, https:\/\/i0.wp.com\/www.altaviadeimontilattari.it\/wp-content\/uploads\/2020\/12\/tour_alta_via_monti_lattari.jpg?resize=525%2C300&ssl=1 1.5x, https:\/\/i0.wp.com\/www.altaviadeimontilattari.it\/wp-content\/uploads\/2020\/12\/tour_alta_via_monti_lattari.jpg?resize=700%2C400&ssl=1 2x"},"classes":[]},{"id":6091,"url":"https:\/\/www.altaviadeimontilattari.it\/fr\/le-chemin-300-cai\/","url_meta":{"origin":5952,"position":2},"title":"Le chemin 300 CAI","author":"","date":"19 novembre 2020","format":false,"excerpt":"La c\u00f4te amalfitaine italienne est l'une des falaises les plus c\u00e9l\u00e8bres au monde et attire les voyageurs de tous les pays avec son charme typiquement italien\u00a0! Cependant, le tourisme de randonn\u00e9e est actuellement limit\u00e9 \u00e0 une courte section du territoire : le Chemin des Dieux . Au-del\u00e0 de cet itin\u00e9raire,\u2026","rel":"","context":"Article similaire","block_context":{"text":"Article similaire","link":""},"img":{"alt_text":"","src":"","width":0,"height":0},"classes":[]},{"id":6718,"url":"https:\/\/www.altaviadeimontilattari.it\/fr\/","url_meta":{"origin":5952,"position":3},"title":"Maison","author":"Turismo.Ricercattiva","date":"8 juillet 2022","format":false,"excerpt":"Alta Via Dei Monti Lattari Dans les grands espaces de la montagne, dans ses hauts silences, l'homme non distrait peut saisir le sens de sa petitesse et la dimension infinie de son \u00e2me. D\u00c9COUVRIR PLUS Chemin Contact avec la nature Paysages sauvages et ruraux, mer d'un bleu profond, falaises et\u2026","rel":"","context":"Article similaire","block_context":{"text":"Article similaire","link":""},"img":{"alt_text":"Alta Via dei Monti Lattari Sentiero Italia 300 CAI","src":"https:\/\/i0.wp.com\/www.altaviadeimontilattari.it\/wp-content\/uploads\/2020\/12\/alta_via_monti_lattari_sentiero_italia_300_cai.jpg?resize=350%2C200&ssl=1","width":350,"height":200,"srcset":"https:\/\/i0.wp.com\/www.altaviadeimontilattari.it\/wp-content\/uploads\/2020\/12\/alta_via_monti_lattari_sentiero_italia_300_cai.jpg?resize=350%2C200&ssl=1 1x, https:\/\/i0.wp.com\/www.altaviadeimontilattari.it\/wp-content\/uploads\/2020\/12\/alta_via_monti_lattari_sentiero_italia_300_cai.jpg?resize=525%2C300&ssl=1 1.5x"},"classes":[]},{"id":5982,"url":"https:\/\/www.altaviadeimontilattari.it\/fr\/la-cote-amalfitaine-et-la-peninsule-de-sorrente-au-milieu-de-la-poesie-de-lart-et-des-aphorismes\/","url_meta":{"origin":5952,"position":4},"title":"La c\u00f4te amalfitaine et la p\u00e9ninsule de Sorrente au milieu de la po\u00e9sie, de l&rsquo;art et des aphorismes","author":"Luca Casaburi","date":"28 mai 2022","format":false,"excerpt":"La c\u00f4te amalfitaine a toujours \u00e9t\u00e9 une terre de marins et d'inventeurs, mais aussi une source d'inspiration pour les po\u00e8tes, les \u00e9crivains et les grands compositeurs. Je vous propose un voyage \u00e0 travers ces terres, v\u00e9ritables tableaux encadr\u00e9s par un ciel indigo et une mer \u00e9meraude, vus \u00e0 travers les\u2026","rel":"","context":"Article similaire","block_context":{"text":"Article similaire","link":""},"img":{"alt_text":"","src":"","width":0,"height":0},"classes":[]},{"id":7285,"url":"https:\/\/www.altaviadeimontilattari.it\/fr\/cammina-con-noi-iii-edition-2024\/","url_meta":{"origin":5952,"position":5},"title":"Cammina con noi &#8211; III \u00e9dition 2024","author":"Luca Casaburi","date":"11 avril 2024","format":false,"excerpt":"Tout le monde peut marcher avec nous. Partez avec nous \u00e0 la d\u00e9couverte de l'Alta Via dei Monti Lattari! Nous parcourons l'Alta Via dei Monti Lattari dans son int\u00e9gralit\u00e9 pendant trois jours, en suivant tout le sentier 300CAI. Il part de la municipalit\u00e9 de Cava de' Tirreni et atteint Punta\u2026","rel":"","context":"Article similaire","block_context":{"text":"Article similaire","link":""},"img":{"alt_text":"","src":"https:\/\/i0.wp.com\/www.altaviadeimontilattari.it\/wp-content\/uploads\/2024\/04\/iii-edizione.jpg?resize=350%2C200&ssl=1","width":350,"height":200,"srcset":"https:\/\/i0.wp.com\/www.altaviadeimontilattari.it\/wp-content\/uploads\/2024\/04\/iii-edizione.jpg?resize=350%2C200&ssl=1 1x, https:\/\/i0.wp.com\/www.altaviadeimontilattari.it\/wp-content\/uploads\/2024\/04\/iii-edizione.jpg?resize=525%2C300&ssl=1 1.5x, https:\/\/i0.wp.com\/www.altaviadeimontilattari.it\/wp-content\/uploads\/2024\/04\/iii-edizione.jpg?resize=700%2C400&ssl=1 2x"},"classes":[]}],"jetpack_shortlink":"https:\/\/wp.me\/PcGNaV-1y0","jetpack_sharing_enabled":true,"_links":{"self":[{"href":"https:\/\/www.altaviadeimontilattari.it\/fr\/wp-json\/wp\/v2\/pages\/5952","targetHints":{"allow":["GET"]}}],"collection":[{"href":"https:\/\/www.altaviadeimontilattari.it\/fr\/wp-json\/wp\/v2\/pages"}],"about":[{"href":"https:\/\/www.altaviadeimontilattari.it\/fr\/wp-json\/wp\/v2\/types\/page"}],"author":[{"embeddable":true,"href":"https:\/\/www.altaviadeimontilattari.it\/fr\/wp-json\/wp\/v2\/users\/2"}],"replies":[{"embeddable":true,"href":"https:\/\/www.altaviadeimontilattari.it\/fr\/wp-json\/wp\/v2\/comments?post=5952"}],"version-history":[{"count":0,"href":"https:\/\/www.altaviadeimontilattari.it\/fr\/wp-json\/wp\/v2\/pages\/5952\/revisions"}],"wp:attachment":[{"href":"https:\/\/www.altaviadeimontilattari.it\/fr\/wp-json\/wp\/v2\/media?parent=5952"}],"curies":[{"name":"wp","href":"https:\/\/api.w.org\/{rel}","templated":true}]}}