{"id":6017,"date":"2022-01-12T05:24:07","date_gmt":"2022-01-12T05:24:07","guid":{"rendered":"https:\/\/www.altaviadeimontilattari.it\/soutenez-nous\/"},"modified":"2022-06-30T13:40:07","modified_gmt":"2022-06-30T13:40:07","slug":"soutenez-nous","status":"publish","type":"page","link":"https:\/\/www.altaviadeimontilattari.it\/fr\/soutenez-nous\/","title":{"rendered":"Soutenez-nous"},"content":{"rendered":"\n<div class=\"wp-block-themeisle-blocks-advanced-columns has-0-columns has-desktop-equal-layout has-tablet-equal-layout has-mobile-equal-layout has-default-gap has-vertical-unset\" id=\"wp-block-themeisle-blocks-advanced-columns-b368843b\"><div class=\"wp-block-themeisle-blocks-advanced-columns-overlay\"><\/div><div class=\"innerblocks-wrap\"><\/div><\/div>\n\n<h2 class=\"wp-block-heading\">Soutenez notre projet<\/h2>\n\n<p class=\"has-text-align-left\">Soutient notre projet Alta Via dei Monti<strong> Lattari<\/strong> en <a href=\"http:\/\/turismo.ricercattiva.it\" target=\"_blank\" rel=\"noreferrer noopener\">\n  <strong>Turismo.RicercAttiva<\/strong>\n<\/a>. Aidez-nous \u00e0 promouvoir notre territoire avec sa nature, son histoire et sa culture.<\/p>\n\n<p><em>\n  <strong>altaviadeimontilattari.it<\/strong>\n<\/em> est l&rsquo;un des nombreux projets que nous menons, suivez-nous et d\u00e9couvrez toutes nos activit\u00e9s.<\/p>\n\n<p>Pour nous soutenir, vous pouvez faire un don en appuyant sur le bouton suivant.<\/p>\n\n<div id=\"donate-button-container\">\n<div id=\"donate-button\"><\/div>\n<script src=\"https:\/\/www.paypalobjects.com\/donate\/sdk\/donate-sdk.js\" charset=\"UTF-8\"><\/script><script>\nPayPal.Donation.Button({\nenv:'production',\nhosted_button_id:'W54QQ8G8BKD82',\nimage: {\nsrc:'https:\/\/pics.paypal.com\/00\/s\/NWI3ZDBkNDYtMjdhNC00YWQ0LWFjYzUtNzQ3NzIyM2VlOTE1\/file.PNG',\nalt:'Fai una donazione con il pulsante PayPal',\ntitle:'PayPal - The safer, easier way to pay online!',\n}\n}).render('#donate-button');\n<\/script><\/div>\n\n<h2 class=\"wp-block-heading\">D\u00e9couvrez notre marque<\/h2>\n\n<p>Achetez nos produits et gadgets, tous les b\u00e9n\u00e9fices seront utilis\u00e9s pour soutenir nos initiatives.<\/p>\n\n<div class=\"wp-block-buttons alignfull is-content-justification-center is-layout-flex wp-block-buttons-is-layout-flex\">\n<div class=\"wp-block-button\"><a class=\"wp-block-button__link\" href=\"https:\/\/www.stickerland.it\/categoria-prodotto\/area-merchandising\/ricercattiva-turismo\/\" target=\"_blank\" rel=\"noreferrer noopener\">SHOP et marques<\/a><\/div>\n<\/div>\n\n<div class=\"wp-block-jetpack-tiled-gallery aligncenter is-style-rectangular\"><div class=\"tiled-gallery__gallery\"><div class=\"tiled-gallery__row\"><div class=\"tiled-gallery__col\" style=\"flex-basis:66.86747%\"><figure class=\"tiled-gallery__item\"><img decoding=\"async\" role=\"button\" tabindex=\"0\" aria-label=\"Ouvrir l\u2019image 1 sur 3 en plein \u00e9cran\"srcset=\"https:\/\/i2.wp.com\/www.altaviadeimontilattari.it\/wp-content\/uploads\/2022\/01\/toppa-patch-ricercattiva-completa-stickerland-536x536-1.png?strip=info&#038;w=536&#038;ssl=1 536w\" alt=\"\" data-height=\"536\" data-id=\"3865\" data-link=\"https:\/\/altaviadeimontilattari.it\/supportaci\/toppa-patch-ricercattiva-completa-stickerland-536x536-1\/\" data-url=\"https:\/\/altaviadeimontilattari.it\/wp-content\/uploads\/2022\/01\/toppa-patch-ricercattiva-completa-stickerland-536x536-1.png\" data-width=\"536\" src=\"https:\/\/i2.wp.com\/www.altaviadeimontilattari.it\/wp-content\/uploads\/2022\/01\/toppa-patch-ricercattiva-completa-stickerland-536x536-1.png?ssl=1\" data-amp-layout=\"responsive\"><\/figure><\/div><div class=\"tiled-gallery__col\" style=\"flex-basis:33.13253%\"><figure class=\"tiled-gallery__item\"><img decoding=\"async\" role=\"button\" tabindex=\"0\" aria-label=\"Ouvrir l\u2019image 2 sur 3 en plein \u00e9cran\"srcset=\"https:\/\/i1.wp.com\/www.altaviadeimontilattari.it\/wp-content\/uploads\/2022\/01\/sacca-zaino-di-cotone-certificato-ricercattiva-turismo-versione-1-536x536-1.png?strip=info&#038;w=536&#038;ssl=1 536w\" alt=\"\" data-height=\"536\" data-id=\"3866\" data-link=\"https:\/\/altaviadeimontilattari.it\/supportaci\/sacca-zaino-di-cotone-certificato-ricercattiva-turismo-versione-1-536x536-1\/\" data-url=\"https:\/\/altaviadeimontilattari.it\/wp-content\/uploads\/2022\/01\/sacca-zaino-di-cotone-certificato-ricercattiva-turismo-versione-1-536x536-1.png\" data-width=\"536\" src=\"https:\/\/i1.wp.com\/www.altaviadeimontilattari.it\/wp-content\/uploads\/2022\/01\/sacca-zaino-di-cotone-certificato-ricercattiva-turismo-versione-1-536x536-1.png?ssl=1\" data-amp-layout=\"responsive\"><\/figure><figure class=\"tiled-gallery__item\"><img decoding=\"async\" role=\"button\" tabindex=\"0\" aria-label=\"Ouvrir l\u2019image 3 sur 3 en plein \u00e9cran\"srcset=\"https:\/\/i2.wp.com\/www.altaviadeimontilattari.it\/wp-content\/uploads\/2022\/01\/sacca-zaino-personalizzata-alta-via-dei-monti-lattari-730x730-1.png?strip=info&#038;w=600&#038;ssl=1 600w,https:\/\/i2.wp.com\/www.altaviadeimontilattari.it\/wp-content\/uploads\/2022\/01\/sacca-zaino-personalizzata-alta-via-dei-monti-lattari-730x730-1.png?strip=info&#038;w=730&#038;ssl=1 730w\" alt=\"\" data-height=\"730\" data-id=\"3867\" data-link=\"https:\/\/altaviadeimontilattari.it\/supportaci\/sacca-zaino-personalizzata-alta-via-dei-monti-lattari-730x730-1\/\" data-url=\"https:\/\/altaviadeimontilattari.it\/wp-content\/uploads\/2022\/01\/sacca-zaino-personalizzata-alta-via-dei-monti-lattari-730x730-1.png\" data-width=\"730\" src=\"https:\/\/i2.wp.com\/www.altaviadeimontilattari.it\/wp-content\/uploads\/2022\/01\/sacca-zaino-personalizzata-alta-via-dei-monti-lattari-730x730-1.png?ssl=1\" data-amp-layout=\"responsive\"><\/figure><\/div><\/div><\/div><\/div>\n\n<p><\/p>\n<div style=\"margin: 20px 0;\"><div class=\"qrcswholewtapper\" style=\"text-align:left;\"><div class=\"qrcprowrapper\"  id=\"qrcwraa2leds\"><div class=\"qrc_canvass\" id=\"qrc_cuttenpages_2\" style=\"display:inline-block\" data-text=\"https:\/\/www.altaviadeimontilattari.it\/fr\/soutenez-nous\/\"><\/div><div><a download=\"Soutenez-nous.png\" class=\"qrcdownloads\" id=\"worign\">\r\n           <button type=\"button\" style=\"min-width:200px;background:#81ea00;color:#000;font-weight: 600;border: 1px solid #dddddd;border-radius:4px;font-size:12px;padding: 6px 0;\" class=\"uqr_code_btn\">Download QR<\/button>\r\n           <\/a><\/div><\/div><\/div><\/div>","protected":false},"excerpt":{"rendered":"<p>Soutenez notre projet Soutient notre projet Alta Via dei Monti Lattari en Turismo.RicercAttiva . Aidez-nous \u00e0 promouvoir notre territoire avec sa nature, son histoire et sa culture. altaviadeimontilattari.it est l&rsquo;un des nombreux projets que nous menons, suivez-nous et d\u00e9couvrez toutes nos activit\u00e9s. Pour nous soutenir, vous pouvez faire un don en appuyant sur le bouton&hellip;&nbsp;<a href=\"https:\/\/www.altaviadeimontilattari.it\/fr\/soutenez-nous\/\" rel=\"bookmark\">Read More &raquo;<span class=\"screen-reader-text\">Soutenez-nous<\/span><\/a><\/p>\n","protected":false},"author":1,"featured_media":0,"parent":0,"menu_order":0,"comment_status":"closed","ping_status":"closed","template":"","meta":{"neve_meta_sidebar":"full-width","neve_meta_container":"","neve_meta_enable_content_width":"on","neve_meta_content_width":100,"neve_meta_title_alignment":"","neve_meta_author_avatar":"","neve_post_elements_order":"","neve_meta_disable_header":"","neve_meta_disable_footer":"","neve_meta_disable_title":"","neve_meta_reading_time":"","_themeisle_gutenberg_block_has_review":false,"jetpack_post_was_ever_published":false,"footnotes":""},"class_list":["post-6017","page","type-page","status-publish","hentry"],"yoast_head":"<!-- This site is optimized with the Yoast SEO plugin v27.4 - https:\/\/yoast.com\/product\/yoast-seo-wordpress\/ -->\n<title>Soutenez-nous - Alta Via dei Monti Lattari<\/title>\n<meta name=\"description\" content=\"Soutenez notre projet Alta Via dei Monti Lattari par Turismo.RicercAttiva. Aidez-nous \u00e0 promouvoir notre territoire\" \/>\n<meta name=\"robots\" content=\"index, follow, max-snippet:-1, max-image-preview:large, max-video-preview:-1\" \/>\n<link rel=\"canonical\" href=\"https:\/\/www.altaviadeimontilattari.it\/fr\/soutenez-nous\/\" \/>\n<meta property=\"og:locale\" content=\"fr_FR\" \/>\n<meta property=\"og:type\" content=\"article\" \/>\n<meta property=\"og:title\" content=\"Soutenez-nous - Alta Via dei Monti Lattari\" \/>\n<meta property=\"og:description\" content=\"Soutenez notre projet Alta Via dei Monti Lattari par Turismo.RicercAttiva. Aidez-nous \u00e0 promouvoir notre territoire\" \/>\n<meta property=\"og:url\" content=\"https:\/\/www.altaviadeimontilattari.it\/fr\/soutenez-nous\/\" \/>\n<meta property=\"og:site_name\" content=\"Alta Via dei Monti Lattari\" \/>\n<meta property=\"article:modified_time\" content=\"2022-06-30T13:40:07+00:00\" \/>\n<meta property=\"og:image\" content=\"https:\/\/i2.wp.com\/www.altaviadeimontilattari.it\/wp-content\/uploads\/2022\/01\/toppa-patch-ricercattiva-completa-stickerland-536x536-1.png?ssl=1\" \/>\n<meta name=\"twitter:card\" content=\"summary_large_image\" \/>\n<script type=\"application\/ld+json\" class=\"yoast-schema-graph\">{\"@context\":\"https:\\\/\\\/schema.org\",\"@graph\":[{\"@type\":\"WebPage\",\"@id\":\"https:\\\/\\\/www.altaviadeimontilattari.it\\\/fr\\\/soutenez-nous\\\/\",\"url\":\"https:\\\/\\\/www.altaviadeimontilattari.it\\\/fr\\\/soutenez-nous\\\/\",\"name\":\"Soutenez-nous - Alta Via dei Monti Lattari\",\"isPartOf\":{\"@id\":\"https:\\\/\\\/www.altaviadeimontilattari.it\\\/#website\"},\"primaryImageOfPage\":{\"@id\":\"https:\\\/\\\/www.altaviadeimontilattari.it\\\/fr\\\/soutenez-nous\\\/#primaryimage\"},\"image\":{\"@id\":\"https:\\\/\\\/www.altaviadeimontilattari.it\\\/fr\\\/soutenez-nous\\\/#primaryimage\"},\"thumbnailUrl\":\"https:\\\/\\\/i2.wp.com\\\/www.altaviadeimontilattari.it\\\/wp-content\\\/uploads\\\/2022\\\/01\\\/toppa-patch-ricercattiva-completa-stickerland-536x536-1.png?ssl=1\",\"datePublished\":\"2022-01-12T05:24:07+00:00\",\"dateModified\":\"2022-06-30T13:40:07+00:00\",\"description\":\"Soutenez notre projet Alta Via dei Monti Lattari par Turismo.RicercAttiva. Aidez-nous \u00e0 promouvoir notre territoire\",\"breadcrumb\":{\"@id\":\"https:\\\/\\\/www.altaviadeimontilattari.it\\\/fr\\\/soutenez-nous\\\/#breadcrumb\"},\"inLanguage\":\"fr-FR\",\"potentialAction\":[{\"@type\":\"ReadAction\",\"target\":[\"https:\\\/\\\/www.altaviadeimontilattari.it\\\/fr\\\/soutenez-nous\\\/\"]}]},{\"@type\":\"ImageObject\",\"inLanguage\":\"fr-FR\",\"@id\":\"https:\\\/\\\/www.altaviadeimontilattari.it\\\/fr\\\/soutenez-nous\\\/#primaryimage\",\"url\":\"https:\\\/\\\/i2.wp.com\\\/www.altaviadeimontilattari.it\\\/wp-content\\\/uploads\\\/2022\\\/01\\\/toppa-patch-ricercattiva-completa-stickerland-536x536-1.png?ssl=1\",\"contentUrl\":\"https:\\\/\\\/i2.wp.com\\\/www.altaviadeimontilattari.it\\\/wp-content\\\/uploads\\\/2022\\\/01\\\/toppa-patch-ricercattiva-completa-stickerland-536x536-1.png?ssl=1\"},{\"@type\":\"BreadcrumbList\",\"@id\":\"https:\\\/\\\/www.altaviadeimontilattari.it\\\/fr\\\/soutenez-nous\\\/#breadcrumb\",\"itemListElement\":[{\"@type\":\"ListItem\",\"position\":1,\"name\":\"Home\",\"item\":\"https:\\\/\\\/www.altaviadeimontilattari.it\\\/es\\\/\"},{\"@type\":\"ListItem\",\"position\":2,\"name\":\"Soutenez-nous\"}]},{\"@type\":\"WebSite\",\"@id\":\"https:\\\/\\\/www.altaviadeimontilattari.it\\\/#website\",\"url\":\"https:\\\/\\\/www.altaviadeimontilattari.it\\\/\",\"name\":\"Alta Via dei Monti Lattari\",\"description\":\"La montagna \u00e8 un modo di vivere la vita.\",\"publisher\":{\"@id\":\"https:\\\/\\\/www.altaviadeimontilattari.it\\\/#organization\"},\"potentialAction\":[{\"@type\":\"SearchAction\",\"target\":{\"@type\":\"EntryPoint\",\"urlTemplate\":\"https:\\\/\\\/www.altaviadeimontilattari.it\\\/?s={search_term_string}\"},\"query-input\":{\"@type\":\"PropertyValueSpecification\",\"valueRequired\":true,\"valueName\":\"search_term_string\"}}],\"inLanguage\":\"fr-FR\"},{\"@type\":\"Organization\",\"@id\":\"https:\\\/\\\/www.altaviadeimontilattari.it\\\/#organization\",\"name\":\"Alta Via dei Monti Lattari\",\"url\":\"https:\\\/\\\/www.altaviadeimontilattari.it\\\/\",\"logo\":{\"@type\":\"ImageObject\",\"inLanguage\":\"fr-FR\",\"@id\":\"https:\\\/\\\/www.altaviadeimontilattari.it\\\/#\\\/schema\\\/logo\\\/image\\\/\",\"url\":\"https:\\\/\\\/i0.wp.com\\\/www.altaviadeimontilattari.it\\\/wp-content\\\/uploads\\\/2020\\\/12\\\/alta_via_monyi_lattari_logo.png?fit=325%2C100&ssl=1\",\"contentUrl\":\"https:\\\/\\\/i0.wp.com\\\/www.altaviadeimontilattari.it\\\/wp-content\\\/uploads\\\/2020\\\/12\\\/alta_via_monyi_lattari_logo.png?fit=325%2C100&ssl=1\",\"width\":325,\"height\":100,\"caption\":\"Alta Via dei Monti Lattari\"},\"image\":{\"@id\":\"https:\\\/\\\/www.altaviadeimontilattari.it\\\/#\\\/schema\\\/logo\\\/image\\\/\"}}]}<\/script>\n<!-- \/ Yoast SEO plugin. -->","yoast_head_json":{"title":"Soutenez-nous - Alta Via dei Monti Lattari","description":"Soutenez notre projet Alta Via dei Monti Lattari par Turismo.RicercAttiva. Aidez-nous \u00e0 promouvoir notre territoire","robots":{"index":"index","follow":"follow","max-snippet":"max-snippet:-1","max-image-preview":"max-image-preview:large","max-video-preview":"max-video-preview:-1"},"canonical":"https:\/\/www.altaviadeimontilattari.it\/fr\/soutenez-nous\/","og_locale":"fr_FR","og_type":"article","og_title":"Soutenez-nous - Alta Via dei Monti Lattari","og_description":"Soutenez notre projet Alta Via dei Monti Lattari par Turismo.RicercAttiva. Aidez-nous \u00e0 promouvoir notre territoire","og_url":"https:\/\/www.altaviadeimontilattari.it\/fr\/soutenez-nous\/","og_site_name":"Alta Via dei Monti Lattari","article_modified_time":"2022-06-30T13:40:07+00:00","og_image":[{"url":"https:\/\/i2.wp.com\/www.altaviadeimontilattari.it\/wp-content\/uploads\/2022\/01\/toppa-patch-ricercattiva-completa-stickerland-536x536-1.png?ssl=1","type":"","width":"","height":""}],"twitter_card":"summary_large_image","schema":{"@context":"https:\/\/schema.org","@graph":[{"@type":"WebPage","@id":"https:\/\/www.altaviadeimontilattari.it\/fr\/soutenez-nous\/","url":"https:\/\/www.altaviadeimontilattari.it\/fr\/soutenez-nous\/","name":"Soutenez-nous - Alta Via dei Monti Lattari","isPartOf":{"@id":"https:\/\/www.altaviadeimontilattari.it\/#website"},"primaryImageOfPage":{"@id":"https:\/\/www.altaviadeimontilattari.it\/fr\/soutenez-nous\/#primaryimage"},"image":{"@id":"https:\/\/www.altaviadeimontilattari.it\/fr\/soutenez-nous\/#primaryimage"},"thumbnailUrl":"https:\/\/i2.wp.com\/www.altaviadeimontilattari.it\/wp-content\/uploads\/2022\/01\/toppa-patch-ricercattiva-completa-stickerland-536x536-1.png?ssl=1","datePublished":"2022-01-12T05:24:07+00:00","dateModified":"2022-06-30T13:40:07+00:00","description":"Soutenez notre projet Alta Via dei Monti Lattari par Turismo.RicercAttiva. Aidez-nous \u00e0 promouvoir notre territoire","breadcrumb":{"@id":"https:\/\/www.altaviadeimontilattari.it\/fr\/soutenez-nous\/#breadcrumb"},"inLanguage":"fr-FR","potentialAction":[{"@type":"ReadAction","target":["https:\/\/www.altaviadeimontilattari.it\/fr\/soutenez-nous\/"]}]},{"@type":"ImageObject","inLanguage":"fr-FR","@id":"https:\/\/www.altaviadeimontilattari.it\/fr\/soutenez-nous\/#primaryimage","url":"https:\/\/i2.wp.com\/www.altaviadeimontilattari.it\/wp-content\/uploads\/2022\/01\/toppa-patch-ricercattiva-completa-stickerland-536x536-1.png?ssl=1","contentUrl":"https:\/\/i2.wp.com\/www.altaviadeimontilattari.it\/wp-content\/uploads\/2022\/01\/toppa-patch-ricercattiva-completa-stickerland-536x536-1.png?ssl=1"},{"@type":"BreadcrumbList","@id":"https:\/\/www.altaviadeimontilattari.it\/fr\/soutenez-nous\/#breadcrumb","itemListElement":[{"@type":"ListItem","position":1,"name":"Home","item":"https:\/\/www.altaviadeimontilattari.it\/es\/"},{"@type":"ListItem","position":2,"name":"Soutenez-nous"}]},{"@type":"WebSite","@id":"https:\/\/www.altaviadeimontilattari.it\/#website","url":"https:\/\/www.altaviadeimontilattari.it\/","name":"Alta Via dei Monti Lattari","description":"La montagna \u00e8 un modo di vivere la vita.","publisher":{"@id":"https:\/\/www.altaviadeimontilattari.it\/#organization"},"potentialAction":[{"@type":"SearchAction","target":{"@type":"EntryPoint","urlTemplate":"https:\/\/www.altaviadeimontilattari.it\/?s={search_term_string}"},"query-input":{"@type":"PropertyValueSpecification","valueRequired":true,"valueName":"search_term_string"}}],"inLanguage":"fr-FR"},{"@type":"Organization","@id":"https:\/\/www.altaviadeimontilattari.it\/#organization","name":"Alta Via dei Monti Lattari","url":"https:\/\/www.altaviadeimontilattari.it\/","logo":{"@type":"ImageObject","inLanguage":"fr-FR","@id":"https:\/\/www.altaviadeimontilattari.it\/#\/schema\/logo\/image\/","url":"https:\/\/i0.wp.com\/www.altaviadeimontilattari.it\/wp-content\/uploads\/2020\/12\/alta_via_monyi_lattari_logo.png?fit=325%2C100&ssl=1","contentUrl":"https:\/\/i0.wp.com\/www.altaviadeimontilattari.it\/wp-content\/uploads\/2020\/12\/alta_via_monyi_lattari_logo.png?fit=325%2C100&ssl=1","width":325,"height":100,"caption":"Alta Via dei Monti Lattari"},"image":{"@id":"https:\/\/www.altaviadeimontilattari.it\/#\/schema\/logo\/image\/"}}]}},"jetpack-related-posts":[{"id":5940,"url":"https:\/\/www.altaviadeimontilattari.it\/fr\/marche-avec-nous-juin-2022\/","url_meta":{"origin":6017,"position":0},"title":"Marche avec nous &#8211; juin 2022","author":"Luca Casaburi","date":"9 juin 2022","format":false,"excerpt":"Notre voyage sur l'Alta Via dei Monti Lattari est arriv\u00e9 \u00e0 son terme ! Un magnifique voyage \u00e0 travers ces terres merveilleuses entre histoire et nature. Un voyage qui nous a permis de rencontrer des personnes fantastiques et nous a fait red\u00e9couvrir l'hospitalit\u00e9 de notre terre. C'est un voyage et\u2026","rel":"","context":"Article similaire","block_context":{"text":"Article similaire","link":""},"img":{"alt_text":"","src":"https:\/\/i0.wp.com\/www.altaviadeimontilattari.it\/wp-content\/uploads\/2022\/06\/km_20220602_1080p.00_00_00_00.Immagine002.jpg?fit=1200%2C675&ssl=1&resize=350%2C200","width":350,"height":200,"srcset":"https:\/\/i0.wp.com\/www.altaviadeimontilattari.it\/wp-content\/uploads\/2022\/06\/km_20220602_1080p.00_00_00_00.Immagine002.jpg?fit=1200%2C675&ssl=1&resize=350%2C200 1x, https:\/\/i0.wp.com\/www.altaviadeimontilattari.it\/wp-content\/uploads\/2022\/06\/km_20220602_1080p.00_00_00_00.Immagine002.jpg?fit=1200%2C675&ssl=1&resize=525%2C300 1.5x, https:\/\/i0.wp.com\/www.altaviadeimontilattari.it\/wp-content\/uploads\/2022\/06\/km_20220602_1080p.00_00_00_00.Immagine002.jpg?fit=1200%2C675&ssl=1&resize=700%2C400 2x, https:\/\/i0.wp.com\/www.altaviadeimontilattari.it\/wp-content\/uploads\/2022\/06\/km_20220602_1080p.00_00_00_00.Immagine002.jpg?fit=1200%2C675&ssl=1&resize=1050%2C600 3x"},"classes":[]},{"id":6718,"url":"https:\/\/www.altaviadeimontilattari.it\/fr\/","url_meta":{"origin":6017,"position":1},"title":"Maison","author":"Turismo.Ricercattiva","date":"8 juillet 2022","format":false,"excerpt":"Alta Via Dei Monti Lattari Dans les grands espaces de la montagne, dans ses hauts silences, l'homme non distrait peut saisir le sens de sa petitesse et la dimension infinie de son \u00e2me. D\u00c9COUVRIR PLUS Chemin Contact avec la nature Paysages sauvages et ruraux, mer d'un bleu profond, falaises et\u2026","rel":"","context":"Article similaire","block_context":{"text":"Article similaire","link":""},"img":{"alt_text":"Alta Via dei Monti Lattari Sentiero Italia 300 CAI","src":"https:\/\/i0.wp.com\/www.altaviadeimontilattari.it\/wp-content\/uploads\/2020\/12\/alta_via_monti_lattari_sentiero_italia_300_cai.jpg?resize=350%2C200&ssl=1","width":350,"height":200,"srcset":"https:\/\/i0.wp.com\/www.altaviadeimontilattari.it\/wp-content\/uploads\/2020\/12\/alta_via_monti_lattari_sentiero_italia_300_cai.jpg?resize=350%2C200&ssl=1 1x, https:\/\/i0.wp.com\/www.altaviadeimontilattari.it\/wp-content\/uploads\/2020\/12\/alta_via_monti_lattari_sentiero_italia_300_cai.jpg?resize=525%2C300&ssl=1 1.5x"},"classes":[]},{"id":5985,"url":"https:\/\/www.altaviadeimontilattari.it\/fr\/les-emotions-etape-par-etape\/","url_meta":{"origin":6017,"position":2},"title":"Les \u00e9motions, \u00e9tape par \u00e9tape","author":"Luca Casaburi","date":"1 juin 2022","format":false,"excerpt":"Pas \u00e0 pas, nous partageons nos \u00e9motions, un seul mot pour d\u00e9crire ce que nous ressentons \u00e0 cet instant sur l'Alta Via dei Monti Lattari. Nous construirons un nuage de mots qui s'\u00e9toffera de plus en plus tout au long de notre voyage. Si vous souhaitez \u00e9galement partager un mot\u2026","rel":"","context":"Article similaire","block_context":{"text":"Article similaire","link":""},"img":{"alt_text":"","src":"","width":0,"height":0},"classes":[]},{"id":7193,"url":"https:\/\/www.altaviadeimontilattari.it\/fr\/le-livre-des-explorateurs\/","url_meta":{"origin":6017,"position":3},"title":"Le livre des explorateurs","author":"Luca Casaburi","date":"23 septembre 2023","format":false,"excerpt":"Le livre des explorateurs Es-tu pass\u00e9 par Haute Route des Monts Lattari? Envoyez-nous votre exp\u00e9rience et vous recevrez gratuitement l'un des patchs de ce splendide voyage Laissez un t\u00e9moignage de votre travers\u00e9e de Cava de' Tirreni \u00e0 Punta Campanella (Termini). Envoyez-nous la trace enregistr\u00e9e avec un GPS ou un smartphone\u2026","rel":"","context":"Article similaire","block_context":{"text":"Article similaire","link":""},"img":{"alt_text":"","src":"https:\/\/i0.wp.com\/www.altaviadeimontilattari.it\/wp-content\/uploads\/2023\/09\/patch-alta-via-dei-monti-lattari.jpg?fit=1200%2C708&ssl=1&resize=350%2C200","width":350,"height":200,"srcset":"https:\/\/i0.wp.com\/www.altaviadeimontilattari.it\/wp-content\/uploads\/2023\/09\/patch-alta-via-dei-monti-lattari.jpg?fit=1200%2C708&ssl=1&resize=350%2C200 1x, https:\/\/i0.wp.com\/www.altaviadeimontilattari.it\/wp-content\/uploads\/2023\/09\/patch-alta-via-dei-monti-lattari.jpg?fit=1200%2C708&ssl=1&resize=525%2C300 1.5x, https:\/\/i0.wp.com\/www.altaviadeimontilattari.it\/wp-content\/uploads\/2023\/09\/patch-alta-via-dei-monti-lattari.jpg?fit=1200%2C708&ssl=1&resize=700%2C400 2x, https:\/\/i0.wp.com\/www.altaviadeimontilattari.it\/wp-content\/uploads\/2023\/09\/patch-alta-via-dei-monti-lattari.jpg?fit=1200%2C708&ssl=1&resize=1050%2C600 3x"},"classes":[]},{"id":5978,"url":"https:\/\/www.altaviadeimontilattari.it\/fr\/marche-avec-nous\/","url_meta":{"origin":6017,"position":4},"title":"Marche avec nous","author":"Luca Casaburi","date":"6 mai 2022","format":false,"excerpt":"Tout le monde peut marcher avec nous. Partez avec nous \u00e0 la d\u00e9couverte de l'Alta Via dei Monti Lattari ! Marche avec nous Du 2 au 4 juin 2022 Nous parcourons l'Alta Via dei Monti Lattari dans son int\u00e9gralit\u00e9 pendant trois jours, en suivant tout le sentier 300CAI. Il part\u2026","rel":"","context":"Article similaire","block_context":{"text":"Article similaire","link":""},"img":{"alt_text":"","src":"https:\/\/i0.wp.com\/www.altaviadeimontilattari.it\/wp-content\/uploads\/2022\/05\/monte_finestra_sud-edited.jpg?resize=350%2C200&ssl=1","width":350,"height":200,"srcset":"https:\/\/i0.wp.com\/www.altaviadeimontilattari.it\/wp-content\/uploads\/2022\/05\/monte_finestra_sud-edited.jpg?resize=350%2C200&ssl=1 1x, https:\/\/i0.wp.com\/www.altaviadeimontilattari.it\/wp-content\/uploads\/2022\/05\/monte_finestra_sud-edited.jpg?resize=525%2C300&ssl=1 1.5x, https:\/\/i0.wp.com\/www.altaviadeimontilattari.it\/wp-content\/uploads\/2022\/05\/monte_finestra_sud-edited.jpg?resize=700%2C400&ssl=1 2x"},"classes":[]},{"id":5948,"url":"https:\/\/www.altaviadeimontilattari.it\/fr\/a-propos-de-nous\/","url_meta":{"origin":6017,"position":5},"title":"A propos de nous","author":"Luca Casaburi","date":"23 janvier 2020","format":false,"excerpt":"A propos de nous Histoire altaviadeimontilattari.it a \u00e9t\u00e9 cr\u00e9\u00e9 comme un projet visant \u00e0 valoriser et \u00e0 faire conna\u00eetre la zone de Monti Lattari, les c\u00f4tes d'Amalfi et de Sorrento en Campanie et dans le monde entier. Le projet est n\u00e9 en d\u00e9cembre 2020 de la passion pour la nature\u2026","rel":"","context":"Article similaire","block_context":{"text":"Article similaire","link":""},"img":{"alt_text":"punta Campanella - altaviadeimontilattari.it","src":"https:\/\/i0.wp.com\/www.altaviadeimontilattari.it\/wp-content\/uploads\/2021\/02\/punta-campanella-altaviadeimontilattari-scaled.jpg?resize=350%2C200&ssl=1","width":350,"height":200,"srcset":"https:\/\/i0.wp.com\/www.altaviadeimontilattari.it\/wp-content\/uploads\/2021\/02\/punta-campanella-altaviadeimontilattari-scaled.jpg?resize=350%2C200&ssl=1 1x, https:\/\/i0.wp.com\/www.altaviadeimontilattari.it\/wp-content\/uploads\/2021\/02\/punta-campanella-altaviadeimontilattari-scaled.jpg?resize=525%2C300&ssl=1 1.5x, https:\/\/i0.wp.com\/www.altaviadeimontilattari.it\/wp-content\/uploads\/2021\/02\/punta-campanella-altaviadeimontilattari-scaled.jpg?resize=700%2C400&ssl=1 2x, https:\/\/i0.wp.com\/www.altaviadeimontilattari.it\/wp-content\/uploads\/2021\/02\/punta-campanella-altaviadeimontilattari-scaled.jpg?resize=1050%2C600&ssl=1 3x, https:\/\/i0.wp.com\/www.altaviadeimontilattari.it\/wp-content\/uploads\/2021\/02\/punta-campanella-altaviadeimontilattari-scaled.jpg?resize=1400%2C800&ssl=1 4x"},"classes":[]}],"jetpack_shortlink":"https:\/\/wp.me\/PcGNaV-1z3","jetpack_sharing_enabled":true,"_links":{"self":[{"href":"https:\/\/www.altaviadeimontilattari.it\/fr\/wp-json\/wp\/v2\/pages\/6017","targetHints":{"allow":["GET"]}}],"collection":[{"href":"https:\/\/www.altaviadeimontilattari.it\/fr\/wp-json\/wp\/v2\/pages"}],"about":[{"href":"https:\/\/www.altaviadeimontilattari.it\/fr\/wp-json\/wp\/v2\/types\/page"}],"author":[{"embeddable":true,"href":"https:\/\/www.altaviadeimontilattari.it\/fr\/wp-json\/wp\/v2\/users\/1"}],"replies":[{"embeddable":true,"href":"https:\/\/www.altaviadeimontilattari.it\/fr\/wp-json\/wp\/v2\/comments?post=6017"}],"version-history":[{"count":1,"href":"https:\/\/www.altaviadeimontilattari.it\/fr\/wp-json\/wp\/v2\/pages\/6017\/revisions"}],"predecessor-version":[{"id":6019,"href":"https:\/\/www.altaviadeimontilattari.it\/fr\/wp-json\/wp\/v2\/pages\/6017\/revisions\/6019"}],"wp:attachment":[{"href":"https:\/\/www.altaviadeimontilattari.it\/fr\/wp-json\/wp\/v2\/media?parent=6017"}],"curies":[{"name":"wp","href":"https:\/\/api.w.org\/{rel}","templated":true}]}}