{"id":6041,"date":"2021-10-08T20:49:35","date_gmt":"2021-10-08T20:49:35","guid":{"rendered":"https:\/\/www.altaviadeimontilattari.it\/ou-boire-sources-fontaines-et-points-deau\/"},"modified":"2022-06-30T13:45:58","modified_gmt":"2022-06-30T13:45:58","slug":"ou-boire-sources-fontaines-et-points-deau","status":"publish","type":"page","link":"https:\/\/www.altaviadeimontilattari.it\/fr\/ou-boire-sources-fontaines-et-points-deau\/","title":{"rendered":"O\u00f9 boire : sources, fontaines et points d&rsquo;eau"},"content":{"rendered":"\n<blockquote class=\"wp-block-quote is-layout-flow wp-block-quote-is-layout-flow\"><p><em>\u00ab\u00a0Quand tu bois de l&rsquo;eau, n&rsquo;oublie pas la source d&rsquo;o\u00f9 elle coule.\u00a0\u00bb<\/em><\/p><cite>CHARLES DICKENS<\/cite><\/blockquote>\n\n<p>Lorsque vous planifiez un voyage le long de l&rsquo;Alta Via dei Monti Lattari, il est tr\u00e8s important de pr\u00e9voir des arr\u00eats et des approvisionnements. Bien conna\u00eetre le sentier et tous les points d&rsquo;eau vous permet d&rsquo;\u00eatre mieux organis\u00e9 et de porter la bonne quantit\u00e9 d&rsquo;eau sans devenir trop lourd ou risquer d&rsquo;en manquer.<\/p>\n\n<p>Nous vous recommandons d&#8217;emporter au moins 3 litres d&rsquo;eau sur les premiers tron\u00e7ons de Corpo di Cava \u00e0 Santa Maria al Castello, surtout pendant les mois les plus chauds. Ensuite, de Santa Maria a Castello \u00e0 Termini, vous traversez de nombreux villages avec des fontaines et des points de ravitaillement o\u00f9 vous pouvez vous ravitailler plus fr\u00e9quemment et ainsi voyager \u00e9galement avec 2 litres d&rsquo;eau.<\/p>\n\n<p>Vous trouverez ci-dessous toutes les sources d&rsquo;eau et les fontaines le long de l&rsquo;Alta Via dei Monti Lattari, sentier CAI n\u00b0 300.<\/p>\n\n<figure class=\"wp-block-table is-style-stripes\"><table><thead><tr><th><strong>Source ou fontaine<\/strong><\/th><th><strong>Coordonn\u00e9es<\/strong><\/th><th><strong>Localisation<\/strong><\/th><th><strong>Information<\/strong><\/th><\/tr><\/thead><tbody><tr><td>Parking du corps de la carri\u00e8re<\/td><td>LAT. 40.68299 &#8211; LON. 14.693669  <br\/>UTM : 33T 474114E 4503612N<\/td><td>Abbaye de Cava de&rsquo; Tirreni<\/td><td>La source se trouve \u00e0 la fin des \u00e9tapes et peut \u00eatre utilis\u00e9e pour l&rsquo;approvisionnement initial en eau.<\/td><\/tr><tr><td>Eau Frestola<\/td><td>LAT. 40.681373 &#8211; LON. 14.692114<br\/>UTM : 33T 473982E 4503433N<\/td><td>Abbaye de Cava de&rsquo; Tirreni<\/td><td>Une fontaine se trouve dans l&rsquo;aire de stationnement et peut \u00eatre utilis\u00e9e pour l&rsquo;approvisionnement initial en eau.<\/td><\/tr><tr><td>Source de Capodacqua<\/td><td>LAT. 40.671541 &#8211; LON. 14.69081  <br\/>UTM : 33T 473868E 4502342N<\/td><td>Le long du chemin vers le sanctuaire d&rsquo;Avvocata<\/td><td><\/td><\/tr><tr><td>Printemps d&rsquo;Acquafredda<\/td><td>LAT. 40.661052 &#8211; LON. 14.676545<br\/>UTM : 33T 472658E 4501182N<\/td><td>Le long du chemin vers le sanctuaire d&rsquo;Avvocata<\/td><td>En \u00e9t\u00e9, il peut perdre peu d&rsquo;eau<\/td><\/tr><tr><td>Fontaine du Sanctuaire de Notre-Dame d&rsquo;Avvocata<\/td><td>LAT. 40.65314 &#8211; LON. 14.669296<br\/>UTM : 33T 472042E 4500306N<\/td><td>Le Mont Avvocata<\/td><td>L&rsquo;eau est recueillie dans des citernes et n&rsquo;est pas une source.<\/td><\/tr><tr><td>Fontaine Pietrapiana<\/td><td>LAT. 40.697891 &#8211; LON. 14.664007  <br\/>UTM : 33T 471613E 4505275N<\/td><td>Monte Finestra<\/td><td>La fontaine se trouve pr\u00e8s de l&rsquo;autel sous la grotte.<\/td><\/tr><tr><td>Fontaine de Valico di Chiunzi<\/td><td>LAT. 40.718536 &#8211; LON. 14.62031  <br\/>UTM : 33T 467932E 4507582N<\/td><td>Col de Chiunzi<\/td><td><\/td><\/tr><tr><td>Sorgete Vrecciara<\/td><td>LAT. 40.669301 &#8211; LON. 14.566617<br\/>UTM : 33T 463370E 4502137N<\/td><td>Entr\u00e9e de la vall\u00e9e de la Haute Ferri\u00e8re<\/td><td>Imm\u00e9diatement apr\u00e8s la porte de la vall\u00e9e de Ferriere, le premier carrefour m\u00e8ne \u00e0 la source.<\/td><\/tr><tr><td>Source d&rsquo;eau froide<\/td><td>LAT. 40.668158 &#8211; LON. 14.557202<br\/>UTM : 33T 462573E 4502014N<\/td><td>Entr\u00e9e de la vall\u00e9e de la Haute Ferri\u00e8re<\/td><td>Continuez le long du chemin de la source Vrecciara jusqu&rsquo;\u00e0 cette source.<\/td><\/tr><tr><td>Le printemps \u00e0 la porte de la vall\u00e9e de Ferriere<\/td><td>LAT. 40.664557 &#8211; LON. 14.566835<br\/>UTM : 33T 463386E 4501611N<\/td><td>Entr\u00e9e de la vall\u00e9e de la Haute Ferri\u00e8re<\/td><td>Fontaine s\u00e8che en \u00e9t\u00e9<\/td><\/tr><tr><td>Printemps de San Giuliano<\/td><td>LAT. 40.661437 &#8211; LON. 14.558739  <br\/>UTM : 33T 462700E 4501268N<\/td><td>Ammarrata (Imbarrata)<\/td><td>Pas loin de 300 apr\u00e8s l&rsquo;Imbarrata<\/td><\/tr><tr><td>Printemps de Scorchie<\/td><td>LAT. 40.65529 &#8211; LON. 14.498452  <br\/>UTM : 33T 457600E 4500613N<\/td><td>Monte Faito, pr\u00e8s du Sanctuaire de San Michele<\/td><td>Le long de la route de liaison 350, non loin de la route de la Molare.<\/td><\/tr><tr><td>Source d&rsquo;eau b\u00e9nite<\/td><td>UTM : 33T 457768E 4500145N<\/td><td>Le Mont Molaire<\/td><td><\/td><\/tr><tr><td>Fontaine de Santa Maria al Castello<\/td><td>LAT. 40.651082 &#8211; LON. 14.500471<br\/>UTM : 33T 455995E 4498795N<\/td><td>Santa Maria al Castello<\/td><td>Situ\u00e9 au pied des escaliers de l&rsquo;\u00e9glise de Santa Maria al Castello. Il y a un bar \u00e0 proximit\u00e9<\/td><\/tr><tr><td>Fontaine Colli San Pietro<\/td><td>LAT. 40.617494 &#8211; LON. 14.427873<br\/>UTM : 33T 451606E 4496454N<\/td><td>Colli San Pietro<\/td><td>La fontaine est pr\u00e8s du carrefour. Il y a un bar \u00e0 proximit\u00e9<\/td><\/tr><tr><td>Fontaine Colli Fontanelle<\/td><td>LAT. 40.613059 &#8211; LON. 14.407566  <br\/>UTM : 33T 449885E 4495973N<\/td><td>Fontanelle Hills<\/td><td>Il y a un bar \u00e0 proximit\u00e9<\/td><\/tr><tr><td>Fontaine sur Malacoccola<\/td><td>LAT. 40.602437 &#8211; LON. 14.402258  <br\/>UTM : 33T 449428E 4494797N<\/td><td>Malacoccola<\/td><td><\/td><\/tr><tr><td>Fontaine Torca<\/td><td>LAT. 40.600139 &#8211; LON. 14.384904  <br\/>UTM : 33T 447958E 4494552N<\/td><td>Torca<\/td><td>La fontaine se trouve dans la villa municipale, pr\u00e8s de l&rsquo;\u00e9glise.<\/td><\/tr><tr><td>Fontaine de Termini<\/td><td>LAT. 40.590512 &#8211; LON. 14.339862<br\/>UTM : 33T 444139E 4493511N<\/td><td>Conditions<\/td><td>La fontaine se trouve sur la piazza di termini. Il y a un bar \u00e0 proximit\u00e9<\/td><\/tr><\/tbody><\/table><\/figure>\n<div class=\"wp-block-image\"><figure class=\"aligncenter size-full\"><img data-recalc-dims=\"1\" fetchpriority=\"high\" decoding=\"async\" width=\"1024\" height=\"768\" src=\"https:\/\/i0.wp.com\/altaviadeimontilattari.it\/wp-content\/uploads\/2021\/10\/Acqua-sorgenti.jpg?resize=1024%2C768&#038;ssl=1\" alt=\"\" class=\"wp-image-3795\" srcset=\"https:\/\/i0.wp.com\/www.altaviadeimontilattari.it\/wp-content\/uploads\/2021\/10\/Acqua-sorgenti.jpg?w=1024&amp;ssl=1 1024w, https:\/\/i0.wp.com\/www.altaviadeimontilattari.it\/wp-content\/uploads\/2021\/10\/Acqua-sorgenti.jpg?resize=300%2C225&amp;ssl=1 300w, https:\/\/i0.wp.com\/www.altaviadeimontilattari.it\/wp-content\/uploads\/2021\/10\/Acqua-sorgenti.jpg?resize=768%2C576&amp;ssl=1 768w\" sizes=\"(max-width: 1024px) 100vw, 1024px\" \/><\/figure><\/div>\n<div style=\"margin: 20px 0;\"><div class=\"qrcswholewtapper\" style=\"text-align:left;\"><div class=\"qrcprowrapper\"  id=\"qrcwraa2leds\"><div class=\"qrc_canvass\" id=\"qrc_cuttenpages_2\" style=\"display:inline-block\" data-text=\"https:\/\/www.altaviadeimontilattari.it\/fr\/ou-boire-sources-fontaines-et-points-deau\/\"><\/div><div><a download=\"O\u00f9 boire : sources, fontaines et points d&rsquo;eau.png\" class=\"qrcdownloads\" id=\"worign\">\r\n           <button type=\"button\" style=\"min-width:200px;background:#81ea00;color:#000;font-weight: 600;border: 1px solid #dddddd;border-radius:4px;font-size:12px;padding: 6px 0;\" class=\"uqr_code_btn\">Download QR<\/button>\r\n           <\/a><\/div><\/div><\/div><\/div>","protected":false},"excerpt":{"rendered":"<p>\u00ab\u00a0Quand tu bois de l&rsquo;eau, n&rsquo;oublie pas la source d&rsquo;o\u00f9 elle coule.\u00a0\u00bb CHARLES DICKENS Lorsque vous planifiez un voyage le long de l&rsquo;Alta Via dei Monti Lattari, il est tr\u00e8s important de pr\u00e9voir des arr\u00eats et des approvisionnements. Bien conna\u00eetre le sentier et tous les points d&rsquo;eau vous permet d&rsquo;\u00eatre mieux organis\u00e9 et de porter&hellip;&nbsp;<a href=\"https:\/\/www.altaviadeimontilattari.it\/fr\/ou-boire-sources-fontaines-et-points-deau\/\" rel=\"bookmark\">Read More &raquo;<span class=\"screen-reader-text\">O\u00f9 boire : sources, fontaines et points d&rsquo;eau<\/span><\/a><\/p>\n","protected":false},"author":1,"featured_media":0,"parent":0,"menu_order":0,"comment_status":"closed","ping_status":"closed","template":"","meta":{"neve_meta_sidebar":"full-width","neve_meta_container":"","neve_meta_enable_content_width":"on","neve_meta_content_width":100,"neve_meta_title_alignment":"","neve_meta_author_avatar":"","neve_post_elements_order":"","neve_meta_disable_header":"","neve_meta_disable_footer":"","neve_meta_disable_title":"","neve_meta_reading_time":"","_themeisle_gutenberg_block_has_review":false,"jetpack_post_was_ever_published":false,"footnotes":""},"class_list":["post-6041","page","type-page","status-publish","hentry"],"yoast_head":"<!-- This site is optimized with the Yoast SEO plugin v27.2 - https:\/\/yoast.com\/product\/yoast-seo-wordpress\/ -->\n<title>O\u00f9 boire : sources, fontaines et points d&#039;eau - Alta Via dei Monti Lattari<\/title>\n<meta name=\"description\" content=\"Bien conna\u00eetre le sentier et les points d&#039;eau permet de mieux s&#039;organiser et d&#039;emporter la bonne quantit\u00e9 d&#039;eau.\" \/>\n<meta name=\"robots\" content=\"index, follow, max-snippet:-1, max-image-preview:large, max-video-preview:-1\" \/>\n<link rel=\"canonical\" href=\"https:\/\/www.altaviadeimontilattari.it\/fr\/ou-boire-sources-fontaines-et-points-deau\/\" \/>\n<meta property=\"og:locale\" content=\"fr_FR\" \/>\n<meta property=\"og:type\" content=\"article\" \/>\n<meta property=\"og:title\" content=\"O\u00f9 boire : sources, fontaines et points d&#039;eau - Alta Via dei Monti Lattari\" \/>\n<meta property=\"og:description\" content=\"Bien conna\u00eetre le sentier et les points d&#039;eau permet de mieux s&#039;organiser et d&#039;emporter la bonne quantit\u00e9 d&#039;eau.\" \/>\n<meta property=\"og:url\" content=\"https:\/\/www.altaviadeimontilattari.it\/fr\/ou-boire-sources-fontaines-et-points-deau\/\" \/>\n<meta property=\"og:site_name\" content=\"Alta Via dei Monti Lattari\" \/>\n<meta property=\"article:modified_time\" content=\"2022-06-30T13:45:58+00:00\" \/>\n<meta property=\"og:image\" content=\"https:\/\/altaviadeimontilattari.it\/wp-content\/uploads\/2021\/10\/Acqua-sorgenti.jpg\" \/>\n<meta name=\"twitter:card\" content=\"summary_large_image\" \/>\n<meta name=\"twitter:label1\" content=\"Dur\u00e9e de lecture estim\u00e9e\" \/>\n\t<meta name=\"twitter:data1\" content=\"3 minutes\" \/>\n<script type=\"application\/ld+json\" class=\"yoast-schema-graph\">{\"@context\":\"https:\/\/schema.org\",\"@graph\":[{\"@type\":\"WebPage\",\"@id\":\"https:\/\/www.altaviadeimontilattari.it\/fr\/ou-boire-sources-fontaines-et-points-deau\/\",\"url\":\"https:\/\/www.altaviadeimontilattari.it\/fr\/ou-boire-sources-fontaines-et-points-deau\/\",\"name\":\"O\u00f9 boire : sources, fontaines et points d'eau - Alta Via dei Monti Lattari\",\"isPartOf\":{\"@id\":\"https:\/\/www.altaviadeimontilattari.it\/#website\"},\"primaryImageOfPage\":{\"@id\":\"https:\/\/www.altaviadeimontilattari.it\/fr\/ou-boire-sources-fontaines-et-points-deau\/#primaryimage\"},\"image\":{\"@id\":\"https:\/\/www.altaviadeimontilattari.it\/fr\/ou-boire-sources-fontaines-et-points-deau\/#primaryimage\"},\"thumbnailUrl\":\"https:\/\/altaviadeimontilattari.it\/wp-content\/uploads\/2021\/10\/Acqua-sorgenti.jpg\",\"datePublished\":\"2021-10-08T20:49:35+00:00\",\"dateModified\":\"2022-06-30T13:45:58+00:00\",\"description\":\"Bien conna\u00eetre le sentier et les points d'eau permet de mieux s'organiser et d'emporter la bonne quantit\u00e9 d'eau.\",\"breadcrumb\":{\"@id\":\"https:\/\/www.altaviadeimontilattari.it\/fr\/ou-boire-sources-fontaines-et-points-deau\/#breadcrumb\"},\"inLanguage\":\"fr-FR\",\"potentialAction\":[{\"@type\":\"ReadAction\",\"target\":[\"https:\/\/www.altaviadeimontilattari.it\/fr\/ou-boire-sources-fontaines-et-points-deau\/\"]}]},{\"@type\":\"ImageObject\",\"inLanguage\":\"fr-FR\",\"@id\":\"https:\/\/www.altaviadeimontilattari.it\/fr\/ou-boire-sources-fontaines-et-points-deau\/#primaryimage\",\"url\":\"https:\/\/altaviadeimontilattari.it\/wp-content\/uploads\/2021\/10\/Acqua-sorgenti.jpg\",\"contentUrl\":\"https:\/\/altaviadeimontilattari.it\/wp-content\/uploads\/2021\/10\/Acqua-sorgenti.jpg\"},{\"@type\":\"BreadcrumbList\",\"@id\":\"https:\/\/www.altaviadeimontilattari.it\/fr\/ou-boire-sources-fontaines-et-points-deau\/#breadcrumb\",\"itemListElement\":[{\"@type\":\"ListItem\",\"position\":1,\"name\":\"Home\",\"item\":\"https:\/\/www.altaviadeimontilattari.it\/es\/\"},{\"@type\":\"ListItem\",\"position\":2,\"name\":\"O\u00f9 boire : sources, fontaines et points d&#8217;eau\"}]},{\"@type\":\"WebSite\",\"@id\":\"https:\/\/www.altaviadeimontilattari.it\/#website\",\"url\":\"https:\/\/www.altaviadeimontilattari.it\/\",\"name\":\"Alta Via dei Monti Lattari\",\"description\":\"La montagna \u00e8 un modo di vivere la vita.\",\"publisher\":{\"@id\":\"https:\/\/www.altaviadeimontilattari.it\/#organization\"},\"potentialAction\":[{\"@type\":\"SearchAction\",\"target\":{\"@type\":\"EntryPoint\",\"urlTemplate\":\"https:\/\/www.altaviadeimontilattari.it\/?s={search_term_string}\"},\"query-input\":{\"@type\":\"PropertyValueSpecification\",\"valueRequired\":true,\"valueName\":\"search_term_string\"}}],\"inLanguage\":\"fr-FR\"},{\"@type\":\"Organization\",\"@id\":\"https:\/\/www.altaviadeimontilattari.it\/#organization\",\"name\":\"Alta Via dei Monti Lattari\",\"url\":\"https:\/\/www.altaviadeimontilattari.it\/\",\"logo\":{\"@type\":\"ImageObject\",\"inLanguage\":\"fr-FR\",\"@id\":\"https:\/\/www.altaviadeimontilattari.it\/#\/schema\/logo\/image\/\",\"url\":\"https:\/\/i0.wp.com\/www.altaviadeimontilattari.it\/wp-content\/uploads\/2020\/12\/alta_via_monyi_lattari_logo.png?fit=325%2C100&ssl=1\",\"contentUrl\":\"https:\/\/i0.wp.com\/www.altaviadeimontilattari.it\/wp-content\/uploads\/2020\/12\/alta_via_monyi_lattari_logo.png?fit=325%2C100&ssl=1\",\"width\":325,\"height\":100,\"caption\":\"Alta Via dei Monti Lattari\"},\"image\":{\"@id\":\"https:\/\/www.altaviadeimontilattari.it\/#\/schema\/logo\/image\/\"}}]}<\/script>\n<!-- \/ Yoast SEO plugin. -->","yoast_head_json":{"title":"O\u00f9 boire : sources, fontaines et points d'eau - Alta Via dei Monti Lattari","description":"Bien conna\u00eetre le sentier et les points d'eau permet de mieux s'organiser et d'emporter la bonne quantit\u00e9 d'eau.","robots":{"index":"index","follow":"follow","max-snippet":"max-snippet:-1","max-image-preview":"max-image-preview:large","max-video-preview":"max-video-preview:-1"},"canonical":"https:\/\/www.altaviadeimontilattari.it\/fr\/ou-boire-sources-fontaines-et-points-deau\/","og_locale":"fr_FR","og_type":"article","og_title":"O\u00f9 boire : sources, fontaines et points d'eau - Alta Via dei Monti Lattari","og_description":"Bien conna\u00eetre le sentier et les points d'eau permet de mieux s'organiser et d'emporter la bonne quantit\u00e9 d'eau.","og_url":"https:\/\/www.altaviadeimontilattari.it\/fr\/ou-boire-sources-fontaines-et-points-deau\/","og_site_name":"Alta Via dei Monti Lattari","article_modified_time":"2022-06-30T13:45:58+00:00","og_image":[{"url":"https:\/\/altaviadeimontilattari.it\/wp-content\/uploads\/2021\/10\/Acqua-sorgenti.jpg","type":"","width":"","height":""}],"twitter_card":"summary_large_image","twitter_misc":{"Dur\u00e9e de lecture estim\u00e9e":"3 minutes"},"schema":{"@context":"https:\/\/schema.org","@graph":[{"@type":"WebPage","@id":"https:\/\/www.altaviadeimontilattari.it\/fr\/ou-boire-sources-fontaines-et-points-deau\/","url":"https:\/\/www.altaviadeimontilattari.it\/fr\/ou-boire-sources-fontaines-et-points-deau\/","name":"O\u00f9 boire : sources, fontaines et points d'eau - Alta Via dei Monti Lattari","isPartOf":{"@id":"https:\/\/www.altaviadeimontilattari.it\/#website"},"primaryImageOfPage":{"@id":"https:\/\/www.altaviadeimontilattari.it\/fr\/ou-boire-sources-fontaines-et-points-deau\/#primaryimage"},"image":{"@id":"https:\/\/www.altaviadeimontilattari.it\/fr\/ou-boire-sources-fontaines-et-points-deau\/#primaryimage"},"thumbnailUrl":"https:\/\/altaviadeimontilattari.it\/wp-content\/uploads\/2021\/10\/Acqua-sorgenti.jpg","datePublished":"2021-10-08T20:49:35+00:00","dateModified":"2022-06-30T13:45:58+00:00","description":"Bien conna\u00eetre le sentier et les points d'eau permet de mieux s'organiser et d'emporter la bonne quantit\u00e9 d'eau.","breadcrumb":{"@id":"https:\/\/www.altaviadeimontilattari.it\/fr\/ou-boire-sources-fontaines-et-points-deau\/#breadcrumb"},"inLanguage":"fr-FR","potentialAction":[{"@type":"ReadAction","target":["https:\/\/www.altaviadeimontilattari.it\/fr\/ou-boire-sources-fontaines-et-points-deau\/"]}]},{"@type":"ImageObject","inLanguage":"fr-FR","@id":"https:\/\/www.altaviadeimontilattari.it\/fr\/ou-boire-sources-fontaines-et-points-deau\/#primaryimage","url":"https:\/\/altaviadeimontilattari.it\/wp-content\/uploads\/2021\/10\/Acqua-sorgenti.jpg","contentUrl":"https:\/\/altaviadeimontilattari.it\/wp-content\/uploads\/2021\/10\/Acqua-sorgenti.jpg"},{"@type":"BreadcrumbList","@id":"https:\/\/www.altaviadeimontilattari.it\/fr\/ou-boire-sources-fontaines-et-points-deau\/#breadcrumb","itemListElement":[{"@type":"ListItem","position":1,"name":"Home","item":"https:\/\/www.altaviadeimontilattari.it\/es\/"},{"@type":"ListItem","position":2,"name":"O\u00f9 boire : sources, fontaines et points d&#8217;eau"}]},{"@type":"WebSite","@id":"https:\/\/www.altaviadeimontilattari.it\/#website","url":"https:\/\/www.altaviadeimontilattari.it\/","name":"Alta Via dei Monti Lattari","description":"La montagna \u00e8 un modo di vivere la vita.","publisher":{"@id":"https:\/\/www.altaviadeimontilattari.it\/#organization"},"potentialAction":[{"@type":"SearchAction","target":{"@type":"EntryPoint","urlTemplate":"https:\/\/www.altaviadeimontilattari.it\/?s={search_term_string}"},"query-input":{"@type":"PropertyValueSpecification","valueRequired":true,"valueName":"search_term_string"}}],"inLanguage":"fr-FR"},{"@type":"Organization","@id":"https:\/\/www.altaviadeimontilattari.it\/#organization","name":"Alta Via dei Monti Lattari","url":"https:\/\/www.altaviadeimontilattari.it\/","logo":{"@type":"ImageObject","inLanguage":"fr-FR","@id":"https:\/\/www.altaviadeimontilattari.it\/#\/schema\/logo\/image\/","url":"https:\/\/i0.wp.com\/www.altaviadeimontilattari.it\/wp-content\/uploads\/2020\/12\/alta_via_monyi_lattari_logo.png?fit=325%2C100&ssl=1","contentUrl":"https:\/\/i0.wp.com\/www.altaviadeimontilattari.it\/wp-content\/uploads\/2020\/12\/alta_via_monyi_lattari_logo.png?fit=325%2C100&ssl=1","width":325,"height":100,"caption":"Alta Via dei Monti Lattari"},"image":{"@id":"https:\/\/www.altaviadeimontilattari.it\/#\/schema\/logo\/image\/"}}]}},"jetpack-related-posts":[{"id":5952,"url":"https:\/\/www.altaviadeimontilattari.it\/fr\/conseils-utiles-pour-lorganisation\/","url_meta":{"origin":6041,"position":0},"title":"Conseils utiles pour l&rsquo;organisation","author":"","date":"20 novembre 2020","format":false,"excerpt":"Randonn\u00e9e dans C\u00f4te amalfitaine est belle et doit le rester. Pendant votre exp\u00e9rience, il est important de faire du trekking de mani\u00e8re responsable, notamment en raison du nombre croissant de touristes qui empruntent les sentiers chaque ann\u00e9e. Voici quelques conseils pour s'organiser et vivre pleinement le trek : Chaussures de\u2026","rel":"","context":"Article similaire","block_context":{"text":"Article similaire","link":""},"img":{"alt_text":"","src":"","width":0,"height":0},"classes":[]},{"id":5978,"url":"https:\/\/www.altaviadeimontilattari.it\/fr\/marche-avec-nous\/","url_meta":{"origin":6041,"position":1},"title":"Marche avec nous","author":"Luca Casaburi","date":"6 mai 2022","format":false,"excerpt":"Tout le monde peut marcher avec nous. Partez avec nous \u00e0 la d\u00e9couverte de l'Alta Via dei Monti Lattari ! Marche avec nous Du 2 au 4 juin 2022 Nous parcourons l'Alta Via dei Monti Lattari dans son int\u00e9gralit\u00e9 pendant trois jours, en suivant tout le sentier 300CAI. Il part\u2026","rel":"","context":"Article similaire","block_context":{"text":"Article similaire","link":""},"img":{"alt_text":"","src":"https:\/\/i0.wp.com\/www.altaviadeimontilattari.it\/wp-content\/uploads\/2022\/05\/monte_finestra_sud-edited.jpg?resize=350%2C200&ssl=1","width":350,"height":200,"srcset":"https:\/\/i0.wp.com\/www.altaviadeimontilattari.it\/wp-content\/uploads\/2022\/05\/monte_finestra_sud-edited.jpg?resize=350%2C200&ssl=1 1x, https:\/\/i0.wp.com\/www.altaviadeimontilattari.it\/wp-content\/uploads\/2022\/05\/monte_finestra_sud-edited.jpg?resize=525%2C300&ssl=1 1.5x, https:\/\/i0.wp.com\/www.altaviadeimontilattari.it\/wp-content\/uploads\/2022\/05\/monte_finestra_sud-edited.jpg?resize=700%2C400&ssl=1 2x"},"classes":[]},{"id":6123,"url":"https:\/\/www.altaviadeimontilattari.it\/fr\/la-cote-amalfitaine\/","url_meta":{"origin":6041,"position":2},"title":"La c\u00f4te amalfitaine","author":"","date":"19 novembre 2020","format":false,"excerpt":"La c\u00f4te amalfitaine repr\u00e9sente le splendide paysage situ\u00e9 au sud de la chaotique et fascinante Naples. \u00c0 l'appui de cela, les \u00eeles de Capri, Ischia et Procida ont \u00e9t\u00e9 des attractions pour des millions de visiteurs venant non seulement d'Italie. Les villes qui animent les c\u00f4tes de la Campanie sont\u2026","rel":"","context":"Article similaire","block_context":{"text":"Article similaire","link":""},"img":{"alt_text":"","src":"","width":0,"height":0},"classes":[]},{"id":5924,"url":"https:\/\/www.altaviadeimontilattari.it\/fr\/5-ou-dormir-refuges\/","url_meta":{"origin":6041,"position":3},"title":"5. O\u00f9 dormir : Refuges","author":"","date":"20 novembre 2020","format":false,"excerpt":"Il existe des logements \u00e0 C\u00f4te amalfitaine pour tous les go\u00fbts et presque tous les budgets. Amalfi e Positano sont les principaux centres touristiques de la C\u00f4te amalfitaine et les prix de l'h\u00e9bergement sont donc relativement \u00e9lev\u00e9s. Si vous voulez obtenir une belle chambre \u00e0 un prix raisonnable ici pendant\u2026","rel":"","context":"Article similaire","block_context":{"text":"Article similaire","link":""},"img":{"alt_text":"","src":"","width":0,"height":0},"classes":[]},{"id":6718,"url":"https:\/\/www.altaviadeimontilattari.it\/fr\/","url_meta":{"origin":6041,"position":4},"title":"Maison","author":"Turismo.Ricercattiva","date":"8 juillet 2022","format":false,"excerpt":"Alta Via Dei Monti Lattari Dans les grands espaces de la montagne, dans ses hauts silences, l'homme non distrait peut saisir le sens de sa petitesse et la dimension infinie de son \u00e2me. D\u00c9COUVRIR PLUS Chemin Contact avec la nature Paysages sauvages et ruraux, mer d'un bleu profond, falaises et\u2026","rel":"","context":"Article similaire","block_context":{"text":"Article similaire","link":""},"img":{"alt_text":"Alta Via dei Monti Lattari Sentiero Italia 300 CAI","src":"https:\/\/i0.wp.com\/www.altaviadeimontilattari.it\/wp-content\/uploads\/2020\/12\/alta_via_monti_lattari_sentiero_italia_300_cai.jpg?resize=350%2C200&ssl=1","width":350,"height":200,"srcset":"https:\/\/i0.wp.com\/www.altaviadeimontilattari.it\/wp-content\/uploads\/2020\/12\/alta_via_monti_lattari_sentiero_italia_300_cai.jpg?resize=350%2C200&ssl=1 1x, https:\/\/i0.wp.com\/www.altaviadeimontilattari.it\/wp-content\/uploads\/2020\/12\/alta_via_monti_lattari_sentiero_italia_300_cai.jpg?resize=525%2C300&ssl=1 1.5x"},"classes":[]},{"id":7285,"url":"https:\/\/www.altaviadeimontilattari.it\/fr\/cammina-con-noi-iii-edition-2024\/","url_meta":{"origin":6041,"position":5},"title":"Cammina con noi &#8211; III \u00e9dition 2024","author":"Luca Casaburi","date":"11 avril 2024","format":false,"excerpt":"Tout le monde peut marcher avec nous. Partez avec nous \u00e0 la d\u00e9couverte de l'Alta Via dei Monti Lattari! Nous parcourons l'Alta Via dei Monti Lattari dans son int\u00e9gralit\u00e9 pendant trois jours, en suivant tout le sentier 300CAI. Il part de la municipalit\u00e9 de Cava de' Tirreni et atteint Punta\u2026","rel":"","context":"Article similaire","block_context":{"text":"Article similaire","link":""},"img":{"alt_text":"","src":"https:\/\/i0.wp.com\/www.altaviadeimontilattari.it\/wp-content\/uploads\/2024\/04\/iii-edizione.jpg?resize=350%2C200&ssl=1","width":350,"height":200,"srcset":"https:\/\/i0.wp.com\/www.altaviadeimontilattari.it\/wp-content\/uploads\/2024\/04\/iii-edizione.jpg?resize=350%2C200&ssl=1 1x, https:\/\/i0.wp.com\/www.altaviadeimontilattari.it\/wp-content\/uploads\/2024\/04\/iii-edizione.jpg?resize=525%2C300&ssl=1 1.5x, https:\/\/i0.wp.com\/www.altaviadeimontilattari.it\/wp-content\/uploads\/2024\/04\/iii-edizione.jpg?resize=700%2C400&ssl=1 2x"},"classes":[]}],"jetpack_shortlink":"https:\/\/wp.me\/PcGNaV-1zr","jetpack_sharing_enabled":true,"_links":{"self":[{"href":"https:\/\/www.altaviadeimontilattari.it\/fr\/wp-json\/wp\/v2\/pages\/6041","targetHints":{"allow":["GET"]}}],"collection":[{"href":"https:\/\/www.altaviadeimontilattari.it\/fr\/wp-json\/wp\/v2\/pages"}],"about":[{"href":"https:\/\/www.altaviadeimontilattari.it\/fr\/wp-json\/wp\/v2\/types\/page"}],"author":[{"embeddable":true,"href":"https:\/\/www.altaviadeimontilattari.it\/fr\/wp-json\/wp\/v2\/users\/1"}],"replies":[{"embeddable":true,"href":"https:\/\/www.altaviadeimontilattari.it\/fr\/wp-json\/wp\/v2\/comments?post=6041"}],"version-history":[{"count":1,"href":"https:\/\/www.altaviadeimontilattari.it\/fr\/wp-json\/wp\/v2\/pages\/6041\/revisions"}],"predecessor-version":[{"id":6044,"href":"https:\/\/www.altaviadeimontilattari.it\/fr\/wp-json\/wp\/v2\/pages\/6041\/revisions\/6044"}],"wp:attachment":[{"href":"https:\/\/www.altaviadeimontilattari.it\/fr\/wp-json\/wp\/v2\/media?parent=6041"}],"curies":[{"name":"wp","href":"https:\/\/api.w.org\/{rel}","templated":true}]}}