{"id":6123,"date":"2020-11-19T14:54:06","date_gmt":"2020-11-19T14:54:06","guid":{"rendered":"https:\/\/www.altaviadeimontilattari.it\/la-cote-amalfitaine\/"},"modified":"2020-11-19T14:54:06","modified_gmt":"2020-11-19T14:54:06","slug":"la-cote-amalfitaine","status":"publish","type":"page","link":"https:\/\/www.altaviadeimontilattari.it\/fr\/la-cote-amalfitaine\/","title":{"rendered":"La c\u00f4te amalfitaine"},"content":{"rendered":"<p><em> <strong> La c\u00f4te amalfitaine <\/strong> <\/em> repr\u00e9sente le splendide paysage situ\u00e9 au sud de la chaotique et fascinante Naples. \u00c0 l&rsquo;appui de cela, les \u00eeles de Capri, Ischia et Procida ont \u00e9t\u00e9 des attractions pour des millions de visiteurs venant non seulement d&rsquo;Italie.<\/p>\n<p>Les villes qui animent les c\u00f4tes de la Campanie sont immerg\u00e9es dans les montagnes, sont pr\u00e9serv\u00e9es et conservent un charme toujours vert qui attire des groupes de touristes. Notre conseil est d&rsquo;\u00e9viter la saison estivale, lorsque les visiteurs arrivent en grand nombre : vous pourrez profiter de d\u00e9licieuses balades entre paysages, art et bonne ch\u00e8re.<\/p>\n<p>Alors, quand partir sur la <em> <strong> C\u00f4te Amalfitaine <\/strong> <\/em>\u00a0?<\/p>\n<p>De nombreux h\u00f4tels, restaurants et attractions sont ferm\u00e9s de novembre \u00e0 P\u00e2ques. En \u00e9t\u00e9, les routes c\u00f4ti\u00e8res \u00e9troites sont encombr\u00e9es et les temp\u00e9ratures montent en fl\u00e8che. Le printemps et l&rsquo;automne sont les deux meilleures saisons pour s\u00e9journer dans ces lieux.<\/p>\n<p>Le printemps pour ses champs fleuris et l&rsquo;automne pour ses mers chaudes et ses abondants produits de saison, notamment les champignons, les truffes noires et les ch\u00e2taignes.<\/p>\n<p><em> <strong> La c\u00f4te amalfitaine <\/strong> <\/em> peut \u00eatre visit\u00e9e en 5 jours au cours desquels vous pourrez d\u00e9couvrir les points forts de la r\u00e9gion.<\/p>\n<p>Randonn\u00e9e sur la <em> <strong> c\u00f4te amalfitaine <\/strong> <\/em> est l&rsquo;un des meilleurs moyens de d\u00e9couvrir des paysages, une culture et une gastronomie magnifiques en une seule fois. Il n&rsquo;y a que quelques endroits dans le monde qui offrent ce trio d&rsquo;exp\u00e9riences &#8211; beaucoup moins en Italie.<\/p>\n<p>La randonn\u00e9e et le trekking sur la <em> <strong> c\u00f4te amalfitaine <\/strong> <\/em> ne ressemblent \u00e0 aucun type d&rsquo;activit\u00e9 que vous ayez jamais essay\u00e9 auparavant. Certaines parties des sentiers sont rocheuses et escarp\u00e9es, tandis que d&rsquo;autres sont d&rsquo;agr\u00e9ables sentiers de randonn\u00e9e. Quel que soit l&rsquo;itin\u00e9raire que vous choisissez d&#8217;emprunter, vous d\u00e9couvrirez des vues \u00e0 couper le souffle, de l&rsquo;air frais et de l&rsquo;histoire.<\/p>\n<p>La meilleure partie des excursions <em> <strong> sur la c\u00f4te amalfitaine <\/strong> <\/em> est que vous n&rsquo;\u00eates pas dans un endroit tr\u00e8s \u00e9loign\u00e9. Vous pouvez probablement rester dans les villes voisines ou visiter plusieurs villes lors de votre voyage.<\/p>\n<p>Le premier point d&rsquo;int\u00e9r\u00eat historique que vous pouvez intercepter sur votre chemin est la <em> <strong> Torre delle Ziro <\/strong> <\/em>, situ\u00e9e entre <em> <strong> Pontone et Atrani <\/strong> <\/ em >. Cet itin\u00e9raire continue le long des anciens murs du Duch\u00e9 d&rsquo;Amalfi jusqu&rsquo;\u00e0 la Tour qui a \u00e9t\u00e9 construite avant le XVIe si\u00e8cle.<\/p>\n<p>Le b\u00e2timent servait \u00e0 observer l&rsquo;approche des bateaux pirates. Son pass\u00e9 est int\u00e9ressant\u00a0: \u00e0 un moment donn\u00e9, la duchesse d&rsquo;<em> <strong> Amalfi <\/strong> <\/em>, apr\u00e8s avoir \u00e9t\u00e9 accus\u00e9e d&rsquo;une liaison, a \u00e9t\u00e9 enferm\u00e9e dans la tour avec ses enfants et assassin\u00e9e. Les habitants pensent que la tour est hant\u00e9e.<\/p>\n<p>Un autre itin\u00e9raire \u00e0 d\u00e9couvrir est le Vallone delle Ferriere qui part de Pontone et se termine \u00e0 Amalfi. Ce sentier est parfait pour les amoureux des plantes et de la for\u00eat.<\/p>\n<p>Les points forts de cette route sont les aqueducs historiques, le feuillage ancien (les foug\u00e8res datent de l&rsquo;\u00e8re glaciaire) et les fonderies m\u00e9di\u00e9vales. Il y a quelques d\u00e9tours que vous pouvez prendre qui vous m\u00e8neront aux cascades et aux jardins.<\/p>\n<p><em> <strong> Le Chemin des Dieux <\/strong> <\/em> est situ\u00e9 entre <em> <strong> Agerola et Positano <\/strong> <\/em>. Ce sentier relativement plat offre une vue sur l&rsquo;\u00eele de Capri et plusieurs villes locales. Le sentier lui-m\u00eame est facile \u00e0 parcourir, mais nous vous recommandons de l&rsquo;\u00e9viter en fin d&rsquo;apr\u00e8s-midi. La majeure partie du parcours, en effet, surplombe la c\u00f4te qui est tr\u00e8s peu ombrag\u00e9e. Pendant les mois d&rsquo;\u00e9t\u00e9, cela devient insoutenable! Cependant, c&rsquo;est un excellent itin\u00e9raire \u00e0 emprunter au printemps ou en automne, car les temp\u00e9ratures sont plus basses mais les vues \u00e0 couper le souffle restent les m\u00eames.<\/p>\n<p>Enfin, si vous recherchez des vues exceptionnelles, le <em> <strong> chemin du Monte Tre Calli <\/strong> <\/em> est la solution id\u00e9ale. Cet itin\u00e9raire est plus difficile \u00e0 entreprendre car il vous emm\u00e8ne au sommet de la montagne du m\u00eame nom qui culmine \u00e0 1000 m\u00e8tres d&rsquo;altitude. L&rsquo;effort est r\u00e9compens\u00e9 car de son sommet on peut voir <em> <strong> le V\u00e9suve, Sorrente <\/strong> <\/em> et <em> <strong> Amalfi <\/strong> <\/em>.<\/p>\n<p>Lors de cette randonn\u00e9e, assurez-vous que vos bouteilles d&rsquo;eau sont pleines. Si vous avez apport\u00e9 des collations ou des aliments \u00e9nerg\u00e9tiques, ne laissez pas leurs emballages en chemin!<\/p>\n<div style=\"margin: 20px 0;\"><div class=\"qrcswholewtapper\" style=\"text-align:left;\"><div class=\"qrcprowrapper\"  id=\"qrcwraa2leds\"><div class=\"qrc_canvass\" id=\"qrc_cuttenpages_2\" style=\"display:inline-block\" data-text=\"https:\/\/www.altaviadeimontilattari.it\/fr\/la-cote-amalfitaine\/\"><\/div><div><a download=\"La c\u00f4te amalfitaine.png\" class=\"qrcdownloads\" id=\"worign\">\r\n           <button type=\"button\" style=\"min-width:200px;background:#81ea00;color:#000;font-weight: 600;border: 1px solid #dddddd;border-radius:4px;font-size:12px;padding: 6px 0;\" class=\"uqr_code_btn\">Download QR<\/button>\r\n           <\/a><\/div><\/div><\/div><\/div>","protected":false},"excerpt":{"rendered":"<p>La c\u00f4te amalfitaine repr\u00e9sente le splendide paysage situ\u00e9 au sud de la chaotique et fascinante Naples. \u00c0 l&rsquo;appui de cela, les \u00eeles de Capri, Ischia et Procida ont \u00e9t\u00e9 des attractions pour des millions de visiteurs venant non seulement d&rsquo;Italie. Les villes qui animent les c\u00f4tes de la Campanie sont immerg\u00e9es dans les montagnes, sont&hellip;&nbsp;<a href=\"https:\/\/www.altaviadeimontilattari.it\/fr\/la-cote-amalfitaine\/\" rel=\"bookmark\">Read More &raquo;<span class=\"screen-reader-text\">La c\u00f4te amalfitaine<\/span><\/a><\/p>\n","protected":false},"author":2,"featured_media":0,"parent":0,"menu_order":0,"comment_status":"closed","ping_status":"closed","template":"","meta":{"neve_meta_sidebar":"","neve_meta_container":"","neve_meta_enable_content_width":"off","neve_meta_content_width":0,"neve_meta_title_alignment":"","neve_meta_author_avatar":"","neve_post_elements_order":"","neve_meta_disable_header":"","neve_meta_disable_footer":"","neve_meta_disable_title":"","neve_meta_reading_time":"","_themeisle_gutenberg_block_has_review":false,"jetpack_post_was_ever_published":false,"footnotes":""},"class_list":["post-6123","page","type-page","status-publish","hentry"],"yoast_head":"<!-- This site is optimized with the Yoast SEO plugin v27.4 - https:\/\/yoast.com\/product\/yoast-seo-wordpress\/ -->\n<title>La c\u00f4te amalfitaine - Alta Via dei Monti Lattari<\/title>\n<meta name=\"robots\" content=\"index, follow, max-snippet:-1, max-image-preview:large, max-video-preview:-1\" \/>\n<link rel=\"canonical\" href=\"https:\/\/www.altaviadeimontilattari.it\/1-2-la-costiera-amalfitana\/\" \/>\n<meta property=\"og:locale\" content=\"fr_FR\" \/>\n<meta property=\"og:type\" content=\"article\" \/>\n<meta property=\"og:title\" content=\"La c\u00f4te amalfitaine - Alta Via dei Monti Lattari\" \/>\n<meta property=\"og:description\" content=\"La c\u00f4te amalfitaine repr\u00e9sente le splendide paysage situ\u00e9 au sud de la chaotique et fascinante Naples. \u00c0 l&rsquo;appui de cela, les \u00eeles de Capri, Ischia et Procida ont \u00e9t\u00e9 des attractions pour des millions de visiteurs venant non seulement d&rsquo;Italie. Les villes qui animent les c\u00f4tes de la Campanie sont immerg\u00e9es dans les montagnes, sont&hellip;&nbsp;Read More &raquo;La c\u00f4te amalfitaine\" \/>\n<meta property=\"og:url\" content=\"https:\/\/www.altaviadeimontilattari.it\/1-2-la-costiera-amalfitana\/\" \/>\n<meta property=\"og:site_name\" content=\"Alta Via dei Monti Lattari\" \/>\n<meta name=\"twitter:card\" content=\"summary_large_image\" \/>\n<meta name=\"twitter:label1\" content=\"Dur\u00e9e de lecture estim\u00e9e\" \/>\n\t<meta name=\"twitter:data1\" content=\"4 minutes\" \/>\n<script type=\"application\/ld+json\" class=\"yoast-schema-graph\">{\"@context\":\"https:\\\/\\\/schema.org\",\"@graph\":[{\"@type\":\"WebPage\",\"@id\":\"https:\\\/\\\/www.altaviadeimontilattari.it\\\/1-2-la-costiera-amalfitana\\\/\",\"url\":\"https:\\\/\\\/www.altaviadeimontilattari.it\\\/1-2-la-costiera-amalfitana\\\/\",\"name\":\"La c\u00f4te amalfitaine - Alta Via dei Monti Lattari\",\"isPartOf\":{\"@id\":\"https:\\\/\\\/www.altaviadeimontilattari.it\\\/#website\"},\"datePublished\":\"2020-11-19T14:54:06+00:00\",\"breadcrumb\":{\"@id\":\"https:\\\/\\\/www.altaviadeimontilattari.it\\\/1-2-la-costiera-amalfitana\\\/#breadcrumb\"},\"inLanguage\":\"fr-FR\",\"potentialAction\":[{\"@type\":\"ReadAction\",\"target\":[\"https:\\\/\\\/www.altaviadeimontilattari.it\\\/1-2-la-costiera-amalfitana\\\/\"]}]},{\"@type\":\"BreadcrumbList\",\"@id\":\"https:\\\/\\\/www.altaviadeimontilattari.it\\\/1-2-la-costiera-amalfitana\\\/#breadcrumb\",\"itemListElement\":[{\"@type\":\"ListItem\",\"position\":1,\"name\":\"Home\",\"item\":\"https:\\\/\\\/www.altaviadeimontilattari.it\\\/es\\\/\"},{\"@type\":\"ListItem\",\"position\":2,\"name\":\"La c\u00f4te amalfitaine\"}]},{\"@type\":\"WebSite\",\"@id\":\"https:\\\/\\\/www.altaviadeimontilattari.it\\\/#website\",\"url\":\"https:\\\/\\\/www.altaviadeimontilattari.it\\\/\",\"name\":\"Alta Via dei Monti Lattari\",\"description\":\"La montagna \u00e8 un modo di vivere la vita.\",\"publisher\":{\"@id\":\"https:\\\/\\\/www.altaviadeimontilattari.it\\\/#organization\"},\"potentialAction\":[{\"@type\":\"SearchAction\",\"target\":{\"@type\":\"EntryPoint\",\"urlTemplate\":\"https:\\\/\\\/www.altaviadeimontilattari.it\\\/?s={search_term_string}\"},\"query-input\":{\"@type\":\"PropertyValueSpecification\",\"valueRequired\":true,\"valueName\":\"search_term_string\"}}],\"inLanguage\":\"fr-FR\"},{\"@type\":\"Organization\",\"@id\":\"https:\\\/\\\/www.altaviadeimontilattari.it\\\/#organization\",\"name\":\"Alta Via dei Monti Lattari\",\"url\":\"https:\\\/\\\/www.altaviadeimontilattari.it\\\/\",\"logo\":{\"@type\":\"ImageObject\",\"inLanguage\":\"fr-FR\",\"@id\":\"https:\\\/\\\/www.altaviadeimontilattari.it\\\/#\\\/schema\\\/logo\\\/image\\\/\",\"url\":\"https:\\\/\\\/i0.wp.com\\\/www.altaviadeimontilattari.it\\\/wp-content\\\/uploads\\\/2020\\\/12\\\/alta_via_monyi_lattari_logo.png?fit=325%2C100&ssl=1\",\"contentUrl\":\"https:\\\/\\\/i0.wp.com\\\/www.altaviadeimontilattari.it\\\/wp-content\\\/uploads\\\/2020\\\/12\\\/alta_via_monyi_lattari_logo.png?fit=325%2C100&ssl=1\",\"width\":325,\"height\":100,\"caption\":\"Alta Via dei Monti Lattari\"},\"image\":{\"@id\":\"https:\\\/\\\/www.altaviadeimontilattari.it\\\/#\\\/schema\\\/logo\\\/image\\\/\"}}]}<\/script>\n<!-- \/ Yoast SEO plugin. -->","yoast_head_json":{"title":"La c\u00f4te amalfitaine - Alta Via dei Monti Lattari","robots":{"index":"index","follow":"follow","max-snippet":"max-snippet:-1","max-image-preview":"max-image-preview:large","max-video-preview":"max-video-preview:-1"},"canonical":"https:\/\/www.altaviadeimontilattari.it\/1-2-la-costiera-amalfitana\/","og_locale":"fr_FR","og_type":"article","og_title":"La c\u00f4te amalfitaine - Alta Via dei Monti Lattari","og_description":"La c\u00f4te amalfitaine repr\u00e9sente le splendide paysage situ\u00e9 au sud de la chaotique et fascinante Naples. \u00c0 l&rsquo;appui de cela, les \u00eeles de Capri, Ischia et Procida ont \u00e9t\u00e9 des attractions pour des millions de visiteurs venant non seulement d&rsquo;Italie. Les villes qui animent les c\u00f4tes de la Campanie sont immerg\u00e9es dans les montagnes, sont&hellip;&nbsp;Read More &raquo;La c\u00f4te amalfitaine","og_url":"https:\/\/www.altaviadeimontilattari.it\/1-2-la-costiera-amalfitana\/","og_site_name":"Alta Via dei Monti Lattari","twitter_card":"summary_large_image","twitter_misc":{"Dur\u00e9e de lecture estim\u00e9e":"4 minutes"},"schema":{"@context":"https:\/\/schema.org","@graph":[{"@type":"WebPage","@id":"https:\/\/www.altaviadeimontilattari.it\/1-2-la-costiera-amalfitana\/","url":"https:\/\/www.altaviadeimontilattari.it\/1-2-la-costiera-amalfitana\/","name":"La c\u00f4te amalfitaine - Alta Via dei Monti Lattari","isPartOf":{"@id":"https:\/\/www.altaviadeimontilattari.it\/#website"},"datePublished":"2020-11-19T14:54:06+00:00","breadcrumb":{"@id":"https:\/\/www.altaviadeimontilattari.it\/1-2-la-costiera-amalfitana\/#breadcrumb"},"inLanguage":"fr-FR","potentialAction":[{"@type":"ReadAction","target":["https:\/\/www.altaviadeimontilattari.it\/1-2-la-costiera-amalfitana\/"]}]},{"@type":"BreadcrumbList","@id":"https:\/\/www.altaviadeimontilattari.it\/1-2-la-costiera-amalfitana\/#breadcrumb","itemListElement":[{"@type":"ListItem","position":1,"name":"Home","item":"https:\/\/www.altaviadeimontilattari.it\/es\/"},{"@type":"ListItem","position":2,"name":"La c\u00f4te amalfitaine"}]},{"@type":"WebSite","@id":"https:\/\/www.altaviadeimontilattari.it\/#website","url":"https:\/\/www.altaviadeimontilattari.it\/","name":"Alta Via dei Monti Lattari","description":"La montagna \u00e8 un modo di vivere la vita.","publisher":{"@id":"https:\/\/www.altaviadeimontilattari.it\/#organization"},"potentialAction":[{"@type":"SearchAction","target":{"@type":"EntryPoint","urlTemplate":"https:\/\/www.altaviadeimontilattari.it\/?s={search_term_string}"},"query-input":{"@type":"PropertyValueSpecification","valueRequired":true,"valueName":"search_term_string"}}],"inLanguage":"fr-FR"},{"@type":"Organization","@id":"https:\/\/www.altaviadeimontilattari.it\/#organization","name":"Alta Via dei Monti Lattari","url":"https:\/\/www.altaviadeimontilattari.it\/","logo":{"@type":"ImageObject","inLanguage":"fr-FR","@id":"https:\/\/www.altaviadeimontilattari.it\/#\/schema\/logo\/image\/","url":"https:\/\/i0.wp.com\/www.altaviadeimontilattari.it\/wp-content\/uploads\/2020\/12\/alta_via_monyi_lattari_logo.png?fit=325%2C100&ssl=1","contentUrl":"https:\/\/i0.wp.com\/www.altaviadeimontilattari.it\/wp-content\/uploads\/2020\/12\/alta_via_monyi_lattari_logo.png?fit=325%2C100&ssl=1","width":325,"height":100,"caption":"Alta Via dei Monti Lattari"},"image":{"@id":"https:\/\/www.altaviadeimontilattari.it\/#\/schema\/logo\/image\/"}}]}},"jetpack-related-posts":[{"id":5982,"url":"https:\/\/www.altaviadeimontilattari.it\/fr\/la-cote-amalfitaine-et-la-peninsule-de-sorrente-au-milieu-de-la-poesie-de-lart-et-des-aphorismes\/","url_meta":{"origin":6123,"position":0},"title":"La c\u00f4te amalfitaine et la p\u00e9ninsule de Sorrente au milieu de la po\u00e9sie, de l&rsquo;art et des aphorismes","author":"Luca Casaburi","date":"28 mai 2022","format":false,"excerpt":"La c\u00f4te amalfitaine a toujours \u00e9t\u00e9 une terre de marins et d'inventeurs, mais aussi une source d'inspiration pour les po\u00e8tes, les \u00e9crivains et les grands compositeurs. Je vous propose un voyage \u00e0 travers ces terres, v\u00e9ritables tableaux encadr\u00e9s par un ciel indigo et une mer \u00e9meraude, vus \u00e0 travers les\u2026","rel":"","context":"Article similaire","block_context":{"text":"Article similaire","link":""},"img":{"alt_text":"","src":"","width":0,"height":0},"classes":[]},{"id":6119,"url":"https:\/\/www.altaviadeimontilattari.it\/fr\/la-peninsule-de-sorrente\/","url_meta":{"origin":6123,"position":1},"title":"La p\u00e9ninsule de Sorrente","author":"","date":"19 novembre 2020","format":false,"excerpt":"La p\u00e9ninsule de Sorrente pr\u00e9sente un paysage unique au monde \u00e0 travers lequel alternent collines basses et hautes, vall\u00e9es profondes et montagnes majestueuses. Parmi les beaut\u00e9s de la nature, il y a l'intervention de l'homme avec les orangers et les citronniers, les oliveraies et les vignes. Ce sont les jardins\u2026","rel":"","context":"Article similaire","block_context":{"text":"Article similaire","link":""},"img":{"alt_text":"","src":"","width":0,"height":0},"classes":[]},{"id":6091,"url":"https:\/\/www.altaviadeimontilattari.it\/fr\/le-chemin-300-cai\/","url_meta":{"origin":6123,"position":2},"title":"Le chemin 300 CAI","author":"","date":"19 novembre 2020","format":false,"excerpt":"La c\u00f4te amalfitaine italienne est l'une des falaises les plus c\u00e9l\u00e8bres au monde et attire les voyageurs de tous les pays avec son charme typiquement italien\u00a0! Cependant, le tourisme de randonn\u00e9e est actuellement limit\u00e9 \u00e0 une courte section du territoire : le Chemin des Dieux . Au-del\u00e0 de cet itin\u00e9raire,\u2026","rel":"","context":"Article similaire","block_context":{"text":"Article similaire","link":""},"img":{"alt_text":"","src":"","width":0,"height":0},"classes":[]},{"id":5952,"url":"https:\/\/www.altaviadeimontilattari.it\/fr\/conseils-utiles-pour-lorganisation\/","url_meta":{"origin":6123,"position":3},"title":"Conseils utiles pour l&rsquo;organisation","author":"","date":"20 novembre 2020","format":false,"excerpt":"Randonn\u00e9e dans C\u00f4te amalfitaine est belle et doit le rester. Pendant votre exp\u00e9rience, il est important de faire du trekking de mani\u00e8re responsable, notamment en raison du nombre croissant de touristes qui empruntent les sentiers chaque ann\u00e9e. Voici quelques conseils pour s'organiser et vivre pleinement le trek : Chaussures de\u2026","rel":"","context":"Article similaire","block_context":{"text":"Article similaire","link":""},"img":{"alt_text":"","src":"","width":0,"height":0},"classes":[]},{"id":5924,"url":"https:\/\/www.altaviadeimontilattari.it\/fr\/5-ou-dormir-refuges\/","url_meta":{"origin":6123,"position":4},"title":"5. O\u00f9 dormir : Refuges","author":"","date":"20 novembre 2020","format":false,"excerpt":"Il existe des logements \u00e0 C\u00f4te amalfitaine pour tous les go\u00fbts et presque tous les budgets. Amalfi e Positano sont les principaux centres touristiques de la C\u00f4te amalfitaine et les prix de l'h\u00e9bergement sont donc relativement \u00e9lev\u00e9s. Si vous voulez obtenir une belle chambre \u00e0 un prix raisonnable ici pendant\u2026","rel":"","context":"Article similaire","block_context":{"text":"Article similaire","link":""},"img":{"alt_text":"","src":"","width":0,"height":0},"classes":[]},{"id":6718,"url":"https:\/\/www.altaviadeimontilattari.it\/fr\/","url_meta":{"origin":6123,"position":5},"title":"Maison","author":"Turismo.Ricercattiva","date":"8 juillet 2022","format":false,"excerpt":"Alta Via Dei Monti Lattari Dans les grands espaces de la montagne, dans ses hauts silences, l'homme non distrait peut saisir le sens de sa petitesse et la dimension infinie de son \u00e2me. D\u00c9COUVRIR PLUS Chemin Contact avec la nature Paysages sauvages et ruraux, mer d'un bleu profond, falaises et\u2026","rel":"","context":"Article similaire","block_context":{"text":"Article similaire","link":""},"img":{"alt_text":"Alta Via dei Monti Lattari Sentiero Italia 300 CAI","src":"https:\/\/i0.wp.com\/www.altaviadeimontilattari.it\/wp-content\/uploads\/2020\/12\/alta_via_monti_lattari_sentiero_italia_300_cai.jpg?resize=350%2C200&ssl=1","width":350,"height":200,"srcset":"https:\/\/i0.wp.com\/www.altaviadeimontilattari.it\/wp-content\/uploads\/2020\/12\/alta_via_monti_lattari_sentiero_italia_300_cai.jpg?resize=350%2C200&ssl=1 1x, https:\/\/i0.wp.com\/www.altaviadeimontilattari.it\/wp-content\/uploads\/2020\/12\/alta_via_monti_lattari_sentiero_italia_300_cai.jpg?resize=525%2C300&ssl=1 1.5x"},"classes":[]}],"jetpack_shortlink":"https:\/\/wp.me\/PcGNaV-1AL","jetpack_sharing_enabled":true,"_links":{"self":[{"href":"https:\/\/www.altaviadeimontilattari.it\/fr\/wp-json\/wp\/v2\/pages\/6123","targetHints":{"allow":["GET"]}}],"collection":[{"href":"https:\/\/www.altaviadeimontilattari.it\/fr\/wp-json\/wp\/v2\/pages"}],"about":[{"href":"https:\/\/www.altaviadeimontilattari.it\/fr\/wp-json\/wp\/v2\/types\/page"}],"author":[{"embeddable":true,"href":"https:\/\/www.altaviadeimontilattari.it\/fr\/wp-json\/wp\/v2\/users\/2"}],"replies":[{"embeddable":true,"href":"https:\/\/www.altaviadeimontilattari.it\/fr\/wp-json\/wp\/v2\/comments?post=6123"}],"version-history":[{"count":0,"href":"https:\/\/www.altaviadeimontilattari.it\/fr\/wp-json\/wp\/v2\/pages\/6123\/revisions"}],"wp:attachment":[{"href":"https:\/\/www.altaviadeimontilattari.it\/fr\/wp-json\/wp\/v2\/media?parent=6123"}],"curies":[{"name":"wp","href":"https:\/\/api.w.org\/{rel}","templated":true}]}}